{"id":258,"date":"2022-03-24T10:52:43","date_gmt":"2022-03-24T09:52:43","guid":{"rendered":"http:\/\/localhost\/pontilimartini\/?page_id=258"},"modified":"2024-05-16T11:34:17","modified_gmt":"2024-05-16T09:34:17","slug":"passerelle-galleggianti","status":"publish","type":"page","link":"https:\/\/www.interbox.ch\/marinas\/passerelle-galleggianti\/","title":{"rendered":"Passerelle"},"content":{"rendered":"<p>[vc_row full_width=&#8221;stretch_row&#8221; el_class=&#8221;titolo bgBlue&#8221;][vc_column][vc_column_text]<\/p>\n<h2>PASSERELLE<\/h2>\n<p>[\/vc_column_text][\/vc_column][\/vc_row][vc_row][vc_column][vc_column_text]<\/p>\n<h4 style=\"text-align: center;\">Le <strong>passerelle<\/strong> galleggianti sono indispensabili per <strong>collegare <\/strong>la terraferma con i sistemi galleggianti.<\/h4>\n<p>&nbsp;<\/p>\n<p style=\"text-align: center;\">Queste strutture sono progettate per gli spazi portuali. Hanno una funzione primaria di unione ed una secondaria, altrettanto importante, di sicurezza.<\/p>\n<p style=\"text-align: center;\">Le diverse condizioni ambientali e di utilizzo influiscono sulla scelta della passerella galleggiante pi\u00f9 adatta.<br \/>\nInterbox Marinas dispone di diverse soluzioni da proporre al committente, da valutare in base a sito, condizioni di ormeggio, differenze di maree, fondali e forza dei venti.<\/p>\n<p>[\/vc_column_text][\/vc_column][\/vc_row][vc_row css=&#8221;.vc_custom_1653641202914{padding-top: 0px !important;padding-bottom: 0px !important;}&#8221;][vc_column][vc_btn title=&#8221;Richiedi Informazioni&#8221; style=&#8221;classic&#8221; shape=&#8221;square&#8221; color=&#8221;blue&#8221; align=&#8221;center&#8221; link=&#8221;url:%23info&#8221;][\/vc_column][\/vc_row][vc_row][vc_column][vc_column_text]<\/p>\n<h4 style=\"text-align: center;\">Passerelle autoportanti e a snodo articolato<\/h4>\n<p style=\"text-align: center;\">La passerella <strong>autoportante<\/strong> ha la stessa larghezza del pontile e il risultato \u00e8 un <strong>camminamento continuo <\/strong> con un piano di calpestio senza gradini e senza barriere architettoniche.<\/p>\n<p>[\/vc_column_text][\/vc_column][\/vc_row][vc_row full_width=&#8221;stretch_row_content&#8221; equal_height=&#8221;yes&#8221; content_placement=&#8221;middle&#8221; el_class=&#8221;bgBlue fullImg&#8221; css=&#8221;.vc_custom_1653636880832{padding-top: 0px !important;padding-right: 0px !important;padding-bottom: 0px !important;padding-left: 0px !important;}&#8221;][vc_column width=&#8221;1\/12&#8243; css=&#8221;.vc_custom_1647594906552{padding-top: 0px !important;padding-right: 0px !important;padding-bottom: 0px !important;padding-left: 0px !important;}&#8221; el_class=&#8221;col-md-2 col-md-push-6&#8243;][\/vc_column][vc_column width=&#8221;4\/12&#8243; el_class=&#8221;col-md-4 col-md-push-8&#8243;][vc_row_inner el_class=&#8221;bordBotBlue txtWithBorder&#8221;][vc_column_inner][vc_column_text]<\/p>\n<h2>Passerelle autoportanti e a snodo articolato<\/h2>\n<p>[\/vc_column_text][\/vc_column_inner][\/vc_row_inner][vc_column_text]La gamma delle passerelle per barche prevede anche la versione <strong>a snodo articolato<\/strong> completa di ruote corrimano.[\/vc_column_text][\/vc_column][vc_column width=&#8221;1\/12&#8243; el_class=&#8221;col-md-2 col-md-push-10&#8243;][\/vc_column][vc_column width=&#8221;1\/2&#8243; el_class=&#8221;col-md-2 col-md-pull-6&#8243; css=&#8221;.vc_custom_1647601637461{padding-top: 0px !important;padding-right: 0px !important;padding-bottom: 0px !important;padding-left: 0px !important;}&#8221;][vc_single_image image=&#8221;1302&#8243; img_size=&#8221;full&#8221; alignment=&#8221;center&#8221; css=&#8221;.vc_custom_1668096390799{margin-top: 0px !important;margin-right: 0px !important;margin-bottom: 0px !important;margin-left: 0px !important;padding-top: 0px !important;padding-right: 0px !important;padding-bottom: 0px !important;padding-left: 0px !important;}&#8221;][\/vc_column][\/vc_row][vc_row full_width=&#8221;stretch_row_content&#8221; equal_height=&#8221;yes&#8221; content_placement=&#8221;middle&#8221; el_class=&#8221;bgBlue fullImg&#8221; css=&#8221;.vc_custom_1647594253900{padding-top: 0px !important;padding-right: 0px !important;padding-bottom: 0px !important;padding-left: 0px !important;}&#8221;][vc_column width=&#8221;1\/12&#8243; css=&#8221;.vc_custom_1647601974664{padding-top: 0px !important;padding-right: 0px !important;padding-bottom: 0px !important;padding-left: 0px !important;}&#8221; el_class=&#8221;vc_col-sm-push-6&#8243;][\/vc_column][vc_column width=&#8221;4\/12&#8243; el_class=&#8221;vc_col-sm-push-6&#8243;][vc_column_text][\/vc_column_text][vc_column_text]Il <strong>design e i materiali<\/strong> sono attentamente studiati per garantire al cliente una passerella durevole e con poca manutenzione.[\/vc_column_text][\/vc_column][vc_column width=&#8221;1\/12&#8243; el_class=&#8221;vc_col-sm-push-6&#8243;][\/vc_column][vc_column width=&#8221;1\/2&#8243; el_class=&#8221;vc_col-sm-pull-6&#8243; css=&#8221;.vc_custom_1647601991732{padding-top: 0px !important;padding-right: 0px !important;padding-bottom: 0px !important;padding-left: 0px !important;}&#8221;][vc_single_image image=&#8221;629&#8243; img_size=&#8221;full&#8221; alignment=&#8221;center&#8221; css=&#8221;.vc_custom_1653637700845{margin-top: 0px !important;margin-right: 0px !important;margin-bottom: 0px !important;margin-left: 0px !important;padding-top: 0px !important;padding-right: 0px !important;padding-bottom: 0px !important;padding-left: 0px !important;}&#8221;][\/vc_column][\/vc_row][vc_row full_width=&#8221;stretch_row_content&#8221; equal_height=&#8221;yes&#8221; content_placement=&#8221;middle&#8221; el_class=&#8221;bgBlue fullImg&#8221; css=&#8221;.vc_custom_1647594253900{padding-top: 0px !important;padding-right: 0px !important;padding-bottom: 0px !important;padding-left: 0px !important;}&#8221;][vc_column width=&#8221;1\/12&#8243; css=&#8221;.vc_custom_1647594906552{padding-top: 0px !important;padding-right: 0px !important;padding-bottom: 0px !important;padding-left: 0px !important;}&#8221; el_class=&#8221;col-md-2 col-md-push-6&#8243;][\/vc_column][vc_column width=&#8221;4\/12&#8243; el_class=&#8221;col-md-4 col-md-push-8&#8243;][vc_column_text]Le competenze tecniche maturate in <a href=\"https:\/\/www.interbox.ch\/marinas\/chi-siamo\/\" target=\"_blank\" rel=\"noopener\"><strong> oltre 45 anni <\/strong><\/a> di esperienza assicurano grande qualit\u00e0 nella progettazione e nell\u2019installazione finale delle passerelle.[\/vc_column_text][\/vc_column][vc_column width=&#8221;1\/12&#8243; el_class=&#8221;col-md-2 col-md-push-10&#8243;][\/vc_column][vc_column width=&#8221;1\/2&#8243; el_class=&#8221;col-md-2 col-md-pull-6&#8243; css=&#8221;.vc_custom_1647601637461{padding-top: 0px !important;padding-right: 0px !important;padding-bottom: 0px !important;padding-left: 0px !important;}&#8221;][vc_single_image image=&#8221;631&#8243; img_size=&#8221;full&#8221; alignment=&#8221;center&#8221; css=&#8221;.vc_custom_1653637818847{margin-top: 0px !important;margin-right: 0px !important;margin-bottom: 0px !important;margin-left: 0px !important;padding-top: 0px !important;padding-right: 0px !important;padding-bottom: 0px !important;padding-left: 0px !important;}&#8221;][\/vc_column][\/vc_row]<\/p>\n","protected":false},"excerpt":{"rendered":"<p>[vc_row full_width=&#8221;stretch_row&#8221; el_class=&#8221;titolo bgBlue&#8221;][vc_column][vc_column_text] PASSERELLE [\/vc_column_text][\/vc_column][\/vc_row][vc_row][vc_column][vc_column_text] Le passerelle galleggianti sono indispensabili per collegare la terraferma con i sistemi galleggianti. &nbsp; Queste strutture sono progettate per gli spazi portuali. Hanno una funzione primaria di unione ed una secondaria, altrettanto importante, di sicurezza. Le diverse condizioni ambientali e di utilizzo influiscono sulla scelta della passerella galleggiante pi\u00f9 &hellip;<\/p>\n<p class=\"read-more\"> <a class=\"\" href=\"https:\/\/www.interbox.ch\/marinas\/passerelle-galleggianti\/\"> <span class=\"screen-reader-text\">Passerelle<\/span> Leggi altro &raquo;<\/a><\/p>\n","protected":false},"author":1,"featured_media":601,"parent":0,"menu_order":0,"comment_status":"closed","ping_status":"closed","template":"","meta":{"site-sidebar-layout":"no-sidebar","site-content-layout":"plain-container","ast-main-header-display":"","ast-hfb-above-header-display":"","ast-hfb-below-header-display":"","ast-hfb-mobile-header-display":"","site-post-title":"disabled","ast-breadcrumbs-content":"","ast-featured-img":"disabled","footer-sml-layout":"","theme-transparent-header-meta":"default","adv-header-id-meta":"","stick-header-meta":"","header-above-stick-meta":"","header-main-stick-meta":"","header-below-stick-meta":"","footnotes":""},"class_list":["post-258","page","type-page","status-publish","has-post-thumbnail","hentry"],"yoast_head":"<!-- This site is optimized with the Yoast SEO plugin v19.2 - https:\/\/yoast.com\/wordpress\/plugins\/seo\/ -->\n<title>Passerelle galleggianti - Interbox Marinas S.p.A.<\/title>\n<meta name=\"description\" content=\"Le passerelle galleggianti per pontili conferiscono pi\u00f9 stabilit\u00e0 e appoggio in momenti di difficolt\u00e0. Autoportanti o a snodo articolato.\" \/>\n<meta name=\"robots\" content=\"index, follow, max-snippet:-1, max-image-preview:large, max-video-preview:-1\" \/>\n<link rel=\"canonical\" href=\"https:\/\/www.interbox.ch\/marinas\/passerelle-galleggianti\/\" \/>\n<meta property=\"og:locale\" content=\"it_IT\" \/>\n<meta property=\"og:type\" content=\"article\" \/>\n<meta property=\"og:title\" content=\"Passerelle galleggianti - Interbox Marinas S.p.A.\" \/>\n<meta property=\"og:description\" content=\"Le passerelle galleggianti per pontili conferiscono pi\u00f9 stabilit\u00e0 e appoggio in momenti di difficolt\u00e0. Autoportanti o a snodo articolato.\" \/>\n<meta property=\"og:url\" content=\"https:\/\/www.interbox.ch\/marinas\/passerelle-galleggianti\/\" \/>\n<meta property=\"og:site_name\" content=\"Interbox Marinas\" \/>\n<meta property=\"article:modified_time\" content=\"2024-05-16T09:34:17+00:00\" \/>\n<meta property=\"og:image\" content=\"https:\/\/www.interbox.ch\/marinas\/wp-content\/uploads\/2022\/05\/passerelle.png\" \/>\n\t<meta property=\"og:image:width\" content=\"800\" \/>\n\t<meta property=\"og:image:height\" content=\"693\" \/>\n\t<meta property=\"og:image:type\" content=\"image\/png\" \/>\n<meta name=\"author\" content=\"immagine23\" \/>\n<meta name=\"twitter:card\" content=\"summary_large_image\" \/>\n<meta name=\"twitter:label1\" content=\"Tempo di lettura stimato\" \/>\n\t<meta name=\"twitter:data1\" content=\"3 minuti\" \/>\n<script type=\"application\/ld+json\" class=\"yoast-schema-graph\">{\"@context\":\"https:\/\/schema.org\",\"@graph\":[{\"@type\":\"WebSite\",\"@id\":\"https:\/\/www.interbox.ch\/marinas\/#website\",\"url\":\"https:\/\/www.interbox.ch\/marinas\/\",\"name\":\"Interbox Marinas\",\"description\":\"Divisione Marinas\",\"potentialAction\":[{\"@type\":\"SearchAction\",\"target\":{\"@type\":\"EntryPoint\",\"urlTemplate\":\"https:\/\/www.interbox.ch\/marinas\/?s={search_term_string}\"},\"query-input\":\"required name=search_term_string\"}],\"inLanguage\":\"it-IT\"},{\"@type\":\"ImageObject\",\"inLanguage\":\"it-IT\",\"@id\":\"https:\/\/www.interbox.ch\/marinas\/passerelle-galleggianti\/#primaryimage\",\"url\":\"https:\/\/www.interbox.ch\/marinas\/wp-content\/uploads\/2022\/05\/passerelle.png\",\"contentUrl\":\"https:\/\/www.interbox.ch\/marinas\/wp-content\/uploads\/2022\/05\/passerelle.png\",\"width\":800,\"height\":693,\"caption\":\"passerelle-galleggianti\"},{\"@type\":\"WebPage\",\"@id\":\"https:\/\/www.interbox.ch\/marinas\/passerelle-galleggianti\/#webpage\",\"url\":\"https:\/\/www.interbox.ch\/marinas\/passerelle-galleggianti\/\",\"name\":\"Passerelle galleggianti - Interbox Marinas S.p.A.\",\"isPartOf\":{\"@id\":\"https:\/\/www.interbox.ch\/marinas\/#website\"},\"primaryImageOfPage\":{\"@id\":\"https:\/\/www.interbox.ch\/marinas\/passerelle-galleggianti\/#primaryimage\"},\"datePublished\":\"2022-03-24T09:52:43+00:00\",\"dateModified\":\"2024-05-16T09:34:17+00:00\",\"description\":\"Le passerelle galleggianti per pontili conferiscono pi\u00f9 stabilit\u00e0 e appoggio in momenti di difficolt\u00e0. Autoportanti o a snodo articolato.\",\"breadcrumb\":{\"@id\":\"https:\/\/www.interbox.ch\/marinas\/passerelle-galleggianti\/#breadcrumb\"},\"inLanguage\":\"it-IT\",\"potentialAction\":[{\"@type\":\"ReadAction\",\"target\":[\"https:\/\/www.interbox.ch\/marinas\/passerelle-galleggianti\/\"]}]},{\"@type\":\"BreadcrumbList\",\"@id\":\"https:\/\/www.interbox.ch\/marinas\/passerelle-galleggianti\/#breadcrumb\",\"itemListElement\":[{\"@type\":\"ListItem\",\"position\":1,\"name\":\"Home\",\"item\":\"https:\/\/www.interbox.ch\/marinas\/\"},{\"@type\":\"ListItem\",\"position\":2,\"name\":\"Passerelle\"}]}]}<\/script>\n<!-- \/ Yoast SEO plugin. -->","yoast_head_json":{"title":"Passerelle galleggianti - Interbox Marinas S.p.A.","description":"Le passerelle galleggianti per pontili conferiscono pi\u00f9 stabilit\u00e0 e appoggio in momenti di difficolt\u00e0. Autoportanti o a snodo articolato.","robots":{"index":"index","follow":"follow","max-snippet":"max-snippet:-1","max-image-preview":"max-image-preview:large","max-video-preview":"max-video-preview:-1"},"canonical":"https:\/\/www.interbox.ch\/marinas\/passerelle-galleggianti\/","og_locale":"it_IT","og_type":"article","og_title":"Passerelle galleggianti - Interbox Marinas S.p.A.","og_description":"Le passerelle galleggianti per pontili conferiscono pi\u00f9 stabilit\u00e0 e appoggio in momenti di difficolt\u00e0. Autoportanti o a snodo articolato.","og_url":"https:\/\/www.interbox.ch\/marinas\/passerelle-galleggianti\/","og_site_name":"Interbox Marinas","article_modified_time":"2024-05-16T09:34:17+00:00","og_image":[{"width":800,"height":693,"url":"https:\/\/www.interbox.ch\/marinas\/wp-content\/uploads\/2022\/05\/passerelle.png","type":"image\/png"}],"author":"immagine23","twitter_card":"summary_large_image","twitter_misc":{"Tempo di lettura stimato":"3 minuti"},"schema":{"@context":"https:\/\/schema.org","@graph":[{"@type":"WebSite","@id":"https:\/\/www.interbox.ch\/marinas\/#website","url":"https:\/\/www.interbox.ch\/marinas\/","name":"Interbox Marinas","description":"Divisione Marinas","potentialAction":[{"@type":"SearchAction","target":{"@type":"EntryPoint","urlTemplate":"https:\/\/www.interbox.ch\/marinas\/?s={search_term_string}"},"query-input":"required name=search_term_string"}],"inLanguage":"it-IT"},{"@type":"ImageObject","inLanguage":"it-IT","@id":"https:\/\/www.interbox.ch\/marinas\/passerelle-galleggianti\/#primaryimage","url":"https:\/\/www.interbox.ch\/marinas\/wp-content\/uploads\/2022\/05\/passerelle.png","contentUrl":"https:\/\/www.interbox.ch\/marinas\/wp-content\/uploads\/2022\/05\/passerelle.png","width":800,"height":693,"caption":"passerelle-galleggianti"},{"@type":"WebPage","@id":"https:\/\/www.interbox.ch\/marinas\/passerelle-galleggianti\/#webpage","url":"https:\/\/www.interbox.ch\/marinas\/passerelle-galleggianti\/","name":"Passerelle galleggianti - Interbox Marinas S.p.A.","isPartOf":{"@id":"https:\/\/www.interbox.ch\/marinas\/#website"},"primaryImageOfPage":{"@id":"https:\/\/www.interbox.ch\/marinas\/passerelle-galleggianti\/#primaryimage"},"datePublished":"2022-03-24T09:52:43+00:00","dateModified":"2024-05-16T09:34:17+00:00","description":"Le passerelle galleggianti per pontili conferiscono pi\u00f9 stabilit\u00e0 e appoggio in momenti di difficolt\u00e0. Autoportanti o a snodo articolato.","breadcrumb":{"@id":"https:\/\/www.interbox.ch\/marinas\/passerelle-galleggianti\/#breadcrumb"},"inLanguage":"it-IT","potentialAction":[{"@type":"ReadAction","target":["https:\/\/www.interbox.ch\/marinas\/passerelle-galleggianti\/"]}]},{"@type":"BreadcrumbList","@id":"https:\/\/www.interbox.ch\/marinas\/passerelle-galleggianti\/#breadcrumb","itemListElement":[{"@type":"ListItem","position":1,"name":"Home","item":"https:\/\/www.interbox.ch\/marinas\/"},{"@type":"ListItem","position":2,"name":"Passerelle"}]}]}},"_links":{"self":[{"href":"https:\/\/www.interbox.ch\/marinas\/wp-json\/wp\/v2\/pages\/258","targetHints":{"allow":["GET"]}}],"collection":[{"href":"https:\/\/www.interbox.ch\/marinas\/wp-json\/wp\/v2\/pages"}],"about":[{"href":"https:\/\/www.interbox.ch\/marinas\/wp-json\/wp\/v2\/types\/page"}],"author":[{"embeddable":true,"href":"https:\/\/www.interbox.ch\/marinas\/wp-json\/wp\/v2\/users\/1"}],"replies":[{"embeddable":true,"href":"https:\/\/www.interbox.ch\/marinas\/wp-json\/wp\/v2\/comments?post=258"}],"version-history":[{"count":34,"href":"https:\/\/www.interbox.ch\/marinas\/wp-json\/wp\/v2\/pages\/258\/revisions"}],"predecessor-version":[{"id":2776,"href":"https:\/\/www.interbox.ch\/marinas\/wp-json\/wp\/v2\/pages\/258\/revisions\/2776"}],"wp:featuredmedia":[{"embeddable":true,"href":"https:\/\/www.interbox.ch\/marinas\/wp-json\/wp\/v2\/media\/601"}],"wp:attachment":[{"href":"https:\/\/www.interbox.ch\/marinas\/wp-json\/wp\/v2\/media?parent=258"}],"curies":[{"name":"wp","href":"https:\/\/api.w.org\/{rel}","templated":true}]}}