{"id":255,"date":"2022-03-24T10:52:12","date_gmt":"2022-03-24T09:52:12","guid":{"rendered":"http:\/\/localhost\/pontilimartini\/?page_id=255"},"modified":"2023-10-03T12:24:59","modified_gmt":"2023-10-03T10:24:59","slug":"sistemi-di-ancoraggio","status":"publish","type":"page","link":"https:\/\/www.interbox.ch\/marinas\/sistemi-di-ancoraggio\/","title":{"rendered":"Sistemi di Ancoraggio"},"content":{"rendered":"<p>[vc_row full_width=&#8221;stretch_row&#8221; el_class=&#8221;titolo bgBlue&#8221;][vc_column][vc_column_text]<\/p>\n<h2>SISTEMI DI ANCORAGGIO<\/h2>\n<p>[\/vc_column_text][\/vc_column][\/vc_row][vc_row][vc_column][vc_column_text]<\/p>\n<h4 style=\"text-align: center;\">Le proposte Interbox Marinas comprendono<strong> diversi sistemi di ancoraggio<\/strong>, all&#8217;avanguardia per un porto sicuro.<\/h4>\n<p>[\/vc_column_text][vc_column_text]<\/p>\n<p style=\"text-align: center;\">Utilizzando i nostri sistemi di ancoraggio, oggi siamo in grado di collegare qualsiasi punto, anche quelli pi\u00f9 ostili, ai pontili galleggianti.<\/p>\n<p>[\/vc_column_text][\/vc_column][\/vc_row][vc_row css=&#8221;.vc_custom_1653641202914{padding-top: 0px !important;padding-bottom: 0px !important;}&#8221;][vc_column][vc_btn title=&#8221;Richiedi Informazioni&#8221; style=&#8221;classic&#8221; shape=&#8221;square&#8221; color=&#8221;blue&#8221; align=&#8221;center&#8221; link=&#8221;url:%23info&#8221;][\/vc_column][\/vc_row][vc_row][vc_column][\/vc_column][\/vc_row][vc_row full_width=&#8221;stretch_row_content&#8221; equal_height=&#8221;yes&#8221; content_placement=&#8221;middle&#8221; el_class=&#8221;bgBlue fullImg&#8221; css=&#8221;.vc_custom_1647594253900{padding-top: 0px !important;padding-right: 0px !important;padding-bottom: 0px !important;padding-left: 0px !important;}&#8221;][vc_column width=&#8221;1\/12&#8243; css=&#8221;.vc_custom_1647594906552{padding-top: 0px !important;padding-right: 0px !important;padding-bottom: 0px !important;padding-left: 0px !important;}&#8221; el_class=&#8221;col-md-2 col-md-push-6&#8243;][\/vc_column][vc_column width=&#8221;4\/12&#8243; el_class=&#8221;col-md-4 col-md-push-8&#8243;][vc_row_inner el_class=&#8221;bordBotBlue txtWithBorder&#8221;][vc_column_inner][vc_column_text]<\/p>\n<h2>Il nostro metodo<\/h2>\n<p>[\/vc_column_text][\/vc_column_inner][\/vc_row_inner][vc_column_text]L\u2019<strong>analisi preliminare<\/strong> \u00e8 indispensabile per una corretta installazione dell\u2019impianto, a partire dalla scelta dell\u2019ancoraggio. Per ogni struttura, luogo e condizione climatica sono necessari studi approfonditi e personalizzati. [\/vc_column_text][vc_empty_space][\/vc_column][vc_column width=&#8221;1\/12&#8243; el_class=&#8221;col-md-2 col-md-push-10&#8243;][\/vc_column][vc_column width=&#8221;1\/2&#8243; el_class=&#8221;col-md-2 col-md-pull-6&#8243; css=&#8221;.vc_custom_1647601637461{padding-top: 0px !important;padding-right: 0px !important;padding-bottom: 0px !important;padding-left: 0px !important;}&#8221;][vc_single_image image=&#8221;623&#8243; img_size=&#8221;full&#8221; alignment=&#8221;center&#8221; css=&#8221;.vc_custom_1653637386461{margin-top: 0px !important;margin-bottom: 0px !important;padding-top: 0px !important;padding-bottom: 0px !important;}&#8221;][\/vc_column][\/vc_row][vc_row full_width=&#8221;stretch_row_content&#8221; equal_height=&#8221;yes&#8221; content_placement=&#8221;middle&#8221; el_class=&#8221;bgBlue fullImg&#8221; css=&#8221;.vc_custom_1647594253900{padding-top: 0px !important;padding-right: 0px !important;padding-bottom: 0px !important;padding-left: 0px !important;}&#8221;][vc_column width=&#8221;1\/12&#8243; css=&#8221;.vc_custom_1647601974664{padding-top: 0px !important;padding-right: 0px !important;padding-bottom: 0px !important;padding-left: 0px !important;}&#8221; el_class=&#8221;vc_col-sm-push-6&#8243;][\/vc_column][vc_column width=&#8221;4\/12&#8243; el_class=&#8221;vc_col-sm-push-6&#8243;][vc_column_text]Il nostro team di esperti si recher\u00e0 sul luogo per effettuare <strong>sopralluoghi diretti<\/strong> che forniranno dati fondamentali per il posizionamento degli ancoraggi.<\/p>\n<p>Si terr\u00e0 conto di informazioni specifiche ricevute dal Cliente su profondit\u00e0 e struttura del fondale, escursione di livello, velocit\u00e0 del vento e natura del moto ondoso incidente.<\/p>\n<p>Altri elementi da tenere in considerazione sono le dimensioni delle imbarcazioni che utilizzeranno la marina.[\/vc_column_text][vc_empty_space][\/vc_column][vc_column width=&#8221;1\/12&#8243; el_class=&#8221;vc_col-sm-push-6&#8243;][\/vc_column][vc_column width=&#8221;1\/2&#8243; el_class=&#8221;vc_col-sm-pull-6&#8243; css=&#8221;.vc_custom_1647601991732{padding-top: 0px !important;padding-right: 0px !important;padding-bottom: 0px !important;padding-left: 0px !important;}&#8221;][vc_single_image image=&#8221;618&#8243; img_size=&#8221;full&#8221; alignment=&#8221;center&#8221; css=&#8221;.vc_custom_1653637292292{margin-top: 0px !important;margin-right: 0px !important;margin-bottom: 0px !important;margin-left: 0px !important;padding-top: 0px !important;padding-right: 0px !important;padding-bottom: 0px !important;padding-left: 0px !important;}&#8221;][\/vc_column][\/vc_row][vc_row full_width=&#8221;stretch_row_content&#8221; equal_height=&#8221;yes&#8221; content_placement=&#8221;middle&#8221; el_class=&#8221;bgBlue fullImg&#8221; css=&#8221;.vc_custom_1647594253900{padding-top: 0px !important;padding-right: 0px !important;padding-bottom: 0px !important;padding-left: 0px !important;}&#8221;][vc_column width=&#8221;1\/12&#8243; css=&#8221;.vc_custom_1647594906552{padding-top: 0px !important;padding-right: 0px !important;padding-bottom: 0px !important;padding-left: 0px !important;}&#8221; el_class=&#8221;col-md-2 col-md-push-6&#8243;][\/vc_column][vc_column width=&#8221;4\/12&#8243; el_class=&#8221;col-md-4 col-md-push-8&#8243;][vc_column_text]Da qui partir\u00e0 la valutazione del sistema migliore ed il suo dimensionamento.<\/p>\n<p><strong>L\u2019ancoraggio<\/strong> avviene con catene in acciaio zincato e corpi morti in calcestruzzo, oppure tramite pali verticali infissi nel fondale, con robusti anelli guida per lo scorrimento verticale.<\/p>\n<p>Per collocare un pontile in parallelo alla riva, Interbox Marinas propone due soluzioni: aste distanziatrici o un sistema saliscendi autoportante di grande stabilit\u00e0.[\/vc_column_text][\/vc_column][vc_column width=&#8221;1\/12&#8243; el_class=&#8221;col-md-2 col-md-push-10&#8243;][\/vc_column][vc_column width=&#8221;1\/2&#8243; el_class=&#8221;col-md-2 col-md-pull-6&#8243; css=&#8221;.vc_custom_1647601637461{padding-top: 0px !important;padding-right: 0px !important;padding-bottom: 0px !important;padding-left: 0px !important;}&#8221;][vc_single_image image=&#8221;619&#8243; img_size=&#8221;full&#8221; alignment=&#8221;center&#8221; css=&#8221;.vc_custom_1653637305294{margin-top: 0px !important;margin-bottom: 0px !important;padding-top: 0px !important;padding-bottom: 0px !important;}&#8221;][\/vc_column][\/vc_row][vc_row full_width=&#8221;stretch_row_content&#8221; equal_height=&#8221;yes&#8221; content_placement=&#8221;middle&#8221; el_class=&#8221;bgBlue fullImg&#8221; css=&#8221;.vc_custom_1647594253900{padding-top: 0px !important;padding-right: 0px !important;padding-bottom: 0px !important;padding-left: 0px !important;}&#8221;][vc_column width=&#8221;1\/12&#8243; css=&#8221;.vc_custom_1647601974664{padding-top: 0px !important;padding-right: 0px !important;padding-bottom: 0px !important;padding-left: 0px !important;}&#8221; el_class=&#8221;vc_col-sm-push-6&#8243;][\/vc_column][vc_column width=&#8221;4\/12&#8243; el_class=&#8221;vc_col-sm-push-6&#8243;][vc_column_text]I vantaggi sono tanti: rapidit\u00e0 di montaggio, facilit\u00e0 del reperimento dei pezzi di ricambio e un programma di manutenzione.<br \/>\nL\u2019esperienza acquisita grazie ai tantissimi lavori, assicura al committente il progetto di ancoraggio pi\u00f9 <strong>sicuro ed efficiente<\/strong>.<\/p>\n<p>Siamo una realt\u00e0 con <strong>50\u00a0anni di esperienza<\/strong> nella progettazione e produzione di pontili galleggianti, sistemi e accessori dedicati ai porti turistici.[\/vc_column_text][\/vc_column][vc_column width=&#8221;1\/12&#8243; el_class=&#8221;vc_col-sm-push-6&#8243;][\/vc_column][vc_column width=&#8221;1\/2&#8243; el_class=&#8221;vc_col-sm-pull-6&#8243; css=&#8221;.vc_custom_1647601991732{padding-top: 0px !important;padding-right: 0px !important;padding-bottom: 0px !important;padding-left: 0px !important;}&#8221;][vc_single_image image=&#8221;620&#8243; img_size=&#8221;full&#8221; alignment=&#8221;center&#8221; css=&#8221;.vc_custom_1653637320275{margin-top: 0px !important;margin-right: 0px !important;margin-bottom: 0px !important;margin-left: 0px !important;padding-top: 0px !important;padding-right: 0px !important;padding-bottom: 0px !important;padding-left: 0px !important;}&#8221;][\/vc_column][\/vc_row]<\/p>\n","protected":false},"excerpt":{"rendered":"<p>[vc_row full_width=&#8221;stretch_row&#8221; el_class=&#8221;titolo bgBlue&#8221;][vc_column][vc_column_text] SISTEMI DI ANCORAGGIO [\/vc_column_text][\/vc_column][\/vc_row][vc_row][vc_column][vc_column_text] Le proposte Interbox Marinas comprendono diversi sistemi di ancoraggio, all&#8217;avanguardia per un porto sicuro. [\/vc_column_text][vc_column_text] Utilizzando i nostri sistemi di ancoraggio, oggi siamo in grado di collegare qualsiasi punto, anche quelli pi\u00f9 ostili, ai pontili galleggianti. [\/vc_column_text][\/vc_column][\/vc_row][vc_row css=&#8221;.vc_custom_1653641202914{padding-top: 0px !important;padding-bottom: 0px !important;}&#8221;][vc_column][vc_btn title=&#8221;Richiedi Informazioni&#8221; style=&#8221;classic&#8221; shape=&#8221;square&#8221; color=&#8221;blue&#8221; &hellip;<\/p>\n<p class=\"read-more\"> <a class=\"\" href=\"https:\/\/www.interbox.ch\/marinas\/sistemi-di-ancoraggio\/\"> <span class=\"screen-reader-text\">Sistemi di Ancoraggio<\/span> Leggi altro &raquo;<\/a><\/p>\n","protected":false},"author":1,"featured_media":712,"parent":0,"menu_order":0,"comment_status":"closed","ping_status":"closed","template":"","meta":{"site-sidebar-layout":"no-sidebar","site-content-layout":"plain-container","ast-main-header-display":"","ast-hfb-above-header-display":"","ast-hfb-below-header-display":"","ast-hfb-mobile-header-display":"","site-post-title":"disabled","ast-breadcrumbs-content":"","ast-featured-img":"disabled","footer-sml-layout":"","theme-transparent-header-meta":"default","adv-header-id-meta":"","stick-header-meta":"","header-above-stick-meta":"","header-main-stick-meta":"","header-below-stick-meta":"","footnotes":""},"class_list":["post-255","page","type-page","status-publish","has-post-thumbnail","hentry"],"yoast_head":"<!-- This site is optimized with the Yoast SEO plugin v19.2 - https:\/\/yoast.com\/wordpress\/plugins\/seo\/ -->\n<title>Sistemi di Ancoraggio - Interbox Marinas<\/title>\n<meta name=\"description\" content=\"Sistemi di ancoraggio, all\u2019avanguardia per un porto sicuro. Rapidit\u00e0 di montaggio, ricambi facili e programma di manutenzione.\" \/>\n<meta name=\"robots\" content=\"index, follow, max-snippet:-1, max-image-preview:large, max-video-preview:-1\" \/>\n<link rel=\"canonical\" href=\"https:\/\/www.interbox.ch\/marinas\/sistemi-di-ancoraggio\/\" \/>\n<meta property=\"og:locale\" content=\"it_IT\" \/>\n<meta property=\"og:type\" content=\"article\" \/>\n<meta property=\"og:title\" content=\"Sistemi di Ancoraggio - Interbox Marinas\" \/>\n<meta property=\"og:description\" content=\"Sistemi di ancoraggio, all\u2019avanguardia per un porto sicuro. Rapidit\u00e0 di montaggio, ricambi facili e programma di manutenzione.\" \/>\n<meta property=\"og:url\" content=\"https:\/\/www.interbox.ch\/marinas\/sistemi-di-ancoraggio\/\" \/>\n<meta property=\"og:site_name\" content=\"Interbox Marinas\" \/>\n<meta property=\"article:modified_time\" content=\"2023-10-03T10:24:59+00:00\" \/>\n<meta property=\"og:image\" content=\"https:\/\/www.interbox.ch\/marinas\/wp-content\/uploads\/2022\/05\/sistemi-ancoraggio.png\" \/>\n\t<meta property=\"og:image:width\" content=\"800\" \/>\n\t<meta property=\"og:image:height\" content=\"693\" \/>\n\t<meta property=\"og:image:type\" content=\"image\/png\" \/>\n<meta name=\"author\" content=\"immagine23\" \/>\n<meta name=\"twitter:card\" content=\"summary_large_image\" \/>\n<meta name=\"twitter:label1\" content=\"Tempo di lettura stimato\" \/>\n\t<meta name=\"twitter:data1\" content=\"3 minuti\" \/>\n<script type=\"application\/ld+json\" class=\"yoast-schema-graph\">{\"@context\":\"https:\/\/schema.org\",\"@graph\":[{\"@type\":\"WebSite\",\"@id\":\"https:\/\/www.interbox.ch\/marinas\/#website\",\"url\":\"https:\/\/www.interbox.ch\/marinas\/\",\"name\":\"Interbox Marinas\",\"description\":\"Divisione Marinas\",\"potentialAction\":[{\"@type\":\"SearchAction\",\"target\":{\"@type\":\"EntryPoint\",\"urlTemplate\":\"https:\/\/www.interbox.ch\/marinas\/?s={search_term_string}\"},\"query-input\":\"required name=search_term_string\"}],\"inLanguage\":\"it-IT\"},{\"@type\":\"ImageObject\",\"inLanguage\":\"it-IT\",\"@id\":\"https:\/\/www.interbox.ch\/marinas\/sistemi-di-ancoraggio\/#primaryimage\",\"url\":\"https:\/\/www.interbox.ch\/marinas\/wp-content\/uploads\/2022\/05\/sistemi-ancoraggio.png\",\"contentUrl\":\"https:\/\/www.interbox.ch\/marinas\/wp-content\/uploads\/2022\/05\/sistemi-ancoraggio.png\",\"width\":800,\"height\":693,\"caption\":\"sistemi di ancoraggio\"},{\"@type\":\"WebPage\",\"@id\":\"https:\/\/www.interbox.ch\/marinas\/sistemi-di-ancoraggio\/#webpage\",\"url\":\"https:\/\/www.interbox.ch\/marinas\/sistemi-di-ancoraggio\/\",\"name\":\"Sistemi di Ancoraggio - Interbox Marinas\",\"isPartOf\":{\"@id\":\"https:\/\/www.interbox.ch\/marinas\/#website\"},\"primaryImageOfPage\":{\"@id\":\"https:\/\/www.interbox.ch\/marinas\/sistemi-di-ancoraggio\/#primaryimage\"},\"datePublished\":\"2022-03-24T09:52:12+00:00\",\"dateModified\":\"2023-10-03T10:24:59+00:00\",\"description\":\"Sistemi di ancoraggio, all\u2019avanguardia per un porto sicuro. Rapidit\u00e0 di montaggio, ricambi facili e programma di manutenzione.\",\"breadcrumb\":{\"@id\":\"https:\/\/www.interbox.ch\/marinas\/sistemi-di-ancoraggio\/#breadcrumb\"},\"inLanguage\":\"it-IT\",\"potentialAction\":[{\"@type\":\"ReadAction\",\"target\":[\"https:\/\/www.interbox.ch\/marinas\/sistemi-di-ancoraggio\/\"]}]},{\"@type\":\"BreadcrumbList\",\"@id\":\"https:\/\/www.interbox.ch\/marinas\/sistemi-di-ancoraggio\/#breadcrumb\",\"itemListElement\":[{\"@type\":\"ListItem\",\"position\":1,\"name\":\"Home\",\"item\":\"https:\/\/www.interbox.ch\/marinas\/\"},{\"@type\":\"ListItem\",\"position\":2,\"name\":\"Sistemi di Ancoraggio\"}]}]}<\/script>\n<!-- \/ Yoast SEO plugin. -->","yoast_head_json":{"title":"Sistemi di Ancoraggio - Interbox Marinas","description":"Sistemi di ancoraggio, all\u2019avanguardia per un porto sicuro. Rapidit\u00e0 di montaggio, ricambi facili e programma di manutenzione.","robots":{"index":"index","follow":"follow","max-snippet":"max-snippet:-1","max-image-preview":"max-image-preview:large","max-video-preview":"max-video-preview:-1"},"canonical":"https:\/\/www.interbox.ch\/marinas\/sistemi-di-ancoraggio\/","og_locale":"it_IT","og_type":"article","og_title":"Sistemi di Ancoraggio - Interbox Marinas","og_description":"Sistemi di ancoraggio, all\u2019avanguardia per un porto sicuro. Rapidit\u00e0 di montaggio, ricambi facili e programma di manutenzione.","og_url":"https:\/\/www.interbox.ch\/marinas\/sistemi-di-ancoraggio\/","og_site_name":"Interbox Marinas","article_modified_time":"2023-10-03T10:24:59+00:00","og_image":[{"width":800,"height":693,"url":"https:\/\/www.interbox.ch\/marinas\/wp-content\/uploads\/2022\/05\/sistemi-ancoraggio.png","type":"image\/png"}],"author":"immagine23","twitter_card":"summary_large_image","twitter_misc":{"Tempo di lettura stimato":"3 minuti"},"schema":{"@context":"https:\/\/schema.org","@graph":[{"@type":"WebSite","@id":"https:\/\/www.interbox.ch\/marinas\/#website","url":"https:\/\/www.interbox.ch\/marinas\/","name":"Interbox Marinas","description":"Divisione Marinas","potentialAction":[{"@type":"SearchAction","target":{"@type":"EntryPoint","urlTemplate":"https:\/\/www.interbox.ch\/marinas\/?s={search_term_string}"},"query-input":"required name=search_term_string"}],"inLanguage":"it-IT"},{"@type":"ImageObject","inLanguage":"it-IT","@id":"https:\/\/www.interbox.ch\/marinas\/sistemi-di-ancoraggio\/#primaryimage","url":"https:\/\/www.interbox.ch\/marinas\/wp-content\/uploads\/2022\/05\/sistemi-ancoraggio.png","contentUrl":"https:\/\/www.interbox.ch\/marinas\/wp-content\/uploads\/2022\/05\/sistemi-ancoraggio.png","width":800,"height":693,"caption":"sistemi di ancoraggio"},{"@type":"WebPage","@id":"https:\/\/www.interbox.ch\/marinas\/sistemi-di-ancoraggio\/#webpage","url":"https:\/\/www.interbox.ch\/marinas\/sistemi-di-ancoraggio\/","name":"Sistemi di Ancoraggio - Interbox Marinas","isPartOf":{"@id":"https:\/\/www.interbox.ch\/marinas\/#website"},"primaryImageOfPage":{"@id":"https:\/\/www.interbox.ch\/marinas\/sistemi-di-ancoraggio\/#primaryimage"},"datePublished":"2022-03-24T09:52:12+00:00","dateModified":"2023-10-03T10:24:59+00:00","description":"Sistemi di ancoraggio, all\u2019avanguardia per un porto sicuro. Rapidit\u00e0 di montaggio, ricambi facili e programma di manutenzione.","breadcrumb":{"@id":"https:\/\/www.interbox.ch\/marinas\/sistemi-di-ancoraggio\/#breadcrumb"},"inLanguage":"it-IT","potentialAction":[{"@type":"ReadAction","target":["https:\/\/www.interbox.ch\/marinas\/sistemi-di-ancoraggio\/"]}]},{"@type":"BreadcrumbList","@id":"https:\/\/www.interbox.ch\/marinas\/sistemi-di-ancoraggio\/#breadcrumb","itemListElement":[{"@type":"ListItem","position":1,"name":"Home","item":"https:\/\/www.interbox.ch\/marinas\/"},{"@type":"ListItem","position":2,"name":"Sistemi di Ancoraggio"}]}]}},"_links":{"self":[{"href":"https:\/\/www.interbox.ch\/marinas\/wp-json\/wp\/v2\/pages\/255","targetHints":{"allow":["GET"]}}],"collection":[{"href":"https:\/\/www.interbox.ch\/marinas\/wp-json\/wp\/v2\/pages"}],"about":[{"href":"https:\/\/www.interbox.ch\/marinas\/wp-json\/wp\/v2\/types\/page"}],"author":[{"embeddable":true,"href":"https:\/\/www.interbox.ch\/marinas\/wp-json\/wp\/v2\/users\/1"}],"replies":[{"embeddable":true,"href":"https:\/\/www.interbox.ch\/marinas\/wp-json\/wp\/v2\/comments?post=255"}],"version-history":[{"count":37,"href":"https:\/\/www.interbox.ch\/marinas\/wp-json\/wp\/v2\/pages\/255\/revisions"}],"predecessor-version":[{"id":2502,"href":"https:\/\/www.interbox.ch\/marinas\/wp-json\/wp\/v2\/pages\/255\/revisions\/2502"}],"wp:featuredmedia":[{"embeddable":true,"href":"https:\/\/www.interbox.ch\/marinas\/wp-json\/wp\/v2\/media\/712"}],"wp:attachment":[{"href":"https:\/\/www.interbox.ch\/marinas\/wp-json\/wp\/v2\/media?parent=255"}],"curies":[{"name":"wp","href":"https:\/\/api.w.org\/{rel}","templated":true}]}}