{"id":2339,"date":"2023-07-10T10:37:30","date_gmt":"2023-07-10T08:37:30","guid":{"rendered":"https:\/\/www.interbox.ch\/marinas\/?page_id=2339"},"modified":"2024-05-16T11:43:58","modified_gmt":"2024-05-16T09:43:58","slug":"accessori","status":"publish","type":"page","link":"https:\/\/www.interbox.ch\/marinas\/fr\/accessori\/","title":{"rendered":"Accessoires"},"content":{"rendered":"<p>[vc_row full_width=\u00a0\u00bbstretch_row\u00a0\u00bb el_class=\u00a0\u00bbtitolo bgBlue\u00a0\u00bb][vc_column][vc_column_text]<\/p>\n<h2>ACCESSOIRES<\/h2>\n<p>[\/vc_column_text][\/vc_column][\/vc_row][vc_row][vc_column][vc_column_text]<\/p>\n<h4 style=\"text-align: center;\">Interbox Marinas propose une gamme compl\u00e8te d&rsquo;accessoires pour pontons.<\/h4>\n<p>&nbsp;<\/p>\n<p style=\"text-align: center;\">Des solutions con\u00e7ues pour rendre les quais flottants encore plus \u00e9quip\u00e9s, confortables et fonctionnels.<br \/>\nL&rsquo;exp\u00e9rience accumul\u00e9e au fil des ann\u00e9es de travail a permis d&rsquo;\u00e9tudier les diff\u00e9rents besoins des clients et a conduit \u00e0 la cr\u00e9ation d&rsquo;une large gamme d&rsquo;accessoires pour passerelles mobiles et, en g\u00e9n\u00e9ral, pour les marinas.<br \/>\nChaque \u00e9l\u00e9ment est con\u00e7u pour garantir une efficacit\u00e9 et une s\u00e9curit\u00e9 maximales dans toutes les parties de l&rsquo;environnement portuaire.<br \/>\nLes mat\u00e9riaux des accessoires de quai flottant sont tr\u00e8s r\u00e9sistants, con\u00e7us pour durer des d\u00e9cennies dans des conditions m\u00e9t\u00e9orologiques d\u00e9favorables.<\/p>\n<p>[\/vc_column_text][\/vc_column][\/vc_row][vc_row css=\u00a0\u00bb.vc_custom_1653641202914{padding-top: 0px !important;padding-bottom: 0px !important;}\u00a0\u00bb][vc_column][vc_btn title=\u00a0\u00bbInformations requises\u00a0\u00bb style=\u00a0\u00bbclassic\u00a0\u00bb shape=\u00a0\u00bbsquare\u00a0\u00bb color=\u00a0\u00bbblue\u00a0\u00bb align=\u00a0\u00bbcenter\u00a0\u00bb link=\u00a0\u00bburl:%23info\u00a0\u00bb][\/vc_column][\/vc_row][vc_row][vc_column][vc_column_text]<\/p>\n<h2 style=\"text-align: center;\">Large gamme d&rsquo;accessoires<\/h2>\n<p>[\/vc_column_text][vc_row_inner][vc_column_inner width=\u00a0\u00bb1\/2&Prime;][vc_single_image image=\u00a0\u00bb773&Prime; img_size=\u00a0\u00bb800&#215;500&Prime; alignment=\u00a0\u00bbcenter\u00a0\u00bb][vc_column_text]<\/p>\n<h5><strong>\u00c9chelle et \u00e9chelle de secours<\/strong><\/h5>\n<p>Structur\u00e9e pour garder le ponton aussi libre que possible.[\/vc_column_text][\/vc_column_inner][vc_column_inner width=\u00a0\u00bb1\/2&Prime;][vc_empty_space height=\u00a0\u00bb50px\u00a0\u00bb][vc_single_image image=\u00a0\u00bb460&Prime; img_size=\u00a0\u00bb800&#215;500&Prime; alignment=\u00a0\u00bbcenter\u00a0\u00bb][vc_column_text]<\/p>\n<h5><strong>Lampe de signalization<\/strong><\/h5>\n<p>Utile pour la signalisation de nuit ou dans des conditions climatiques particuli\u00e8res. Id\u00e9al pour les quais, les bou\u00e9es, les entr\u00e9es de port et les obstacles. Basse consommation et basse tension. \u00c9galement disponible avec l&rsquo;\u00e9nergie solaire.[\/vc_column_text][\/vc_column_inner][\/vc_row_inner][vc_row_inner][vc_column_inner width=\u00a0\u00bb1\/2&Prime;][vc_single_image image=\u00a0\u00bb450&Prime; img_size=\u00a0\u00bb800&#215;500&Prime; alignment=\u00a0\u00bbcenter\u00a0\u00bb][vc_column_text]<\/p>\n<h5><strong>Joint \u00e0 genouill\u00e8re<\/strong><\/h5>\n<p>\u00c9quip\u00e9s de roulements en polyamide plac\u00e9s entre l&rsquo;axe et la charni\u00e8re, ils \u00e9vitent les grincements, obtenant une r\u00e9sistance \u00e9lev\u00e9e \u00e0 la compression et une autolubrification constante.[\/vc_column_text][\/vc_column_inner][vc_column_inner width=\u00a0\u00bb1\/2&Prime;][vc_empty_space height=\u00a0\u00bb50px\u00a0\u00bb][vc_single_image image=\u00a0\u00bb451&Prime; img_size=\u00a0\u00bb800&#215;500&Prime; alignment=\u00a0\u00bbcenter\u00a0\u00bb][vc_column_text]<\/p>\n<h5><strong>Joint \u00e9lastique<\/strong><\/h5>\n<p>Connexion pour quais flottants r\u00e9alis\u00e9e avec des anneaux \u00e9lastiques sp\u00e9ciaux.[\/vc_column_text][\/vc_column_inner][\/vc_row_inner][vc_row_inner][vc_column_inner width=\u00a0\u00bb1\/2&Prime;][vc_single_image image=\u00a0\u00bb446&Prime; img_size=\u00a0\u00bb800&#215;500&Prime; alignment=\u00a0\u00bbcenter\u00a0\u00bb][vc_column_text]<\/p>\n<h5><strong>Taquet pour ponton<\/strong><\/h5>\n<p>En acier inoxydable ou en fonte. Ils comprennent les bases de fixation.[\/vc_column_text][\/vc_column_inner][vc_column_inner width=\u00a0\u00bb1\/2&Prime;][vc_empty_space height=\u00a0\u00bb50px\u00a0\u00bb][vc_single_image image=\u00a0\u00bb443&Prime; img_size=\u00a0\u00bb800&#215;500&Prime; alignment=\u00a0\u00bbcenter\u00a0\u00bb][vc_column_text]<\/p>\n<h5><strong>Portail<\/strong><\/h5>\n<p>Con\u00e7u pour prot\u00e9ger l&rsquo;acc\u00e8s au quai, il peut \u00eatre \u00e9quip\u00e9 d&rsquo;une serrure. Construit avec des profil\u00e9s en acier soud\u00e9s puis galvanis\u00e9s \u00e0 chaud.[\/vc_column_text][\/vc_column_inner][\/vc_row_inner][vc_row_inner][vc_column_inner width=\u00a0\u00bb1\/2&Prime;][vc_single_image image=\u00a0\u00bb765&Prime; img_size=\u00a0\u00bb800&#215;500&Prime; alignment=\u00a0\u00bbcenter\u00a0\u00bb][vc_column_text]<\/p>\n<h5><strong>Batayole<\/strong><\/h5>\n<p>Structure de s\u00e9curit\u00e9 pour pontons flottants, personnalisable en longueur.[\/vc_column_text][\/vc_column_inner][vc_column_inner width=\u00a0\u00bb1\/2&Prime;][vc_empty_space height=\u00a0\u00bb50px\u00a0\u00bb][vc_single_image image=\u00a0\u00bb767&Prime; img_size=\u00a0\u00bb800&#215;500&Prime; alignment=\u00a0\u00bbcenter\u00a0\u00bb][vc_column_text]<\/p>\n<h5><strong>Borne anti incendie et borne de service, HDPE OU INOX<\/strong><\/h5>\n<p>A installer sur quais flottants ou quais d&rsquo;amarrage.[\/vc_column_text][\/vc_column_inner][\/vc_row_inner][vc_row_inner][vc_column_inner width=\u00a0\u00bb1\/2&Prime;][vc_single_image image=\u00a0\u00bb769&Prime; img_size=\u00a0\u00bb800&#215;500&Prime; alignment=\u00a0\u00bbcenter\u00a0\u00bb][vc_column_text]<\/p>\n<h5><strong>Grue pour handicap\u00e9s<\/strong><\/h5>\n<p>Ascenseur pour faciliter l&rsquo;acc\u00e8s aux bateaux.[\/vc_column_text][\/vc_column_inner][vc_column_inner width=\u00a0\u00bb1\/2&Prime;][vc_empty_space height=\u00a0\u00bb50px\u00a0\u00bb][vc_single_image image=\u00a0\u00bb771&Prime; img_size=\u00a0\u00bb800&#215;500&Prime; alignment=\u00a0\u00bbcenter\u00a0\u00bb][vc_column_text]<\/p>\n<h5><strong>Clignottant de t\u00eate<\/strong><\/h5>\n<p>Aliment\u00e9 par le r\u00e9seau \u00e9lectrique ou l&rsquo;\u00e9nergie solaire, pour une installation sur les extr\u00e9mit\u00e9s des piles.[\/vc_column_text][\/vc_column_inner][\/vc_row_inner][vc_row_inner][vc_column_inner width=\u00a0\u00bb1\/2&Prime;][vc_single_image image=\u00a0\u00bb449&Prime; img_size=\u00a0\u00bb800&#215;500&Prime; alignment=\u00a0\u00bbcenter\u00a0\u00bb][vc_column_text]<\/p>\n<h5><strong>Gazebo<\/strong><\/h5>\n<p>Un des accessoires pratiques des pontons flottants : s&rsquo;abriter du soleil ou de la pluie en attendant le bateau.[\/vc_column_text][\/vc_column_inner][vc_column_inner width=\u00a0\u00bb1\/2&Prime;][\/vc_column_inner][\/vc_row_inner][\/vc_column][\/vc_row]<\/p>\n","protected":false},"excerpt":{"rendered":"<p>[vc_row full_width=\u00a0\u00bbstretch_row\u00a0\u00bb el_class=\u00a0\u00bbtitolo bgBlue\u00a0\u00bb][vc_column][vc_column_text] ACCESSOIRES [\/vc_column_text][\/vc_column][\/vc_row][vc_row][vc_column][vc_column_text] Interbox Marinas propose une gamme compl\u00e8te d&rsquo;accessoires pour pontons. &nbsp; Des solutions con\u00e7ues pour rendre les quais flottants encore plus \u00e9quip\u00e9s, confortables et fonctionnels. L&rsquo;exp\u00e9rience accumul\u00e9e au fil des ann\u00e9es de travail a permis d&rsquo;\u00e9tudier les diff\u00e9rents besoins des clients et a conduit \u00e0 la cr\u00e9ation d&rsquo;une large gamme &hellip;<\/p>\n<p class=\"read-more\"> <a class=\"\" href=\"https:\/\/www.interbox.ch\/marinas\/fr\/accessori\/\"> <span class=\"screen-reader-text\">Accessoires<\/span> Lire la suite\u00a0\u00bb<\/a><\/p>\n","protected":false},"author":1,"featured_media":1810,"parent":0,"menu_order":0,"comment_status":"closed","ping_status":"closed","template":"","meta":{"site-sidebar-layout":"no-sidebar","site-content-layout":"plain-container","ast-main-header-display":"","ast-hfb-above-header-display":"","ast-hfb-below-header-display":"","ast-hfb-mobile-header-display":"","site-post-title":"disabled","ast-breadcrumbs-content":"","ast-featured-img":"disabled","footer-sml-layout":"","theme-transparent-header-meta":"default","adv-header-id-meta":"","stick-header-meta":"","header-above-stick-meta":"","header-main-stick-meta":"","header-below-stick-meta":"","footnotes":""},"class_list":["post-2339","page","type-page","status-publish","has-post-thumbnail","hentry"],"yoast_head":"<!-- This site is optimized with the Yoast SEO plugin v19.2 - https:\/\/yoast.com\/wordpress\/plugins\/seo\/ -->\n<title>Accessoires - Interbox Marinas<\/title>\n<meta name=\"robots\" content=\"index, follow, max-snippet:-1, max-image-preview:large, max-video-preview:-1\" \/>\n<link rel=\"canonical\" href=\"https:\/\/www.interbox.ch\/marinas\/fr\/accessori\/\" \/>\n<meta property=\"og:locale\" content=\"fr_FR\" \/>\n<meta property=\"og:type\" content=\"article\" \/>\n<meta property=\"og:title\" content=\"Accessoires - Interbox Marinas\" \/>\n<meta property=\"og:description\" content=\"[vc_row full_width=\u00a0\u00bbstretch_row\u00a0\u00bb el_class=\u00a0\u00bbtitolo bgBlue\u00a0\u00bb][vc_column][vc_column_text] ACCESSOIRES [\/vc_column_text][\/vc_column][\/vc_row][vc_row][vc_column][vc_column_text] Interbox Marinas propose une gamme compl\u00e8te d&rsquo;accessoires pour pontons. &nbsp; Des solutions con\u00e7ues pour rendre les quais flottants encore plus \u00e9quip\u00e9s, confortables et fonctionnels. L&rsquo;exp\u00e9rience accumul\u00e9e au fil des ann\u00e9es de travail a permis d&rsquo;\u00e9tudier les diff\u00e9rents besoins des clients et a conduit \u00e0 la cr\u00e9ation d&rsquo;une large gamme &hellip; Accessoires Lire la suite\u00a0\u00bb\" \/>\n<meta property=\"og:url\" content=\"https:\/\/www.interbox.ch\/marinas\/fr\/accessori\/\" \/>\n<meta property=\"og:site_name\" content=\"Interbox Marinas\" \/>\n<meta property=\"article:modified_time\" content=\"2024-05-16T09:43:58+00:00\" \/>\n<meta property=\"og:image\" content=\"https:\/\/www.interbox.ch\/marinas\/wp-content\/uploads\/2022\/05\/accessori.png\" \/>\n\t<meta property=\"og:image:width\" content=\"800\" \/>\n\t<meta property=\"og:image:height\" content=\"693\" \/>\n\t<meta property=\"og:image:type\" content=\"image\/png\" \/>\n<meta name=\"author\" content=\"immagine23\" \/>\n<meta name=\"twitter:card\" content=\"summary_large_image\" \/>\n<meta name=\"twitter:label1\" content=\"Dur\u00e9e de lecture estim\u00e9e\" \/>\n\t<meta name=\"twitter:data1\" content=\"4 minutes\" \/>\n<script type=\"application\/ld+json\" class=\"yoast-schema-graph\">{\"@context\":\"https:\/\/schema.org\",\"@graph\":[{\"@type\":\"WebSite\",\"@id\":\"https:\/\/www.interbox.ch\/marinas\/fr\/#website\",\"url\":\"https:\/\/www.interbox.ch\/marinas\/fr\/\",\"name\":\"Interbox Marinas\",\"description\":\"Divisione Marinas\",\"potentialAction\":[{\"@type\":\"SearchAction\",\"target\":{\"@type\":\"EntryPoint\",\"urlTemplate\":\"https:\/\/www.interbox.ch\/marinas\/fr\/?s={search_term_string}\"},\"query-input\":\"required name=search_term_string\"}],\"inLanguage\":\"fr-FR\"},{\"@type\":\"ImageObject\",\"inLanguage\":\"fr-FR\",\"@id\":\"https:\/\/www.interbox.ch\/marinas\/fr\/accessori\/#primaryimage\",\"url\":\"https:\/\/www.interbox.ch\/marinas\/wp-content\/uploads\/2022\/05\/accessori.png\",\"contentUrl\":\"https:\/\/www.interbox.ch\/marinas\/wp-content\/uploads\/2022\/05\/accessori.png\",\"width\":800,\"height\":693},{\"@type\":\"WebPage\",\"@id\":\"https:\/\/www.interbox.ch\/marinas\/fr\/accessori\/#webpage\",\"url\":\"https:\/\/www.interbox.ch\/marinas\/fr\/accessori\/\",\"name\":\"Accessoires - Interbox Marinas\",\"isPartOf\":{\"@id\":\"https:\/\/www.interbox.ch\/marinas\/fr\/#website\"},\"primaryImageOfPage\":{\"@id\":\"https:\/\/www.interbox.ch\/marinas\/fr\/accessori\/#primaryimage\"},\"datePublished\":\"2023-07-10T08:37:30+00:00\",\"dateModified\":\"2024-05-16T09:43:58+00:00\",\"breadcrumb\":{\"@id\":\"https:\/\/www.interbox.ch\/marinas\/fr\/accessori\/#breadcrumb\"},\"inLanguage\":\"fr-FR\",\"potentialAction\":[{\"@type\":\"ReadAction\",\"target\":[\"https:\/\/www.interbox.ch\/marinas\/fr\/accessori\/\"]}]},{\"@type\":\"BreadcrumbList\",\"@id\":\"https:\/\/www.interbox.ch\/marinas\/fr\/accessori\/#breadcrumb\",\"itemListElement\":[{\"@type\":\"ListItem\",\"position\":1,\"name\":\"Home\",\"item\":\"https:\/\/www.interbox.ch\/marinas\/fr\/\"},{\"@type\":\"ListItem\",\"position\":2,\"name\":\"Accessoires\"}]}]}<\/script>\n<!-- \/ Yoast SEO plugin. -->","yoast_head_json":{"title":"Accessoires - Interbox Marinas","robots":{"index":"index","follow":"follow","max-snippet":"max-snippet:-1","max-image-preview":"max-image-preview:large","max-video-preview":"max-video-preview:-1"},"canonical":"https:\/\/www.interbox.ch\/marinas\/fr\/accessori\/","og_locale":"fr_FR","og_type":"article","og_title":"Accessoires - Interbox Marinas","og_description":"[vc_row full_width=\u00a0\u00bbstretch_row\u00a0\u00bb el_class=\u00a0\u00bbtitolo bgBlue\u00a0\u00bb][vc_column][vc_column_text] ACCESSOIRES [\/vc_column_text][\/vc_column][\/vc_row][vc_row][vc_column][vc_column_text] Interbox Marinas propose une gamme compl\u00e8te d&rsquo;accessoires pour pontons. &nbsp; Des solutions con\u00e7ues pour rendre les quais flottants encore plus \u00e9quip\u00e9s, confortables et fonctionnels. L&rsquo;exp\u00e9rience accumul\u00e9e au fil des ann\u00e9es de travail a permis d&rsquo;\u00e9tudier les diff\u00e9rents besoins des clients et a conduit \u00e0 la cr\u00e9ation d&rsquo;une large gamme &hellip; Accessoires Lire la suite\u00a0\u00bb","og_url":"https:\/\/www.interbox.ch\/marinas\/fr\/accessori\/","og_site_name":"Interbox Marinas","article_modified_time":"2024-05-16T09:43:58+00:00","og_image":[{"width":800,"height":693,"url":"https:\/\/www.interbox.ch\/marinas\/wp-content\/uploads\/2022\/05\/accessori.png","type":"image\/png"}],"author":"immagine23","twitter_card":"summary_large_image","twitter_misc":{"Dur\u00e9e de lecture estim\u00e9e":"4 minutes"},"schema":{"@context":"https:\/\/schema.org","@graph":[{"@type":"WebSite","@id":"https:\/\/www.interbox.ch\/marinas\/fr\/#website","url":"https:\/\/www.interbox.ch\/marinas\/fr\/","name":"Interbox Marinas","description":"Divisione Marinas","potentialAction":[{"@type":"SearchAction","target":{"@type":"EntryPoint","urlTemplate":"https:\/\/www.interbox.ch\/marinas\/fr\/?s={search_term_string}"},"query-input":"required name=search_term_string"}],"inLanguage":"fr-FR"},{"@type":"ImageObject","inLanguage":"fr-FR","@id":"https:\/\/www.interbox.ch\/marinas\/fr\/accessori\/#primaryimage","url":"https:\/\/www.interbox.ch\/marinas\/wp-content\/uploads\/2022\/05\/accessori.png","contentUrl":"https:\/\/www.interbox.ch\/marinas\/wp-content\/uploads\/2022\/05\/accessori.png","width":800,"height":693},{"@type":"WebPage","@id":"https:\/\/www.interbox.ch\/marinas\/fr\/accessori\/#webpage","url":"https:\/\/www.interbox.ch\/marinas\/fr\/accessori\/","name":"Accessoires - Interbox Marinas","isPartOf":{"@id":"https:\/\/www.interbox.ch\/marinas\/fr\/#website"},"primaryImageOfPage":{"@id":"https:\/\/www.interbox.ch\/marinas\/fr\/accessori\/#primaryimage"},"datePublished":"2023-07-10T08:37:30+00:00","dateModified":"2024-05-16T09:43:58+00:00","breadcrumb":{"@id":"https:\/\/www.interbox.ch\/marinas\/fr\/accessori\/#breadcrumb"},"inLanguage":"fr-FR","potentialAction":[{"@type":"ReadAction","target":["https:\/\/www.interbox.ch\/marinas\/fr\/accessori\/"]}]},{"@type":"BreadcrumbList","@id":"https:\/\/www.interbox.ch\/marinas\/fr\/accessori\/#breadcrumb","itemListElement":[{"@type":"ListItem","position":1,"name":"Home","item":"https:\/\/www.interbox.ch\/marinas\/fr\/"},{"@type":"ListItem","position":2,"name":"Accessoires"}]}]}},"_links":{"self":[{"href":"https:\/\/www.interbox.ch\/marinas\/fr\/wp-json\/wp\/v2\/pages\/2339","targetHints":{"allow":["GET"]}}],"collection":[{"href":"https:\/\/www.interbox.ch\/marinas\/fr\/wp-json\/wp\/v2\/pages"}],"about":[{"href":"https:\/\/www.interbox.ch\/marinas\/fr\/wp-json\/wp\/v2\/types\/page"}],"author":[{"embeddable":true,"href":"https:\/\/www.interbox.ch\/marinas\/fr\/wp-json\/wp\/v2\/users\/1"}],"replies":[{"embeddable":true,"href":"https:\/\/www.interbox.ch\/marinas\/fr\/wp-json\/wp\/v2\/comments?post=2339"}],"version-history":[{"count":7,"href":"https:\/\/www.interbox.ch\/marinas\/fr\/wp-json\/wp\/v2\/pages\/2339\/revisions"}],"predecessor-version":[{"id":2785,"href":"https:\/\/www.interbox.ch\/marinas\/fr\/wp-json\/wp\/v2\/pages\/2339\/revisions\/2785"}],"wp:featuredmedia":[{"embeddable":true,"href":"https:\/\/www.interbox.ch\/marinas\/fr\/wp-json\/wp\/v2\/media\/1810"}],"wp:attachment":[{"href":"https:\/\/www.interbox.ch\/marinas\/fr\/wp-json\/wp\/v2\/media?parent=2339"}],"curies":[{"name":"wp","href":"https:\/\/api.w.org\/{rel}","templated":true}]}}