{"id":2334,"date":"2023-07-10T10:02:40","date_gmt":"2023-07-10T08:02:40","guid":{"rendered":"https:\/\/www.interbox.ch\/marinas\/?page_id=2334"},"modified":"2024-05-16T11:41:38","modified_gmt":"2024-05-16T09:41:38","slug":"finger","status":"publish","type":"page","link":"https:\/\/www.interbox.ch\/marinas\/fr\/finger\/","title":{"rendered":"Bras oscillants"},"content":{"rendered":"<p>[vc_row full_width=\u00a0\u00bbstretch_row\u00a0\u00bb el_class=\u00a0\u00bbtitolo bgBlue\u00a0\u00bb][vc_column][vc_column_text]<\/p>\n<h2>BRAS OSCILLANTS<\/h2>\n<p>[\/vc_column_text][\/vc_column][\/vc_row][vc_row][vc_column][vc_column_text]<\/p>\n<h4 style=\"text-align: center;\"><strong>Syst\u00e8mes d&rsquo;amarrage : Mod\u00e8les 5,30 \u2013 6,30 \u2013 7,30 \u2013 8,30 \u2013 10,30 m<\/strong><\/h4>\n<p>&nbsp;<\/p>\n<p style=\"text-align: center;\">Il existe diff\u00e9rents types de syst\u00e8mes d&rsquo;amarrage, les plus utilis\u00e9s sont <strong>les finger<\/strong>\u00a0ou <strong>les minifinger.<\/strong><\/p>\n<p>[\/vc_column_text][\/vc_column][\/vc_row][vc_row css=\u00a0\u00bb.vc_custom_1653641202914{padding-top: 0px !important;padding-bottom: 0px !important;}\u00a0\u00bb][vc_column][vc_btn title=\u00a0\u00bbInformations requises\u00a0\u00bb style=\u00a0\u00bbclassic\u00a0\u00bb shape=\u00a0\u00bbsquare\u00a0\u00bb color=\u00a0\u00bbblue\u00a0\u00bb align=\u00a0\u00bbcenter\u00a0\u00bb link=\u00a0\u00bburl:%23info\u00a0\u00bb][\/vc_column][\/vc_row][vc_row equal_height=\u00a0\u00bbyes\u00a0\u00bb][vc_column width=\u00a0\u00bb1\/3&Prime;][vc_row_inner equal_height=\u00a0\u00bbyes\u00a0\u00bb][vc_column_inner][vc_single_image image=\u00a0\u00bb952&Prime; img_size=\u00a0\u00bbfull\u00a0\u00bb][vc_column_text]Ces ouvrages sont de pr\u00e9cieux alli\u00e9s en pr\u00e9sence d&rsquo;une mer agit\u00e9e et de diff\u00e9rences de mar\u00e9es.[\/vc_column_text][\/vc_column_inner][\/vc_row_inner][\/vc_column][vc_column width=\u00a0\u00bb1\/3&Prime;][vc_row_inner equal_height=\u00a0\u00bbyes\u00a0\u00bb][vc_column_inner][vc_single_image image=\u00a0\u00bb956&Prime; img_size=\u00a0\u00bbfull\u00a0\u00bb][vc_column_text]Le choix du syst\u00e8me d&rsquo;amarrage \u00e0 finger facilitera le transit des passagers et facilitera leur entr\u00e9e dans le bateau.[\/vc_column_text][\/vc_column_inner][\/vc_row_inner][\/vc_column][vc_column width=\u00a0\u00bb1\/3&Prime;][vc_row_inner equal_height=\u00a0\u00bbyes\u00a0\u00bb][vc_column_inner][vc_single_image image=\u00a0\u00bb949&Prime; img_size=\u00a0\u00bbfull\u00a0\u00bb][vc_column_text]Un autre plus important concerne <strong>les man\u0153uvres d&rsquo;amarrage <\/strong> qui, gr\u00e2ce \u00e0 ces syst\u00e8mes, deviendront plus simples et plus rapides, optimisant la surface portuaire.<br \/>\n[\/vc_column_text][\/vc_column_inner][\/vc_row_inner][\/vc_column][\/vc_row][vc_row][vc_column][\/vc_column][\/vc_row][vc_row full_width=\u00a0\u00bbstretch_row_content\u00a0\u00bb equal_height=\u00a0\u00bbyes\u00a0\u00bb content_placement=\u00a0\u00bbmiddle\u00a0\u00bb el_class=\u00a0\u00bbbgBlue fullImg\u00a0\u00bb css=\u00a0\u00bb.vc_custom_1647594253900{padding-top: 0px !important;padding-right: 0px !important;padding-bottom: 0px !important;padding-left: 0px !important;}\u00a0\u00bb][vc_column width=\u00a0\u00bb1\/12&Prime; css=\u00a0\u00bb.vc_custom_1647594906552{padding-top: 0px !important;padding-right: 0px !important;padding-bottom: 0px !important;padding-left: 0px !important;}\u00a0\u00bb el_class=\u00a0\u00bbcol-md-2 col-md-push-6&Prime;][\/vc_column][vc_column width=\u00a0\u00bb4\/12&Prime; el_class=\u00a0\u00bbcol-md-4 col-md-push-8&Prime;][vc_row_inner el_class=\u00a0\u00bbbordBotBlue txtWithBorder\u00a0\u00bb][vc_column_inner][vc_column_text]<\/p>\n<h2 style=\"text-align: left;\">Les mod\u00e8les<\/h2>\n<p>[\/vc_column_text][\/vc_column_inner][\/vc_row_inner][vc_column_text]<\/p>\n<p style=\"text-align: left;\">Les Finger Interbox Marinas garantissent <a href=\"https:\/\/www.interbox.ch\/marinas\/fr\/certificazioni\/\" rel=\"noopener\"> <strong> des normes \u00e9lev\u00e9es de s\u00e9curit\u00e9 et de confort ,<\/strong><\/a>fix\u00e9es aux quais avec des charni\u00e8res, elles sont praticables, con\u00e7ues pour permettre l&rsquo;accostage, l&rsquo;amarrage et l&rsquo;acc\u00e8s \u00e0 bord des bateaux.<\/p>\n<p>[\/vc_column_text][vc_column_text]La petite taille signifie que l&#8217;empreinte sur la marina est minime.[\/vc_column_text][\/vc_column][vc_column width=\u00a0\u00bb1\/12&Prime; el_class=\u00a0\u00bbcol-md-2 col-md-push-10&Prime;][\/vc_column][vc_column width=\u00a0\u00bb1\/2&Prime; el_class=\u00a0\u00bbcol-md-2 col-md-pull-6&Prime; css=\u00a0\u00bb.vc_custom_1647601637461{padding-top: 0px !important;padding-right: 0px !important;padding-bottom: 0px !important;padding-left: 0px !important;}\u00a0\u00bb][vc_single_image image=\u00a0\u00bb567&Prime; img_size=\u00a0\u00bbfull\u00a0\u00bb alignment=\u00a0\u00bbcenter\u00a0\u00bb css=\u00a0\u00bb.vc_custom_1668608035497{margin-top: 0px !important;margin-right: 0px !important;margin-bottom: 0px !important;margin-left: 0px !important;padding-top: 0px !important;padding-right: 0px !important;padding-bottom: 0px !important;padding-left: 0px !important;}\u00a0\u00bb][\/vc_column][\/vc_row][vc_row full_width=\u00a0\u00bbstretch_row_content\u00a0\u00bb equal_height=\u00a0\u00bbyes\u00a0\u00bb content_placement=\u00a0\u00bbmiddle\u00a0\u00bb el_class=\u00a0\u00bbbgBlue fullImg\u00a0\u00bb css=\u00a0\u00bb.vc_custom_1647594253900{padding-top: 0px !important;padding-right: 0px !important;padding-bottom: 0px !important;padding-left: 0px !important;}\u00a0\u00bb][vc_column width=\u00a0\u00bb1\/12&Prime; css=\u00a0\u00bb.vc_custom_1647601974664{padding-top: 0px !important;padding-right: 0px !important;padding-bottom: 0px !important;padding-left: 0px !important;}\u00a0\u00bb el_class=\u00a0\u00bbvc_col-sm-push-6&Prime;][\/vc_column][vc_column width=\u00a0\u00bb4\/12&Prime; el_class=\u00a0\u00bbvc_col-sm-push-6&Prime;][vc_column_text]Les mod\u00e8les jusqu&rsquo;\u00e0 6,30 m sont modulables pour optimiser l&rsquo;am\u00e9nagement des couchettes.[\/vc_column_text][\/vc_column][vc_column width=\u00a0\u00bb1\/12&Prime; el_class=\u00a0\u00bbvc_col-sm-push-6&Prime;][\/vc_column][vc_column width=\u00a0\u00bb1\/2&Prime; el_class=\u00a0\u00bbvc_col-sm-pull-6&Prime; css=\u00a0\u00bb.vc_custom_1647601991732{padding-top: 0px !important;padding-right: 0px !important;padding-bottom: 0px !important;padding-left: 0px !important;}\u00a0\u00bb][vc_single_image image=\u00a0\u00bb941&Prime; img_size=\u00a0\u00bb750&#215;400&Prime; alignment=\u00a0\u00bbcenter\u00a0\u00bb css=\u00a0\u00bb.vc_custom_1668608025729{margin-top: 0px !important;margin-right: 0px !important;margin-bottom: 0px !important;margin-left: 0px !important;padding-top: 0px !important;padding-right: 0px !important;padding-bottom: 0px !important;padding-left: 0px !important;}\u00a0\u00bb][\/vc_column][\/vc_row][vc_row full_width=\u00a0\u00bbstretch_row_content\u00a0\u00bb equal_height=\u00a0\u00bbyes\u00a0\u00bb content_placement=\u00a0\u00bbmiddle\u00a0\u00bb el_class=\u00a0\u00bbbgBlue fullImg\u00a0\u00bb css=\u00a0\u00bb.vc_custom_1647594253900{padding-top: 0px !important;padding-right: 0px !important;padding-bottom: 0px !important;padding-left: 0px !important;}\u00a0\u00bb][vc_column width=\u00a0\u00bb1\/12&Prime; css=\u00a0\u00bb.vc_custom_1647594906552{padding-top: 0px !important;padding-right: 0px !important;padding-bottom: 0px !important;padding-left: 0px !important;}\u00a0\u00bb el_class=\u00a0\u00bbcol-md-2 col-md-push-6&Prime;][\/vc_column][vc_column width=\u00a0\u00bb4\/12&Prime; el_class=\u00a0\u00bbcol-md-4 col-md-push-8&Prime;][vc_column_text]Le minifinger facilite les op\u00e9rations d&rsquo;amarrage et d&rsquo;amarrage, \u00e9tant plus \u00e9troit, il n&rsquo;est pas praticable. Il est notamment utilis\u00e9 pour diviser les postes d&rsquo;amarrage dans les marinas.<br \/>\nLes longueurs peuvent \u00eatre de 4,50 ou 6 m\u00e8tres, tandis que la largeur est toujours de 0,37 m\u00e8tre.[\/vc_column_text][\/vc_column][vc_column width=\u00a0\u00bb1\/12&Prime; el_class=\u00a0\u00bbcol-md-2 col-md-push-10&Prime;][\/vc_column][vc_column width=\u00a0\u00bb1\/2&Prime; el_class=\u00a0\u00bbcol-md-2 col-md-pull-6&Prime; css=\u00a0\u00bb.vc_custom_1647601637461{padding-top: 0px !important;padding-right: 0px !important;padding-bottom: 0px !important;padding-left: 0px !important;}\u00a0\u00bb][vc_single_image image=\u00a0\u00bb953&Prime; img_size=\u00a0\u00bb750&#215;400&Prime; alignment=\u00a0\u00bbcenter\u00a0\u00bb css=\u00a0\u00bb.vc_custom_1668608016481{margin-top: 0px !important;margin-right: 0px !important;margin-bottom: 0px !important;margin-left: 0px !important;padding-top: 0px !important;padding-right: 0px !important;padding-bottom: 0px !important;padding-left: 0px !important;}\u00a0\u00bb][\/vc_column][\/vc_row][vc_row full_width=\u00a0\u00bbstretch_row_content\u00a0\u00bb equal_height=\u00a0\u00bbyes\u00a0\u00bb content_placement=\u00a0\u00bbmiddle\u00a0\u00bb el_class=\u00a0\u00bbbgBlue fullImg\u00a0\u00bb css=\u00a0\u00bb.vc_custom_1647594253900{padding-top: 0px !important;padding-right: 0px !important;padding-bottom: 0px !important;padding-left: 0px !important;}\u00a0\u00bb][vc_column width=\u00a0\u00bb1\/12&Prime; css=\u00a0\u00bb.vc_custom_1647601974664{padding-top: 0px !important;padding-right: 0px !important;padding-bottom: 0px !important;padding-left: 0px !important;}\u00a0\u00bb el_class=\u00a0\u00bbvc_col-sm-push-6&Prime;][\/vc_column][vc_column width=\u00a0\u00bb4\/12&Prime; el_class=\u00a0\u00bbvc_col-sm-push-6&Prime;][vc_column_text]Finger et Minifinger sont con\u00e7us pour r\u00e9sister \u00e0 <strong>des conditions m\u00e9t\u00e9orologiques extr\u00eames <\/strong> telles que la chaleur tropicale et les hivers rigoureux.[\/vc_column_text][vc_column_text]<\/p>\n<p style=\"text-align: left;\">Les mat\u00e9riaux utilis\u00e9s, pour le cadre et pour la structure elle-m\u00eame, sont de haute qualit\u00e9 et permettent, gr\u00e2ce \u00e0 de petits exp\u00e9dients, une longue dur\u00e9e de vie au syst\u00e8me d&rsquo;amarrage.<\/p>\n<p>[\/vc_column_text][\/vc_column][vc_column width=\u00a0\u00bb1\/12&Prime; el_class=\u00a0\u00bbvc_col-sm-push-6&Prime;][\/vc_column][vc_column width=\u00a0\u00bb1\/2&Prime; el_class=\u00a0\u00bbvc_col-sm-pull-6&Prime; css=\u00a0\u00bb.vc_custom_1647601991732{padding-top: 0px !important;padding-right: 0px !important;padding-bottom: 0px !important;padding-left: 0px !important;}\u00a0\u00bb][vc_single_image image=\u00a0\u00bb568&Prime; img_size=\u00a0\u00bb750&#215;400&Prime; alignment=\u00a0\u00bbcenter\u00a0\u00bb css=\u00a0\u00bb.vc_custom_1668608006758{margin-top: 0px !important;margin-right: 0px !important;margin-bottom: 0px !important;margin-left: 0px !important;padding-top: 0px !important;padding-right: 0px !important;padding-bottom: 0px !important;padding-left: 0px !important;}\u00a0\u00bb][\/vc_column][\/vc_row][vc_row disable_element=\u00a0\u00bbyes\u00a0\u00bb css=\u00a0\u00bb.vc_custom_1653899813588{padding-bottom: 0px !important;}\u00a0\u00bb][vc_column][vc_column_text]<\/p>\n<h3 style=\"text-align: center;\"><strong>Dati tecnici<br \/>\n<\/strong><\/h3>\n<p>[\/vc_column_text][\/vc_column][\/vc_row][vc_row equal_height=\u00a0\u00bbyes\u00a0\u00bb content_placement=\u00a0\u00bbmiddle\u00a0\u00bb disable_element=\u00a0\u00bbyes\u00a0\u00bb el_class=\u00a0\u00bbtabella\u00a0\u00bb][vc_column width=\u00a0\u00bb1\/6&Prime; el_class=\u00a0\u00bbbgBlue\u00a0\u00bb][vc_column_text]<strong>Bracci oscillanti m<br \/>\n<\/strong>[\/vc_column_text][vc_column_text]Profilato travi:[\/vc_column_text][vc_column_text]n gallegianti:[\/vc_column_text][\/vc_column][vc_column width=\u00a0\u00bb1\/6&Prime;][vc_column_text]<strong>5,30 x 0,73 <\/strong>regolabile<strong><br \/>\n<\/strong>[\/vc_column_text][vc_column_text]IPE 100[\/vc_column_text][vc_column_text]4[\/vc_column_text][\/vc_column][vc_column width=\u00a0\u00bb1\/6&Prime; el_class=\u00a0\u00bbbgBlue\u00a0\u00bb][vc_column_text]<strong>6,30 x 0,73 <\/strong>regolabile<strong><br \/>\n<\/strong>[\/vc_column_text][vc_column_text]IPE 120[\/vc_column_text][vc_column_text]5[\/vc_column_text][\/vc_column][vc_column width=\u00a0\u00bb1\/6&Prime;][vc_column_text]<strong>7,30 x 0,73 <\/strong>fisso<strong><br \/>\n<\/strong>[\/vc_column_text][vc_column_text]IPE 120[\/vc_column_text][vc_column_text]6[\/vc_column_text][\/vc_column][vc_column width=\u00a0\u00bb1\/6&Prime; el_class=\u00a0\u00bbbgBlue\u00a0\u00bb][vc_column_text]<strong>8,30 x 0,74 <\/strong>fisso<strong><br \/>\n<\/strong>[\/vc_column_text][vc_column_text]IPE 160[\/vc_column_text][vc_column_text]8[\/vc_column_text][\/vc_column][vc_column width=\u00a0\u00bb1\/6&Prime;][vc_column_text]<strong>10,30 x 0,94 m <\/strong>fisso<strong><br \/>\n<\/strong>[\/vc_column_text][vc_column_text]IPE 160[\/vc_column_text][vc_column_text]13[\/vc_column_text][\/vc_column][\/vc_row]<\/p>\n","protected":false},"excerpt":{"rendered":"<p>[vc_row full_width=\u00a0\u00bbstretch_row\u00a0\u00bb el_class=\u00a0\u00bbtitolo bgBlue\u00a0\u00bb][vc_column][vc_column_text] BRAS OSCILLANTS [\/vc_column_text][\/vc_column][\/vc_row][vc_row][vc_column][vc_column_text] Syst\u00e8mes d&rsquo;amarrage : Mod\u00e8les 5,30 \u2013 6,30 \u2013 7,30 \u2013 8,30 \u2013 10,30 m &nbsp; Il existe diff\u00e9rents types de syst\u00e8mes d&rsquo;amarrage, les plus utilis\u00e9s sont les finger\u00a0ou les minifinger. [\/vc_column_text][\/vc_column][\/vc_row][vc_row css=\u00a0\u00bb.vc_custom_1653641202914{padding-top: 0px !important;padding-bottom: 0px !important;}\u00a0\u00bb][vc_column][vc_btn title=\u00a0\u00bbInformations requises\u00a0\u00bb style=\u00a0\u00bbclassic\u00a0\u00bb shape=\u00a0\u00bbsquare\u00a0\u00bb color=\u00a0\u00bbblue\u00a0\u00bb align=\u00a0\u00bbcenter\u00a0\u00bb link=\u00a0\u00bburl:%23info\u00a0\u00bb][\/vc_column][\/vc_row][vc_row equal_height=\u00a0\u00bbyes\u00a0\u00bb][vc_column width=\u00a0\u00bb1\/3&Prime;][vc_row_inner equal_height=\u00a0\u00bbyes\u00a0\u00bb][vc_column_inner][vc_single_image image=\u00a0\u00bb952&Prime; img_size=\u00a0\u00bbfull\u00a0\u00bb][vc_column_text]Ces &hellip;<\/p>\n<p class=\"read-more\"> <a class=\"\" href=\"https:\/\/www.interbox.ch\/marinas\/fr\/finger\/\"> <span class=\"screen-reader-text\">Bras oscillants<\/span> Lire la suite\u00a0\u00bb<\/a><\/p>\n","protected":false},"author":1,"featured_media":1798,"parent":0,"menu_order":0,"comment_status":"closed","ping_status":"closed","template":"","meta":{"site-sidebar-layout":"no-sidebar","site-content-layout":"plain-container","ast-main-header-display":"","ast-hfb-above-header-display":"","ast-hfb-below-header-display":"","ast-hfb-mobile-header-display":"","site-post-title":"disabled","ast-breadcrumbs-content":"","ast-featured-img":"disabled","footer-sml-layout":"","theme-transparent-header-meta":"default","adv-header-id-meta":"","stick-header-meta":"","header-above-stick-meta":"","header-main-stick-meta":"","header-below-stick-meta":"","footnotes":""},"class_list":["post-2334","page","type-page","status-publish","has-post-thumbnail","hentry"],"yoast_head":"<!-- This site is optimized with the Yoast SEO plugin v19.2 - https:\/\/yoast.com\/wordpress\/plugins\/seo\/ -->\n<title>Bras oscillants - Interbox Marinas<\/title>\n<meta name=\"robots\" content=\"index, follow, max-snippet:-1, max-image-preview:large, max-video-preview:-1\" \/>\n<link rel=\"canonical\" href=\"https:\/\/www.interbox.ch\/marinas\/fr\/finger\/\" \/>\n<meta property=\"og:locale\" content=\"fr_FR\" \/>\n<meta property=\"og:type\" content=\"article\" \/>\n<meta property=\"og:title\" content=\"Bras oscillants - Interbox Marinas\" \/>\n<meta property=\"og:description\" content=\"[vc_row full_width=\u00a0\u00bbstretch_row\u00a0\u00bb el_class=\u00a0\u00bbtitolo bgBlue\u00a0\u00bb][vc_column][vc_column_text] BRAS OSCILLANTS [\/vc_column_text][\/vc_column][\/vc_row][vc_row][vc_column][vc_column_text] Syst\u00e8mes d&rsquo;amarrage : Mod\u00e8les 5,30 \u2013 6,30 \u2013 7,30 \u2013 8,30 \u2013 10,30 m &nbsp; Il existe diff\u00e9rents types de syst\u00e8mes d&rsquo;amarrage, les plus utilis\u00e9s sont les finger\u00a0ou les minifinger. [\/vc_column_text][\/vc_column][\/vc_row][vc_row css=\u00a0\u00bb.vc_custom_1653641202914{padding-top: 0px !important;padding-bottom: 0px !important;}\u00a0\u00bb][vc_column][vc_btn title=\u00a0\u00bbInformations requises\u00a0\u00bb style=\u00a0\u00bbclassic\u00a0\u00bb shape=\u00a0\u00bbsquare\u00a0\u00bb color=\u00a0\u00bbblue\u00a0\u00bb align=\u00a0\u00bbcenter\u00a0\u00bb link=\u00a0\u00bburl:%23info\u00a0\u00bb][\/vc_column][\/vc_row][vc_row equal_height=\u00a0\u00bbyes\u00a0\u00bb][vc_column width=\u00a0\u00bb1\/3&Prime;][vc_row_inner equal_height=\u00a0\u00bbyes\u00a0\u00bb][vc_column_inner][vc_single_image image=\u00a0\u00bb952&Prime; img_size=\u00a0\u00bbfull\u00a0\u00bb][vc_column_text]Ces &hellip; Bras oscillants Lire la suite\u00a0\u00bb\" \/>\n<meta property=\"og:url\" content=\"https:\/\/www.interbox.ch\/marinas\/fr\/finger\/\" \/>\n<meta property=\"og:site_name\" content=\"Interbox Marinas\" \/>\n<meta property=\"article:modified_time\" content=\"2024-05-16T09:41:38+00:00\" \/>\n<meta property=\"og:image\" content=\"https:\/\/www.interbox.ch\/marinas\/wp-content\/uploads\/2022\/05\/fingers.png\" \/>\n\t<meta property=\"og:image:width\" content=\"800\" \/>\n\t<meta property=\"og:image:height\" content=\"693\" \/>\n\t<meta property=\"og:image:type\" content=\"image\/png\" \/>\n<meta name=\"author\" content=\"immagine23\" \/>\n<meta name=\"twitter:card\" content=\"summary_large_image\" \/>\n<meta name=\"twitter:label1\" content=\"Dur\u00e9e de lecture estim\u00e9e\" \/>\n\t<meta name=\"twitter:data1\" content=\"6 minutes\" \/>\n<script type=\"application\/ld+json\" class=\"yoast-schema-graph\">{\"@context\":\"https:\/\/schema.org\",\"@graph\":[{\"@type\":\"WebSite\",\"@id\":\"https:\/\/www.interbox.ch\/marinas\/fr\/#website\",\"url\":\"https:\/\/www.interbox.ch\/marinas\/fr\/\",\"name\":\"Interbox Marinas\",\"description\":\"Divisione Marinas\",\"potentialAction\":[{\"@type\":\"SearchAction\",\"target\":{\"@type\":\"EntryPoint\",\"urlTemplate\":\"https:\/\/www.interbox.ch\/marinas\/fr\/?s={search_term_string}\"},\"query-input\":\"required name=search_term_string\"}],\"inLanguage\":\"fr-FR\"},{\"@type\":\"ImageObject\",\"inLanguage\":\"fr-FR\",\"@id\":\"https:\/\/www.interbox.ch\/marinas\/fr\/finger\/#primaryimage\",\"url\":\"https:\/\/www.interbox.ch\/marinas\/wp-content\/uploads\/2022\/05\/fingers.png\",\"contentUrl\":\"https:\/\/www.interbox.ch\/marinas\/wp-content\/uploads\/2022\/05\/fingers.png\",\"width\":800,\"height\":693},{\"@type\":\"WebPage\",\"@id\":\"https:\/\/www.interbox.ch\/marinas\/fr\/finger\/#webpage\",\"url\":\"https:\/\/www.interbox.ch\/marinas\/fr\/finger\/\",\"name\":\"Bras oscillants - Interbox Marinas\",\"isPartOf\":{\"@id\":\"https:\/\/www.interbox.ch\/marinas\/fr\/#website\"},\"primaryImageOfPage\":{\"@id\":\"https:\/\/www.interbox.ch\/marinas\/fr\/finger\/#primaryimage\"},\"datePublished\":\"2023-07-10T08:02:40+00:00\",\"dateModified\":\"2024-05-16T09:41:38+00:00\",\"breadcrumb\":{\"@id\":\"https:\/\/www.interbox.ch\/marinas\/fr\/finger\/#breadcrumb\"},\"inLanguage\":\"fr-FR\",\"potentialAction\":[{\"@type\":\"ReadAction\",\"target\":[\"https:\/\/www.interbox.ch\/marinas\/fr\/finger\/\"]}]},{\"@type\":\"BreadcrumbList\",\"@id\":\"https:\/\/www.interbox.ch\/marinas\/fr\/finger\/#breadcrumb\",\"itemListElement\":[{\"@type\":\"ListItem\",\"position\":1,\"name\":\"Home\",\"item\":\"https:\/\/www.interbox.ch\/marinas\/fr\/\"},{\"@type\":\"ListItem\",\"position\":2,\"name\":\"Bras oscillants\"}]}]}<\/script>\n<!-- \/ Yoast SEO plugin. -->","yoast_head_json":{"title":"Bras oscillants - Interbox Marinas","robots":{"index":"index","follow":"follow","max-snippet":"max-snippet:-1","max-image-preview":"max-image-preview:large","max-video-preview":"max-video-preview:-1"},"canonical":"https:\/\/www.interbox.ch\/marinas\/fr\/finger\/","og_locale":"fr_FR","og_type":"article","og_title":"Bras oscillants - Interbox Marinas","og_description":"[vc_row full_width=\u00a0\u00bbstretch_row\u00a0\u00bb el_class=\u00a0\u00bbtitolo bgBlue\u00a0\u00bb][vc_column][vc_column_text] BRAS OSCILLANTS [\/vc_column_text][\/vc_column][\/vc_row][vc_row][vc_column][vc_column_text] Syst\u00e8mes d&rsquo;amarrage : Mod\u00e8les 5,30 \u2013 6,30 \u2013 7,30 \u2013 8,30 \u2013 10,30 m &nbsp; Il existe diff\u00e9rents types de syst\u00e8mes d&rsquo;amarrage, les plus utilis\u00e9s sont les finger\u00a0ou les minifinger. [\/vc_column_text][\/vc_column][\/vc_row][vc_row css=\u00a0\u00bb.vc_custom_1653641202914{padding-top: 0px !important;padding-bottom: 0px !important;}\u00a0\u00bb][vc_column][vc_btn title=\u00a0\u00bbInformations requises\u00a0\u00bb style=\u00a0\u00bbclassic\u00a0\u00bb shape=\u00a0\u00bbsquare\u00a0\u00bb color=\u00a0\u00bbblue\u00a0\u00bb align=\u00a0\u00bbcenter\u00a0\u00bb link=\u00a0\u00bburl:%23info\u00a0\u00bb][\/vc_column][\/vc_row][vc_row equal_height=\u00a0\u00bbyes\u00a0\u00bb][vc_column width=\u00a0\u00bb1\/3&Prime;][vc_row_inner equal_height=\u00a0\u00bbyes\u00a0\u00bb][vc_column_inner][vc_single_image image=\u00a0\u00bb952&Prime; img_size=\u00a0\u00bbfull\u00a0\u00bb][vc_column_text]Ces &hellip; Bras oscillants Lire la suite\u00a0\u00bb","og_url":"https:\/\/www.interbox.ch\/marinas\/fr\/finger\/","og_site_name":"Interbox Marinas","article_modified_time":"2024-05-16T09:41:38+00:00","og_image":[{"width":800,"height":693,"url":"https:\/\/www.interbox.ch\/marinas\/wp-content\/uploads\/2022\/05\/fingers.png","type":"image\/png"}],"author":"immagine23","twitter_card":"summary_large_image","twitter_misc":{"Dur\u00e9e de lecture estim\u00e9e":"6 minutes"},"schema":{"@context":"https:\/\/schema.org","@graph":[{"@type":"WebSite","@id":"https:\/\/www.interbox.ch\/marinas\/fr\/#website","url":"https:\/\/www.interbox.ch\/marinas\/fr\/","name":"Interbox Marinas","description":"Divisione Marinas","potentialAction":[{"@type":"SearchAction","target":{"@type":"EntryPoint","urlTemplate":"https:\/\/www.interbox.ch\/marinas\/fr\/?s={search_term_string}"},"query-input":"required name=search_term_string"}],"inLanguage":"fr-FR"},{"@type":"ImageObject","inLanguage":"fr-FR","@id":"https:\/\/www.interbox.ch\/marinas\/fr\/finger\/#primaryimage","url":"https:\/\/www.interbox.ch\/marinas\/wp-content\/uploads\/2022\/05\/fingers.png","contentUrl":"https:\/\/www.interbox.ch\/marinas\/wp-content\/uploads\/2022\/05\/fingers.png","width":800,"height":693},{"@type":"WebPage","@id":"https:\/\/www.interbox.ch\/marinas\/fr\/finger\/#webpage","url":"https:\/\/www.interbox.ch\/marinas\/fr\/finger\/","name":"Bras oscillants - Interbox Marinas","isPartOf":{"@id":"https:\/\/www.interbox.ch\/marinas\/fr\/#website"},"primaryImageOfPage":{"@id":"https:\/\/www.interbox.ch\/marinas\/fr\/finger\/#primaryimage"},"datePublished":"2023-07-10T08:02:40+00:00","dateModified":"2024-05-16T09:41:38+00:00","breadcrumb":{"@id":"https:\/\/www.interbox.ch\/marinas\/fr\/finger\/#breadcrumb"},"inLanguage":"fr-FR","potentialAction":[{"@type":"ReadAction","target":["https:\/\/www.interbox.ch\/marinas\/fr\/finger\/"]}]},{"@type":"BreadcrumbList","@id":"https:\/\/www.interbox.ch\/marinas\/fr\/finger\/#breadcrumb","itemListElement":[{"@type":"ListItem","position":1,"name":"Home","item":"https:\/\/www.interbox.ch\/marinas\/fr\/"},{"@type":"ListItem","position":2,"name":"Bras oscillants"}]}]}},"_links":{"self":[{"href":"https:\/\/www.interbox.ch\/marinas\/fr\/wp-json\/wp\/v2\/pages\/2334","targetHints":{"allow":["GET"]}}],"collection":[{"href":"https:\/\/www.interbox.ch\/marinas\/fr\/wp-json\/wp\/v2\/pages"}],"about":[{"href":"https:\/\/www.interbox.ch\/marinas\/fr\/wp-json\/wp\/v2\/types\/page"}],"author":[{"embeddable":true,"href":"https:\/\/www.interbox.ch\/marinas\/fr\/wp-json\/wp\/v2\/users\/1"}],"replies":[{"embeddable":true,"href":"https:\/\/www.interbox.ch\/marinas\/fr\/wp-json\/wp\/v2\/comments?post=2334"}],"version-history":[{"count":7,"href":"https:\/\/www.interbox.ch\/marinas\/fr\/wp-json\/wp\/v2\/pages\/2334\/revisions"}],"predecessor-version":[{"id":2783,"href":"https:\/\/www.interbox.ch\/marinas\/fr\/wp-json\/wp\/v2\/pages\/2334\/revisions\/2783"}],"wp:featuredmedia":[{"embeddable":true,"href":"https:\/\/www.interbox.ch\/marinas\/fr\/wp-json\/wp\/v2\/media\/1798"}],"wp:attachment":[{"href":"https:\/\/www.interbox.ch\/marinas\/fr\/wp-json\/wp\/v2\/media?parent=2334"}],"curies":[{"name":"wp","href":"https:\/\/api.w.org\/{rel}","templated":true}]}}