{"id":2331,"date":"2023-07-10T09:52:40","date_gmt":"2023-07-10T07:52:40","guid":{"rendered":"https:\/\/www.interbox.ch\/marinas\/?page_id=2331"},"modified":"2023-10-03T11:55:29","modified_gmt":"2023-10-03T09:55:29","slug":"pontili-strong","status":"publish","type":"page","link":"https:\/\/www.interbox.ch\/marinas\/fr\/pontili-galleggianti\/pontili-strong\/","title":{"rendered":"<i>Pontons<\/i> strong"},"content":{"rendered":"<p>[vc_row full_width=\u00a0\u00bbstretch_row\u00a0\u00bb el_class=\u00a0\u00bbtitolo bgBlue\u00a0\u00bb][vc_column][vc_column_text]<\/p>\n<h6>PONTONS<\/h6>\n<h2>STRONG<\/h2>\n<p>[\/vc_column_text][\/vc_column][\/vc_row][vc_row][vc_column][vc_column_text]<\/p>\n<p style=\"text-align: center;\">Les pontons Strong sont une s\u00e9rie qui se caract\u00e9rise par son <strong>extr\u00eame robustesse <\/strong>, express\u00e9ment con\u00e7ue par Interbox Marinas pour l&rsquo;amarrage des bateaux.<br \/>\nEn fait, chaque dispositif constructif a \u00e9t\u00e9 \u00e9tudi\u00e9 pour garantir une \u00e9tanch\u00e9it\u00e9, une s\u00e9curit\u00e9 et une fiabilit\u00e9 maximales, m\u00eame dans les situations m\u00e9t\u00e9orologiques et maritimes les plus complexes.<\/p>\n<p>[\/vc_column_text][vc_single_image image=\u00a0\u00bb654&Prime; img_size=\u00a0\u00bbfull\u00a0\u00bb alignment=\u00a0\u00bbcenter\u00a0\u00bb][\/vc_column][\/vc_row][vc_row css=\u00a0\u00bb.vc_custom_1653641202914{padding-top: 0px !important;padding-bottom: 0px !important;}\u00a0\u00bb][vc_column][vc_btn title=\u00a0\u00bbInformations requises\u00a0\u00bb style=\u00a0\u00bbclassic\u00a0\u00bb shape=\u00a0\u00bbsquare\u00a0\u00bb color=\u00a0\u00bbblue\u00a0\u00bb align=\u00a0\u00bbcenter\u00a0\u00bb link=\u00a0\u00bburl:%23info\u00a0\u00bb][\/vc_column][\/vc_row][vc_row][vc_column][vc_column_text]<\/p>\n<h4 style=\"text-align: center;\">Pontons Strong 320, Strong 270, Strong 240 : gage de tranquillit\u00e9<\/h4>\n<p style=\"text-align: center;\">les modules flottants Interbox Marinas sont fabriqu\u00e9s conform\u00e9ment aux normes en vigueur et aux dispositions <strong>PIANC<\/strong> sur les structures portuaires de plaisance.<br \/>\nLes pontons Interbox Marinas\u00a0sont con\u00e7us avec la pr\u00e9disposition pour l&rsquo;installation de colonnes de service (\u00e9lectricit\u00e9 ou eau) en HDPE ou en acier inoxydable.<\/p>\n<p>[\/vc_column_text][vc_empty_space][\/vc_column][\/vc_row][vc_row full_width=\u00a0\u00bbstretch_row_content\u00a0\u00bb equal_height=\u00a0\u00bbyes\u00a0\u00bb content_placement=\u00a0\u00bbmiddle\u00a0\u00bb el_class=\u00a0\u00bbbgBlue fullImg\u00a0\u00bb css=\u00a0\u00bb.vc_custom_1653641668298{padding-top: 0px !important;padding-right: 0px !important;padding-bottom: 0px !important;padding-left: 0px !important;}\u00a0\u00bb][vc_column width=\u00a0\u00bb1\/12&Prime;][\/vc_column][vc_column width=\u00a0\u00bb4\/12&Prime; el_class=\u00a0\u00bbcol-md-4 col-md-push-8&Prime;][vc_column_text]La structure portante est compos\u00e9e de poutres courantes en profil IPE 240, d&rsquo;extr\u00e9mit\u00e9s en UNP 240, de traverses et de diagonales de raidissement.<\/p>\n<p>Chaque cadre est \u00e9quip\u00e9 d&rsquo; isto di <strong>anneaux d&rsquo;ancrage<\/strong> en acier massif rond \u00d8 35 mm, tous convenablement prot\u00e9g\u00e9s contre la corrosion marine au moyen d&rsquo;une galvanisation \u00e0 chaud conform\u00e9ment \u00e0 la norme EN ISO 1461.[\/vc_column_text][\/vc_column][vc_column width=\u00a0\u00bb1\/12&Prime;][\/vc_column][vc_column width=\u00a0\u00bb1\/2&Prime; el_class=\u00a0\u00bbcol-md-2 col-md-pull-6&Prime; css=\u00a0\u00bb.vc_custom_1653641753086{padding-top: 0px !important;padding-right: 0px !important;padding-bottom: 0px !important;padding-left: 0px !important;}\u00a0\u00bb][vc_single_image image=\u00a0\u00bb672&Prime; img_size=\u00a0\u00bbfull\u00a0\u00bb alignment=\u00a0\u00bbcenter\u00a0\u00bb css=\u00a0\u00bb.vc_custom_1668605890467{margin-top: 0px !important;margin-right: 0px !important;margin-bottom: 0px !important;margin-left: 0px !important;padding-top: 0px !important;padding-right: 0px !important;padding-bottom: 0px !important;padding-left: 0px !important;}\u00a0\u00bb][\/vc_column][\/vc_row][vc_row full_width=\u00a0\u00bbstretch_row_content\u00a0\u00bb equal_height=\u00a0\u00bbyes\u00a0\u00bb content_placement=\u00a0\u00bbmiddle\u00a0\u00bb el_class=\u00a0\u00bbbgBlue fullImg\u00a0\u00bb css=\u00a0\u00bb.vc_custom_1653641681481{padding-top: 0px !important;padding-right: 0px !important;padding-bottom: 0px !important;padding-left: 0px !important;}\u00a0\u00bb][vc_column width=\u00a0\u00bb1\/12&Prime;][\/vc_column][vc_column width=\u00a0\u00bb4\/12&Prime; el_class=\u00a0\u00bbvc_col-sm-push-6&Prime;][vc_column_text]Les \u00e9l\u00e9ments flottants en r\u00e9sine polyol\u00e9fine garantissent la flottabilit\u00e9 et les modules flottants sont \u00e9quip\u00e9s d&rsquo;une double rang\u00e9e de pare-battages sur les longs c\u00f4t\u00e9s en r\u00e9sines polyol\u00e9fines antichocs noires pour ne pas salir les flancs des bateaux.[\/vc_column_text][vc_column_text]Des genouill\u00e8res en acier avec une charge de rupture de 790 kN (80 tonnes ) servent d&rsquo;\u00e9l\u00e9ment de liaison entre les modules flottants.[\/vc_column_text][\/vc_column][vc_column width=\u00a0\u00bb1\/12&Prime;][\/vc_column][vc_column width=\u00a0\u00bb1\/2&Prime; el_class=\u00a0\u00bbvc_col-sm-pull-6&Prime; css=\u00a0\u00bb.vc_custom_1653641760061{padding: 0px !important;}\u00a0\u00bb][vc_single_image image=\u00a0\u00bb673&Prime; img_size=\u00a0\u00bbfull\u00a0\u00bb alignment=\u00a0\u00bbcenter\u00a0\u00bb css=\u00a0\u00bb.vc_custom_1668605905800{margin-top: 0px !important;margin-right: 0px !important;margin-bottom: 0px !important;margin-left: 0px !important;padding-top: 0px !important;padding-right: 0px !important;padding-bottom: 0px !important;padding-left: 0px !important;}\u00a0\u00bb][\/vc_column][\/vc_row][vc_row full_width=\u00a0\u00bbstretch_row_content\u00a0\u00bb equal_height=\u00a0\u00bbyes\u00a0\u00bb content_placement=\u00a0\u00bbmiddle\u00a0\u00bb el_class=\u00a0\u00bbbgBlue fullImg\u00a0\u00bb css=\u00a0\u00bb.vc_custom_1653641694513{padding-top: 0px !important;padding-right: 0px !important;padding-bottom: 0px !important;padding-left: 0px !important;}\u00a0\u00bb][vc_column width=\u00a0\u00bb1\/12&Prime;][\/vc_column][vc_column width=\u00a0\u00bb4\/12&Prime; el_class=\u00a0\u00bbcol-md-4 col-md-push-8&Prime;][vc_column_text]Chaque module est \u00e9quip\u00e9 d&rsquo; <strong>anneaux d&rsquo;amarrage <\/strong>appropri\u00e9s en acier embouti \u00e0 chaud obtenus en une seule pi\u00e8ce sans joints de soudure pour offrir le maximum de garantie et d&rsquo;uniformit\u00e9 de production, galvanis\u00e9s \u00e0 chaud et fix\u00e9s au cadre du module flottant \u00e0 l&rsquo;aide de 2 boulons M10.<br \/>\n[\/vc_column_text][\/vc_column][vc_column width=\u00a0\u00bb1\/12&Prime;][\/vc_column][vc_column width=\u00a0\u00bb1\/2&Prime; el_class=\u00a0\u00bbcol-md-2 col-md-pull-6&Prime; css=\u00a0\u00bb.vc_custom_1653641767393{padding: 0px !important;}\u00a0\u00bb][vc_single_image image=\u00a0\u00bb674&Prime; img_size=\u00a0\u00bbfull\u00a0\u00bb alignment=\u00a0\u00bbcenter\u00a0\u00bb css=\u00a0\u00bb.vc_custom_1668605917832{margin-top: 0px !important;margin-right: 0px !important;margin-bottom: 0px !important;margin-left: 0px !important;padding-top: 0px !important;padding-right: 0px !important;padding-bottom: 0px !important;padding-left: 0px !important;}\u00a0\u00bb][\/vc_column][\/vc_row][vc_row full_width=\u00a0\u00bbstretch_row_content\u00a0\u00bb equal_height=\u00a0\u00bbyes\u00a0\u00bb content_placement=\u00a0\u00bbmiddle\u00a0\u00bb el_class=\u00a0\u00bbbgBlue fullImg\u00a0\u00bb css=\u00a0\u00bb.vc_custom_1653641700281{padding-top: 0px !important;padding-right: 0px !important;padding-bottom: 0px !important;padding-left: 0px !important;}\u00a0\u00bb][vc_column width=\u00a0\u00bb1\/12&Prime;][\/vc_column][vc_column width=\u00a0\u00bb4\/12&Prime; el_class=\u00a0\u00bbvc_col-sm-push-6&Prime;][vc_column_text]La surface de marche est faite de <strong> lattes en r\u00e9sine<\/strong> soutenues par des poutres en alliage d&rsquo;aluminium.<br \/>\nIl est tr\u00e8s simple de d\u00e9monter et de remonter les lames pour acc\u00e9der et inspecter l&rsquo;ing\u00e9nierie sous-jacente de l&rsquo;installation pour v\u00e9rifier son bon fonctionnement.[\/vc_column_text][\/vc_column][vc_column width=\u00a0\u00bb1\/12&Prime;][\/vc_column][vc_column width=\u00a0\u00bb1\/2&Prime; el_class=\u00a0\u00bbvc_col-sm-pull-6&Prime; css=\u00a0\u00bb.vc_custom_1653641776829{padding: 0px !important;}\u00a0\u00bb][vc_single_image image=\u00a0\u00bb676&Prime; img_size=\u00a0\u00bbfull\u00a0\u00bb alignment=\u00a0\u00bbcenter\u00a0\u00bb css=\u00a0\u00bb.vc_custom_1668605932349{margin-top: 0px !important;margin-right: 0px !important;margin-bottom: 0px !important;margin-left: 0px !important;padding-top: 0px !important;padding-right: 0px !important;padding-bottom: 0px !important;padding-left: 0px !important;}\u00a0\u00bb][\/vc_column][\/vc_row][vc_row css=\u00a0\u00bb.vc_custom_1652097546615{margin-bottom: 0px !important;padding-bottom: 0px !important;}\u00a0\u00bb][vc_column][vc_column_text]<\/p>\n<h4 style=\"text-align: center;\">CARACT\u00c9RISTIQUES TECHNIQUES<\/h4>\n<p>[\/vc_column_text][\/vc_column][\/vc_row][vc_row equal_height=\u00a0\u00bbyes\u00a0\u00bb content_placement=\u00a0\u00bbmiddle\u00a0\u00bb][vc_column width=\u00a0\u00bb1\/3&Prime; el_class=\u00a0\u00bbbgBlue\u00a0\u00bb][vc_row_inner][vc_column_inner][vc_column_text]<\/p>\n<p style=\"text-align: center;\"><strong>Strong 320<\/strong><\/p>\n<p>[\/vc_column_text][vc_single_image image=\u00a0\u00bb200&Prime; img_size=\u00a0\u00bbfull\u00a0\u00bb alignment=\u00a0\u00bbcenter\u00a0\u00bb][vc_empty_space height=\u00a0\u00bb15px\u00a0\u00bb][vc_btn title=\u00a0\u00bbFiche technique\u00a0\u00bb style=\u00a0\u00bbclassic\u00a0\u00bb shape=\u00a0\u00bbsquare\u00a0\u00bb color=\u00a0\u00bbblue\u00a0\u00bb align=\u00a0\u00bbcenter\u00a0\u00bb link=\u00a0\u00bburl:https%3A%2F%2Fwww.interbox.ch%2Fmarinas%2Fwp-content%2Fuploads%2F2022%2F03%2FStrong320ITA.pdf|target:_blank\u00a0\u00bb][\/vc_column_inner][\/vc_row_inner][\/vc_column][vc_column width=\u00a0\u00bb1\/3&Prime;][vc_row_inner][vc_column_inner][vc_column_text]<\/p>\n<p style=\"text-align: center;\"><strong>Strong 270 <\/strong><\/p>\n<p>[\/vc_column_text][vc_single_image image=\u00a0\u00bb201&Prime; img_size=\u00a0\u00bbfull\u00a0\u00bb alignment=\u00a0\u00bbcenter\u00a0\u00bb][vc_empty_space height=\u00a0\u00bb15px\u00a0\u00bb][vc_btn title=\u00a0\u00bbFiche technique\u00a0\u00bb style=\u00a0\u00bbclassic\u00a0\u00bb shape=\u00a0\u00bbsquare\u00a0\u00bb color=\u00a0\u00bbblue\u00a0\u00bb align=\u00a0\u00bbcenter\u00a0\u00bb link=\u00a0\u00bburl:https%3A%2F%2Fwww.interbox.ch%2Fmarinas%2Fwp-content%2Fuploads%2F2022%2F03%2FStrong270ITA.pdf\u00a0\u00bb][\/vc_column_inner][\/vc_row_inner][\/vc_column][vc_column width=\u00a0\u00bb1\/3&Prime; el_class=\u00a0\u00bbbgBlue\u00a0\u00bb][vc_row_inner][vc_column_inner][vc_column_text]<\/p>\n<p style=\"text-align: center;\"><strong>Strong 240 <\/strong><\/p>\n<p>[\/vc_column_text][vc_single_image image=\u00a0\u00bb202&Prime; img_size=\u00a0\u00bbfull\u00a0\u00bb alignment=\u00a0\u00bbcenter\u00a0\u00bb][vc_empty_space height=\u00a0\u00bb15px\u00a0\u00bb][vc_btn title=\u00a0\u00bbFiche technique\u00a0\u00bb style=\u00a0\u00bbclassic\u00a0\u00bb shape=\u00a0\u00bbsquare\u00a0\u00bb color=\u00a0\u00bbblue\u00a0\u00bb align=\u00a0\u00bbcenter\u00a0\u00bb link=\u00a0\u00bburl:https%3A%2F%2Fwww.interbox.ch%2Fmarinas%2Fwp-content%2Fuploads%2F2022%2F03%2FStrong240ITA.pdf\u00a0\u00bb][\/vc_column_inner][\/vc_row_inner][\/vc_column][\/vc_row]<\/p>\n","protected":false},"excerpt":{"rendered":"<p>Una serie di pontili che si caratterizzano per l\u2019estrema robustezza, espressamente progettati da Interbox Marinas per l\u2019ormeggio d\u2019imbarcazioni.<\/p>\n","protected":false},"author":1,"featured_media":1581,"parent":2318,"menu_order":0,"comment_status":"closed","ping_status":"closed","template":"","meta":{"site-sidebar-layout":"no-sidebar","site-content-layout":"plain-container","ast-main-header-display":"","ast-hfb-above-header-display":"","ast-hfb-below-header-display":"","ast-hfb-mobile-header-display":"","site-post-title":"disabled","ast-breadcrumbs-content":"","ast-featured-img":"disabled","footer-sml-layout":"","theme-transparent-header-meta":"default","adv-header-id-meta":"","stick-header-meta":"","header-above-stick-meta":"","header-main-stick-meta":"","header-below-stick-meta":"","footnotes":""},"class_list":["post-2331","page","type-page","status-publish","has-post-thumbnail","hentry"],"yoast_head":"<!-- This site is optimized with the Yoast SEO plugin v19.2 - https:\/\/yoast.com\/wordpress\/plugins\/seo\/ -->\n<title>Pontons strong - Interbox Marinas<\/title>\n<meta name=\"robots\" content=\"index, follow, max-snippet:-1, max-image-preview:large, max-video-preview:-1\" \/>\n<link rel=\"canonical\" href=\"https:\/\/www.interbox.ch\/marinas\/fr\/pontili-galleggianti\/pontili-strong\/\" \/>\n<meta property=\"og:locale\" content=\"fr_FR\" \/>\n<meta property=\"og:type\" content=\"article\" \/>\n<meta property=\"og:title\" content=\"Pontons strong - Interbox Marinas\" \/>\n<meta property=\"og:description\" content=\"Una serie di pontili che si caratterizzano per l\u2019estrema robustezza, espressamente progettati da Interbox Marinas per l\u2019ormeggio d\u2019imbarcazioni.\" \/>\n<meta property=\"og:url\" content=\"https:\/\/www.interbox.ch\/marinas\/fr\/pontili-galleggianti\/pontili-strong\/\" \/>\n<meta property=\"og:site_name\" content=\"Interbox Marinas\" \/>\n<meta property=\"article:modified_time\" content=\"2023-10-03T09:55:29+00:00\" \/>\n<meta property=\"og:image\" content=\"https:\/\/www.interbox.ch\/marinas\/wp-content\/uploads\/2022\/03\/martStrong_1.jpg\" \/>\n\t<meta property=\"og:image:width\" content=\"1024\" \/>\n\t<meta property=\"og:image:height\" content=\"399\" \/>\n\t<meta property=\"og:image:type\" content=\"image\/jpeg\" \/>\n<meta name=\"author\" content=\"immagine23\" \/>\n<meta name=\"twitter:card\" content=\"summary_large_image\" \/>\n<meta name=\"twitter:label1\" content=\"Dur\u00e9e de lecture estim\u00e9e\" \/>\n\t<meta name=\"twitter:data1\" content=\"6 minutes\" \/>\n<script type=\"application\/ld+json\" class=\"yoast-schema-graph\">{\"@context\":\"https:\/\/schema.org\",\"@graph\":[{\"@type\":\"WebSite\",\"@id\":\"https:\/\/www.interbox.ch\/marinas\/fr\/#website\",\"url\":\"https:\/\/www.interbox.ch\/marinas\/fr\/\",\"name\":\"Interbox Marinas\",\"description\":\"Divisione Marinas\",\"potentialAction\":[{\"@type\":\"SearchAction\",\"target\":{\"@type\":\"EntryPoint\",\"urlTemplate\":\"https:\/\/www.interbox.ch\/marinas\/fr\/?s={search_term_string}\"},\"query-input\":\"required name=search_term_string\"}],\"inLanguage\":\"fr-FR\"},{\"@type\":\"ImageObject\",\"inLanguage\":\"fr-FR\",\"@id\":\"https:\/\/www.interbox.ch\/marinas\/fr\/pontili-galleggianti\/pontili-strong\/#primaryimage\",\"url\":\"https:\/\/www.interbox.ch\/marinas\/wp-content\/uploads\/2022\/03\/martStrong_1.jpg\",\"contentUrl\":\"https:\/\/www.interbox.ch\/marinas\/wp-content\/uploads\/2022\/03\/martStrong_1.jpg\",\"width\":1024,\"height\":399},{\"@type\":\"WebPage\",\"@id\":\"https:\/\/www.interbox.ch\/marinas\/fr\/pontili-galleggianti\/pontili-strong\/#webpage\",\"url\":\"https:\/\/www.interbox.ch\/marinas\/fr\/pontili-galleggianti\/pontili-strong\/\",\"name\":\"Pontons strong - Interbox Marinas\",\"isPartOf\":{\"@id\":\"https:\/\/www.interbox.ch\/marinas\/fr\/#website\"},\"primaryImageOfPage\":{\"@id\":\"https:\/\/www.interbox.ch\/marinas\/fr\/pontili-galleggianti\/pontili-strong\/#primaryimage\"},\"datePublished\":\"2023-07-10T07:52:40+00:00\",\"dateModified\":\"2023-10-03T09:55:29+00:00\",\"breadcrumb\":{\"@id\":\"https:\/\/www.interbox.ch\/marinas\/fr\/pontili-galleggianti\/pontili-strong\/#breadcrumb\"},\"inLanguage\":\"fr-FR\",\"potentialAction\":[{\"@type\":\"ReadAction\",\"target\":[\"https:\/\/www.interbox.ch\/marinas\/fr\/pontili-galleggianti\/pontili-strong\/\"]}]},{\"@type\":\"BreadcrumbList\",\"@id\":\"https:\/\/www.interbox.ch\/marinas\/fr\/pontili-galleggianti\/pontili-strong\/#breadcrumb\",\"itemListElement\":[{\"@type\":\"ListItem\",\"position\":1,\"name\":\"Home\",\"item\":\"https:\/\/www.interbox.ch\/marinas\/fr\/\"},{\"@type\":\"ListItem\",\"position\":2,\"name\":\"Pontons flottants\",\"item\":\"https:\/\/www.interbox.ch\/marinas\/fr\/pontili-galleggianti\/\"},{\"@type\":\"ListItem\",\"position\":3,\"name\":\"Pontons strong\"}]}]}<\/script>\n<!-- \/ Yoast SEO plugin. -->","yoast_head_json":{"title":"Pontons strong - Interbox Marinas","robots":{"index":"index","follow":"follow","max-snippet":"max-snippet:-1","max-image-preview":"max-image-preview:large","max-video-preview":"max-video-preview:-1"},"canonical":"https:\/\/www.interbox.ch\/marinas\/fr\/pontili-galleggianti\/pontili-strong\/","og_locale":"fr_FR","og_type":"article","og_title":"Pontons strong - Interbox Marinas","og_description":"Una serie di pontili che si caratterizzano per l\u2019estrema robustezza, espressamente progettati da Interbox Marinas per l\u2019ormeggio d\u2019imbarcazioni.","og_url":"https:\/\/www.interbox.ch\/marinas\/fr\/pontili-galleggianti\/pontili-strong\/","og_site_name":"Interbox Marinas","article_modified_time":"2023-10-03T09:55:29+00:00","og_image":[{"width":1024,"height":399,"url":"https:\/\/www.interbox.ch\/marinas\/wp-content\/uploads\/2022\/03\/martStrong_1.jpg","type":"image\/jpeg"}],"author":"immagine23","twitter_card":"summary_large_image","twitter_misc":{"Dur\u00e9e de lecture estim\u00e9e":"6 minutes"},"schema":{"@context":"https:\/\/schema.org","@graph":[{"@type":"WebSite","@id":"https:\/\/www.interbox.ch\/marinas\/fr\/#website","url":"https:\/\/www.interbox.ch\/marinas\/fr\/","name":"Interbox Marinas","description":"Divisione Marinas","potentialAction":[{"@type":"SearchAction","target":{"@type":"EntryPoint","urlTemplate":"https:\/\/www.interbox.ch\/marinas\/fr\/?s={search_term_string}"},"query-input":"required name=search_term_string"}],"inLanguage":"fr-FR"},{"@type":"ImageObject","inLanguage":"fr-FR","@id":"https:\/\/www.interbox.ch\/marinas\/fr\/pontili-galleggianti\/pontili-strong\/#primaryimage","url":"https:\/\/www.interbox.ch\/marinas\/wp-content\/uploads\/2022\/03\/martStrong_1.jpg","contentUrl":"https:\/\/www.interbox.ch\/marinas\/wp-content\/uploads\/2022\/03\/martStrong_1.jpg","width":1024,"height":399},{"@type":"WebPage","@id":"https:\/\/www.interbox.ch\/marinas\/fr\/pontili-galleggianti\/pontili-strong\/#webpage","url":"https:\/\/www.interbox.ch\/marinas\/fr\/pontili-galleggianti\/pontili-strong\/","name":"Pontons strong - Interbox Marinas","isPartOf":{"@id":"https:\/\/www.interbox.ch\/marinas\/fr\/#website"},"primaryImageOfPage":{"@id":"https:\/\/www.interbox.ch\/marinas\/fr\/pontili-galleggianti\/pontili-strong\/#primaryimage"},"datePublished":"2023-07-10T07:52:40+00:00","dateModified":"2023-10-03T09:55:29+00:00","breadcrumb":{"@id":"https:\/\/www.interbox.ch\/marinas\/fr\/pontili-galleggianti\/pontili-strong\/#breadcrumb"},"inLanguage":"fr-FR","potentialAction":[{"@type":"ReadAction","target":["https:\/\/www.interbox.ch\/marinas\/fr\/pontili-galleggianti\/pontili-strong\/"]}]},{"@type":"BreadcrumbList","@id":"https:\/\/www.interbox.ch\/marinas\/fr\/pontili-galleggianti\/pontili-strong\/#breadcrumb","itemListElement":[{"@type":"ListItem","position":1,"name":"Home","item":"https:\/\/www.interbox.ch\/marinas\/fr\/"},{"@type":"ListItem","position":2,"name":"Pontons flottants","item":"https:\/\/www.interbox.ch\/marinas\/fr\/pontili-galleggianti\/"},{"@type":"ListItem","position":3,"name":"Pontons strong"}]}]}},"_links":{"self":[{"href":"https:\/\/www.interbox.ch\/marinas\/fr\/wp-json\/wp\/v2\/pages\/2331","targetHints":{"allow":["GET"]}}],"collection":[{"href":"https:\/\/www.interbox.ch\/marinas\/fr\/wp-json\/wp\/v2\/pages"}],"about":[{"href":"https:\/\/www.interbox.ch\/marinas\/fr\/wp-json\/wp\/v2\/types\/page"}],"author":[{"embeddable":true,"href":"https:\/\/www.interbox.ch\/marinas\/fr\/wp-json\/wp\/v2\/users\/1"}],"replies":[{"embeddable":true,"href":"https:\/\/www.interbox.ch\/marinas\/fr\/wp-json\/wp\/v2\/comments?post=2331"}],"version-history":[{"count":6,"href":"https:\/\/www.interbox.ch\/marinas\/fr\/wp-json\/wp\/v2\/pages\/2331\/revisions"}],"predecessor-version":[{"id":2465,"href":"https:\/\/www.interbox.ch\/marinas\/fr\/wp-json\/wp\/v2\/pages\/2331\/revisions\/2465"}],"up":[{"embeddable":true,"href":"https:\/\/www.interbox.ch\/marinas\/fr\/wp-json\/wp\/v2\/pages\/2318"}],"wp:featuredmedia":[{"embeddable":true,"href":"https:\/\/www.interbox.ch\/marinas\/fr\/wp-json\/wp\/v2\/media\/1581"}],"wp:attachment":[{"href":"https:\/\/www.interbox.ch\/marinas\/fr\/wp-json\/wp\/v2\/media?parent=2331"}],"curies":[{"name":"wp","href":"https:\/\/api.w.org\/{rel}","templated":true}]}}