{"id":2324,"date":"2023-07-10T09:37:38","date_gmt":"2023-07-10T07:37:38","guid":{"rendered":"https:\/\/www.interbox.ch\/marinas\/?page_id=2324"},"modified":"2023-10-03T12:05:24","modified_gmt":"2023-10-03T10:05:24","slug":"pontilieasy","status":"publish","type":"page","link":"https:\/\/www.interbox.ch\/marinas\/fr\/pontili-galleggianti\/pontilieasy\/","title":{"rendered":"<i>Pontos<\/i> easy"},"content":{"rendered":"<p>[vc_row full_width=\u00a0\u00bbstretch_row\u00a0\u00bb el_class=\u00a0\u00bbtitolo bgBlue\u00a0\u00bb][vc_column][vc_column_text]<\/p>\n<h6>PONTONS<\/h6>\n<h2>EASY<\/h2>\n<p>[\/vc_column_text][\/vc_column][\/vc_row][vc_row][vc_column][vc_column_text]<\/p>\n<p style=\"text-align: center;\">La situation id\u00e9ale pour des solutions Easy \u00e0 tous points de vue. Un type de quais flottants d\u00e9velopp\u00e9 pour combiner des performances fiables, une simplicit\u00e9 d&rsquo;application et d&rsquo;utilisation \u00e0 un investissement plus qu&rsquo;abordable.<\/p>\n<p>[\/vc_column_text][vc_single_image image=\u00a0\u00bb695&Prime; img_size=\u00a0\u00bbfull\u00a0\u00bb alignment=\u00a0\u00bbcenter\u00a0\u00bb][\/vc_column][\/vc_row][vc_row css=\u00a0\u00bb.vc_custom_1653641202914{padding-top: 0px !important;padding-bottom: 0px !important;}\u00a0\u00bb][vc_column][vc_btn title=\u00a0\u00bbInformations requises\u00a0\u00bb style=\u00a0\u00bbclassic\u00a0\u00bb shape=\u00a0\u00bbsquare\u00a0\u00bb color=\u00a0\u00bbblue\u00a0\u00bb align=\u00a0\u00bbcenter\u00a0\u00bb link=\u00a0\u00bburl:%23info\u00a0\u00bb][\/vc_column][\/vc_row][vc_row][vc_column][vc_column_text]<\/p>\n<h4 style=\"text-align: center;\">Easy 220, Easy 170 : qualit\u00e9 et r\u00e9sistance<\/h4>\n<p style=\"text-align: center;\">les pontons Interbox Marinas sont conformes aux normes internationales en vigueur et aux dispositions de l&rsquo;AIPCN sur les structures portuaires de plaisance.<\/p>\n<p>[\/vc_column_text][vc_empty_space][\/vc_column][\/vc_row][vc_row full_width=\u00a0\u00bbstretch_row_content\u00a0\u00bb equal_height=\u00a0\u00bbyes\u00a0\u00bb content_placement=\u00a0\u00bbmiddle\u00a0\u00bb el_class=\u00a0\u00bbbgBlue fullImg\u00a0\u00bb css=\u00a0\u00bb.vc_custom_1653641668298{padding-top: 0px !important;padding-right: 0px !important;padding-bottom: 0px !important;padding-left: 0px !important;}\u00a0\u00bb][vc_column width=\u00a0\u00bb1\/12&Prime;][\/vc_column][vc_column width=\u00a0\u00bb4\/12&Prime; el_class=\u00a0\u00bbcol-md-4 col-md-push-8&Prime;][vc_column_text]Les structures flottantes sont r\u00e9alis\u00e9es avec un cadre en profil\u00e9 IPE 160 galvanis\u00e9 \u00e0 chaud selon la norme EN ISO 1461 avec des anneaux d&rsquo;ancrage en tige d&rsquo;acier massif \u00d8 25 mm.[\/vc_column_text][\/vc_column][vc_column width=\u00a0\u00bb1\/12&Prime;][\/vc_column][vc_column width=\u00a0\u00bb1\/2&Prime; el_class=\u00a0\u00bbcol-md-2 col-md-pull-6&Prime; css=\u00a0\u00bb.vc_custom_1653641753086{padding-top: 0px !important;padding-right: 0px !important;padding-bottom: 0px !important;padding-left: 0px !important;}\u00a0\u00bb][vc_single_image image=\u00a0\u00bb697&Prime; img_size=\u00a0\u00bbfull\u00a0\u00bb alignment=\u00a0\u00bbcenter\u00a0\u00bb css=\u00a0\u00bb.vc_custom_1668606277362{margin-top: 0px !important;margin-right: 0px !important;margin-bottom: 0px !important;margin-left: 0px !important;padding-top: 0px !important;padding-right: 0px !important;padding-bottom: 0px !important;padding-left: 0px !important;}\u00a0\u00bb][\/vc_column][\/vc_row][vc_row full_width=\u00a0\u00bbstretch_row_content\u00a0\u00bb equal_height=\u00a0\u00bbyes\u00a0\u00bb content_placement=\u00a0\u00bbmiddle\u00a0\u00bb el_class=\u00a0\u00bbbgBlue fullImg\u00a0\u00bb css=\u00a0\u00bb.vc_custom_1653641681481{padding-top: 0px !important;padding-right: 0px !important;padding-bottom: 0px !important;padding-left: 0px !important;}\u00a0\u00bb][vc_column width=\u00a0\u00bb1\/12&Prime;][\/vc_column][vc_column width=\u00a0\u00bb4\/12&Prime; el_class=\u00a0\u00bbvc_col-sm-push-6&Prime;][vc_column_text]Les pontons du mod\u00e8le Easy ont des anneaux d&rsquo;amarrage en acier embouti \u00e0 chaud soud\u00e9s au cadre \u00e0 l&rsquo;aide de boulons. Pr\u00e9par\u00e9 pour l&rsquo;installation de syst\u00e8mes d&rsquo;eau et d&rsquo;\u00e9lectricit\u00e9, facile d&rsquo;acc\u00e8s gr\u00e2ce \u00e0 un <strong>syst\u00e8me d&rsquo;acc\u00e8s s\u00e9curis\u00e9<\/strong>et \u00e0 l&rsquo;aide de colonnes de service (\u00e9lectricit\u00e9 ou eau) en PEHD et en acier inoxydable.[\/vc_column_text][\/vc_column][vc_column width=\u00a0\u00bb1\/12&Prime;][\/vc_column][vc_column width=\u00a0\u00bb1\/2&Prime; el_class=\u00a0\u00bbvc_col-sm-pull-6&Prime; css=\u00a0\u00bb.vc_custom_1653641760061{padding: 0px !important;}\u00a0\u00bb][vc_single_image image=\u00a0\u00bb698&Prime; img_size=\u00a0\u00bbfull\u00a0\u00bb alignment=\u00a0\u00bbcenter\u00a0\u00bb css=\u00a0\u00bb.vc_custom_1668606288301{margin-top: 0px !important;margin-right: 0px !important;margin-bottom: 0px !important;margin-left: 0px !important;padding-top: 0px !important;padding-right: 0px !important;padding-bottom: 0px !important;padding-left: 0px !important;}\u00a0\u00bb][\/vc_column][\/vc_row][vc_row full_width=\u00a0\u00bbstretch_row_content\u00a0\u00bb equal_height=\u00a0\u00bbyes\u00a0\u00bb content_placement=\u00a0\u00bbmiddle\u00a0\u00bb el_class=\u00a0\u00bbbgBlue fullImg\u00a0\u00bb css=\u00a0\u00bb.vc_custom_1653641694513{padding-top: 0px !important;padding-right: 0px !important;padding-bottom: 0px !important;padding-left: 0px !important;}\u00a0\u00bb][vc_column width=\u00a0\u00bb1\/12&Prime;][\/vc_column][vc_column width=\u00a0\u00bb4\/12&Prime; el_class=\u00a0\u00bbcol-md-4 col-md-push-8&Prime;][vc_column_text]Le marchepied r\u00e9alis\u00e9 avec <strong>des lattes en r\u00e9sine <\/strong>peut \u00eatre en plancher plein ou avec deux rigoles lat\u00e9rales (une dans le cas du ponton Easy 170).[\/vc_column_text][\/vc_column][vc_column width=\u00a0\u00bb1\/12&Prime;][\/vc_column][vc_column width=\u00a0\u00bb1\/2&Prime; el_class=\u00a0\u00bbcol-md-2 col-md-pull-6&Prime; css=\u00a0\u00bb.vc_custom_1653641767393{padding: 0px !important;}\u00a0\u00bb][vc_single_image image=\u00a0\u00bb699&Prime; img_size=\u00a0\u00bbfull\u00a0\u00bb alignment=\u00a0\u00bbcenter\u00a0\u00bb css=\u00a0\u00bb.vc_custom_1668606300349{margin-top: 0px !important;margin-right: 0px !important;margin-bottom: 0px !important;margin-left: 0px !important;padding-top: 0px !important;padding-right: 0px !important;padding-bottom: 0px !important;padding-left: 0px !important;}\u00a0\u00bb][\/vc_column][\/vc_row][vc_row full_width=\u00a0\u00bbstretch_row_content\u00a0\u00bb equal_height=\u00a0\u00bbyes\u00a0\u00bb content_placement=\u00a0\u00bbmiddle\u00a0\u00bb el_class=\u00a0\u00bbbgBlue fullImg\u00a0\u00bb css=\u00a0\u00bb.vc_custom_1653641700281{padding-top: 0px !important;padding-right: 0px !important;padding-bottom: 0px !important;padding-left: 0px !important;}\u00a0\u00bb][vc_column width=\u00a0\u00bb1\/12&Prime;][\/vc_column][vc_column width=\u00a0\u00bb4\/12&Prime; el_class=\u00a0\u00bbvc_col-sm-push-6&Prime;][vc_column_text]Ces lattes, con\u00e7ues et fabriqu\u00e9es par Interbox Marinas, refl\u00e8tent pleinement la philosophie de l&rsquo;entreprise de <strong>respect de l&rsquo;environnement<\/strong> car la r\u00e9sine polyol\u00e9fine avec laquelle elles sont fabriqu\u00e9es permet la protection des for\u00eats tropicales.<br \/>\nDe plus, ils sont tr\u00e8s similaires aux couleurs du teck naturel, mais compl\u00e8tement exempts d&rsquo;\u00e9clats de bois typiques, s\u00fbrs \u00e0 utiliser m\u00eame pieds nus.[\/vc_column_text][\/vc_column][vc_column width=\u00a0\u00bb1\/12&Prime;][\/vc_column][vc_column width=\u00a0\u00bb1\/2&Prime; el_class=\u00a0\u00bbvc_col-sm-pull-6&Prime; css=\u00a0\u00bb.vc_custom_1653641776829{padding: 0px !important;}\u00a0\u00bb][vc_single_image image=\u00a0\u00bb701&Prime; img_size=\u00a0\u00bbfull\u00a0\u00bb alignment=\u00a0\u00bbcenter\u00a0\u00bb css=\u00a0\u00bb.vc_custom_1668606339821{margin-top: 0px !important;margin-right: 0px !important;margin-bottom: 0px !important;margin-left: 0px !important;padding-top: 0px !important;padding-right: 0px !important;padding-bottom: 0px !important;padding-left: 0px !important;}\u00a0\u00bb][\/vc_column][\/vc_row][vc_row css=\u00a0\u00bb.vc_custom_1652097546615{margin-bottom: 0px !important;padding-bottom: 0px !important;}\u00a0\u00bb][vc_column][vc_column_text]<\/p>\n<h4 style=\"text-align: center;\">CARACT\u00c9RISTIQUES TECHNIQUES<\/h4>\n<p>[\/vc_column_text][\/vc_column][\/vc_row][vc_row equal_height=\u00a0\u00bbyes\u00a0\u00bb][vc_column width=\u00a0\u00bb2\/12&Prime;][\/vc_column][vc_column width=\u00a0\u00bb1\/3&Prime; el_class=\u00a0\u00bbbgBlue\u00a0\u00bb][vc_row_inner][vc_column_inner][vc_column_text]<\/p>\n<p style=\"text-align: center;\"><strong>Easy 220 <\/strong><\/p>\n<p>[\/vc_column_text][vc_single_image image=\u00a0\u00bb202&Prime; img_size=\u00a0\u00bbfull\u00a0\u00bb alignment=\u00a0\u00bbcenter\u00a0\u00bb][vc_empty_space height=\u00a0\u00bb15px\u00a0\u00bb][vc_btn title=\u00a0\u00bbFiche technique\u00a0\u00bb style=\u00a0\u00bbclassic\u00a0\u00bb shape=\u00a0\u00bbsquare\u00a0\u00bb color=\u00a0\u00bbblue\u00a0\u00bb align=\u00a0\u00bbcenter\u00a0\u00bb link=\u00a0\u00bburl:https%3A%2F%2Fwww.interbox.ch%2Fmarinas%2Fwp-content%2Fuploads%2F2022%2F05%2FEasy220Martini.pdf\u00a0\u00bb][\/vc_column_inner][\/vc_row_inner][\/vc_column][vc_column width=\u00a0\u00bb1\/3&Prime;][vc_row_inner][vc_column_inner][vc_column_text]<\/p>\n<p style=\"text-align: center;\"><strong>Easy 170<\/strong><\/p>\n<p>[\/vc_column_text][vc_single_image image=\u00a0\u00bb200&Prime; img_size=\u00a0\u00bbfull\u00a0\u00bb alignment=\u00a0\u00bbcenter\u00a0\u00bb][vc_empty_space height=\u00a0\u00bb15px\u00a0\u00bb][vc_btn title=\u00a0\u00bbFiche technique\u00a0\u00bb style=\u00a0\u00bbclassic\u00a0\u00bb shape=\u00a0\u00bbsquare\u00a0\u00bb color=\u00a0\u00bbblue\u00a0\u00bb align=\u00a0\u00bbcenter\u00a0\u00bb link=\u00a0\u00bburl:https%3A%2F%2Fwww.interbox.ch%2Fmarinas%2Fwp-content%2Fuploads%2F2022%2F05%2FEasy170Martini.pdf\u00a0\u00bb][\/vc_column_inner][\/vc_row_inner][\/vc_column][vc_column width=\u00a0\u00bb2\/12&Prime;][\/vc_column][\/vc_row][vc_row equal_height=\u00a0\u00bbyes\u00a0\u00bb content_placement=\u00a0\u00bbmiddle\u00a0\u00bb disable_element=\u00a0\u00bbyes\u00a0\u00bb][vc_column width=\u00a0\u00bb1\/3&Prime; el_class=\u00a0\u00bbbgBlue\u00a0\u00bb][vc_row_inner][vc_column_inner][vc_column_text]<\/p>\n<p style=\"text-align: center;\"><strong>Easy 220 <\/strong><\/p>\n<p>[\/vc_column_text][vc_single_image image=\u00a0\u00bb202&Prime; img_size=\u00a0\u00bbfull\u00a0\u00bb alignment=\u00a0\u00bbcenter\u00a0\u00bb][vc_empty_space height=\u00a0\u00bb15px\u00a0\u00bb][vc_btn title=\u00a0\u00bbScheda Tecnica\u00a0\u00bb style=\u00a0\u00bbclassic\u00a0\u00bb shape=\u00a0\u00bbsquare\u00a0\u00bb color=\u00a0\u00bbblue\u00a0\u00bb align=\u00a0\u00bbcenter\u00a0\u00bb link=\u00a0\u00bburl:https%3A%2F%2Fwww.interbox.ch%2Fmarinas%2Fwp-content%2Fuploads%2F2022%2F05%2FEasy220Martini.pdf\u00a0\u00bb][\/vc_column_inner][\/vc_row_inner][\/vc_column][vc_column width=\u00a0\u00bb2\/3&Prime;][vc_row_inner el_class=\u00a0\u00bbtabella\u00a0\u00bb][vc_column_inner width=\u00a0\u00bb1\/4&Prime;][vc_column_text]<strong>Misura 6,20 x 2,20 m<\/strong>[\/vc_column_text][vc_column_text]Dislocamento: 800 kg[\/vc_column_text][vc_column_text]Portata: 150 kg\/m\u00b2[\/vc_column_text][vc_column_text]Altezza a secco: 0,72 m[\/vc_column_text][vc_column_text]Affioramento: 0,55 m[\/vc_column_text][vc_column_text]Immersione: 0,17 m[\/vc_column_text][vc_column_text]n. galleggianti: 2\u00d76=12[\/vc_column_text][\/vc_column_inner][vc_column_inner width=\u00a0\u00bb1\/4&Prime;][vc_column_text]<strong>Misura 8,20 x 2,20 m<\/strong>[\/vc_column_text][vc_column_text]Dislocamento: 1.000 kg[\/vc_column_text][vc_column_text]Portata: 150 kg\/m\u00b2[\/vc_column_text][vc_column_text]Altezza a secco: 0,72 m[\/vc_column_text][vc_column_text]Affioramento: 0,55 m[\/vc_column_text][vc_column_text]Immersione: 0,17 m[\/vc_column_text][vc_column_text]n. galleggianti: 2\u00d78=16[\/vc_column_text][\/vc_column_inner][vc_column_inner width=\u00a0\u00bb1\/4&Prime;][vc_column_text]<strong>Misura 10,20 x 2,20 m<\/strong>[\/vc_column_text][vc_column_text]Dislocamento: 1.200 kg[\/vc_column_text][vc_column_text]Portata: 150 kg\/m\u00b2[\/vc_column_text][vc_column_text]Altezza a secco: 0,72 m[\/vc_column_text][vc_column_text]Affioramento: 0,55 m[\/vc_column_text][vc_column_text]Immersione: 0,17 m[\/vc_column_text][vc_column_text]n. galleggianti: 2\u00d710=20[\/vc_column_text][\/vc_column_inner][vc_column_inner width=\u00a0\u00bb1\/4&Prime;][vc_column_text]<strong>Misura 12,20 x 2,20 m<\/strong>[\/vc_column_text][vc_column_text]Dislocamento: 1.450 kg[\/vc_column_text][vc_column_text]Portata: 150 kg\/m\u00b2[\/vc_column_text][vc_column_text]Altezza a secco: 0,72 m[\/vc_column_text][vc_column_text]Affioramento: 0,55 m[\/vc_column_text][vc_column_text]Immersione: 0,17 m[\/vc_column_text][vc_column_text]n. galleggianti: 2\u00d712=24[\/vc_column_text][\/vc_column_inner][\/vc_row_inner][\/vc_column][\/vc_row][vc_row equal_height=\u00a0\u00bbyes\u00a0\u00bb content_placement=\u00a0\u00bbmiddle\u00a0\u00bb disable_element=\u00a0\u00bbyes\u00a0\u00bb][vc_column width=\u00a0\u00bb1\/3&Prime; el_class=\u00a0\u00bbbgBlue\u00a0\u00bb][vc_row_inner][vc_column_inner][vc_column_text]<\/p>\n<p style=\"text-align: center;\"><strong>Easy 170<\/strong><\/p>\n<p>[\/vc_column_text][vc_single_image image=\u00a0\u00bb200&Prime; img_size=\u00a0\u00bbfull\u00a0\u00bb alignment=\u00a0\u00bbcenter\u00a0\u00bb][vc_empty_space height=\u00a0\u00bb15px\u00a0\u00bb][vc_btn title=\u00a0\u00bbScheda Tecnica\u00a0\u00bb style=\u00a0\u00bbclassic\u00a0\u00bb shape=\u00a0\u00bbsquare\u00a0\u00bb color=\u00a0\u00bbblue\u00a0\u00bb align=\u00a0\u00bbcenter\u00a0\u00bb link=\u00a0\u00bburl:https%3A%2F%2Fwww.interbox.ch%2Fmarinas%2Fwp-content%2Fuploads%2F2022%2F05%2FEasy170Martini.pdf\u00a0\u00bb][\/vc_column_inner][\/vc_row_inner][\/vc_column][vc_column width=\u00a0\u00bb2\/3&Prime;][vc_row_inner el_class=\u00a0\u00bbtabella\u00a0\u00bb][vc_column_inner width=\u00a0\u00bb1\/4&Prime;][vc_column_text]<strong>Misura 6,20 x 1,70 m<\/strong>[\/vc_column_text][vc_column_text]Dislocamento: 700 kg[\/vc_column_text][vc_column_text]Portata: 200 kg\/m\u00b2[\/vc_column_text][vc_column_text]Altezza a secco: 0,72 m[\/vc_column_text][vc_column_text]Affioramento: 0,55 m[\/vc_column_text][vc_column_text]Immersione: 0,17 m[\/vc_column_text][vc_column_text]n. galleggianti: 2\u00d76=12[\/vc_column_text][\/vc_column_inner][vc_column_inner width=\u00a0\u00bb1\/4&Prime;][vc_column_text]<strong>Misura 8,20 x 1,70 m<\/strong>[\/vc_column_text][vc_column_text]Dislocamento: 900 kg[\/vc_column_text][vc_column_text]Portata: 200 kg\/m\u00b2[\/vc_column_text][vc_column_text]Altezza a secco: 0,72 m[\/vc_column_text][vc_column_text]Affioramento: 0,55 m[\/vc_column_text][vc_column_text]Immersione: 0,17 m[\/vc_column_text][vc_column_text]n. galleggianti: 2\u00d78=16[\/vc_column_text][\/vc_column_inner][vc_column_inner width=\u00a0\u00bb1\/4&Prime;][vc_column_text]<strong>Misura 10,20 x 1,70 m<\/strong>[\/vc_column_text][vc_column_text]Dislocamento: 1.100 kg[\/vc_column_text][vc_column_text]Portata: 200 kg\/m\u00b2[\/vc_column_text][vc_column_text]Altezza a secco: 0,72 m[\/vc_column_text][vc_column_text]Affioramento: 0,55 m[\/vc_column_text][vc_column_text]Immersione: 0,17 m[\/vc_column_text][vc_column_text]n. galleggianti: 2\u00d710=20[\/vc_column_text][\/vc_column_inner][vc_column_inner width=\u00a0\u00bb1\/4&Prime;][vc_column_text]<strong>Misura 12,20 x 1,70 m<\/strong>[\/vc_column_text][vc_column_text]Dislocamento: 1.350 kg[\/vc_column_text][vc_column_text]Portata: 200 kg\/m\u00b2[\/vc_column_text][vc_column_text]Altezza a secco: 0,72 m[\/vc_column_text][vc_column_text]Affioramento: 0,55 m[\/vc_column_text][vc_column_text]Immersione: 0,17 m[\/vc_column_text][vc_column_text]n. galleggianti: 2\u00d712=24[\/vc_column_text][\/vc_column_inner][\/vc_row_inner][\/vc_column][\/vc_row]<\/p>\n","protected":false},"excerpt":{"rendered":"<p>Una tipologia di pontili galleggianti sviluppata per unire prestazioni affidabili, semplicit\u00e0 di applicazione e utilizzo pi\u00f9 che accessibile.<\/p>\n","protected":false},"author":1,"featured_media":1744,"parent":2318,"menu_order":0,"comment_status":"closed","ping_status":"closed","template":"","meta":{"site-sidebar-layout":"no-sidebar","site-content-layout":"plain-container","ast-main-header-display":"","ast-hfb-above-header-display":"","ast-hfb-below-header-display":"","ast-hfb-mobile-header-display":"","site-post-title":"disabled","ast-breadcrumbs-content":"","ast-featured-img":"disabled","footer-sml-layout":"","theme-transparent-header-meta":"default","adv-header-id-meta":"","stick-header-meta":"","header-above-stick-meta":"","header-main-stick-meta":"","header-below-stick-meta":"","footnotes":""},"class_list":["post-2324","page","type-page","status-publish","has-post-thumbnail","hentry"],"yoast_head":"<!-- This site is optimized with the Yoast SEO plugin v19.2 - https:\/\/yoast.com\/wordpress\/plugins\/seo\/ -->\n<title>Pontos easy - Interbox Marinas<\/title>\n<meta name=\"robots\" content=\"index, follow, max-snippet:-1, max-image-preview:large, max-video-preview:-1\" \/>\n<link rel=\"canonical\" href=\"https:\/\/www.interbox.ch\/marinas\/fr\/pontili-galleggianti\/pontilieasy\/\" \/>\n<meta property=\"og:locale\" content=\"fr_FR\" \/>\n<meta property=\"og:type\" content=\"article\" \/>\n<meta property=\"og:title\" content=\"Pontos easy - Interbox Marinas\" \/>\n<meta property=\"og:description\" content=\"Una tipologia di pontili galleggianti sviluppata per unire prestazioni affidabili, semplicit\u00e0 di applicazione e utilizzo pi\u00f9 che accessibile.\" \/>\n<meta property=\"og:url\" content=\"https:\/\/www.interbox.ch\/marinas\/fr\/pontili-galleggianti\/pontilieasy\/\" \/>\n<meta property=\"og:site_name\" content=\"Interbox Marinas\" \/>\n<meta property=\"article:modified_time\" content=\"2023-10-03T10:05:24+00:00\" \/>\n<meta property=\"og:image\" content=\"https:\/\/www.interbox.ch\/marinas\/wp-content\/uploads\/2022\/05\/martEasy_1.png\" \/>\n\t<meta property=\"og:image:width\" content=\"1024\" \/>\n\t<meta property=\"og:image:height\" content=\"399\" \/>\n\t<meta property=\"og:image:type\" content=\"image\/png\" \/>\n<meta name=\"author\" content=\"immagine23\" \/>\n<meta name=\"twitter:card\" content=\"summary_large_image\" \/>\n<meta name=\"twitter:label1\" content=\"Dur\u00e9e de lecture estim\u00e9e\" \/>\n\t<meta name=\"twitter:data1\" content=\"9 minutes\" \/>\n<script type=\"application\/ld+json\" class=\"yoast-schema-graph\">{\"@context\":\"https:\/\/schema.org\",\"@graph\":[{\"@type\":\"WebSite\",\"@id\":\"https:\/\/www.interbox.ch\/marinas\/fr\/#website\",\"url\":\"https:\/\/www.interbox.ch\/marinas\/fr\/\",\"name\":\"Interbox Marinas\",\"description\":\"Divisione Marinas\",\"potentialAction\":[{\"@type\":\"SearchAction\",\"target\":{\"@type\":\"EntryPoint\",\"urlTemplate\":\"https:\/\/www.interbox.ch\/marinas\/fr\/?s={search_term_string}\"},\"query-input\":\"required name=search_term_string\"}],\"inLanguage\":\"fr-FR\"},{\"@type\":\"ImageObject\",\"inLanguage\":\"fr-FR\",\"@id\":\"https:\/\/www.interbox.ch\/marinas\/fr\/pontili-galleggianti\/pontilieasy\/#primaryimage\",\"url\":\"https:\/\/www.interbox.ch\/marinas\/wp-content\/uploads\/2022\/05\/martEasy_1.png\",\"contentUrl\":\"https:\/\/www.interbox.ch\/marinas\/wp-content\/uploads\/2022\/05\/martEasy_1.png\",\"width\":1024,\"height\":399},{\"@type\":\"WebPage\",\"@id\":\"https:\/\/www.interbox.ch\/marinas\/fr\/pontili-galleggianti\/pontilieasy\/#webpage\",\"url\":\"https:\/\/www.interbox.ch\/marinas\/fr\/pontili-galleggianti\/pontilieasy\/\",\"name\":\"Pontos easy - Interbox Marinas\",\"isPartOf\":{\"@id\":\"https:\/\/www.interbox.ch\/marinas\/fr\/#website\"},\"primaryImageOfPage\":{\"@id\":\"https:\/\/www.interbox.ch\/marinas\/fr\/pontili-galleggianti\/pontilieasy\/#primaryimage\"},\"datePublished\":\"2023-07-10T07:37:38+00:00\",\"dateModified\":\"2023-10-03T10:05:24+00:00\",\"breadcrumb\":{\"@id\":\"https:\/\/www.interbox.ch\/marinas\/fr\/pontili-galleggianti\/pontilieasy\/#breadcrumb\"},\"inLanguage\":\"fr-FR\",\"potentialAction\":[{\"@type\":\"ReadAction\",\"target\":[\"https:\/\/www.interbox.ch\/marinas\/fr\/pontili-galleggianti\/pontilieasy\/\"]}]},{\"@type\":\"BreadcrumbList\",\"@id\":\"https:\/\/www.interbox.ch\/marinas\/fr\/pontili-galleggianti\/pontilieasy\/#breadcrumb\",\"itemListElement\":[{\"@type\":\"ListItem\",\"position\":1,\"name\":\"Home\",\"item\":\"https:\/\/www.interbox.ch\/marinas\/fr\/\"},{\"@type\":\"ListItem\",\"position\":2,\"name\":\"Pontons flottants\",\"item\":\"https:\/\/www.interbox.ch\/marinas\/fr\/pontili-galleggianti\/\"},{\"@type\":\"ListItem\",\"position\":3,\"name\":\"Pontos easy\"}]}]}<\/script>\n<!-- \/ Yoast SEO plugin. -->","yoast_head_json":{"title":"Pontos easy - Interbox Marinas","robots":{"index":"index","follow":"follow","max-snippet":"max-snippet:-1","max-image-preview":"max-image-preview:large","max-video-preview":"max-video-preview:-1"},"canonical":"https:\/\/www.interbox.ch\/marinas\/fr\/pontili-galleggianti\/pontilieasy\/","og_locale":"fr_FR","og_type":"article","og_title":"Pontos easy - Interbox Marinas","og_description":"Una tipologia di pontili galleggianti sviluppata per unire prestazioni affidabili, semplicit\u00e0 di applicazione e utilizzo pi\u00f9 che accessibile.","og_url":"https:\/\/www.interbox.ch\/marinas\/fr\/pontili-galleggianti\/pontilieasy\/","og_site_name":"Interbox Marinas","article_modified_time":"2023-10-03T10:05:24+00:00","og_image":[{"width":1024,"height":399,"url":"https:\/\/www.interbox.ch\/marinas\/wp-content\/uploads\/2022\/05\/martEasy_1.png","type":"image\/png"}],"author":"immagine23","twitter_card":"summary_large_image","twitter_misc":{"Dur\u00e9e de lecture estim\u00e9e":"9 minutes"},"schema":{"@context":"https:\/\/schema.org","@graph":[{"@type":"WebSite","@id":"https:\/\/www.interbox.ch\/marinas\/fr\/#website","url":"https:\/\/www.interbox.ch\/marinas\/fr\/","name":"Interbox Marinas","description":"Divisione Marinas","potentialAction":[{"@type":"SearchAction","target":{"@type":"EntryPoint","urlTemplate":"https:\/\/www.interbox.ch\/marinas\/fr\/?s={search_term_string}"},"query-input":"required name=search_term_string"}],"inLanguage":"fr-FR"},{"@type":"ImageObject","inLanguage":"fr-FR","@id":"https:\/\/www.interbox.ch\/marinas\/fr\/pontili-galleggianti\/pontilieasy\/#primaryimage","url":"https:\/\/www.interbox.ch\/marinas\/wp-content\/uploads\/2022\/05\/martEasy_1.png","contentUrl":"https:\/\/www.interbox.ch\/marinas\/wp-content\/uploads\/2022\/05\/martEasy_1.png","width":1024,"height":399},{"@type":"WebPage","@id":"https:\/\/www.interbox.ch\/marinas\/fr\/pontili-galleggianti\/pontilieasy\/#webpage","url":"https:\/\/www.interbox.ch\/marinas\/fr\/pontili-galleggianti\/pontilieasy\/","name":"Pontos easy - Interbox Marinas","isPartOf":{"@id":"https:\/\/www.interbox.ch\/marinas\/fr\/#website"},"primaryImageOfPage":{"@id":"https:\/\/www.interbox.ch\/marinas\/fr\/pontili-galleggianti\/pontilieasy\/#primaryimage"},"datePublished":"2023-07-10T07:37:38+00:00","dateModified":"2023-10-03T10:05:24+00:00","breadcrumb":{"@id":"https:\/\/www.interbox.ch\/marinas\/fr\/pontili-galleggianti\/pontilieasy\/#breadcrumb"},"inLanguage":"fr-FR","potentialAction":[{"@type":"ReadAction","target":["https:\/\/www.interbox.ch\/marinas\/fr\/pontili-galleggianti\/pontilieasy\/"]}]},{"@type":"BreadcrumbList","@id":"https:\/\/www.interbox.ch\/marinas\/fr\/pontili-galleggianti\/pontilieasy\/#breadcrumb","itemListElement":[{"@type":"ListItem","position":1,"name":"Home","item":"https:\/\/www.interbox.ch\/marinas\/fr\/"},{"@type":"ListItem","position":2,"name":"Pontons flottants","item":"https:\/\/www.interbox.ch\/marinas\/fr\/pontili-galleggianti\/"},{"@type":"ListItem","position":3,"name":"Pontos easy"}]}]}},"_links":{"self":[{"href":"https:\/\/www.interbox.ch\/marinas\/fr\/wp-json\/wp\/v2\/pages\/2324","targetHints":{"allow":["GET"]}}],"collection":[{"href":"https:\/\/www.interbox.ch\/marinas\/fr\/wp-json\/wp\/v2\/pages"}],"about":[{"href":"https:\/\/www.interbox.ch\/marinas\/fr\/wp-json\/wp\/v2\/types\/page"}],"author":[{"embeddable":true,"href":"https:\/\/www.interbox.ch\/marinas\/fr\/wp-json\/wp\/v2\/users\/1"}],"replies":[{"embeddable":true,"href":"https:\/\/www.interbox.ch\/marinas\/fr\/wp-json\/wp\/v2\/comments?post=2324"}],"version-history":[{"count":6,"href":"https:\/\/www.interbox.ch\/marinas\/fr\/wp-json\/wp\/v2\/pages\/2324\/revisions"}],"predecessor-version":[{"id":2476,"href":"https:\/\/www.interbox.ch\/marinas\/fr\/wp-json\/wp\/v2\/pages\/2324\/revisions\/2476"}],"up":[{"embeddable":true,"href":"https:\/\/www.interbox.ch\/marinas\/fr\/wp-json\/wp\/v2\/pages\/2318"}],"wp:featuredmedia":[{"embeddable":true,"href":"https:\/\/www.interbox.ch\/marinas\/fr\/wp-json\/wp\/v2\/media\/1744"}],"wp:attachment":[{"href":"https:\/\/www.interbox.ch\/marinas\/fr\/wp-json\/wp\/v2\/media?parent=2324"}],"curies":[{"name":"wp","href":"https:\/\/api.w.org\/{rel}","templated":true}]}}