{"id":2321,"date":"2023-07-10T09:24:57","date_gmt":"2023-07-10T07:24:57","guid":{"rendered":"https:\/\/www.interbox.ch\/marinas\/?page_id=2321"},"modified":"2024-05-16T11:40:54","modified_gmt":"2024-05-16T09:40:54","slug":"pontili-sport","status":"publish","type":"page","link":"https:\/\/www.interbox.ch\/marinas\/fr\/pontili-galleggianti\/pontili-sport\/","title":{"rendered":"<i>Pontons<\/i> Sport"},"content":{"rendered":"<p>[vc_row full_width=\u00a0\u00bbstretch_row\u00a0\u00bb el_class=\u00a0\u00bbtitolo bgBlue\u00a0\u00bb][vc_column][vc_column_text]<\/p>\n<h6>PONTONS<\/h6>\n<h2>SPORT<\/h2>\n<p>[\/vc_column_text][\/vc_column][\/vc_row][vc_row][vc_column][vc_column_text]<\/p>\n<p style=\"text-align: center;\">Caract\u00e9ris\u00e9s par le rev\u00eatement limit\u00e9, ces pontons sont sp\u00e9cialement con\u00e7us pour l&rsquo;approche des <strong>bateaux \u00e0 rames<\/strong>.<br \/>\nLes tiges flottantes sp\u00e9ciales, disponibles sur demande, permettent un alignement parfait des bateaux au d\u00e9part lors des comp\u00e9titions sportives.<\/p>\n<p>[\/vc_column_text][vc_single_image image=\u00a0\u00bb762&Prime; img_size=\u00a0\u00bbfull\u00a0\u00bb alignment=\u00a0\u00bbcenter\u00a0\u00bb][\/vc_column][\/vc_row][vc_row css=\u00a0\u00bb.vc_custom_1653641202914{padding-top: 0px !important;padding-bottom: 0px !important;}\u00a0\u00bb][vc_column][vc_btn title=\u00a0\u00bbInformations requises\u00a0\u00bb style=\u00a0\u00bbclassic\u00a0\u00bb shape=\u00a0\u00bbsquare\u00a0\u00bb color=\u00a0\u00bbblue\u00a0\u00bb align=\u00a0\u00bbcenter\u00a0\u00bb link=\u00a0\u00bburl:%23info\u00a0\u00bb][\/vc_column][\/vc_row][vc_row][vc_column][vc_column_text]<\/p>\n<h4 style=\"text-align: center;\">Sport 240 : con\u00e7u pour les rameurs<\/h4>\n<p style=\"text-align: center;\">Fabriqu\u00e9 conform\u00e9ment \u00e0 la r\u00e9glementation en vigueur et aux dispositions de l&rsquo;AIPCN sur les installations portuaires de plaisance.<br \/>\n.<\/p>\n<p>[\/vc_column_text][vc_empty_space][\/vc_column][\/vc_row][vc_row full_width=\u00a0\u00bbstretch_row_content\u00a0\u00bb equal_height=\u00a0\u00bbyes\u00a0\u00bb content_placement=\u00a0\u00bbmiddle\u00a0\u00bb el_class=\u00a0\u00bbbgBlue fullImg\u00a0\u00bb css=\u00a0\u00bb.vc_custom_1653641668298{padding-top: 0px !important;padding-right: 0px !important;padding-bottom: 0px !important;padding-left: 0px !important;}\u00a0\u00bb][vc_column width=\u00a0\u00bb1\/12&Prime;][\/vc_column][vc_column width=\u00a0\u00bb4\/12&Prime; el_class=\u00a0\u00bbcol-md-4 col-md-push-8&Prime;][vc_column_text]La structure portante est compos\u00e9e de poutres et de t\u00eates de roulement en profil HEB 100 et le cadre a des anneaux d&rsquo;ancrage en acier Fe 360 B.<br \/>\nLa liaison entre les modules du ponton est assur\u00e9e par des cabillots en acier et travaillant sur des paliers en polyamide charg\u00e9s de <strong> fibres de verre .<\/strong>[\/vc_column_text][\/vc_column][vc_column width=\u00a0\u00bb1\/12&Prime;][\/vc_column][vc_column width=\u00a0\u00bb1\/2&Prime; el_class=\u00a0\u00bbcol-md-2 col-md-pull-6&Prime; css=\u00a0\u00bb.vc_custom_1653641753086{padding-top: 0px !important;padding-right: 0px !important;padding-bottom: 0px !important;padding-left: 0px !important;}\u00a0\u00bb][vc_single_image image=\u00a0\u00bb705&Prime; img_size=\u00a0\u00bbfull\u00a0\u00bb alignment=\u00a0\u00bbcenter\u00a0\u00bb css=\u00a0\u00bb.vc_custom_1668605608210{margin-top: 0px !important;margin-right: 0px !important;margin-bottom: 0px !important;margin-left: 0px !important;padding-top: 0px !important;padding-right: 0px !important;padding-bottom: 0px !important;padding-left: 0px !important;}\u00a0\u00bb][\/vc_column][\/vc_row][vc_row full_width=\u00a0\u00bbstretch_row_content\u00a0\u00bb equal_height=\u00a0\u00bbyes\u00a0\u00bb content_placement=\u00a0\u00bbmiddle\u00a0\u00bb el_class=\u00a0\u00bbbgBlue fullImg\u00a0\u00bb css=\u00a0\u00bb.vc_custom_1653641681481{padding-top: 0px !important;padding-right: 0px !important;padding-bottom: 0px !important;padding-left: 0px !important;}\u00a0\u00bb][vc_column width=\u00a0\u00bb1\/12&Prime;][\/vc_column][vc_column width=\u00a0\u00bb4\/12&Prime; el_class=\u00a0\u00bbvc_col-sm-push-6&Prime;][vc_column_text]Les \u00e9l\u00e9ments flottants en r\u00e9sine polyol\u00e9fine, assembl\u00e9s avec des poutres en alliage marin par groupes de trois unit\u00e9s, prot\u00e8gent le flottement du ponton.<br \/>\nLes longues ailes lat\u00e9rales forment une ligne de d\u00e9fense continue et, gr\u00e2ce aux <strong>r\u00e9sines anti-chocs noires<\/strong>, elles n&rsquo;endommageront pas les bateaux.[\/vc_column_text][\/vc_column][vc_column width=\u00a0\u00bb1\/12&Prime;][\/vc_column][vc_column width=\u00a0\u00bb1\/2&Prime; el_class=\u00a0\u00bbvc_col-sm-pull-6&Prime; css=\u00a0\u00bb.vc_custom_1653641760061{padding: 0px !important;}\u00a0\u00bb][vc_single_image image=\u00a0\u00bb706&Prime; img_size=\u00a0\u00bbfull\u00a0\u00bb alignment=\u00a0\u00bbcenter\u00a0\u00bb css=\u00a0\u00bb.vc_custom_1668605638893{margin-top: 0px !important;margin-right: 0px !important;margin-bottom: 0px !important;margin-left: 0px !important;padding-top: 0px !important;padding-right: 0px !important;padding-bottom: 0px !important;padding-left: 0px !important;}\u00a0\u00bb][\/vc_column][\/vc_row][vc_row full_width=\u00a0\u00bbstretch_row_content\u00a0\u00bb equal_height=\u00a0\u00bbyes\u00a0\u00bb content_placement=\u00a0\u00bbmiddle\u00a0\u00bb el_class=\u00a0\u00bbbgBlue fullImg\u00a0\u00bb css=\u00a0\u00bb.vc_custom_1653641694513{padding-top: 0px !important;padding-right: 0px !important;padding-bottom: 0px !important;padding-left: 0px !important;}\u00a0\u00bb][vc_column width=\u00a0\u00bb1\/12&Prime;][\/vc_column][vc_column width=\u00a0\u00bb4\/12&Prime; el_class=\u00a0\u00bbcol-md-4 col-md-push-8&Prime;][vc_column_text]Pour compl\u00e9ter le ponton Sport 240, Interbox Marinas a con\u00e7u un toboggan <strong>d&rsquo;alignement r\u00e9glable sp\u00e9cial,<\/strong>,une solution id\u00e9ale pour la ligne de d\u00e9part de diff\u00e9rents types d&rsquo;\u00e9quipages.[\/vc_column_text][\/vc_column][vc_column width=\u00a0\u00bb1\/12&Prime;][\/vc_column][vc_column width=\u00a0\u00bb1\/2&Prime; el_class=\u00a0\u00bbcol-md-2 col-md-pull-6&Prime; css=\u00a0\u00bb.vc_custom_1653645486943{padding-top: 0px !important;padding-right: 0px !important;padding-bottom: 0px !important;padding-left: 0px !important;}\u00a0\u00bb][vc_single_image image=\u00a0\u00bb707&Prime; img_size=\u00a0\u00bbfull\u00a0\u00bb alignment=\u00a0\u00bbcenter\u00a0\u00bb css=\u00a0\u00bb.vc_custom_1668605649357{margin-top: 0px !important;margin-right: 0px !important;margin-bottom: 0px !important;margin-left: 0px !important;padding-top: 0px !important;padding-right: 0px !important;padding-bottom: 0px !important;padding-left: 0px !important;}\u00a0\u00bb][\/vc_column][\/vc_row][vc_row full_width=\u00a0\u00bbstretch_row_content\u00a0\u00bb equal_height=\u00a0\u00bbyes\u00a0\u00bb content_placement=\u00a0\u00bbmiddle\u00a0\u00bb el_class=\u00a0\u00bbbgBlue fullImg\u00a0\u00bb css=\u00a0\u00bb.vc_custom_1653641700281{padding-top: 0px !important;padding-right: 0px !important;padding-bottom: 0px !important;padding-left: 0px !important;}\u00a0\u00bb][vc_column width=\u00a0\u00bb1\/12&Prime;][\/vc_column][vc_column width=\u00a0\u00bb4\/12&Prime; el_class=\u00a0\u00bbvc_col-sm-push-6&Prime;][vc_column_text]La surface de pi\u00e9tinement avec des lattes en r\u00e9sine repr\u00e9sente une solution s\u00fbre, durable et extr\u00eamement r\u00e9sistante. Sans \u00e9clats, antid\u00e9rapant et antifongique. Les douelles utilis\u00e9es pour les pontons Interbox Marinas ont une section radiante qui dissipe la chaleur accumul\u00e9e sous le rayonnement solaire, ne n\u00e9cessitent pas d&rsquo;entretien et conservent la m\u00eame couleur m\u00eame au fil des ans.[\/vc_column_text][\/vc_column][vc_column width=\u00a0\u00bb1\/12&Prime;][\/vc_column][vc_column width=\u00a0\u00bb1\/2&Prime; el_class=\u00a0\u00bbvc_col-sm-pull-6&Prime; css=\u00a0\u00bb.vc_custom_1653641776829{padding: 0px !important;}\u00a0\u00bb][vc_single_image image=\u00a0\u00bb708&Prime; img_size=\u00a0\u00bbfull\u00a0\u00bb alignment=\u00a0\u00bbcenter\u00a0\u00bb css=\u00a0\u00bb.vc_custom_1668605662385{margin-top: 0px !important;margin-right: 0px !important;margin-bottom: 0px !important;margin-left: 0px !important;padding-top: 0px !important;padding-right: 0px !important;padding-bottom: 0px !important;padding-left: 0px !important;}\u00a0\u00bb][\/vc_column][\/vc_row][vc_row css=\u00a0\u00bb.vc_custom_1652097546615{margin-bottom: 0px !important;padding-bottom: 0px !important;}\u00a0\u00bb][vc_column][vc_column_text]<\/p>\n<h4 style=\"text-align: center;\">CARACT\u00c9RISTIQUES TECHNIQUES<\/h4>\n<p>[\/vc_column_text][\/vc_column][\/vc_row][vc_row equal_height=\u00a0\u00bbyes\u00a0\u00bb content_placement=\u00a0\u00bbmiddle\u00a0\u00bb][vc_column width=\u00a0\u00bb1\/3&Prime;][\/vc_column][vc_column width=\u00a0\u00bb1\/3&Prime; el_class=\u00a0\u00bbbgBlue\u00a0\u00bb][vc_row_inner][vc_column_inner][vc_column_text]<\/p>\n<p style=\"text-align: center;\"><strong>Sport 240 <\/strong><\/p>\n<p>[\/vc_column_text][vc_single_image image=\u00a0\u00bb202&Prime; img_size=\u00a0\u00bbfull\u00a0\u00bb alignment=\u00a0\u00bbcenter\u00a0\u00bb][vc_empty_space height=\u00a0\u00bb15px\u00a0\u00bb][vc_btn title=\u00a0\u00bbFiche technique\u00a0\u00bb style=\u00a0\u00bbclassic\u00a0\u00bb shape=\u00a0\u00bbsquare\u00a0\u00bb color=\u00a0\u00bbblue\u00a0\u00bb align=\u00a0\u00bbcenter\u00a0\u00bb link=\u00a0\u00bburl:https%3A%2F%2Fwww.interbox.ch%2Fmarinas%2Fwp-content%2Fuploads%2F2022%2F05%2FSportMartini.pdf\u00a0\u00bb][\/vc_column_inner][\/vc_row_inner][\/vc_column][vc_column width=\u00a0\u00bb1\/3&Prime;][\/vc_column][\/vc_row][vc_row equal_height=\u00a0\u00bbyes\u00a0\u00bb content_placement=\u00a0\u00bbmiddle\u00a0\u00bb disable_element=\u00a0\u00bbyes\u00a0\u00bb][vc_column width=\u00a0\u00bb1\/3&Prime; el_class=\u00a0\u00bbbgBlue\u00a0\u00bb][vc_row_inner][vc_column_inner][vc_column_text]<\/p>\n<p style=\"text-align: center;\"><strong>Sport 240 <\/strong><\/p>\n<p>[\/vc_column_text][vc_single_image image=\u00a0\u00bb202&Prime; img_size=\u00a0\u00bbfull\u00a0\u00bb alignment=\u00a0\u00bbcenter\u00a0\u00bb][vc_empty_space height=\u00a0\u00bb15px\u00a0\u00bb][vc_btn title=\u00a0\u00bbScheda Tecnica\u00a0\u00bb style=\u00a0\u00bbclassic\u00a0\u00bb shape=\u00a0\u00bbsquare\u00a0\u00bb color=\u00a0\u00bbblue\u00a0\u00bb align=\u00a0\u00bbcenter\u00a0\u00bb link=\u00a0\u00bburl:https%3A%2F%2Fwww.interbox.ch%2Fmarinas%2Fwp-content%2Fuploads%2F2022%2F05%2FSportMartini.pdf\u00a0\u00bb][\/vc_column_inner][\/vc_row_inner][\/vc_column][vc_column width=\u00a0\u00bb2\/3&Prime;][vc_row_inner el_class=\u00a0\u00bbtabella\u00a0\u00bb][vc_column_inner width=\u00a0\u00bb1\/4&Prime;][vc_column_text]<strong>Misura 6,30 x 2,40 m<\/strong>[\/vc_column_text][vc_column_text]Dislocamento: 800 kg[\/vc_column_text][vc_column_text]Portata: 70 kg\/m\u00b2[\/vc_column_text][vc_column_text]Altezza a secco: 0,66 m[\/vc_column_text][vc_column_text]Affioramento: 0,25 m[\/vc_column_text][vc_column_text]Immersione: 0,41 m[\/vc_column_text][vc_column_text]n. galleggianti: 3\u00d76=18[\/vc_column_text][\/vc_column_inner][vc_column_inner width=\u00a0\u00bb1\/4&Prime;][vc_column_text]<strong>Misura 8,30 x 2,40 m<\/strong>[\/vc_column_text][vc_column_text]Dislocamento: 1.100 kg[\/vc_column_text][vc_column_text]Portata: 70 kg\/m\u00b2[\/vc_column_text][vc_column_text]Altezza a secco: 0,66 m[\/vc_column_text][vc_column_text]Affioramento: 0,25 m[\/vc_column_text][vc_column_text]Immersione: 0,41 m[\/vc_column_text][vc_column_text]n. galleggianti: 3\u00d78=24[\/vc_column_text][\/vc_column_inner][vc_column_inner width=\u00a0\u00bb1\/4&Prime;][vc_column_text]<strong>Misura 10,30 x 2,40 m<\/strong>[\/vc_column_text][vc_column_text]Dislocamento: 1.350 kg[\/vc_column_text][vc_column_text]Portata: 70 kg\/m\u00b2[\/vc_column_text][vc_column_text]Altezza a secco: 0,66 m[\/vc_column_text][vc_column_text]Affioramento: 0,25 m[\/vc_column_text][vc_column_text]Immersione: 0,41 m[\/vc_column_text][vc_column_text]n. galleggianti: 3\u00d710=30[\/vc_column_text][\/vc_column_inner][vc_column_inner width=\u00a0\u00bb1\/4&Prime;][\/vc_column_inner][\/vc_row_inner][\/vc_column][\/vc_row]<\/p>\n","protected":false},"excerpt":{"rendered":"<p>Caratterizzati dal limitato affioramento, questi pontili sono appositamente pensati per l\u2019accosto delle imbarcazioni da canottaggio.<\/p>\n","protected":false},"author":1,"featured_media":1774,"parent":2318,"menu_order":0,"comment_status":"closed","ping_status":"closed","template":"","meta":{"site-sidebar-layout":"no-sidebar","site-content-layout":"plain-container","ast-main-header-display":"","ast-hfb-above-header-display":"","ast-hfb-below-header-display":"","ast-hfb-mobile-header-display":"","site-post-title":"disabled","ast-breadcrumbs-content":"","ast-featured-img":"disabled","footer-sml-layout":"","theme-transparent-header-meta":"default","adv-header-id-meta":"","stick-header-meta":"","header-above-stick-meta":"","header-main-stick-meta":"","header-below-stick-meta":"","footnotes":""},"class_list":["post-2321","page","type-page","status-publish","has-post-thumbnail","hentry"],"yoast_head":"<!-- This site is optimized with the Yoast SEO plugin v19.2 - https:\/\/yoast.com\/wordpress\/plugins\/seo\/ -->\n<title>Pontons Sport - Interbox Marinas<\/title>\n<meta name=\"robots\" content=\"index, follow, max-snippet:-1, max-image-preview:large, max-video-preview:-1\" \/>\n<link rel=\"canonical\" href=\"https:\/\/www.interbox.ch\/marinas\/fr\/pontili-galleggianti\/pontili-sport\/\" \/>\n<meta property=\"og:locale\" content=\"fr_FR\" \/>\n<meta property=\"og:type\" content=\"article\" \/>\n<meta property=\"og:title\" content=\"Pontons Sport - Interbox Marinas\" \/>\n<meta property=\"og:description\" content=\"Caratterizzati dal limitato affioramento, questi pontili sono appositamente pensati per l\u2019accosto delle imbarcazioni da canottaggio.\" \/>\n<meta property=\"og:url\" content=\"https:\/\/www.interbox.ch\/marinas\/fr\/pontili-galleggianti\/pontili-sport\/\" \/>\n<meta property=\"og:site_name\" content=\"Interbox Marinas\" \/>\n<meta property=\"article:modified_time\" content=\"2024-05-16T09:40:54+00:00\" \/>\n<meta property=\"og:image\" content=\"https:\/\/www.interbox.ch\/marinas\/wp-content\/uploads\/2022\/05\/martSport_3.png\" \/>\n\t<meta property=\"og:image:width\" content=\"1024\" \/>\n\t<meta property=\"og:image:height\" content=\"399\" \/>\n\t<meta property=\"og:image:type\" content=\"image\/png\" \/>\n<meta name=\"author\" content=\"immagine23\" \/>\n<meta name=\"twitter:card\" content=\"summary_large_image\" \/>\n<meta name=\"twitter:label1\" content=\"Dur\u00e9e de lecture estim\u00e9e\" \/>\n\t<meta name=\"twitter:data1\" content=\"6 minutes\" \/>\n<script type=\"application\/ld+json\" class=\"yoast-schema-graph\">{\"@context\":\"https:\/\/schema.org\",\"@graph\":[{\"@type\":\"WebSite\",\"@id\":\"https:\/\/www.interbox.ch\/marinas\/fr\/#website\",\"url\":\"https:\/\/www.interbox.ch\/marinas\/fr\/\",\"name\":\"Interbox Marinas\",\"description\":\"Divisione Marinas\",\"potentialAction\":[{\"@type\":\"SearchAction\",\"target\":{\"@type\":\"EntryPoint\",\"urlTemplate\":\"https:\/\/www.interbox.ch\/marinas\/fr\/?s={search_term_string}\"},\"query-input\":\"required name=search_term_string\"}],\"inLanguage\":\"fr-FR\"},{\"@type\":\"ImageObject\",\"inLanguage\":\"fr-FR\",\"@id\":\"https:\/\/www.interbox.ch\/marinas\/fr\/pontili-galleggianti\/pontili-sport\/#primaryimage\",\"url\":\"https:\/\/www.interbox.ch\/marinas\/wp-content\/uploads\/2022\/05\/martSport_3.png\",\"contentUrl\":\"https:\/\/www.interbox.ch\/marinas\/wp-content\/uploads\/2022\/05\/martSport_3.png\",\"width\":1024,\"height\":399},{\"@type\":\"WebPage\",\"@id\":\"https:\/\/www.interbox.ch\/marinas\/fr\/pontili-galleggianti\/pontili-sport\/#webpage\",\"url\":\"https:\/\/www.interbox.ch\/marinas\/fr\/pontili-galleggianti\/pontili-sport\/\",\"name\":\"Pontons Sport - Interbox Marinas\",\"isPartOf\":{\"@id\":\"https:\/\/www.interbox.ch\/marinas\/fr\/#website\"},\"primaryImageOfPage\":{\"@id\":\"https:\/\/www.interbox.ch\/marinas\/fr\/pontili-galleggianti\/pontili-sport\/#primaryimage\"},\"datePublished\":\"2023-07-10T07:24:57+00:00\",\"dateModified\":\"2024-05-16T09:40:54+00:00\",\"breadcrumb\":{\"@id\":\"https:\/\/www.interbox.ch\/marinas\/fr\/pontili-galleggianti\/pontili-sport\/#breadcrumb\"},\"inLanguage\":\"fr-FR\",\"potentialAction\":[{\"@type\":\"ReadAction\",\"target\":[\"https:\/\/www.interbox.ch\/marinas\/fr\/pontili-galleggianti\/pontili-sport\/\"]}]},{\"@type\":\"BreadcrumbList\",\"@id\":\"https:\/\/www.interbox.ch\/marinas\/fr\/pontili-galleggianti\/pontili-sport\/#breadcrumb\",\"itemListElement\":[{\"@type\":\"ListItem\",\"position\":1,\"name\":\"Home\",\"item\":\"https:\/\/www.interbox.ch\/marinas\/fr\/\"},{\"@type\":\"ListItem\",\"position\":2,\"name\":\"Pontons flottants\",\"item\":\"https:\/\/www.interbox.ch\/marinas\/fr\/pontili-galleggianti\/\"},{\"@type\":\"ListItem\",\"position\":3,\"name\":\"Pontons Sport\"}]}]}<\/script>\n<!-- \/ Yoast SEO plugin. -->","yoast_head_json":{"title":"Pontons Sport - Interbox Marinas","robots":{"index":"index","follow":"follow","max-snippet":"max-snippet:-1","max-image-preview":"max-image-preview:large","max-video-preview":"max-video-preview:-1"},"canonical":"https:\/\/www.interbox.ch\/marinas\/fr\/pontili-galleggianti\/pontili-sport\/","og_locale":"fr_FR","og_type":"article","og_title":"Pontons Sport - Interbox Marinas","og_description":"Caratterizzati dal limitato affioramento, questi pontili sono appositamente pensati per l\u2019accosto delle imbarcazioni da canottaggio.","og_url":"https:\/\/www.interbox.ch\/marinas\/fr\/pontili-galleggianti\/pontili-sport\/","og_site_name":"Interbox Marinas","article_modified_time":"2024-05-16T09:40:54+00:00","og_image":[{"width":1024,"height":399,"url":"https:\/\/www.interbox.ch\/marinas\/wp-content\/uploads\/2022\/05\/martSport_3.png","type":"image\/png"}],"author":"immagine23","twitter_card":"summary_large_image","twitter_misc":{"Dur\u00e9e de lecture estim\u00e9e":"6 minutes"},"schema":{"@context":"https:\/\/schema.org","@graph":[{"@type":"WebSite","@id":"https:\/\/www.interbox.ch\/marinas\/fr\/#website","url":"https:\/\/www.interbox.ch\/marinas\/fr\/","name":"Interbox Marinas","description":"Divisione Marinas","potentialAction":[{"@type":"SearchAction","target":{"@type":"EntryPoint","urlTemplate":"https:\/\/www.interbox.ch\/marinas\/fr\/?s={search_term_string}"},"query-input":"required name=search_term_string"}],"inLanguage":"fr-FR"},{"@type":"ImageObject","inLanguage":"fr-FR","@id":"https:\/\/www.interbox.ch\/marinas\/fr\/pontili-galleggianti\/pontili-sport\/#primaryimage","url":"https:\/\/www.interbox.ch\/marinas\/wp-content\/uploads\/2022\/05\/martSport_3.png","contentUrl":"https:\/\/www.interbox.ch\/marinas\/wp-content\/uploads\/2022\/05\/martSport_3.png","width":1024,"height":399},{"@type":"WebPage","@id":"https:\/\/www.interbox.ch\/marinas\/fr\/pontili-galleggianti\/pontili-sport\/#webpage","url":"https:\/\/www.interbox.ch\/marinas\/fr\/pontili-galleggianti\/pontili-sport\/","name":"Pontons Sport - Interbox Marinas","isPartOf":{"@id":"https:\/\/www.interbox.ch\/marinas\/fr\/#website"},"primaryImageOfPage":{"@id":"https:\/\/www.interbox.ch\/marinas\/fr\/pontili-galleggianti\/pontili-sport\/#primaryimage"},"datePublished":"2023-07-10T07:24:57+00:00","dateModified":"2024-05-16T09:40:54+00:00","breadcrumb":{"@id":"https:\/\/www.interbox.ch\/marinas\/fr\/pontili-galleggianti\/pontili-sport\/#breadcrumb"},"inLanguage":"fr-FR","potentialAction":[{"@type":"ReadAction","target":["https:\/\/www.interbox.ch\/marinas\/fr\/pontili-galleggianti\/pontili-sport\/"]}]},{"@type":"BreadcrumbList","@id":"https:\/\/www.interbox.ch\/marinas\/fr\/pontili-galleggianti\/pontili-sport\/#breadcrumb","itemListElement":[{"@type":"ListItem","position":1,"name":"Home","item":"https:\/\/www.interbox.ch\/marinas\/fr\/"},{"@type":"ListItem","position":2,"name":"Pontons flottants","item":"https:\/\/www.interbox.ch\/marinas\/fr\/pontili-galleggianti\/"},{"@type":"ListItem","position":3,"name":"Pontons Sport"}]}]}},"_links":{"self":[{"href":"https:\/\/www.interbox.ch\/marinas\/fr\/wp-json\/wp\/v2\/pages\/2321","targetHints":{"allow":["GET"]}}],"collection":[{"href":"https:\/\/www.interbox.ch\/marinas\/fr\/wp-json\/wp\/v2\/pages"}],"about":[{"href":"https:\/\/www.interbox.ch\/marinas\/fr\/wp-json\/wp\/v2\/types\/page"}],"author":[{"embeddable":true,"href":"https:\/\/www.interbox.ch\/marinas\/fr\/wp-json\/wp\/v2\/users\/1"}],"replies":[{"embeddable":true,"href":"https:\/\/www.interbox.ch\/marinas\/fr\/wp-json\/wp\/v2\/comments?post=2321"}],"version-history":[{"count":5,"href":"https:\/\/www.interbox.ch\/marinas\/fr\/wp-json\/wp\/v2\/pages\/2321\/revisions"}],"predecessor-version":[{"id":2782,"href":"https:\/\/www.interbox.ch\/marinas\/fr\/wp-json\/wp\/v2\/pages\/2321\/revisions\/2782"}],"up":[{"embeddable":true,"href":"https:\/\/www.interbox.ch\/marinas\/fr\/wp-json\/wp\/v2\/pages\/2318"}],"wp:featuredmedia":[{"embeddable":true,"href":"https:\/\/www.interbox.ch\/marinas\/fr\/wp-json\/wp\/v2\/media\/1774"}],"wp:attachment":[{"href":"https:\/\/www.interbox.ch\/marinas\/fr\/wp-json\/wp\/v2\/media?parent=2321"}],"curies":[{"name":"wp","href":"https:\/\/api.w.org\/{rel}","templated":true}]}}