{"id":1176,"date":"2022-11-09T14:18:32","date_gmt":"2022-11-09T13:18:32","guid":{"rendered":"https:\/\/www.interbox.ch\/marinas\/en\/?page_id=1176"},"modified":"2022-11-09T14:18:32","modified_gmt":"2022-11-09T13:18:32","slug":"cookie-policy","status":"publish","type":"page","link":"https:\/\/www.interbox.ch\/marinas\/en\/cookie-policy\/","title":{"rendered":"Cookie Policy"},"content":{"rendered":"<p>[vc_row][vc_column][vc_column_text]<strong>COOKIE POLICY &#8211; Informativa estesa sui cookie <\/strong><\/p>\n<p><strong>Cosa sono i cookie <\/strong><br \/>\nI cookie sono piccoli file di testo che i siti visitati dagli utenti inviano ai loro terminali, ove vengono memorizzati per essere poi ritrasmessi agli stessi siti alla visita successiva. I cookie delle c.d. &#8220;terze parti&#8221; vengono, invece, impostati da un sito web diverso da quello che l\u00b4utente sta visitando. Questo perch\u00e9 su ogni sito possono essere presenti elementi (immagini, mappe, suoni, specifici link a pagine web di altri domini, ecc.) che risiedono su server diversi da quello del sito visitato. I cookie sono usati per differenti finalit\u00e0: esecuzione di autenticazioni informatiche, monitoraggio di sessioni, memorizzazione di informazioni su specifiche configurazioni riguardanti gli utenti che accedono al server, memorizzazione delle preferenze, ecc. \u00a0\u00a0Di seguito troverai tutte le informazioni sui cookie installati attraverso questo sito, e le indicazioni necessarie su come gestire le tue preferenze riguardo ad essi.<\/p>\n<p>Per maggiori informazioni sui cookie e sulle loro funzioni generali, visita un sito Web informativo come <a href=\"http:\/\/www.allaboutcookies.org\/\">allaboutcookies.org<\/a><\/p>\n<p><strong>Esempi di altre tecnologie:<\/strong><\/p>\n<p><strong>Localstorage <\/strong><br \/>\n\u00e8 una tecnologia utilizzata per ottimizzare la navigazione, che non raccoglie dati sulle preferenze manifestate dall\u2019utente (p.es. memorizza un codice che identifica la sessione dell\u2019utente dopo il login, per evitare che l\u2019utente debba inserire username e password in ogni pagina del profilo nell\u2019accesso alle aree riservate<\/p>\n<p><strong>Tracking pixel<\/strong><br \/>\n\u201cCodice di tracciamento\u201d o \u201ccodice di monitoraggio\u201d, \u00e8 per l\u2019appunto una piccola porzione di codice che viene rilasciata da alcuni sistemi con lo scopo di essere implementato in altri per tracciare alcuni dati relativi all\u2019utente e alla sua sessione di navigazione o di apertura delle email, in maniera totalmente trasparente all\u2019utente stesso. I dati che vengono tracciati possono essere i pi\u00f9 diversi, come il giorno e l\u2019ora, la posizione geografica, il tipo di dispositivo adottato per la navigazione, fino ad arrivare nei pixel di tracking pi\u00f9 complessi a monitorare il valore speso per un ordine di acquisto ed altre informazioni utili per i reparti marketing delle aziende che li utilizzano.<\/p>\n<p><strong>Plugin<\/strong><br \/>\n\u00e8 un programma che interagisce con un altro programma per ampliarne o estenderne le funzionalit\u00e0 originarie. I plugin maggiormente utilizzati sono quelli dei social network, che permettono p.es. all\u2019utente seguire con un click una pagina o un profilo social, di indicare con un click che ha gradito un contenuto web e di condividerlo sul proprio profilo social network, ecc.<\/p>\n<p><strong>Widget<\/strong><br \/>\n\u00e8 un componente grafico di interfaccia utente di un programma, che ha lo scopo di facilitare all&#8217;utente l&#8217;interazione con il programma stesso. I widget maggiormente utilizzati sono quelli dei social network, che permettono agli utenti di aprire in modo agevole in una finestra separata del browser i social network.<\/p>\n<p>Questi servizi permettono di effettuare interazioni con i social network, o con altre piattaforme esterne, direttamente dalle pagine di un sito. Le interazioni e le informazioni eventualmente acquisite dal sito sono soggette alle impostazioni privacy del terzo che ha creato le tecnologie suddette. Per ricevere informazioni dettagliate ai sensi dell\u2019art. 13 Regolamento (UE) 2016\/679 in merito all\u2019utilizzo dei dati personali trattati quando usufruisci di queste tecnologie, ti invitiamo a visitare i siti internet dei terzi gestori delle suddette tecnologie.<\/p>\n<p><strong>Ricordati che puoi gestire le tue preferenze sui cookie anche attraverso il browser <\/strong><br \/>\nSe non conosci il tipo e la versione di browser che stai utilizzando, clicca su \u201cAiuto\u201d nella finestra del browser in alto, da cui puoi accedere a tutte le informazioni necessarie.\u00a0 Se invece conosci il tuo browser clicca su quello che stai utilizzando per accedere alla pagina di gestione dei cookie.\u00a0 Gli Utenti possono, per esempio, trovare informazioni su come gestire i Cookie in alcuni dei browser pi\u00f9 diffusi ai seguenti indirizzi:<\/p>\n<ul>\n<li><a href=\"https:\/\/support.google.com\/chrome\/answer\/95647?hl=it&amp;p=cpn_cookies\">Google Chrome<\/a><\/li>\n<li><a href=\"https:\/\/support.mozilla.org\/it\/kb\/Attivare%20e%20disattivare%20i%20cookie\">Mozilla Firefox<\/a><\/li>\n<li><a href=\"https:\/\/support.apple.com\/it-it\/guide\/safari\/manage-cookies-and-website-data-sfri11471\/\">Apple Safari<\/a><\/li>\n<li><a href=\"http:\/\/windows.microsoft.com\/it-it\/windows-vista\/block-or-allow-cookies\">Microsoft Internet Explorer<\/a><\/li>\n<li><a href=\"https:\/\/support.microsoft.com\/it-it\/help\/4027947\">Microsoft Edge<\/a><\/li>\n<li><a href=\"https:\/\/support.brave.com\/hc\/articles\/360022806212-How-do-I-use-Shields-while-browsing\">Brave<\/a><\/li>\n<li><a href=\"https:\/\/help.opera.com\/latest\/web-preferences\/#cookies\">Opera<\/a><\/li>\n<\/ul>\n<p>Per maggiori informazioni, visita la pagina <a href=\"http:\/\/www.youronlinechoices.eu\">www.youronlinechoices.eu<\/a><\/p>\n<p><strong>Cookie utilizzati da questo sito<\/strong><br \/>\nL\u2019utilizzo di cookie da parte del titolare di questo sito, <strong>Interbox Marinas<\/strong>, con sede in Via Centro Ind. Europeo, 43, 22078 Turate (CO), in persona del legale rappresentante pro-tempore. Tel. +39 02-96394208, <a href=\"mailto:info@interbox.ch\">info@interbox.ch<\/a> si inquadra nella Privacy Policy dello stesso; per tutte le informazioni richieste dall\u2019art. 13 Regolamento UE 2016\/679 \u2013 GDPR <a href=\"https:\/\/www.www.interbox.ch\/contenitori\/privacy-policy\/\" target=\"_blank\" rel=\"noopener\"><u>clicca qui. <\/u><\/a><\/p>\n<p><strong>\u00a0<\/strong>La chiusura del banner mediante selezione dell\u2019apposito comando dalla X posta al suo interno, in alto a destra, o attraverso il comando NEGA) comporta il permanere delle impostazioni di default e dunque la continuazione della navigazione <em>in assenza<\/em> di cookie o altri strumenti di tracciamento diversi da quelli tecnici.<\/p>\n<p><strong>Cookie tecnici che non richiedono consenso: <\/strong><br \/>\nCookie relativi ad attivit\u00e0 strettamente necessarie al funzionamento del sito e all\u2019erogazione del servizio<\/p>\n<table class=\"tabella-privacy\" style=\"border-collapse: collapse;\" border=\"1\" width=\"100%\">\n<tbody>\n<tr>\n<td><strong><em>Nome<\/em><\/strong><\/td>\n<td><strong><em>Fornitore<\/em><\/strong><\/td>\n<td><strong><em>Scopo<\/em><\/strong><\/td>\n<td><strong><em>Scadenza<\/em><\/strong><\/td>\n<td><strong><em>Tipo<\/em><\/strong><\/td>\n<\/tr>\n<tr class=\"alt-table-row\">\n<td>Esempio: Cookie Consent invio richieste di contatto, informazioni, tramite la compilazione del form presente nella sezione \u201ccontatti\u201d e nella sezione \u201crichiedi il nostro catalogo\u201d<\/td>\n<td><\/td>\n<td>Memorizza lo stato del consenso ai cookie dell&#8217;utente per il dominio corrente<\/td>\n<td>1 anno<\/td>\n<td>HTTP Cookie<\/td>\n<\/tr>\n<tr class=\"alt-table-row\">\n<td><\/td>\n<td>Nome fornitore e link Privacy policy e modulo di consenso del fornitore<\/td>\n<td><\/td>\n<td><\/td>\n<\/tr>\n<tr class=\"alt-table-row\">\n<td><\/td>\n<td>Nome fornitore e link Privacy policy e modulo di consenso del fornitore<\/td>\n<td><\/td>\n<td><\/td>\n<\/tr>\n<\/tbody>\n<\/table>\n<p><strong>Cookie relativi ad attivit\u00e0 di salvataggio delle preferenze e ottimizzazione: <\/strong><\/p>\n<table class=\"tabella-privacy\" style=\"border-collapse: collapse;\" border=\"1\" width=\"100%\">\n<tbody>\n<tr>\n<td><strong><em>Nome<\/em><\/strong><\/td>\n<td><strong><em>Fornitore<\/em><\/strong><\/td>\n<td><strong><em>Scopo<\/em><\/strong><\/td>\n<td><strong><em>Scadenza<\/em><\/strong><\/td>\n<td><strong><em>Tipo<\/em><\/strong><\/td>\n<\/tr>\n<tr class=\"alt-table-row\">\n<td><\/td>\n<td>Nome fornitore e link Privacy policy e modulo di consenso del fornitore<\/td>\n<td><\/td>\n<td><\/td>\n<\/tr>\n<\/tbody>\n<\/table>\n<p><strong>Cookie di statistica (equiparati tecnici) utilizzati per raccogliere informazioni in forma aggregata: <\/strong><br \/>\nIl sito utilizza inoltre cookie di statistica di Terze Parti (_________________) per raccogliere informazioni in forma aggregata, impostato come cookie tecnico ossia senza tracciamento dell\u2019IP dell\u2019Utente (dati utente non profilati a livello di IP) e senza condivisione dei dati con la Terza Parte.<br \/>\nAccesso alle informazioni della Terza Parte:<br \/>\nPrivacy Policy: <a href=\"http:\/\/www.google.com\/policies\/privacy\/\">http:\/\/www.google.com\/policies\/privacy\/<\/a><br \/>\nCookie Policy: <a href=\"https:\/\/developers.google.com\/analytics\/devguides\/collection\/analyticsjs\/cookie-usage\">https:\/\/developers.google.com\/analytics\/devguides\/collection\/analyticsjs\/cookie-usage<\/a><br \/>\nDisattivazione: <a href=\"https:\/\/tools.google.com\/dlpage\/gaoptout?hl=it\">https:\/\/tools.google.com\/dlpage\/gaoptout?hl=it<\/a><br \/>\nTutti i cookie tecnici non richiedono consenso, perci\u00f2 vengono installati automaticamente a seguito dell\u2019accesso al sito.<\/p>\n<p><strong>Cookie o altre tecnologie per cui \u00e8 richiesto il consenso <\/strong><br \/>\nTutti i cookie (o altre tecnologie), diversi da quelli tecnici sopra indicati vengono installati o attivati solo a seguito del <strong>consenso espresso <\/strong>dall\u2019utente la prima volta che visita il sito. Il consenso pu\u00f2 essere espresso in maniera generale, interagendo con il banner di informativa breve presente sulla pagina di approdo del sito, secondo le modalit\u00e0 indicate in tale banner; oppure pu\u00f2 essere fornito o negato in maniera selettiva, secondo le modalit\u00e0 indicate nel banner stesso. Di questo consenso viene tenuta traccia in occasione delle visite successive. Hai sempre la possibilit\u00e0 di revocare in tutto o in parte il consenso gi\u00e0 espresso.<\/p>\n<p><strong>\u00a0<\/strong><strong>Cookie o altre tecnologie gestiti da terze parti<\/strong><br \/>\nAttraverso questo sito vengono installati anche cookie o altre tecnologie gestiti da terze parti. Troverai di seguito alcune indicazioni, e un link alla privacy policy e al modulo di consenso di ciascuna di esse.<\/p>\n<table class=\"tabella-privacy\" style=\"border-collapse: collapse;\" border=\"1\" width=\"100%\">\n<tbody>\n<tr>\n<td><strong><em>Nome<\/em><\/strong><\/td>\n<td><strong><em>Terza parte<\/em><\/strong><\/td>\n<td><strong><em>Scopo<\/em><\/strong><\/td>\n<td><strong><em>Scadenza<\/em><\/strong><\/td>\n<td><strong><em>Tipo<\/em><\/strong><\/td>\n<\/tr>\n<tr class=\"alt-table-row\">\n<td><\/td>\n<td>Nome fornitore e link Privacy policy e modulo di consenso del fornitore<\/td>\n<td><\/td>\n<td><\/td>\n<\/tr>\n<\/tbody>\n<\/table>\n<p>Data di aggiornamento, 11\/07\/2022[\/vc_column_text][\/vc_column][\/vc_row]<\/p>\n","protected":false},"excerpt":{"rendered":"<p>[vc_row][vc_column][vc_column_text]COOKIE POLICY &#8211; Informativa estesa sui cookie Cosa sono i cookie I cookie sono piccoli file di testo che i siti visitati dagli utenti inviano ai loro terminali, ove vengono memorizzati per essere poi ritrasmessi agli stessi siti alla visita successiva. I cookie delle c.d. &#8220;terze parti&#8221; vengono, invece, impostati da un sito web diverso &hellip;<\/p>\n<p class=\"read-more\"> <a class=\"\" href=\"https:\/\/www.interbox.ch\/marinas\/en\/cookie-policy\/\"> <span class=\"screen-reader-text\">Cookie Policy<\/span> Read More &raquo;<\/a><\/p>\n","protected":false},"author":1,"featured_media":0,"parent":0,"menu_order":0,"comment_status":"closed","ping_status":"closed","template":"","meta":{"site-sidebar-layout":"no-sidebar","site-content-layout":"plain-container","ast-main-header-display":"","ast-hfb-above-header-display":"","ast-hfb-below-header-display":"","ast-hfb-mobile-header-display":"","site-post-title":"disabled","ast-breadcrumbs-content":"","ast-featured-img":"disabled","footer-sml-layout":"","theme-transparent-header-meta":"default","adv-header-id-meta":"","stick-header-meta":"","header-above-stick-meta":"","header-main-stick-meta":"","header-below-stick-meta":"","footnotes":""},"class_list":["post-1176","page","type-page","status-publish","hentry"],"yoast_head":"<!-- This site is optimized with the Yoast SEO plugin v19.2 - https:\/\/yoast.com\/wordpress\/plugins\/seo\/ -->\n<title>Cookie Policy - Interbox Marinas<\/title>\n<meta name=\"robots\" content=\"noindex, follow\" \/>\n<meta property=\"og:locale\" content=\"en_US\" \/>\n<meta property=\"og:type\" content=\"article\" \/>\n<meta property=\"og:title\" content=\"Cookie Policy - Interbox Marinas\" \/>\n<meta property=\"og:description\" content=\"[vc_row][vc_column][vc_column_text]COOKIE POLICY &#8211; Informativa estesa sui cookie Cosa sono i cookie I cookie sono piccoli file di testo che i siti visitati dagli utenti inviano ai loro terminali, ove vengono memorizzati per essere poi ritrasmessi agli stessi siti alla visita successiva. I cookie delle c.d. &#8220;terze parti&#8221; vengono, invece, impostati da un sito web diverso &hellip; Cookie Policy Read More &raquo;\" \/>\n<meta property=\"og:url\" content=\"https:\/\/www.interbox.ch\/marinas\/en\/cookie-policy\/\" \/>\n<meta property=\"og:site_name\" content=\"Interbox Marinas\" \/>\n<meta name=\"author\" content=\"immagine23\" \/>\n<meta name=\"twitter:card\" content=\"summary_large_image\" \/>\n<meta name=\"twitter:label1\" content=\"Est. reading time\" \/>\n\t<meta name=\"twitter:data1\" content=\"6 minutes\" \/>\n<script type=\"application\/ld+json\" class=\"yoast-schema-graph\">{\"@context\":\"https:\/\/schema.org\",\"@graph\":[{\"@type\":\"WebSite\",\"@id\":\"https:\/\/www.interbox.ch\/marinas\/en\/#website\",\"url\":\"https:\/\/www.interbox.ch\/marinas\/en\/\",\"name\":\"Interbox Marinas\",\"description\":\"Divisione Marinas\",\"potentialAction\":[{\"@type\":\"SearchAction\",\"target\":{\"@type\":\"EntryPoint\",\"urlTemplate\":\"https:\/\/www.interbox.ch\/marinas\/en\/?s={search_term_string}\"},\"query-input\":\"required name=search_term_string\"}],\"inLanguage\":\"en-US\"},{\"@type\":\"WebPage\",\"@id\":\"https:\/\/www.interbox.ch\/marinas\/en\/cookie-policy\/#webpage\",\"url\":\"https:\/\/www.interbox.ch\/marinas\/en\/cookie-policy\/\",\"name\":\"Cookie Policy - Interbox Marinas\",\"isPartOf\":{\"@id\":\"https:\/\/www.interbox.ch\/marinas\/en\/#website\"},\"datePublished\":\"2022-11-09T13:18:32+00:00\",\"dateModified\":\"2022-11-09T13:18:32+00:00\",\"breadcrumb\":{\"@id\":\"https:\/\/www.interbox.ch\/marinas\/en\/cookie-policy\/#breadcrumb\"},\"inLanguage\":\"en-US\",\"potentialAction\":[{\"@type\":\"ReadAction\",\"target\":[\"https:\/\/www.interbox.ch\/marinas\/en\/cookie-policy\/\"]}]},{\"@type\":\"BreadcrumbList\",\"@id\":\"https:\/\/www.interbox.ch\/marinas\/en\/cookie-policy\/#breadcrumb\",\"itemListElement\":[{\"@type\":\"ListItem\",\"position\":1,\"name\":\"Home\",\"item\":\"https:\/\/www.interbox.ch\/marinas\/en\/\"},{\"@type\":\"ListItem\",\"position\":2,\"name\":\"Cookie Policy\"}]}]}<\/script>\n<!-- \/ Yoast SEO plugin. -->","yoast_head_json":{"title":"Cookie Policy - Interbox Marinas","robots":{"index":"noindex","follow":"follow"},"og_locale":"en_US","og_type":"article","og_title":"Cookie Policy - Interbox Marinas","og_description":"[vc_row][vc_column][vc_column_text]COOKIE POLICY &#8211; Informativa estesa sui cookie Cosa sono i cookie I cookie sono piccoli file di testo che i siti visitati dagli utenti inviano ai loro terminali, ove vengono memorizzati per essere poi ritrasmessi agli stessi siti alla visita successiva. I cookie delle c.d. &#8220;terze parti&#8221; vengono, invece, impostati da un sito web diverso &hellip; Cookie Policy Read More &raquo;","og_url":"https:\/\/www.interbox.ch\/marinas\/en\/cookie-policy\/","og_site_name":"Interbox Marinas","author":"immagine23","twitter_card":"summary_large_image","twitter_misc":{"Est. reading time":"6 minutes"},"schema":{"@context":"https:\/\/schema.org","@graph":[{"@type":"WebSite","@id":"https:\/\/www.interbox.ch\/marinas\/en\/#website","url":"https:\/\/www.interbox.ch\/marinas\/en\/","name":"Interbox Marinas","description":"Divisione Marinas","potentialAction":[{"@type":"SearchAction","target":{"@type":"EntryPoint","urlTemplate":"https:\/\/www.interbox.ch\/marinas\/en\/?s={search_term_string}"},"query-input":"required name=search_term_string"}],"inLanguage":"en-US"},{"@type":"WebPage","@id":"https:\/\/www.interbox.ch\/marinas\/en\/cookie-policy\/#webpage","url":"https:\/\/www.interbox.ch\/marinas\/en\/cookie-policy\/","name":"Cookie Policy - Interbox Marinas","isPartOf":{"@id":"https:\/\/www.interbox.ch\/marinas\/en\/#website"},"datePublished":"2022-11-09T13:18:32+00:00","dateModified":"2022-11-09T13:18:32+00:00","breadcrumb":{"@id":"https:\/\/www.interbox.ch\/marinas\/en\/cookie-policy\/#breadcrumb"},"inLanguage":"en-US","potentialAction":[{"@type":"ReadAction","target":["https:\/\/www.interbox.ch\/marinas\/en\/cookie-policy\/"]}]},{"@type":"BreadcrumbList","@id":"https:\/\/www.interbox.ch\/marinas\/en\/cookie-policy\/#breadcrumb","itemListElement":[{"@type":"ListItem","position":1,"name":"Home","item":"https:\/\/www.interbox.ch\/marinas\/en\/"},{"@type":"ListItem","position":2,"name":"Cookie Policy"}]}]}},"_links":{"self":[{"href":"https:\/\/www.interbox.ch\/marinas\/en\/wp-json\/wp\/v2\/pages\/1176","targetHints":{"allow":["GET"]}}],"collection":[{"href":"https:\/\/www.interbox.ch\/marinas\/en\/wp-json\/wp\/v2\/pages"}],"about":[{"href":"https:\/\/www.interbox.ch\/marinas\/en\/wp-json\/wp\/v2\/types\/page"}],"author":[{"embeddable":true,"href":"https:\/\/www.interbox.ch\/marinas\/en\/wp-json\/wp\/v2\/users\/1"}],"replies":[{"embeddable":true,"href":"https:\/\/www.interbox.ch\/marinas\/en\/wp-json\/wp\/v2\/comments?post=1176"}],"version-history":[{"count":1,"href":"https:\/\/www.interbox.ch\/marinas\/en\/wp-json\/wp\/v2\/pages\/1176\/revisions"}],"predecessor-version":[{"id":1177,"href":"https:\/\/www.interbox.ch\/marinas\/en\/wp-json\/wp\/v2\/pages\/1176\/revisions\/1177"}],"wp:attachment":[{"href":"https:\/\/www.interbox.ch\/marinas\/en\/wp-json\/wp\/v2\/media?parent=1176"}],"curies":[{"name":"wp","href":"https:\/\/api.w.org\/{rel}","templated":true}]}}