{"id":2262,"date":"2023-07-03T16:35:16","date_gmt":"2023-07-03T14:35:16","guid":{"rendered":"https:\/\/www.interbox.ch\/marinas\/?page_id=2262"},"modified":"2023-10-03T14:37:11","modified_gmt":"2023-10-03T12:37:11","slug":"wer-wir-sind","status":"publish","type":"page","link":"https:\/\/www.interbox.ch\/marinas\/de\/wer-wir-sind\/","title":{"rendered":"Wer wir sind"},"content":{"rendered":"<p>[vc_row full_width=&#8220;stretch_row&#8220; el_class=&#8220;titolo bgBlue&#8220; css=&#8220;.vc_custom_1696335682728{margin-bottom: 0px !important;padding-bottom: 0px !important;background-position: center !important;background-repeat: no-repeat !important;background-size: cover !important;}&#8220;][vc_column css=&#8220;.vc_custom_1648135562101{margin-bottom: 0px !important;padding-bottom: 0px !important;}&#8220;][vc_column_text]<\/p>\n<h6>Interbox Marinas<\/h6>\n<h2>Zukunftsweisende L\u00f6sungen f\u00fcr einen sicheren Hafen seit 1974<\/h2>\n<p>[\/vc_column_text][\/vc_column][\/vc_row][vc_row content_placement=&#8220;middle&#8220;][vc_column width=&#8220;1\/2&#8243;][vc_single_image image=&#8220;2524&#8243; img_size=&#8220;medium&#8220; alignment=&#8220;center&#8220;][\/vc_column][vc_column width=&#8220;1\/2&#8243;][vc_column_text]<\/p>\n<h4>Wer sich f\u00fcr unsere Produkte entscheidet, vertraut auf ein Unternehmen mit 50 Jahren Erfahrung in der Entwicklung und Herstellung von Schwimmstegen und maritimer Ausr\u00fcstung.<\/h4>\n<p>[\/vc_column_text][vc_column_text]<strong>Interbox Marinas.<\/strong> Seit f\u00fcnfzig Jahren eine umfassende Vision des Hafensystems. Gestern wie heute eine gro\u00dfe Erfahrung in der Entwicklung und Herstellung von schwimmenden Pontons und allen f\u00fcr ein sicheres und effizientes Hafensystem erforderlichen Ausr\u00fcstungen. Und immer die F\u00e4higkeit, ma\u00dfgeschneiderte L\u00f6sungen f\u00fcr jedes Gew\u00e4sser, Meer, Fluss und See zu entwickeln. Technologie und Flexibilit\u00e4t. Sicherheit und Komfort. Das sind die Eckpunkte des Kompasses von <strong>Interbox Marinas.<\/strong> Dazu kommen eine angeborene Leidenschaft f\u00fcr das Segeln und ein Engagement f\u00fcr den Umweltschutz. Jedes Element ist darauf ausgerichtet, das empfindliche \u00d6kosystem und die Sch\u00f6nheit der Landschaft zu respektieren. Mit der F\u00e4higkeit, dem Kunden zuzuh\u00f6ren und ihm eine beratende Beziehung zu bieten, um auf dem Weg der Innovation zu bleiben.[\/vc_column_text][\/vc_column][\/vc_row]<\/p>\n","protected":false},"excerpt":{"rendered":"<p>[vc_row full_width=&#8220;stretch_row&#8220; el_class=&#8220;titolo bgBlue&#8220; css=&#8220;.vc_custom_1696335682728{margin-bottom: 0px !important;padding-bottom: 0px !important;background-position: center !important;background-repeat: no-repeat !important;background-size: cover !important;}&#8220;][vc_column css=&#8220;.vc_custom_1648135562101{margin-bottom: 0px !important;padding-bottom: 0px !important;}&#8220;][vc_column_text] Interbox Marinas Zukunftsweisende L\u00f6sungen f\u00fcr einen sicheren Hafen seit 1974 [\/vc_column_text][\/vc_column][\/vc_row][vc_row content_placement=&#8220;middle&#8220;][vc_column width=&#8220;1\/2&#8243;][vc_single_image image=&#8220;2524&#8243; img_size=&#8220;medium&#8220; alignment=&#8220;center&#8220;][\/vc_column][vc_column width=&#8220;1\/2&#8243;][vc_column_text] Wer sich f\u00fcr unsere Produkte entscheidet, vertraut auf ein Unternehmen mit 50 Jahren Erfahrung in der Entwicklung und &hellip;<\/p>\n<p class=\"read-more\"> <a class=\"\" href=\"https:\/\/www.interbox.ch\/marinas\/de\/wer-wir-sind\/\"> <span class=\"screen-reader-text\">Wer wir sind<\/span> Weiterlesen &raquo;<\/a><\/p>\n","protected":false},"author":1,"featured_media":0,"parent":0,"menu_order":0,"comment_status":"closed","ping_status":"closed","template":"","meta":{"site-sidebar-layout":"default","site-content-layout":"plain-container","ast-main-header-display":"","ast-hfb-above-header-display":"","ast-hfb-below-header-display":"","ast-hfb-mobile-header-display":"","site-post-title":"disabled","ast-breadcrumbs-content":"","ast-featured-img":"disabled","footer-sml-layout":"","theme-transparent-header-meta":"default","adv-header-id-meta":"","stick-header-meta":"","header-above-stick-meta":"","header-main-stick-meta":"","header-below-stick-meta":"","footnotes":""},"class_list":["post-2262","page","type-page","status-publish","hentry"],"yoast_head":"<!-- This site is optimized with the Yoast SEO plugin v19.2 - https:\/\/yoast.com\/wordpress\/plugins\/seo\/ -->\n<title>Wer wir sind - Interbox Marinas<\/title>\n<meta name=\"robots\" content=\"index, follow, max-snippet:-1, max-image-preview:large, max-video-preview:-1\" \/>\n<link rel=\"canonical\" href=\"https:\/\/www.interbox.ch\/marinas\/de\/wer-wir-sind\/\" \/>\n<meta property=\"og:locale\" content=\"de_DE\" \/>\n<meta property=\"og:type\" content=\"article\" \/>\n<meta property=\"og:title\" content=\"Wer wir sind - Interbox Marinas\" \/>\n<meta property=\"og:description\" content=\"[vc_row full_width=&#8220;stretch_row&#8220; el_class=&#8220;titolo bgBlue&#8220; css=&#8220;.vc_custom_1696335682728{margin-bottom: 0px !important;padding-bottom: 0px !important;background-position: center !important;background-repeat: no-repeat !important;background-size: cover !important;}&#8220;][vc_column css=&#8220;.vc_custom_1648135562101{margin-bottom: 0px !important;padding-bottom: 0px !important;}&#8220;][vc_column_text] Interbox Marinas Zukunftsweisende L\u00f6sungen f\u00fcr einen sicheren Hafen seit 1974 [\/vc_column_text][\/vc_column][\/vc_row][vc_row content_placement=&#8220;middle&#8220;][vc_column width=&#8220;1\/2&#8243;][vc_single_image image=&#8220;2524&#8243; img_size=&#8220;medium&#8220; alignment=&#8220;center&#8220;][\/vc_column][vc_column width=&#8220;1\/2&#8243;][vc_column_text] Wer sich f\u00fcr unsere Produkte entscheidet, vertraut auf ein Unternehmen mit 50 Jahren Erfahrung in der Entwicklung und &hellip; Wer wir sind Weiterlesen &raquo;\" \/>\n<meta property=\"og:url\" content=\"https:\/\/www.interbox.ch\/marinas\/de\/wer-wir-sind\/\" \/>\n<meta property=\"og:site_name\" content=\"Interbox Marinas\" \/>\n<meta property=\"article:modified_time\" content=\"2023-10-03T12:37:11+00:00\" \/>\n<meta name=\"author\" content=\"immagine23\" \/>\n<meta name=\"twitter:card\" content=\"summary_large_image\" \/>\n<meta name=\"twitter:label1\" content=\"Gesch\u00e4tzte Lesezeit\" \/>\n\t<meta name=\"twitter:data1\" content=\"1\u00a0Minute\" \/>\n<script type=\"application\/ld+json\" class=\"yoast-schema-graph\">{\"@context\":\"https:\/\/schema.org\",\"@graph\":[{\"@type\":\"WebSite\",\"@id\":\"https:\/\/www.interbox.ch\/marinas\/de\/#website\",\"url\":\"https:\/\/www.interbox.ch\/marinas\/de\/\",\"name\":\"Interbox Marinas\",\"description\":\"Divisione Marinas\",\"potentialAction\":[{\"@type\":\"SearchAction\",\"target\":{\"@type\":\"EntryPoint\",\"urlTemplate\":\"https:\/\/www.interbox.ch\/marinas\/de\/?s={search_term_string}\"},\"query-input\":\"required name=search_term_string\"}],\"inLanguage\":\"de\"},{\"@type\":\"WebPage\",\"@id\":\"https:\/\/www.interbox.ch\/marinas\/de\/wer-wir-sind\/#webpage\",\"url\":\"https:\/\/www.interbox.ch\/marinas\/de\/wer-wir-sind\/\",\"name\":\"Wer wir sind - Interbox Marinas\",\"isPartOf\":{\"@id\":\"https:\/\/www.interbox.ch\/marinas\/de\/#website\"},\"datePublished\":\"2023-07-03T14:35:16+00:00\",\"dateModified\":\"2023-10-03T12:37:11+00:00\",\"breadcrumb\":{\"@id\":\"https:\/\/www.interbox.ch\/marinas\/de\/wer-wir-sind\/#breadcrumb\"},\"inLanguage\":\"de\",\"potentialAction\":[{\"@type\":\"ReadAction\",\"target\":[\"https:\/\/www.interbox.ch\/marinas\/de\/wer-wir-sind\/\"]}]},{\"@type\":\"BreadcrumbList\",\"@id\":\"https:\/\/www.interbox.ch\/marinas\/de\/wer-wir-sind\/#breadcrumb\",\"itemListElement\":[{\"@type\":\"ListItem\",\"position\":1,\"name\":\"Home\",\"item\":\"https:\/\/www.interbox.ch\/marinas\/de\/\"},{\"@type\":\"ListItem\",\"position\":2,\"name\":\"Wer wir sind\"}]}]}<\/script>\n<!-- \/ Yoast SEO plugin. -->","yoast_head_json":{"title":"Wer wir sind - Interbox Marinas","robots":{"index":"index","follow":"follow","max-snippet":"max-snippet:-1","max-image-preview":"max-image-preview:large","max-video-preview":"max-video-preview:-1"},"canonical":"https:\/\/www.interbox.ch\/marinas\/de\/wer-wir-sind\/","og_locale":"de_DE","og_type":"article","og_title":"Wer wir sind - Interbox Marinas","og_description":"[vc_row full_width=&#8220;stretch_row&#8220; el_class=&#8220;titolo bgBlue&#8220; css=&#8220;.vc_custom_1696335682728{margin-bottom: 0px !important;padding-bottom: 0px !important;background-position: center !important;background-repeat: no-repeat !important;background-size: cover !important;}&#8220;][vc_column css=&#8220;.vc_custom_1648135562101{margin-bottom: 0px !important;padding-bottom: 0px !important;}&#8220;][vc_column_text] Interbox Marinas Zukunftsweisende L\u00f6sungen f\u00fcr einen sicheren Hafen seit 1974 [\/vc_column_text][\/vc_column][\/vc_row][vc_row content_placement=&#8220;middle&#8220;][vc_column width=&#8220;1\/2&#8243;][vc_single_image image=&#8220;2524&#8243; img_size=&#8220;medium&#8220; alignment=&#8220;center&#8220;][\/vc_column][vc_column width=&#8220;1\/2&#8243;][vc_column_text] Wer sich f\u00fcr unsere Produkte entscheidet, vertraut auf ein Unternehmen mit 50 Jahren Erfahrung in der Entwicklung und &hellip; Wer wir sind Weiterlesen &raquo;","og_url":"https:\/\/www.interbox.ch\/marinas\/de\/wer-wir-sind\/","og_site_name":"Interbox Marinas","article_modified_time":"2023-10-03T12:37:11+00:00","author":"immagine23","twitter_card":"summary_large_image","twitter_misc":{"Gesch\u00e4tzte Lesezeit":"1\u00a0Minute"},"schema":{"@context":"https:\/\/schema.org","@graph":[{"@type":"WebSite","@id":"https:\/\/www.interbox.ch\/marinas\/de\/#website","url":"https:\/\/www.interbox.ch\/marinas\/de\/","name":"Interbox Marinas","description":"Divisione Marinas","potentialAction":[{"@type":"SearchAction","target":{"@type":"EntryPoint","urlTemplate":"https:\/\/www.interbox.ch\/marinas\/de\/?s={search_term_string}"},"query-input":"required name=search_term_string"}],"inLanguage":"de"},{"@type":"WebPage","@id":"https:\/\/www.interbox.ch\/marinas\/de\/wer-wir-sind\/#webpage","url":"https:\/\/www.interbox.ch\/marinas\/de\/wer-wir-sind\/","name":"Wer wir sind - Interbox Marinas","isPartOf":{"@id":"https:\/\/www.interbox.ch\/marinas\/de\/#website"},"datePublished":"2023-07-03T14:35:16+00:00","dateModified":"2023-10-03T12:37:11+00:00","breadcrumb":{"@id":"https:\/\/www.interbox.ch\/marinas\/de\/wer-wir-sind\/#breadcrumb"},"inLanguage":"de","potentialAction":[{"@type":"ReadAction","target":["https:\/\/www.interbox.ch\/marinas\/de\/wer-wir-sind\/"]}]},{"@type":"BreadcrumbList","@id":"https:\/\/www.interbox.ch\/marinas\/de\/wer-wir-sind\/#breadcrumb","itemListElement":[{"@type":"ListItem","position":1,"name":"Home","item":"https:\/\/www.interbox.ch\/marinas\/de\/"},{"@type":"ListItem","position":2,"name":"Wer wir sind"}]}]}},"_links":{"self":[{"href":"https:\/\/www.interbox.ch\/marinas\/de\/wp-json\/wp\/v2\/pages\/2262","targetHints":{"allow":["GET"]}}],"collection":[{"href":"https:\/\/www.interbox.ch\/marinas\/de\/wp-json\/wp\/v2\/pages"}],"about":[{"href":"https:\/\/www.interbox.ch\/marinas\/de\/wp-json\/wp\/v2\/types\/page"}],"author":[{"embeddable":true,"href":"https:\/\/www.interbox.ch\/marinas\/de\/wp-json\/wp\/v2\/users\/1"}],"replies":[{"embeddable":true,"href":"https:\/\/www.interbox.ch\/marinas\/de\/wp-json\/wp\/v2\/comments?post=2262"}],"version-history":[{"count":7,"href":"https:\/\/www.interbox.ch\/marinas\/de\/wp-json\/wp\/v2\/pages\/2262\/revisions"}],"predecessor-version":[{"id":2542,"href":"https:\/\/www.interbox.ch\/marinas\/de\/wp-json\/wp\/v2\/pages\/2262\/revisions\/2542"}],"wp:attachment":[{"href":"https:\/\/www.interbox.ch\/marinas\/de\/wp-json\/wp\/v2\/media?parent=2262"}],"curies":[{"name":"wp","href":"https:\/\/api.w.org\/{rel}","templated":true}]}}