{"id":2248,"date":"2023-07-03T15:30:35","date_gmt":"2023-07-03T13:30:35","guid":{"rendered":"https:\/\/www.interbox.ch\/marinas\/?page_id=2248"},"modified":"2024-05-16T11:52:39","modified_gmt":"2024-05-16T09:52:39","slug":"accessori","status":"publish","type":"page","link":"https:\/\/www.interbox.ch\/marinas\/de\/accessori\/","title":{"rendered":"Ausstattungselemente"},"content":{"rendered":"<p>[vc_row full_width=&#8220;stretch_row&#8220; el_class=&#8220;titolo bgBlue&#8220;][vc_column][vc_column_text]<\/p>\n<h2>AUSSTATTUNGSELEMENTE<\/h2>\n<p>[\/vc_column_text][\/vc_column][\/vc_row][vc_row][vc_column][vc_column_text]<\/p>\n<h4 style=\"text-align: center;\">Interbox Marinas bietet ein komplettes angebot an pontonzubeh\u00f6r.<\/h4>\n<p>&nbsp;<\/p>\n<p style=\"text-align: center;\">L\u00f6sungen, die Schwimmdocks noch besser ausgestattet, komfortabler und funktioneller machen.<br \/>\nDie in jahrelanger Arbeit gesammelte Erfahrung hat es erm\u00f6glicht, die verschiedenen Bed\u00fcrfnisse der Kunden zu studieren und hat zur Schaffung einer breiten Palette von Zubeh\u00f6r f\u00fcr Fahrsteige und Yachth\u00e4fen im Allgemeinen gef\u00fchrt.<br \/>\nJedes Element ist so konzipiert, dass es \u00fcberall in der Hafenumgebung maximale Effizienz und Sicherheit gew\u00e4hrleistet.<br \/>\nDie Materialien des schwimmenden Ponton-Zubeh\u00f6rs sind \u00e4u\u00dferst widerstandsf\u00e4hig und f\u00fcr eine jahrzehntelange Nutzung unter widrigen Wetterbedingungen ausgelegt.<\/p>\n<p>[\/vc_column_text][\/vc_column][\/vc_row][vc_row css=&#8220;.vc_custom_1653641202914{padding-top: 0px !important;padding-bottom: 0px !important;}&#8220;][vc_column][vc_btn title=&#8220;Informationen anfordern&#8220; style=&#8220;classic&#8220; shape=&#8220;square&#8220; color=&#8220;blue&#8220; align=&#8220;center&#8220; link=&#8220;url:%23info&#8220;][\/vc_column][\/vc_row][vc_row][vc_column][vc_column_text]<\/p>\n<h2 style=\"text-align: center;\">Breites angebot an zubeh\u00f6r<\/h2>\n<p>[\/vc_column_text][vc_row_inner][vc_column_inner width=&#8220;1\/2&#8243;][vc_single_image image=&#8220;773&#8243; img_size=&#8220;800&#215;500&#8243; alignment=&#8220;center&#8220;][vc_column_text]<\/p>\n<h5><strong>Notleiter<\/strong><\/h5>\n<p>Strukturiert, um den Ponton so frei wie m\u00f6glich zu halten.[\/vc_column_text][\/vc_column_inner][vc_column_inner width=&#8220;1\/2&#8243;][vc_empty_space height=&#8220;50px&#8220;][vc_single_image image=&#8220;460&#8243; img_size=&#8220;800&#215;500&#8243; alignment=&#8220;center&#8220;][vc_column_text]<\/p>\n<h5><strong>Signalleuchten<\/strong><\/h5>\n<p>N\u00fctzlich f\u00fcr die Signalisierung bei Nacht oder bei besonderen Wetterbedingungen. Ideal f\u00fcr Pontons, Bojen, Hafeneinfahrten und Hindernisse. Geringer Verbrauch und niedrige Spannung. Auch mit Solarstrom erh\u00e4ltlich.[\/vc_column_text][\/vc_column_inner][\/vc_row_inner][vc_row_inner][vc_column_inner width=&#8220;1\/2&#8243;][vc_single_image image=&#8220;450&#8243; img_size=&#8220;800&#215;500&#8243; alignment=&#8220;center&#8220;][vc_column_text]<\/p>\n<h5><strong>Gelenkscharniere<\/strong><\/h5>\n<p>Ausgestattet mit Polyamidlagern, die zwischen Bolzen und Scharnier eingef\u00fcgt sind, verhindern sie das Quietschen und erreichen eine hohe Druckfestigkeit und konstante Selbstschmierung.[\/vc_column_text][\/vc_column_inner][vc_column_inner width=&#8220;1\/2&#8243;][vc_empty_space height=&#8220;50px&#8220;][vc_single_image image=&#8220;451&#8243; img_size=&#8220;800&#215;500&#8243; alignment=&#8220;center&#8220;][vc_column_text]<\/p>\n<h5><strong>Elastische Kupplung<\/strong><\/h5>\n<p>Verbindung f\u00fcr Schwimmpontons mit speziellen Sprengringen.[\/vc_column_text][\/vc_column_inner][\/vc_row_inner][vc_row_inner][vc_column_inner width=&#8220;1\/2&#8243;][vc_single_image image=&#8220;446&#8243; img_size=&#8220;800&#215;500&#8243; alignment=&#8220;center&#8220;][vc_column_text]<\/p>\n<h5><strong>Roller<\/strong><\/h5>\n<p>Aus rostfreiem Stahl oder Gusseisen. Einschlie\u00dflich Befestigungssockel.[\/vc_column_text][\/vc_column_inner][vc_column_inner width=&#8220;1\/2&#8243;][vc_empty_space height=&#8220;50px&#8220;][vc_single_image image=&#8220;443&#8243; img_size=&#8220;800&#215;500&#8243; alignment=&#8220;center&#8220;][vc_column_text]<\/p>\n<h5><strong>Tore<\/strong><\/h5>\n<p>Es wurde entwickelt, um den Zugang zum Steg zu sch\u00fctzen und kann mit einem Schloss versehen werden. Gefertigt aus geschwei\u00dften Stahlprofilen und anschlie\u00dfend feuerverzinkt.[\/vc_column_text][\/vc_column_inner][\/vc_row_inner][vc_row_inner][vc_column_inner width=&#8220;1\/2&#8243;][vc_single_image image=&#8220;765&#8243; img_size=&#8220;800&#215;500&#8243; alignment=&#8220;center&#8220;][vc_column_text]<\/p>\n<h5><strong>Reling<\/strong><\/h5>\n<p>Sicherheitsstruktur f\u00fcr schwimmende Pontons, in der L\u00e4nge anpassbar.[\/vc_column_text][\/vc_column_inner][vc_column_inner width=&#8220;1\/2&#8243;][vc_empty_space height=&#8220;50px&#8220;][vc_single_image image=&#8220;767&#8243; img_size=&#8220;800&#215;500&#8243; alignment=&#8220;center&#8220;][vc_column_text]<\/p>\n<h5><strong>Versorgungsstation Elektro, Wasser, Beleuchtung und Feuerl\u00f6schs\u00e4ule, HDPE oder INOX<\/strong><\/h5>\n<p>Zur Installation auf Schwimmpontons oder Anlegestellen.[\/vc_column_text][\/vc_column_inner][\/vc_row_inner][vc_row_inner][vc_column_inner width=&#8220;1\/2&#8243;][vc_single_image image=&#8220;769&#8243; img_size=&#8220;800&#215;500&#8243; alignment=&#8220;center&#8220;][vc_column_text]<\/p>\n<h5><strong>Kr\u00e4ne f\u00fcr Behinderte <\/strong><\/h5>\n<p>Lift f\u00fcr einfachen Zugang zu den Booten.[\/vc_column_text][\/vc_column_inner][vc_column_inner width=&#8220;1\/2&#8243;][vc_empty_space height=&#8220;50px&#8220;][vc_single_image image=&#8220;771&#8243; img_size=&#8220;800&#215;500&#8243; alignment=&#8220;center&#8220;][vc_column_text]<\/p>\n<h5><strong>Blinkleuchten<\/strong><\/h5>\n<p>Netz- oder solarbetrieben, zur Installation auf Pontonk\u00f6pfen.[\/vc_column_text][\/vc_column_inner][\/vc_row_inner][vc_row_inner][vc_column_inner width=&#8220;1\/2&#8243;][vc_single_image image=&#8220;449&#8243; img_size=&#8220;800&#215;500&#8243; alignment=&#8220;center&#8220;][vc_column_text]<\/p>\n<h5><strong>Pavillon<\/strong><\/h5>\n<p>Ein praktisches Zubeh\u00f6r f\u00fcr Schwimmpontons: Es sch\u00fctzt Sie vor Sonne oder Regen, w\u00e4hrend Sie auf Ihr Boot warten.[\/vc_column_text][\/vc_column_inner][vc_column_inner width=&#8220;1\/2&#8243;][\/vc_column_inner][\/vc_row_inner][\/vc_column][\/vc_row]<\/p>\n","protected":false},"excerpt":{"rendered":"<p>[vc_row full_width=&#8220;stretch_row&#8220; el_class=&#8220;titolo bgBlue&#8220;][vc_column][vc_column_text] AUSSTATTUNGSELEMENTE [\/vc_column_text][\/vc_column][\/vc_row][vc_row][vc_column][vc_column_text] Interbox Marinas bietet ein komplettes angebot an pontonzubeh\u00f6r. &nbsp; L\u00f6sungen, die Schwimmdocks noch besser ausgestattet, komfortabler und funktioneller machen. Die in jahrelanger Arbeit gesammelte Erfahrung hat es erm\u00f6glicht, die verschiedenen Bed\u00fcrfnisse der Kunden zu studieren und hat zur Schaffung einer breiten Palette von Zubeh\u00f6r f\u00fcr Fahrsteige und Yachth\u00e4fen im &hellip;<\/p>\n<p class=\"read-more\"> <a class=\"\" href=\"https:\/\/www.interbox.ch\/marinas\/de\/accessori\/\"> <span class=\"screen-reader-text\">Ausstattungselemente<\/span> Weiterlesen &raquo;<\/a><\/p>\n","protected":false},"author":1,"featured_media":1811,"parent":0,"menu_order":0,"comment_status":"closed","ping_status":"closed","template":"","meta":{"site-sidebar-layout":"no-sidebar","site-content-layout":"plain-container","ast-main-header-display":"","ast-hfb-above-header-display":"","ast-hfb-below-header-display":"","ast-hfb-mobile-header-display":"","site-post-title":"disabled","ast-breadcrumbs-content":"","ast-featured-img":"disabled","footer-sml-layout":"","theme-transparent-header-meta":"default","adv-header-id-meta":"","stick-header-meta":"","header-above-stick-meta":"","header-main-stick-meta":"","header-below-stick-meta":"","footnotes":""},"class_list":["post-2248","page","type-page","status-publish","has-post-thumbnail","hentry"],"yoast_head":"<!-- This site is optimized with the Yoast SEO plugin v19.2 - https:\/\/yoast.com\/wordpress\/plugins\/seo\/ -->\n<title>Ausstattungselemente - Interbox Marinas<\/title>\n<meta name=\"robots\" content=\"index, follow, max-snippet:-1, max-image-preview:large, max-video-preview:-1\" \/>\n<link rel=\"canonical\" href=\"https:\/\/www.interbox.ch\/marinas\/de\/accessori\/\" \/>\n<meta property=\"og:locale\" content=\"de_DE\" \/>\n<meta property=\"og:type\" content=\"article\" \/>\n<meta property=\"og:title\" content=\"Ausstattungselemente - Interbox Marinas\" \/>\n<meta property=\"og:description\" content=\"[vc_row full_width=&#8220;stretch_row&#8220; el_class=&#8220;titolo bgBlue&#8220;][vc_column][vc_column_text] AUSSTATTUNGSELEMENTE [\/vc_column_text][\/vc_column][\/vc_row][vc_row][vc_column][vc_column_text] Interbox Marinas bietet ein komplettes angebot an pontonzubeh\u00f6r. &nbsp; L\u00f6sungen, die Schwimmdocks noch besser ausgestattet, komfortabler und funktioneller machen. Die in jahrelanger Arbeit gesammelte Erfahrung hat es erm\u00f6glicht, die verschiedenen Bed\u00fcrfnisse der Kunden zu studieren und hat zur Schaffung einer breiten Palette von Zubeh\u00f6r f\u00fcr Fahrsteige und Yachth\u00e4fen im &hellip; Ausstattungselemente Weiterlesen &raquo;\" \/>\n<meta property=\"og:url\" content=\"https:\/\/www.interbox.ch\/marinas\/de\/accessori\/\" \/>\n<meta property=\"og:site_name\" content=\"Interbox Marinas\" \/>\n<meta property=\"article:modified_time\" content=\"2024-05-16T09:52:39+00:00\" \/>\n<meta property=\"og:image\" content=\"https:\/\/www.interbox.ch\/marinas\/wp-content\/uploads\/2022\/05\/accessori.png\" \/>\n\t<meta property=\"og:image:width\" content=\"800\" \/>\n\t<meta property=\"og:image:height\" content=\"693\" \/>\n\t<meta property=\"og:image:type\" content=\"image\/png\" \/>\n<meta name=\"author\" content=\"immagine23\" \/>\n<meta name=\"twitter:card\" content=\"summary_large_image\" \/>\n<meta name=\"twitter:label1\" content=\"Gesch\u00e4tzte Lesezeit\" \/>\n\t<meta name=\"twitter:data1\" content=\"3\u00a0Minuten\" \/>\n<script type=\"application\/ld+json\" class=\"yoast-schema-graph\">{\"@context\":\"https:\/\/schema.org\",\"@graph\":[{\"@type\":\"WebSite\",\"@id\":\"https:\/\/www.interbox.ch\/marinas\/de\/#website\",\"url\":\"https:\/\/www.interbox.ch\/marinas\/de\/\",\"name\":\"Interbox Marinas\",\"description\":\"Divisione Marinas\",\"potentialAction\":[{\"@type\":\"SearchAction\",\"target\":{\"@type\":\"EntryPoint\",\"urlTemplate\":\"https:\/\/www.interbox.ch\/marinas\/de\/?s={search_term_string}\"},\"query-input\":\"required name=search_term_string\"}],\"inLanguage\":\"de\"},{\"@type\":\"ImageObject\",\"inLanguage\":\"de\",\"@id\":\"https:\/\/www.interbox.ch\/marinas\/de\/accessori\/#primaryimage\",\"url\":\"https:\/\/www.interbox.ch\/marinas\/wp-content\/uploads\/2022\/05\/accessori.png\",\"contentUrl\":\"https:\/\/www.interbox.ch\/marinas\/wp-content\/uploads\/2022\/05\/accessori.png\",\"width\":800,\"height\":693},{\"@type\":\"WebPage\",\"@id\":\"https:\/\/www.interbox.ch\/marinas\/de\/accessori\/#webpage\",\"url\":\"https:\/\/www.interbox.ch\/marinas\/de\/accessori\/\",\"name\":\"Ausstattungselemente - Interbox Marinas\",\"isPartOf\":{\"@id\":\"https:\/\/www.interbox.ch\/marinas\/de\/#website\"},\"primaryImageOfPage\":{\"@id\":\"https:\/\/www.interbox.ch\/marinas\/de\/accessori\/#primaryimage\"},\"datePublished\":\"2023-07-03T13:30:35+00:00\",\"dateModified\":\"2024-05-16T09:52:39+00:00\",\"breadcrumb\":{\"@id\":\"https:\/\/www.interbox.ch\/marinas\/de\/accessori\/#breadcrumb\"},\"inLanguage\":\"de\",\"potentialAction\":[{\"@type\":\"ReadAction\",\"target\":[\"https:\/\/www.interbox.ch\/marinas\/de\/accessori\/\"]}]},{\"@type\":\"BreadcrumbList\",\"@id\":\"https:\/\/www.interbox.ch\/marinas\/de\/accessori\/#breadcrumb\",\"itemListElement\":[{\"@type\":\"ListItem\",\"position\":1,\"name\":\"Home\",\"item\":\"https:\/\/www.interbox.ch\/marinas\/de\/\"},{\"@type\":\"ListItem\",\"position\":2,\"name\":\"Ausstattungselemente\"}]}]}<\/script>\n<!-- \/ Yoast SEO plugin. -->","yoast_head_json":{"title":"Ausstattungselemente - Interbox Marinas","robots":{"index":"index","follow":"follow","max-snippet":"max-snippet:-1","max-image-preview":"max-image-preview:large","max-video-preview":"max-video-preview:-1"},"canonical":"https:\/\/www.interbox.ch\/marinas\/de\/accessori\/","og_locale":"de_DE","og_type":"article","og_title":"Ausstattungselemente - Interbox Marinas","og_description":"[vc_row full_width=&#8220;stretch_row&#8220; el_class=&#8220;titolo bgBlue&#8220;][vc_column][vc_column_text] AUSSTATTUNGSELEMENTE [\/vc_column_text][\/vc_column][\/vc_row][vc_row][vc_column][vc_column_text] Interbox Marinas bietet ein komplettes angebot an pontonzubeh\u00f6r. &nbsp; L\u00f6sungen, die Schwimmdocks noch besser ausgestattet, komfortabler und funktioneller machen. Die in jahrelanger Arbeit gesammelte Erfahrung hat es erm\u00f6glicht, die verschiedenen Bed\u00fcrfnisse der Kunden zu studieren und hat zur Schaffung einer breiten Palette von Zubeh\u00f6r f\u00fcr Fahrsteige und Yachth\u00e4fen im &hellip; Ausstattungselemente Weiterlesen &raquo;","og_url":"https:\/\/www.interbox.ch\/marinas\/de\/accessori\/","og_site_name":"Interbox Marinas","article_modified_time":"2024-05-16T09:52:39+00:00","og_image":[{"width":800,"height":693,"url":"https:\/\/www.interbox.ch\/marinas\/wp-content\/uploads\/2022\/05\/accessori.png","type":"image\/png"}],"author":"immagine23","twitter_card":"summary_large_image","twitter_misc":{"Gesch\u00e4tzte Lesezeit":"3\u00a0Minuten"},"schema":{"@context":"https:\/\/schema.org","@graph":[{"@type":"WebSite","@id":"https:\/\/www.interbox.ch\/marinas\/de\/#website","url":"https:\/\/www.interbox.ch\/marinas\/de\/","name":"Interbox Marinas","description":"Divisione Marinas","potentialAction":[{"@type":"SearchAction","target":{"@type":"EntryPoint","urlTemplate":"https:\/\/www.interbox.ch\/marinas\/de\/?s={search_term_string}"},"query-input":"required name=search_term_string"}],"inLanguage":"de"},{"@type":"ImageObject","inLanguage":"de","@id":"https:\/\/www.interbox.ch\/marinas\/de\/accessori\/#primaryimage","url":"https:\/\/www.interbox.ch\/marinas\/wp-content\/uploads\/2022\/05\/accessori.png","contentUrl":"https:\/\/www.interbox.ch\/marinas\/wp-content\/uploads\/2022\/05\/accessori.png","width":800,"height":693},{"@type":"WebPage","@id":"https:\/\/www.interbox.ch\/marinas\/de\/accessori\/#webpage","url":"https:\/\/www.interbox.ch\/marinas\/de\/accessori\/","name":"Ausstattungselemente - Interbox Marinas","isPartOf":{"@id":"https:\/\/www.interbox.ch\/marinas\/de\/#website"},"primaryImageOfPage":{"@id":"https:\/\/www.interbox.ch\/marinas\/de\/accessori\/#primaryimage"},"datePublished":"2023-07-03T13:30:35+00:00","dateModified":"2024-05-16T09:52:39+00:00","breadcrumb":{"@id":"https:\/\/www.interbox.ch\/marinas\/de\/accessori\/#breadcrumb"},"inLanguage":"de","potentialAction":[{"@type":"ReadAction","target":["https:\/\/www.interbox.ch\/marinas\/de\/accessori\/"]}]},{"@type":"BreadcrumbList","@id":"https:\/\/www.interbox.ch\/marinas\/de\/accessori\/#breadcrumb","itemListElement":[{"@type":"ListItem","position":1,"name":"Home","item":"https:\/\/www.interbox.ch\/marinas\/de\/"},{"@type":"ListItem","position":2,"name":"Ausstattungselemente"}]}]}},"_links":{"self":[{"href":"https:\/\/www.interbox.ch\/marinas\/de\/wp-json\/wp\/v2\/pages\/2248","targetHints":{"allow":["GET"]}}],"collection":[{"href":"https:\/\/www.interbox.ch\/marinas\/de\/wp-json\/wp\/v2\/pages"}],"about":[{"href":"https:\/\/www.interbox.ch\/marinas\/de\/wp-json\/wp\/v2\/types\/page"}],"author":[{"embeddable":true,"href":"https:\/\/www.interbox.ch\/marinas\/de\/wp-json\/wp\/v2\/users\/1"}],"replies":[{"embeddable":true,"href":"https:\/\/www.interbox.ch\/marinas\/de\/wp-json\/wp\/v2\/comments?post=2248"}],"version-history":[{"count":8,"href":"https:\/\/www.interbox.ch\/marinas\/de\/wp-json\/wp\/v2\/pages\/2248\/revisions"}],"predecessor-version":[{"id":2793,"href":"https:\/\/www.interbox.ch\/marinas\/de\/wp-json\/wp\/v2\/pages\/2248\/revisions\/2793"}],"wp:featuredmedia":[{"embeddable":true,"href":"https:\/\/www.interbox.ch\/marinas\/de\/wp-json\/wp\/v2\/media\/1811"}],"wp:attachment":[{"href":"https:\/\/www.interbox.ch\/marinas\/de\/wp-json\/wp\/v2\/media?parent=2248"}],"curies":[{"name":"wp","href":"https:\/\/api.w.org\/{rel}","templated":true}]}}