{"id":2245,"date":"2023-07-03T15:02:51","date_gmt":"2023-07-03T13:02:51","guid":{"rendered":"https:\/\/www.interbox.ch\/marinas\/?page_id=2245"},"modified":"2024-05-16T11:52:08","modified_gmt":"2024-05-16T09:52:08","slug":"passerelle","status":"publish","type":"page","link":"https:\/\/www.interbox.ch\/marinas\/de\/passerelle\/","title":{"rendered":"Laufstege"},"content":{"rendered":"<p>[vc_row full_width=&#8220;stretch_row&#8220; el_class=&#8220;titolo bgBlue&#8220;][vc_column][vc_column_text]<\/p>\n<h2>LAUFSTEGE<\/h2>\n<p>[\/vc_column_text][\/vc_column][\/vc_row][vc_row][vc_column][vc_column_text]<\/p>\n<h4 style=\"text-align: center;\"><strong>Schwimmende stege<\/strong> sind f\u00fcr die verbindung von land mit schwimmenden systemen unerl\u00e4sslich.<\/h4>\n<p>&nbsp;<\/p>\n<p style=\"text-align: center;\">Diese Strukturen sind f\u00fcr Hafenr\u00e4ume konzipiert. Sie haben eine prim\u00e4re Funktion der Verbindung und eine ebenso wichtige sekund\u00e4re Funktion der Sicherheit.<\/p>\n<p style=\"text-align: center;\">Unterschiedliche Umwelt- und Nutzungsbedingungen beeinflussen die Wahl des am besten geeigneten Schwimmstegs.<br \/>\nInterbox Marinas kann dem Kunden mehrere L\u00f6sungen vorschlagen, die je nach Standort, Anlegebedingungen, Gezeitenunterschied, Meeresboden und Windst\u00e4rke zu bewerten sind.<\/p>\n<p>[\/vc_column_text][\/vc_column][\/vc_row][vc_row css=&#8220;.vc_custom_1653641202914{padding-top: 0px !important;padding-bottom: 0px !important;}&#8220;][vc_column][vc_btn title=&#8220;Informationen anfordern&#8220; style=&#8220;classic&#8220; shape=&#8220;square&#8220; color=&#8220;blue&#8220; align=&#8220;center&#8220; link=&#8220;url:%23info&#8220;][\/vc_column][\/vc_row][vc_row][vc_column][vc_column_text]<\/p>\n<h4 style=\"text-align: center;\">Selbsttragende und gelenkige laufstege<\/h4>\n<p style=\"text-align: center;\"><strong>Der selbsttragende<\/strong> Steg hat die gleiche Breite wie der Steg und es entsteht ein <strong>durchgehender<\/strong> Steg mit einer stufenlosen, barrierefreien Gehfl\u00e4che.<\/p>\n<p>[\/vc_column_text][\/vc_column][\/vc_row][vc_row full_width=&#8220;stretch_row_content&#8220; equal_height=&#8220;yes&#8220; content_placement=&#8220;middle&#8220; el_class=&#8220;bgBlue fullImg&#8220; css=&#8220;.vc_custom_1653636880832{padding-top: 0px !important;padding-right: 0px !important;padding-bottom: 0px !important;padding-left: 0px !important;}&#8220;][vc_column width=&#8220;1\/12&#8243; css=&#8220;.vc_custom_1647594906552{padding-top: 0px !important;padding-right: 0px !important;padding-bottom: 0px !important;padding-left: 0px !important;}&#8220; el_class=&#8220;col-md-2 col-md-push-6&#8243;][\/vc_column][vc_column width=&#8220;4\/12&#8243; el_class=&#8220;col-md-4 col-md-push-8&#8243;][vc_row_inner el_class=&#8220;bordBotBlue txtWithBorder&#8220;][vc_column_inner][vc_column_text]<\/p>\n<h2>Selbsttragende und gelenkige laufstege<\/h2>\n<p>[\/vc_column_text][\/vc_column_inner][\/vc_row_inner][vc_column_text]Das Angebot an Bootsstegen umfasst auch eine Version <strong>mit Gelenk und<\/strong> Handlaufr\u00e4dern.[\/vc_column_text][\/vc_column][vc_column width=&#8220;1\/12&#8243; el_class=&#8220;col-md-2 col-md-push-10&#8243;][\/vc_column][vc_column width=&#8220;1\/2&#8243; el_class=&#8220;col-md-2 col-md-pull-6&#8243; css=&#8220;.vc_custom_1647601637461{padding-top: 0px !important;padding-right: 0px !important;padding-bottom: 0px !important;padding-left: 0px !important;}&#8220;][vc_single_image image=&#8220;1302&#8243; img_size=&#8220;full&#8220; alignment=&#8220;center&#8220; css=&#8220;.vc_custom_1668096390799{margin-top: 0px !important;margin-right: 0px !important;margin-bottom: 0px !important;margin-left: 0px !important;padding-top: 0px !important;padding-right: 0px !important;padding-bottom: 0px !important;padding-left: 0px !important;}&#8220;][\/vc_column][\/vc_row][vc_row full_width=&#8220;stretch_row_content&#8220; equal_height=&#8220;yes&#8220; content_placement=&#8220;middle&#8220; el_class=&#8220;bgBlue fullImg&#8220; css=&#8220;.vc_custom_1647594253900{padding-top: 0px !important;padding-right: 0px !important;padding-bottom: 0px !important;padding-left: 0px !important;}&#8220;][vc_column width=&#8220;1\/12&#8243; css=&#8220;.vc_custom_1647601974664{padding-top: 0px !important;padding-right: 0px !important;padding-bottom: 0px !important;padding-left: 0px !important;}&#8220; el_class=&#8220;vc_col-sm-push-6&#8243;][\/vc_column][vc_column width=&#8220;4\/12&#8243; el_class=&#8220;vc_col-sm-push-6&#8243;][vc_column_text][\/vc_column_text][vc_column_text]Das <strong>Design und die Materialien<\/strong> werden sorgf\u00e4ltig gepr\u00fcft, um dem Kunden einen dauerhaften und wartungsarmen Gehweg zu garantieren.[\/vc_column_text][\/vc_column][vc_column width=&#8220;1\/12&#8243; el_class=&#8220;vc_col-sm-push-6&#8243;][\/vc_column][vc_column width=&#8220;1\/2&#8243; el_class=&#8220;vc_col-sm-pull-6&#8243; css=&#8220;.vc_custom_1647601991732{padding-top: 0px !important;padding-right: 0px !important;padding-bottom: 0px !important;padding-left: 0px !important;}&#8220;][vc_single_image image=&#8220;629&#8243; img_size=&#8220;full&#8220; alignment=&#8220;center&#8220; css=&#8220;.vc_custom_1653637700845{margin-top: 0px !important;margin-right: 0px !important;margin-bottom: 0px !important;margin-left: 0px !important;padding-top: 0px !important;padding-right: 0px !important;padding-bottom: 0px !important;padding-left: 0px !important;}&#8220;][\/vc_column][\/vc_row][vc_row full_width=&#8220;stretch_row_content&#8220; equal_height=&#8220;yes&#8220; content_placement=&#8220;middle&#8220; el_class=&#8220;bgBlue fullImg&#8220; css=&#8220;.vc_custom_1647594253900{padding-top: 0px !important;padding-right: 0px !important;padding-bottom: 0px !important;padding-left: 0px !important;}&#8220;][vc_column width=&#8220;1\/12&#8243; css=&#8220;.vc_custom_1647594906552{padding-top: 0px !important;padding-right: 0px !important;padding-bottom: 0px !important;padding-left: 0px !important;}&#8220; el_class=&#8220;col-md-2 col-md-push-6&#8243;][\/vc_column][vc_column width=&#8220;4\/12&#8243; el_class=&#8220;col-md-4 col-md-push-8&#8243;][vc_column_text]Das technische Fachwissen aus <a href=\"https:\/\/www.interbox.ch\/marinas\/de\/wer-wir-sind\/\" rel=\"noopener\"><strong> \u00fcber 45 Jahren <\/strong><\/a> Jahren Erfahrung gew\u00e4hrleistet eine hohe Qualit\u00e4t bei der Planung und der Endmontage von Gehwegen.[\/vc_column_text][\/vc_column][vc_column width=&#8220;1\/12&#8243; el_class=&#8220;col-md-2 col-md-push-10&#8243;][\/vc_column][vc_column width=&#8220;1\/2&#8243; el_class=&#8220;col-md-2 col-md-pull-6&#8243; css=&#8220;.vc_custom_1647601637461{padding-top: 0px !important;padding-right: 0px !important;padding-bottom: 0px !important;padding-left: 0px !important;}&#8220;][vc_single_image image=&#8220;631&#8243; img_size=&#8220;full&#8220; alignment=&#8220;center&#8220; css=&#8220;.vc_custom_1653637818847{margin-top: 0px !important;margin-right: 0px !important;margin-bottom: 0px !important;margin-left: 0px !important;padding-top: 0px !important;padding-right: 0px !important;padding-bottom: 0px !important;padding-left: 0px !important;}&#8220;][\/vc_column][\/vc_row]<\/p>\n","protected":false},"excerpt":{"rendered":"<p>[vc_row full_width=&#8220;stretch_row&#8220; el_class=&#8220;titolo bgBlue&#8220;][vc_column][vc_column_text] LAUFSTEGE [\/vc_column_text][\/vc_column][\/vc_row][vc_row][vc_column][vc_column_text] Schwimmende stege sind f\u00fcr die verbindung von land mit schwimmenden systemen unerl\u00e4sslich. &nbsp; Diese Strukturen sind f\u00fcr Hafenr\u00e4ume konzipiert. Sie haben eine prim\u00e4re Funktion der Verbindung und eine ebenso wichtige sekund\u00e4re Funktion der Sicherheit. Unterschiedliche Umwelt- und Nutzungsbedingungen beeinflussen die Wahl des am besten geeigneten Schwimmstegs. Interbox Marinas kann &hellip;<\/p>\n<p class=\"read-more\"> <a class=\"\" href=\"https:\/\/www.interbox.ch\/marinas\/de\/passerelle\/\"> <span class=\"screen-reader-text\">Laufstege<\/span> Weiterlesen &raquo;<\/a><\/p>\n","protected":false},"author":1,"featured_media":1808,"parent":0,"menu_order":0,"comment_status":"closed","ping_status":"closed","template":"","meta":{"site-sidebar-layout":"no-sidebar","site-content-layout":"plain-container","ast-main-header-display":"","ast-hfb-above-header-display":"","ast-hfb-below-header-display":"","ast-hfb-mobile-header-display":"","site-post-title":"disabled","ast-breadcrumbs-content":"","ast-featured-img":"disabled","footer-sml-layout":"","theme-transparent-header-meta":"default","adv-header-id-meta":"","stick-header-meta":"","header-above-stick-meta":"","header-main-stick-meta":"","header-below-stick-meta":"","footnotes":""},"class_list":["post-2245","page","type-page","status-publish","has-post-thumbnail","hentry"],"yoast_head":"<!-- This site is optimized with the Yoast SEO plugin v19.2 - https:\/\/yoast.com\/wordpress\/plugins\/seo\/ -->\n<title>Laufstege - Interbox Marinas<\/title>\n<meta name=\"robots\" content=\"index, follow, max-snippet:-1, max-image-preview:large, max-video-preview:-1\" \/>\n<link rel=\"canonical\" href=\"https:\/\/www.interbox.ch\/marinas\/de\/passerelle\/\" \/>\n<meta property=\"og:locale\" content=\"de_DE\" \/>\n<meta property=\"og:type\" content=\"article\" \/>\n<meta property=\"og:title\" content=\"Laufstege - Interbox Marinas\" \/>\n<meta property=\"og:description\" content=\"[vc_row full_width=&#8220;stretch_row&#8220; el_class=&#8220;titolo bgBlue&#8220;][vc_column][vc_column_text] LAUFSTEGE [\/vc_column_text][\/vc_column][\/vc_row][vc_row][vc_column][vc_column_text] Schwimmende stege sind f\u00fcr die verbindung von land mit schwimmenden systemen unerl\u00e4sslich. &nbsp; Diese Strukturen sind f\u00fcr Hafenr\u00e4ume konzipiert. Sie haben eine prim\u00e4re Funktion der Verbindung und eine ebenso wichtige sekund\u00e4re Funktion der Sicherheit. Unterschiedliche Umwelt- und Nutzungsbedingungen beeinflussen die Wahl des am besten geeigneten Schwimmstegs. Interbox Marinas kann &hellip; Laufstege Weiterlesen &raquo;\" \/>\n<meta property=\"og:url\" content=\"https:\/\/www.interbox.ch\/marinas\/de\/passerelle\/\" \/>\n<meta property=\"og:site_name\" content=\"Interbox Marinas\" \/>\n<meta property=\"article:modified_time\" content=\"2024-05-16T09:52:08+00:00\" \/>\n<meta property=\"og:image\" content=\"https:\/\/www.interbox.ch\/marinas\/wp-content\/uploads\/2022\/05\/passerelle.png\" \/>\n\t<meta property=\"og:image:width\" content=\"800\" \/>\n\t<meta property=\"og:image:height\" content=\"693\" \/>\n\t<meta property=\"og:image:type\" content=\"image\/png\" \/>\n<meta name=\"author\" content=\"immagine23\" \/>\n<meta name=\"twitter:card\" content=\"summary_large_image\" \/>\n<meta name=\"twitter:label1\" content=\"Gesch\u00e4tzte Lesezeit\" \/>\n\t<meta name=\"twitter:data1\" content=\"3\u00a0Minuten\" \/>\n<script type=\"application\/ld+json\" class=\"yoast-schema-graph\">{\"@context\":\"https:\/\/schema.org\",\"@graph\":[{\"@type\":\"WebSite\",\"@id\":\"https:\/\/www.interbox.ch\/marinas\/de\/#website\",\"url\":\"https:\/\/www.interbox.ch\/marinas\/de\/\",\"name\":\"Interbox Marinas\",\"description\":\"Divisione Marinas\",\"potentialAction\":[{\"@type\":\"SearchAction\",\"target\":{\"@type\":\"EntryPoint\",\"urlTemplate\":\"https:\/\/www.interbox.ch\/marinas\/de\/?s={search_term_string}\"},\"query-input\":\"required name=search_term_string\"}],\"inLanguage\":\"de\"},{\"@type\":\"ImageObject\",\"inLanguage\":\"de\",\"@id\":\"https:\/\/www.interbox.ch\/marinas\/de\/passerelle\/#primaryimage\",\"url\":\"https:\/\/www.interbox.ch\/marinas\/wp-content\/uploads\/2022\/05\/passerelle.png\",\"contentUrl\":\"https:\/\/www.interbox.ch\/marinas\/wp-content\/uploads\/2022\/05\/passerelle.png\",\"width\":800,\"height\":693},{\"@type\":\"WebPage\",\"@id\":\"https:\/\/www.interbox.ch\/marinas\/de\/passerelle\/#webpage\",\"url\":\"https:\/\/www.interbox.ch\/marinas\/de\/passerelle\/\",\"name\":\"Laufstege - Interbox Marinas\",\"isPartOf\":{\"@id\":\"https:\/\/www.interbox.ch\/marinas\/de\/#website\"},\"primaryImageOfPage\":{\"@id\":\"https:\/\/www.interbox.ch\/marinas\/de\/passerelle\/#primaryimage\"},\"datePublished\":\"2023-07-03T13:02:51+00:00\",\"dateModified\":\"2024-05-16T09:52:08+00:00\",\"breadcrumb\":{\"@id\":\"https:\/\/www.interbox.ch\/marinas\/de\/passerelle\/#breadcrumb\"},\"inLanguage\":\"de\",\"potentialAction\":[{\"@type\":\"ReadAction\",\"target\":[\"https:\/\/www.interbox.ch\/marinas\/de\/passerelle\/\"]}]},{\"@type\":\"BreadcrumbList\",\"@id\":\"https:\/\/www.interbox.ch\/marinas\/de\/passerelle\/#breadcrumb\",\"itemListElement\":[{\"@type\":\"ListItem\",\"position\":1,\"name\":\"Home\",\"item\":\"https:\/\/www.interbox.ch\/marinas\/de\/\"},{\"@type\":\"ListItem\",\"position\":2,\"name\":\"Laufstege\"}]}]}<\/script>\n<!-- \/ Yoast SEO plugin. -->","yoast_head_json":{"title":"Laufstege - Interbox Marinas","robots":{"index":"index","follow":"follow","max-snippet":"max-snippet:-1","max-image-preview":"max-image-preview:large","max-video-preview":"max-video-preview:-1"},"canonical":"https:\/\/www.interbox.ch\/marinas\/de\/passerelle\/","og_locale":"de_DE","og_type":"article","og_title":"Laufstege - Interbox Marinas","og_description":"[vc_row full_width=&#8220;stretch_row&#8220; el_class=&#8220;titolo bgBlue&#8220;][vc_column][vc_column_text] LAUFSTEGE [\/vc_column_text][\/vc_column][\/vc_row][vc_row][vc_column][vc_column_text] Schwimmende stege sind f\u00fcr die verbindung von land mit schwimmenden systemen unerl\u00e4sslich. &nbsp; Diese Strukturen sind f\u00fcr Hafenr\u00e4ume konzipiert. Sie haben eine prim\u00e4re Funktion der Verbindung und eine ebenso wichtige sekund\u00e4re Funktion der Sicherheit. Unterschiedliche Umwelt- und Nutzungsbedingungen beeinflussen die Wahl des am besten geeigneten Schwimmstegs. Interbox Marinas kann &hellip; Laufstege Weiterlesen &raquo;","og_url":"https:\/\/www.interbox.ch\/marinas\/de\/passerelle\/","og_site_name":"Interbox Marinas","article_modified_time":"2024-05-16T09:52:08+00:00","og_image":[{"width":800,"height":693,"url":"https:\/\/www.interbox.ch\/marinas\/wp-content\/uploads\/2022\/05\/passerelle.png","type":"image\/png"}],"author":"immagine23","twitter_card":"summary_large_image","twitter_misc":{"Gesch\u00e4tzte Lesezeit":"3\u00a0Minuten"},"schema":{"@context":"https:\/\/schema.org","@graph":[{"@type":"WebSite","@id":"https:\/\/www.interbox.ch\/marinas\/de\/#website","url":"https:\/\/www.interbox.ch\/marinas\/de\/","name":"Interbox Marinas","description":"Divisione Marinas","potentialAction":[{"@type":"SearchAction","target":{"@type":"EntryPoint","urlTemplate":"https:\/\/www.interbox.ch\/marinas\/de\/?s={search_term_string}"},"query-input":"required name=search_term_string"}],"inLanguage":"de"},{"@type":"ImageObject","inLanguage":"de","@id":"https:\/\/www.interbox.ch\/marinas\/de\/passerelle\/#primaryimage","url":"https:\/\/www.interbox.ch\/marinas\/wp-content\/uploads\/2022\/05\/passerelle.png","contentUrl":"https:\/\/www.interbox.ch\/marinas\/wp-content\/uploads\/2022\/05\/passerelle.png","width":800,"height":693},{"@type":"WebPage","@id":"https:\/\/www.interbox.ch\/marinas\/de\/passerelle\/#webpage","url":"https:\/\/www.interbox.ch\/marinas\/de\/passerelle\/","name":"Laufstege - Interbox Marinas","isPartOf":{"@id":"https:\/\/www.interbox.ch\/marinas\/de\/#website"},"primaryImageOfPage":{"@id":"https:\/\/www.interbox.ch\/marinas\/de\/passerelle\/#primaryimage"},"datePublished":"2023-07-03T13:02:51+00:00","dateModified":"2024-05-16T09:52:08+00:00","breadcrumb":{"@id":"https:\/\/www.interbox.ch\/marinas\/de\/passerelle\/#breadcrumb"},"inLanguage":"de","potentialAction":[{"@type":"ReadAction","target":["https:\/\/www.interbox.ch\/marinas\/de\/passerelle\/"]}]},{"@type":"BreadcrumbList","@id":"https:\/\/www.interbox.ch\/marinas\/de\/passerelle\/#breadcrumb","itemListElement":[{"@type":"ListItem","position":1,"name":"Home","item":"https:\/\/www.interbox.ch\/marinas\/de\/"},{"@type":"ListItem","position":2,"name":"Laufstege"}]}]}},"_links":{"self":[{"href":"https:\/\/www.interbox.ch\/marinas\/de\/wp-json\/wp\/v2\/pages\/2245","targetHints":{"allow":["GET"]}}],"collection":[{"href":"https:\/\/www.interbox.ch\/marinas\/de\/wp-json\/wp\/v2\/pages"}],"about":[{"href":"https:\/\/www.interbox.ch\/marinas\/de\/wp-json\/wp\/v2\/types\/page"}],"author":[{"embeddable":true,"href":"https:\/\/www.interbox.ch\/marinas\/de\/wp-json\/wp\/v2\/users\/1"}],"replies":[{"embeddable":true,"href":"https:\/\/www.interbox.ch\/marinas\/de\/wp-json\/wp\/v2\/comments?post=2245"}],"version-history":[{"count":7,"href":"https:\/\/www.interbox.ch\/marinas\/de\/wp-json\/wp\/v2\/pages\/2245\/revisions"}],"predecessor-version":[{"id":2792,"href":"https:\/\/www.interbox.ch\/marinas\/de\/wp-json\/wp\/v2\/pages\/2245\/revisions\/2792"}],"wp:featuredmedia":[{"embeddable":true,"href":"https:\/\/www.interbox.ch\/marinas\/de\/wp-json\/wp\/v2\/media\/1808"}],"wp:attachment":[{"href":"https:\/\/www.interbox.ch\/marinas\/de\/wp-json\/wp\/v2\/media?parent=2245"}],"curies":[{"name":"wp","href":"https:\/\/api.w.org\/{rel}","templated":true}]}}