{"id":4848,"date":"2022-07-27T15:56:32","date_gmt":"2022-07-27T13:56:32","guid":{"rendered":"https:\/\/www.interbox.ch\/contenitori\/?page_id=4848"},"modified":"2023-11-27T12:06:13","modified_gmt":"2023-11-27T11:06:13","slug":"sostenibilita","status":"publish","type":"page","link":"https:\/\/www.interbox.ch\/contenitori\/it\/sostenibilita\/","title":{"rendered":"Sostenibilit\u00e0"},"content":{"rendered":"<p>[vc_row full_width=&#8221;stretch_row_content_no_spaces&#8221;][vc_column]<div class=\"banner-titolo\"   > <div class=\"banner-titolo-inn\"  style=\"background-image: url(https:\/\/www.interbox.ch\/contenitori\/wp-content\/uploads\/2022\/07\/COPERTINA-SOSTENIBILITA-1.jpg)\"  > <div class=\"ombra-back\"><\/div><div class=\"container\"   > <div class=\"banner-titolo-inside\"  > <div class=\"spacer\"><\/div><\/div><\/div><\/div><div class=\"banner-titolo-text  \"  > <h2 class=\"titolo colore-oro\">Sostenibilit\u00e0<\/h2><\/div><\/div>[\/vc_column][\/vc_row][vc_row][vc_column][vc_column_text]\u201cVALORIZZARE OGNI AZIONE QUOTIDIANA PER UN FUTURO SOSTENIBILE!\u201d<\/p>\n<p>Il tema della sostenibilit\u00e0 sta rivestendo anno dopo anno un ruolo sempre pi\u00f9 imprescindibile nell\u2019operato delle organizzazioni imprenditoriali sia pubbliche che private. Nelle sue tre dimensioni: ambientale, sociale ed economica, la sostenibilit\u00e0 permea i nostri comportamenti presenti e le nostre scelte future, orientandole a generare sicurezza, salute, inclusione, sviluppo equo; riduzione delle diseguaglianze tra le persone, i sistemi economici, le comunit\u00e0, il pianeta nel suo complesso favorendo, in ultima analisi, l\u2019equilibrio tra sviluppo economico e sviluppo umano.<\/p>\n<p>Secondo Interbox la sostenibilit\u00e0 \u00e8 un valore da perseguire con la massima risolutezza, ma \u00e8 anche una responsabilit\u00e0 che non pu\u00f2 limitarsi solo all\u2019impegno per l\u2019ambiente, ma deve estendersi anche alla dimensione etica, sociale ed economica della vita.<\/p>\n<p>In Interbox esiste la ferma consapevolezza che, specialmente nel settore in cui l\u2019Azienda opera, ogni azione, ogni processo, ogni singola decisione abbia un impatto sull\u2019ambiente naturale e sociale circostante e, di conseguenza, sul benessere generale. Per questo motivo l\u2019Azienda, giorno dopo giorno, si impegna a coniugare l\u2019attivit\u00e0 imprenditoriale con il benessere dell\u2019ambiente e di tutti i soggetti coinvolti, in modo diretto o indetto, nell\u2019attivit\u00e0 che svolge.<\/p>\n<p>La nostra Azienda riconosce e sottoscrive gli obiettivi dell\u2019Agenda 2030 per lo sviluppo sostenibile, aderendo a quelli che sono indicati come i 5 principi fondamentali su cui essa si fonda: le persone, il pianeta, la prosperit\u00e0, la pace e la collaborazione.<\/p>\n<p>Sotto la supervisione diretta della propriet\u00e0 e con il coinvolgimento delle funzioni aziendali preposte, la Interbox si ispira a questi principi fondamentali e all\u2019impiego costante delle pi\u00f9 avanzate tecnologie, in linea con le normative nazionali e internazionali in materia di ambiente e sostenibilit\u00e0, prestando la massima attenzione a tutti gli aspetti che riguardano il prodotto e il processo produttivo: dalla progettazione, alla scelta del materiale; dalla fase di realizzazione, al riutilizzo. Tutto questo si traduce in un\u2019attenzione particolare per quanto riguarda il trattamento degli scarti di produzione i quali, per mezzo di particolari lavorazioni a ridotto impatto ambientale, ci consentono di trasformarli ottenendo nuova materia prima per la realizzazione di nuovi contenitori e pallet destinati a tutti i settori industriali che utilizzano prodotti che non richiedano il contatto diretto con gli alimenti.[\/vc_column_text][\/vc_column][\/vc_row][vc_row][vc_column][vc_empty_space height=&#8221;80px&#8221;][\/vc_column][\/vc_row][vc_row][vc_column]<div class=\"banner-titolo\"   > <div class=\"banner-titolo-inn\"  style=\"background-image: url(https:\/\/www.interbox.ch\/contenitori\/wp-content\/uploads\/2022\/07\/SOSTENIBILITA-ETICA-E-SOCIALE-1.jpg)\"  > <div class=\"ombra-back\"><\/div><div class=\"container\"   > <div class=\"banner-titolo-inside\"  > <div class=\"spacer\"><\/div><\/div><\/div><\/div><div class=\"banner-titolo-text  \"  > <h2 class=\"titolo colore-oro\">Sostenibilit\u00e0 Etica e Sociale<\/h2><\/div><\/div>[\/vc_column][\/vc_row][vc_row][vc_column][vc_column_text]Per Interbox \u201cSostenibilit\u00e0 fa rima con Solidariet\u00e0\u201d per questo motivo l\u2019etica sociale \u00e8 una prerogativa fin dalle origini.<\/p>\n<p>Oggi pi\u00f9 che mai, questi valori rappresentano un punto fermo che da sempre caratterizza la filosofia di Interbox, facendo della sostenibilit\u00e0 e dell\u2019etica sociale uno dei capisaldi su cui si fonda il suo modo di fare impresa.<\/p>\n<p>Il nostro staff si compone di persone di diverse etnie e religioni, per questo in Interbox S.A. crediamo sia importante avere una particolare sensibilit\u00e0 rispetto ai temi dell\u2019inclusione e delle minoranze e, pi\u00f9 in generale, a tutti gli aspetti di carattere etnico, religioso, culturale e di genere.<\/p>\n<p>In sinergia con il nostro ufficio Risorse Umane, perseguiamo una politica interna volta a creare un ambiente di lavoro sempre pi\u00f9 a misura d\u2019uomo e rispettoso delle esigenze di ogni individuo, con l\u2019obiettivo di porre la persona al centro dell\u2019azienda, attraverso programmi di crescita professionale, coordinati con piani di carriera individuali e supportati da una costante formazione interaziendale ed esterna, con un focus particolare sulla sicurezza nei luoghi di lavoro. Monitoriamo costantemente i risultati dei nostri sforzi poich\u00e9 crediamo che la soddisfazione di tutto il personale, unita all\u2019innovazione e al costante aggiornamento, rappresentino il connubio fondamentale per il successo.[\/vc_column_text][\/vc_column][\/vc_row][vc_row][vc_column][vc_empty_space height=&#8221;80px&#8221;][\/vc_column][\/vc_row][vc_row][vc_column]<div class=\"banner-titolo\"   > <div class=\"banner-titolo-inn\"  style=\"background-image: url(https:\/\/www.interbox.ch\/contenitori\/wp-content\/uploads\/2022\/07\/SOSTENIBILITA-ECONOMICA-2.jpg)\"  > <div class=\"ombra-back\"><\/div><div class=\"container\"   > <div class=\"banner-titolo-inside\"  > <div class=\"spacer\"><\/div><\/div><\/div><\/div><div class=\"banner-titolo-text  \"  > <h2 class=\"titolo colore-oro\">Sostenibilit\u00e0 Economica<\/h2><\/div><\/div>[\/vc_column][\/vc_row][vc_row][vc_column][vc_column_text]Sotto il profilo della sostenibilit\u00e0 economica e in particolar modo negli investimenti responsabili, il nostro approccio \u00e8 da diversi anni quello di coadiuvarci con Centri di Competenza, Osservatori e Programmi Strategici, al fine di individuare e risolvere quelle situazioni di diseguaglianza economico-produttiva, povert\u00e0 di capitale umano, inefficienza nei processi di innovazione che possono venire a manifestarsi con i nostri stakeholder.<\/p>\n<p>In Interbox S.A. riteniamo che il capitale umano e quello economico rappresentino insieme la nostra linfa vitale e che la creazione di un futuro sostenibile passi anche dal concetto di \u201cgiusta remunerazione\u201d, affinch\u00e9 si possa parlare di sostenibilit\u00e0 economica e sociale a livello aziendale. Tutto questo si traduce in un sistema di controllo interno da parte dei nostri uffici preposti, affinch\u00e9 il lavoro e l\u2019impegno di ogni individuo venga remunerato il modo equo e sostenibile sulla base dei dati di mercato.<\/p>\n<p>Perch\u00e9 facciamo tutto questo?<\/p>\n<p>Perch\u00e9 crediamo nell\u2019esistenza di un forte legame fra l\u2019impatto positivo a lungo termine degli investimenti responsabili, la giusta remunerazione e ci\u00f2 che da essi ne possa derivare in fatto di benessere della societ\u00e0, fidelizzazione dei nostri fornitori e clienti e, ultimo ma non per questo meno importante, dell\u2019ambiente.[\/vc_column_text][\/vc_column][\/vc_row][vc_row][vc_column][vc_empty_space height=&#8221;80px&#8221;][\/vc_column][\/vc_row][vc_row][vc_column][vc_empty_space height=&#8221;80px&#8221;][\/vc_column][\/vc_row]<\/p>\n","protected":false},"excerpt":{"rendered":"<p>[vc_row full_width=&#8221;stretch_row_content_no_spaces&#8221;][vc_column][\/vc_column][\/vc_row][vc_row][vc_column][vc_column_text]\u201cVALORIZZARE OGNI AZIONE QUOTIDIANA PER UN FUTURO SOSTENIBILE!\u201d Il tema della sostenibilit\u00e0 sta rivestendo anno dopo anno un ruolo sempre pi\u00f9 imprescindibile nell\u2019operato delle organizzazioni imprenditoriali sia pubbliche che private. Nelle sue tre dimensioni: ambientale, sociale ed economica, la sostenibilit\u00e0 permea i nostri comportamenti presenti e le nostre scelte future, orientandole a generare sicurezza, [&hellip;]<\/p>\n","protected":false},"author":1,"featured_media":0,"parent":0,"menu_order":0,"comment_status":"closed","ping_status":"closed","template":"","meta":{"footnotes":""},"class_list":["post-4848","page","type-page","status-publish","hentry"],"acf":[],"yoast_head":"<!-- This site is optimized with the Yoast SEO plugin v19.1 - https:\/\/yoast.com\/wordpress\/plugins\/seo\/ -->\n<title>Sostenibilit\u00e0 - Interbox - Contenitori<\/title>\n<meta name=\"robots\" content=\"index, follow, max-snippet:-1, max-image-preview:large, max-video-preview:-1\" \/>\n<link rel=\"canonical\" href=\"https:\/\/www.interbox.ch\/contenitori\/it\/sostenibilita\/\" \/>\n<meta property=\"og:locale\" content=\"it_IT\" \/>\n<meta property=\"og:type\" content=\"article\" \/>\n<meta property=\"og:title\" content=\"Sostenibilit\u00e0 - Interbox - Contenitori\" \/>\n<meta property=\"og:description\" content=\"[vc_row full_width=&#8221;stretch_row_content_no_spaces&#8221;][vc_column][\/vc_column][\/vc_row][vc_row][vc_column][vc_column_text]\u201cVALORIZZARE OGNI AZIONE QUOTIDIANA PER UN FUTURO SOSTENIBILE!\u201d Il tema della sostenibilit\u00e0 sta rivestendo anno dopo anno un ruolo sempre pi\u00f9 imprescindibile nell\u2019operato delle organizzazioni imprenditoriali sia pubbliche che private. Nelle sue tre dimensioni: ambientale, sociale ed economica, la sostenibilit\u00e0 permea i nostri comportamenti presenti e le nostre scelte future, orientandole a generare sicurezza, [&hellip;]\" \/>\n<meta property=\"og:url\" content=\"https:\/\/www.interbox.ch\/contenitori\/it\/sostenibilita\/\" \/>\n<meta property=\"og:site_name\" content=\"Interbox - Contenitori\" \/>\n<meta property=\"article:modified_time\" content=\"2023-11-27T11:06:13+00:00\" \/>\n<meta name=\"twitter:card\" content=\"summary_large_image\" \/>\n<meta name=\"twitter:label1\" content=\"Tempo di lettura stimato\" \/>\n\t<meta name=\"twitter:data1\" content=\"6 minuti\" \/>\n<script type=\"application\/ld+json\" class=\"yoast-schema-graph\">{\"@context\":\"https:\/\/schema.org\",\"@graph\":[{\"@type\":\"Organization\",\"@id\":\"https:\/\/www.interbox.ch\/contenitori\/it\/#organization\",\"name\":\"Interbox\",\"url\":\"https:\/\/www.interbox.ch\/contenitori\/it\/\",\"sameAs\":[\"https:\/\/www.instagram.com\/martinialfredo_spa\/\",\"https:\/\/www.youtube.com\/channel\/UCUzuZc9hYH9KN1iUYs3iiOg\"],\"logo\":{\"@type\":\"ImageObject\",\"inLanguage\":\"it-IT\",\"@id\":\"https:\/\/www.interbox.ch\/contenitori\/it\/#\/schema\/logo\/image\/\",\"url\":\"https:\/\/www.interbox.ch\/contenitori\/wp-content\/uploads\/2022\/03\/logo.png\",\"contentUrl\":\"https:\/\/www.interbox.ch\/contenitori\/wp-content\/uploads\/2022\/03\/logo.png\",\"width\":219,\"height\":141,\"caption\":\"Interbox\"},\"image\":{\"@id\":\"https:\/\/www.interbox.ch\/contenitori\/it\/#\/schema\/logo\/image\/\"}},{\"@type\":\"WebSite\",\"@id\":\"https:\/\/www.interbox.ch\/contenitori\/it\/#website\",\"url\":\"https:\/\/www.interbox.ch\/contenitori\/it\/\",\"name\":\"Interbox - Contenitori\",\"description\":\"\",\"publisher\":{\"@id\":\"https:\/\/www.interbox.ch\/contenitori\/it\/#organization\"},\"potentialAction\":[{\"@type\":\"SearchAction\",\"target\":{\"@type\":\"EntryPoint\",\"urlTemplate\":\"https:\/\/www.interbox.ch\/contenitori\/it\/?s={search_term_string}\"},\"query-input\":\"required name=search_term_string\"}],\"inLanguage\":\"it-IT\"},{\"@type\":\"WebPage\",\"@id\":\"https:\/\/www.interbox.ch\/contenitori\/it\/sostenibilita\/#webpage\",\"url\":\"https:\/\/www.interbox.ch\/contenitori\/it\/sostenibilita\/\",\"name\":\"Sostenibilit\u00e0 - Interbox - Contenitori\",\"isPartOf\":{\"@id\":\"https:\/\/www.interbox.ch\/contenitori\/it\/#website\"},\"datePublished\":\"2022-07-27T13:56:32+00:00\",\"dateModified\":\"2023-11-27T11:06:13+00:00\",\"breadcrumb\":{\"@id\":\"https:\/\/www.interbox.ch\/contenitori\/it\/sostenibilita\/#breadcrumb\"},\"inLanguage\":\"it-IT\",\"potentialAction\":[{\"@type\":\"ReadAction\",\"target\":[\"https:\/\/www.interbox.ch\/contenitori\/it\/sostenibilita\/\"]}]},{\"@type\":\"BreadcrumbList\",\"@id\":\"https:\/\/www.interbox.ch\/contenitori\/it\/sostenibilita\/#breadcrumb\",\"itemListElement\":[{\"@type\":\"ListItem\",\"position\":1,\"name\":\"Home\",\"item\":\"https:\/\/www.interbox.ch\/contenitori\/it\/\"},{\"@type\":\"ListItem\",\"position\":2,\"name\":\"Sostenibilit\u00e0\"}]}]}<\/script>\n<!-- \/ Yoast SEO plugin. -->","yoast_head_json":{"title":"Sostenibilit\u00e0 - Interbox - Contenitori","robots":{"index":"index","follow":"follow","max-snippet":"max-snippet:-1","max-image-preview":"max-image-preview:large","max-video-preview":"max-video-preview:-1"},"canonical":"https:\/\/www.interbox.ch\/contenitori\/it\/sostenibilita\/","og_locale":"it_IT","og_type":"article","og_title":"Sostenibilit\u00e0 - Interbox - Contenitori","og_description":"[vc_row full_width=&#8221;stretch_row_content_no_spaces&#8221;][vc_column][\/vc_column][\/vc_row][vc_row][vc_column][vc_column_text]\u201cVALORIZZARE OGNI AZIONE QUOTIDIANA PER UN FUTURO SOSTENIBILE!\u201d Il tema della sostenibilit\u00e0 sta rivestendo anno dopo anno un ruolo sempre pi\u00f9 imprescindibile nell\u2019operato delle organizzazioni imprenditoriali sia pubbliche che private. Nelle sue tre dimensioni: ambientale, sociale ed economica, la sostenibilit\u00e0 permea i nostri comportamenti presenti e le nostre scelte future, orientandole a generare sicurezza, [&hellip;]","og_url":"https:\/\/www.interbox.ch\/contenitori\/it\/sostenibilita\/","og_site_name":"Interbox - Contenitori","article_modified_time":"2023-11-27T11:06:13+00:00","twitter_card":"summary_large_image","twitter_misc":{"Tempo di lettura stimato":"6 minuti"},"schema":{"@context":"https:\/\/schema.org","@graph":[{"@type":"Organization","@id":"https:\/\/www.interbox.ch\/contenitori\/it\/#organization","name":"Interbox","url":"https:\/\/www.interbox.ch\/contenitori\/it\/","sameAs":["https:\/\/www.instagram.com\/martinialfredo_spa\/","https:\/\/www.youtube.com\/channel\/UCUzuZc9hYH9KN1iUYs3iiOg"],"logo":{"@type":"ImageObject","inLanguage":"it-IT","@id":"https:\/\/www.interbox.ch\/contenitori\/it\/#\/schema\/logo\/image\/","url":"https:\/\/www.interbox.ch\/contenitori\/wp-content\/uploads\/2022\/03\/logo.png","contentUrl":"https:\/\/www.interbox.ch\/contenitori\/wp-content\/uploads\/2022\/03\/logo.png","width":219,"height":141,"caption":"Interbox"},"image":{"@id":"https:\/\/www.interbox.ch\/contenitori\/it\/#\/schema\/logo\/image\/"}},{"@type":"WebSite","@id":"https:\/\/www.interbox.ch\/contenitori\/it\/#website","url":"https:\/\/www.interbox.ch\/contenitori\/it\/","name":"Interbox - Contenitori","description":"","publisher":{"@id":"https:\/\/www.interbox.ch\/contenitori\/it\/#organization"},"potentialAction":[{"@type":"SearchAction","target":{"@type":"EntryPoint","urlTemplate":"https:\/\/www.interbox.ch\/contenitori\/it\/?s={search_term_string}"},"query-input":"required name=search_term_string"}],"inLanguage":"it-IT"},{"@type":"WebPage","@id":"https:\/\/www.interbox.ch\/contenitori\/it\/sostenibilita\/#webpage","url":"https:\/\/www.interbox.ch\/contenitori\/it\/sostenibilita\/","name":"Sostenibilit\u00e0 - Interbox - Contenitori","isPartOf":{"@id":"https:\/\/www.interbox.ch\/contenitori\/it\/#website"},"datePublished":"2022-07-27T13:56:32+00:00","dateModified":"2023-11-27T11:06:13+00:00","breadcrumb":{"@id":"https:\/\/www.interbox.ch\/contenitori\/it\/sostenibilita\/#breadcrumb"},"inLanguage":"it-IT","potentialAction":[{"@type":"ReadAction","target":["https:\/\/www.interbox.ch\/contenitori\/it\/sostenibilita\/"]}]},{"@type":"BreadcrumbList","@id":"https:\/\/www.interbox.ch\/contenitori\/it\/sostenibilita\/#breadcrumb","itemListElement":[{"@type":"ListItem","position":1,"name":"Home","item":"https:\/\/www.interbox.ch\/contenitori\/it\/"},{"@type":"ListItem","position":2,"name":"Sostenibilit\u00e0"}]}]}},"_links":{"self":[{"href":"https:\/\/www.interbox.ch\/contenitori\/it\/wp-json\/wp\/v2\/pages\/4848","targetHints":{"allow":["GET"]}}],"collection":[{"href":"https:\/\/www.interbox.ch\/contenitori\/it\/wp-json\/wp\/v2\/pages"}],"about":[{"href":"https:\/\/www.interbox.ch\/contenitori\/it\/wp-json\/wp\/v2\/types\/page"}],"author":[{"embeddable":true,"href":"https:\/\/www.interbox.ch\/contenitori\/it\/wp-json\/wp\/v2\/users\/1"}],"replies":[{"embeddable":true,"href":"https:\/\/www.interbox.ch\/contenitori\/it\/wp-json\/wp\/v2\/comments?post=4848"}],"version-history":[{"count":13,"href":"https:\/\/www.interbox.ch\/contenitori\/it\/wp-json\/wp\/v2\/pages\/4848\/revisions"}],"predecessor-version":[{"id":16056,"href":"https:\/\/www.interbox.ch\/contenitori\/it\/wp-json\/wp\/v2\/pages\/4848\/revisions\/16056"}],"wp:attachment":[{"href":"https:\/\/www.interbox.ch\/contenitori\/it\/wp-json\/wp\/v2\/media?parent=4848"}],"curies":[{"name":"wp","href":"https:\/\/api.w.org\/{rel}","templated":true}]}}