{"id":32,"date":"2022-03-17T14:13:32","date_gmt":"2022-03-17T13:13:32","guid":{"rendered":"https:\/\/www.interbox.ch\/contenitori\/?page_id=32"},"modified":"2024-03-28T17:12:42","modified_gmt":"2024-03-28T16:12:42","slug":"contatti","status":"publish","type":"page","link":"https:\/\/www.interbox.ch\/contenitori\/it\/contatti\/","title":{"rendered":"Contatti"},"content":{"rendered":"<p>[vc_row full_width=&#8221;stretch_row_content_no_spaces&#8221;][vc_column]<div class=\"banner-titolo\"   > <div class=\"banner-titolo-inn\"  style=\"background-image: url(https:\/\/www.interbox.ch\/contenitori\/wp-content\/uploads\/2022\/06\/contatti.jpg)\"  > <div class=\"ombra-back\"><\/div><div class=\"container\"   > <div class=\"banner-titolo-inside\"  > <div class=\"spacer\"><\/div><\/div><\/div><\/div><div class=\"banner-titolo-text  \"  > <h2 class=\"titolo colore-oro\">Contatti<\/h2><\/div><\/div>[\/vc_column][\/vc_row][vc_row][vc_column][vc_empty_space height=&#8221;45px&#8221;][\/vc_column][\/vc_row][vc_row][vc_column][vc_column_text]<\/p>\n<h4 class=\"TitoloSezione \"><strong>Scrivici<\/strong><\/h4>\n<p>Compila il form di seguito per richiedere informazioni.[\/vc_column_text][\/vc_column][\/vc_row][vc_row][vc_column][vc_empty_space height=&#8221;45px&#8221;][\/vc_column][\/vc_row][vc_row][vc_column]<div role=\"form\" class=\"wpcf7\" id=\"wpcf7-f12-o1\" lang=\"it-IT\" dir=\"ltr\">\n<div class=\"screen-reader-response\"><p role=\"status\" aria-live=\"polite\" aria-atomic=\"true\"><\/p> <ul><\/ul><\/div>\n<form action=\"\/contenitori\/it\/wp-json\/wp\/v2\/pages\/32#wpcf7-f12-o1\" method=\"post\" class=\"wpcf7-form init\" novalidate=\"novalidate\" data-status=\"init\">\n<div style=\"display: none;\">\n<input type=\"hidden\" name=\"_wpcf7\" value=\"12\" \/>\n<input type=\"hidden\" name=\"_wpcf7_version\" value=\"5.5.6\" \/>\n<input type=\"hidden\" name=\"_wpcf7_locale\" value=\"it_IT\" \/>\n<input type=\"hidden\" name=\"_wpcf7_unit_tag\" value=\"wpcf7-f12-o1\" \/>\n<input type=\"hidden\" name=\"_wpcf7_container_post\" value=\"0\" \/>\n<input type=\"hidden\" name=\"_wpcf7_posted_data_hash\" value=\"\" \/>\n<input type=\"hidden\" name=\"_wpcf7_recaptcha_response\" value=\"\" \/>\n<\/div>\n<div class=\"row\">\n<div class=\"col-sm-6\">\n        <span class=\"wpcf7-form-control-wrap nome\"><input type=\"text\" name=\"nome\" value=\"\" size=\"40\" class=\"wpcf7-form-control wpcf7-text wpcf7-validates-as-required\" aria-required=\"true\" aria-invalid=\"false\" placeholder=\"Nome*\" \/><\/span>\n    <\/div>\n<div class=\"col-sm-6\">\n        <span class=\"wpcf7-form-control-wrap cognome\"><input type=\"text\" name=\"cognome\" value=\"\" size=\"40\" class=\"wpcf7-form-control wpcf7-text wpcf7-validates-as-required\" aria-required=\"true\" aria-invalid=\"false\" placeholder=\"Cognome*\" \/><\/span>\n    <\/div>\n<\/div>\n<div class=\"row\">\n<div class=\"col-sm-6\">\n        <span class=\"wpcf7-form-control-wrap email\"><input type=\"email\" name=\"email\" value=\"\" size=\"40\" class=\"wpcf7-form-control wpcf7-text wpcf7-email wpcf7-validates-as-required wpcf7-validates-as-email\" aria-required=\"true\" aria-invalid=\"false\" placeholder=\"Email*\" \/><\/span>\n    <\/div>\n<div class=\"col-sm-6\">\n        <span class=\"wpcf7-form-control-wrap telefono\"><input type=\"text\" name=\"telefono\" value=\"\" size=\"40\" class=\"wpcf7-form-control wpcf7-text\" aria-invalid=\"false\" placeholder=\"Telefono\" \/><\/span>\n    <\/div>\n<\/div>\n<div class=\"row\">\n<div class=\"col-sm-6\">\n        <span class=\"wpcf7-form-control-wrap azienda\"><input type=\"text\" name=\"azienda\" value=\"\" size=\"40\" class=\"wpcf7-form-control wpcf7-text wpcf7-validates-as-required\" aria-required=\"true\" aria-invalid=\"false\" placeholder=\"Azienda*\" \/><\/span>\n    <\/div>\n<div class=\"col-sm-6\">\n       <span class=\"wpcf7-form-control-wrap stato\"><select name=\"stato\" class=\"wpcf7-form-control wpcf7-select wpcf7-validates-as-required\" aria-required=\"true\" aria-invalid=\"false\"><option value=\"\">Seleziona Stato*<\/option><option value=\"Afghanistan\">Afghanistan<\/option><option value=\"Albania\">Albania<\/option><option value=\"Algeria\">Algeria<\/option><option value=\"Andorra\">Andorra<\/option><option value=\"Angola\">Angola<\/option><option value=\"Antigua e Barbuda\">Antigua e Barbuda<\/option><option value=\"Arabia Saudita\">Arabia Saudita<\/option><option value=\"Argentina\">Argentina<\/option><option value=\"Armenia\">Armenia<\/option><option value=\"Australia\">Australia<\/option><option value=\"Austria\">Austria<\/option><option value=\"Azerbaigian\">Azerbaigian<\/option><option value=\"Bahamas\">Bahamas<\/option><option value=\"Bahrein\">Bahrein<\/option><option value=\"Bangladesh\">Bangladesh<\/option><option value=\"Barbados\">Barbados<\/option><option value=\"Belgio\">Belgio<\/option><option value=\"Belize\">Belize<\/option><option value=\"Benin\">Benin<\/option><option value=\"Bhutan\">Bhutan<\/option><option value=\"Bielorussia\">Bielorussia<\/option><option value=\"Birmania\">Birmania<\/option><option value=\"Bolivia\">Bolivia<\/option><option value=\"Bosnia ed Erzegovina\">Bosnia ed Erzegovina<\/option><option value=\"Botswana\">Botswana<\/option><option value=\"Brasile\">Brasile<\/option><option value=\"Brunei\">Brunei<\/option><option value=\"Bulgaria\">Bulgaria<\/option><option value=\"Burkina Faso\">Burkina Faso<\/option><option value=\"Burundi\">Burundi<\/option><option value=\"Capo Verde\">Capo Verde<\/option><option value=\"Cambogia\">Cambogia<\/option><option value=\"Camerun\">Camerun<\/option><option value=\"Canada\">Canada<\/option><option value=\"Ciad\">Ciad<\/option><option value=\"Cile\">Cile<\/option><option value=\"Cina\">Cina<\/option><option value=\"Cipro\">Cipro<\/option><option value=\"Citt\u00e0 del Vaticano\">Citt\u00e0 del Vaticano<\/option><option value=\"Colombia\">Colombia<\/option><option value=\"Comore\">Comore<\/option><option value=\"Corea del Nord\">Corea del Nord<\/option><option value=\"Corea del Sud\">Corea del Sud<\/option><option value=\"Costa d\u2019Avorio\">Costa d\u2019Avorio<\/option><option value=\"Costa Rica\">Costa Rica<\/option><option value=\"Croazia\">Croazia<\/option><option value=\"Cuba\">Cuba<\/option><option value=\"Danimarca\">Danimarca<\/option><option value=\"Dominica\">Dominica<\/option><option value=\"Ecuador\">Ecuador<\/option><option value=\"Egitto\">Egitto<\/option><option value=\"El Salvador\">El Salvador<\/option><option value=\"Emirati Arabi Uniti\">Emirati Arabi Uniti<\/option><option value=\"Eritrea\">Eritrea<\/option><option value=\"Estonia\">Estonia<\/option><option value=\"Eswatini\">Eswatini<\/option><option value=\"Etiopia\">Etiopia<\/option><option value=\"Fiji\">Fiji<\/option><option value=\"Filippine\">Filippine<\/option><option value=\"Finlandia\">Finlandia<\/option><option value=\"Francia\">Francia<\/option><option value=\"Gabon\">Gabon<\/option><option value=\"Gambia\">Gambia<\/option><option value=\"Georgia\">Georgia<\/option><option value=\"Germania\">Germania<\/option><option value=\"Ghana\">Ghana<\/option><option value=\"Giamaica\">Giamaica<\/option><option value=\"Giappone\">Giappone<\/option><option value=\"Gibuti\">Gibuti<\/option><option value=\"Giordania\">Giordania<\/option><option value=\"Grecia\">Grecia<\/option><option value=\"Grenada\">Grenada<\/option><option value=\"Guatemala\">Guatemala<\/option><option value=\"Guinea\">Guinea<\/option><option value=\"Guinea-Bissau\">Guinea-Bissau<\/option><option value=\"Guinea Equatoriale\">Guinea Equatoriale<\/option><option value=\"Guyana\">Guyana<\/option><option value=\"Haiti\">Haiti<\/option><option value=\"Honduras\">Honduras<\/option><option value=\"India\">India<\/option><option value=\"Indonesia\">Indonesia<\/option><option value=\"Iran\">Iran<\/option><option value=\"Iraq\">Iraq<\/option><option value=\"Irlanda\">Irlanda<\/option><option value=\"Islanda\">Islanda<\/option><option value=\"Israele\">Israele<\/option><option value=\"Italia\">Italia<\/option><option value=\"Kazakhstan\">Kazakhstan<\/option><option value=\"Kenya\">Kenya<\/option><option value=\"Kirghizistan\">Kirghizistan<\/option><option value=\"Kiribati\">Kiribati<\/option><option value=\"Kuwait\">Kuwait<\/option><option value=\"Laos\">Laos<\/option><option value=\"Lesotho\">Lesotho<\/option><option value=\"Lettonia\">Lettonia<\/option><option value=\"Libano\">Libano<\/option><option value=\"Liberia\">Liberia<\/option><option value=\"Libia\">Libia<\/option><option value=\"Liechtenstein\">Liechtenstein<\/option><option value=\"Lituania\">Lituania<\/option><option value=\"Lussemburgo\">Lussemburgo<\/option><option value=\"Macedonia del Nord\">Macedonia del Nord<\/option><option value=\"Madagascar\">Madagascar<\/option><option value=\"Malawi\">Malawi<\/option><option value=\"Malesia\">Malesia<\/option><option value=\"Maldive\">Maldive<\/option><option value=\"Mali\">Mali<\/option><option value=\"Malta\">Malta<\/option><option value=\"Marocco\">Marocco<\/option><option value=\"Mauritania\">Mauritania<\/option><option value=\"Mauritius\">Mauritius<\/option><option value=\"Messico\">Messico<\/option><option value=\"Micronesia\">Micronesia<\/option><option value=\"Moldavia\">Moldavia<\/option><option value=\"Monaco\">Monaco<\/option><option value=\"Mongolia\">Mongolia<\/option><option value=\"Montenegro\">Montenegro<\/option><option value=\"Mozambico\">Mozambico<\/option><option value=\"Namibia\">Namibia<\/option><option value=\"Nauru\">Nauru<\/option><option value=\"Nepal\">Nepal<\/option><option value=\"Nicaragua\">Nicaragua<\/option><option value=\"Niger\">Niger<\/option><option value=\"Nigeria\">Nigeria<\/option><option value=\"Norvegia\">Norvegia<\/option><option value=\"Nuova Zelanda\">Nuova Zelanda<\/option><option value=\"Oman\">Oman<\/option><option value=\"Paesi Bassi\">Paesi Bassi<\/option><option value=\"Pakistan\">Pakistan<\/option><option value=\"Palau\">Palau<\/option><option value=\"Panama\">Panama<\/option><option value=\"Papua Nuova Guinea\">Papua Nuova Guinea<\/option><option value=\"Paraguay\">Paraguay<\/option><option value=\"Per\u00f9\">Per\u00f9<\/option><option value=\"Polonia\">Polonia<\/option><option value=\"Portogallo\">Portogallo<\/option><option value=\"Regno Unito\">Regno Unito<\/option><option value=\"Repubblica Ceca\">Repubblica Ceca<\/option><option value=\"Repubblica Centrafricana\">Repubblica Centrafricana<\/option><option value=\"Repubblica del Congo\">Repubblica del Congo<\/option><option value=\"Repubblica Democratica del Congo\">Repubblica Democratica del Congo<\/option><option value=\"Repubblica Dominicana\">Repubblica Dominicana<\/option><option value=\"Romania\">Romania<\/option><option value=\"Ruanda\">Ruanda<\/option><option value=\"Russia\">Russia<\/option><option value=\"Saint Kitts e Nevis\">Saint Kitts e Nevis<\/option><option value=\"Saint Lucia\">Saint Lucia<\/option><option value=\"Saint Vincent e Grenadine\">Saint Vincent e Grenadine<\/option><option value=\"Samoa\">Samoa<\/option><option value=\"San Marino\">San Marino<\/option><option value=\"Santa Sede\">Santa Sede<\/option><option value=\"S\u00e3o Tom\u00e9 e Pr\u00edncipe\">S\u00e3o Tom\u00e9 e Pr\u00edncipe<\/option><option value=\"Senegal\">Senegal<\/option><option value=\"Serbia\">Serbia<\/option><option value=\"Seychelles\">Seychelles<\/option><option value=\"Sierra Leone\">Sierra Leone<\/option><option value=\"Singapore\">Singapore<\/option><option value=\"Siria\">Siria<\/option><option value=\"Slovacchia\">Slovacchia<\/option><option value=\"Slovenia\">Slovenia<\/option><option value=\"Solomon Islands\">Solomon Islands<\/option><option value=\"Somalia\">Somalia<\/option><option value=\"Spagna\">Spagna<\/option><option value=\"Sri Lanka\">Sri Lanka<\/option><option value=\"Stati Uniti\">Stati Uniti<\/option><option value=\"Sudafrica\">Sudafrica<\/option><option value=\"Sudan\">Sudan<\/option><option value=\"Sudan del Sud\">Sudan del Sud<\/option><option value=\"Suriname\">Suriname<\/option><option value=\"Svezia\">Svezia<\/option><option value=\"Svizzera\">Svizzera<\/option><option value=\"Tagikistan\">Tagikistan<\/option><option value=\"Tanzania\">Tanzania<\/option><option value=\"Thailandia\">Thailandia<\/option><option value=\"Timor Est\">Timor Est<\/option><option value=\"Togo\">Togo<\/option><option value=\"Tonga\">Tonga<\/option><option value=\"Trinidad e Tobago\">Trinidad e Tobago<\/option><option value=\"Tunisia\">Tunisia<\/option><option value=\"Turchia\">Turchia<\/option><option value=\"Turkmenistan\">Turkmenistan<\/option><option value=\"Tuvalu\">Tuvalu<\/option><option value=\"Ucraina\">Ucraina<\/option><option value=\"Uganda\">Uganda<\/option><option value=\"Ungheria\">Ungheria<\/option><option value=\"Uruguay\">Uruguay<\/option><option value=\"Uzbekistan\">Uzbekistan<\/option><option value=\"Vanuatu\">Vanuatu<\/option><option value=\"Venezuela\">Venezuela<\/option><option value=\"Vietnam\">Vietnam<\/option><option value=\"Yemen\">Yemen<\/option><option value=\"Zambia\">Zambia<\/option><option value=\"Zimbabwe\">Zimbabwe<\/option><\/select><\/span>\n    <\/div>\n<\/div>\n<p><span class=\"wpcf7-form-control-wrap your-message\"><textarea name=\"your-message\" cols=\"40\" rows=\"10\" class=\"wpcf7-form-control wpcf7-textarea wpcf7-validates-as-required\" aria-required=\"true\" aria-invalid=\"false\" placeholder=\"Messaggio*\"><\/textarea><\/span><\/p>\n<div class=\"privacy\">\nHo letto l\u2019informativa al trattamento dei dati (<a target=\"_blank\" href=\"https:\/\/www.interbox.ch\/contenitori\/privacy-policy\/\">Privacy Policy<\/a>)<span class=\"wpcf7-form-control-wrap privacyacconsento\"><span class=\"wpcf7-form-control wpcf7-radio\"><span class=\"wpcf7-list-item first\"><label><input type=\"radio\" name=\"privacyacconsento\" value=\"Acconsento al trattamento dei dati\" \/><span class=\"wpcf7-list-item-label\">Acconsento al trattamento dei dati<\/span><\/label><\/span><span class=\"wpcf7-list-item last\"><label><input type=\"radio\" name=\"privacyacconsento\" value=\"Non acconsento al trattamento dei dati\" \/><span class=\"wpcf7-list-item-label\">Non acconsento al trattamento dei dati<\/span><\/label><\/span><\/span><\/span>\n<\/div>\n<p><input type=\"submit\" value=\"Invia\" class=\"wpcf7-form-control has-spinner wpcf7-submit\" \/><\/p>\n<div class=\"hide hidden d-none\">\n<span class=\"wpcf7-form-control-wrap post_title\"><input type=\"hidden\" name=\"post_title\" value=\"Contatti\" size=\"40\" class=\"wpcf7-form-control wpcf7dtx-dynamictext wpcf7-dynamichidden\" aria-invalid=\"false\" \/><\/span><br \/>\n<span class=\"wpcf7-form-control-wrap post_url\"><input type=\"hidden\" name=\"post_url\" value=\"https:\/\/www.interbox.ch:443\/contenitori\/it\/wp-json\/wp\/v2\/pages\/32\" size=\"40\" class=\"wpcf7-form-control wpcf7dtx-dynamictext wpcf7-dynamichidden\" aria-invalid=\"false\" \/><\/span><br \/>\n<span class=\"wpcf7-form-control-wrap slug\"><input type=\"hidden\" name=\"slug\" value=\"contatti\" size=\"40\" class=\"wpcf7-form-control wpcf7dtx-dynamictext wpcf7-dynamichidden\" aria-invalid=\"false\" \/><\/span>\n<\/div>\n<input type='hidden' class='wpcf7-pum' value='{\"closepopup\":false,\"closedelay\":0,\"openpopup\":false,\"openpopup_id\":0}' \/><div class=\"wpcf7-response-output\" aria-hidden=\"true\"><\/div><\/form><\/div>[\/vc_column][\/vc_row][vc_row full_width=&#8221;stretch_row&#8221; el_class=&#8221;fondo-azzurro&#8221;][vc_column][vc_empty_space height=&#8221;45px&#8221;][\/vc_column][\/vc_row][vc_row full_width=&#8221;stretch_row&#8221; gap=&#8221;30&#8243; equal_height=&#8221;yes&#8221; el_class=&#8221;colonne-contatti fondo-azzurro&#8221;][vc_column width=&#8221;1\/3&#8243;][vc_column_text]<\/p>\n<h4><strong>Sede<\/strong><\/h4>\n<p>Interbox<br \/>\nVia dei Balconi, 11<br \/>\n6917 Barbengo Lugano \u2013 Switzerland[\/vc_column_text][\/vc_column][vc_column width=&#8221;1\/3&#8243;][vc_column_text css=&#8221;.vc_custom_1696241099528{margin-top: 0px !important;padding-top: 0px !important;}&#8221;]<\/p>\n<h4 style=\"text-align: left;\"><strong>Contattaci<\/strong><\/h4>\n<p style=\"text-align: left;\">+41 91 994 55 45<br \/>\n+41 91 994 22 60<\/p>\n<p>[\/vc_column_text][\/vc_column][vc_column width=&#8221;1\/3&#8243;][vc_column_text]<\/p>\n<h4><b>Informazioni generali<\/b><\/h4>\n<p><a href=\"mailto:info@interbox.ch\">info@interbox.ch<\/a><\/p>\n<p>[\/vc_column_text][\/vc_column][\/vc_row][vc_row full_width=&#8221;stretch_row&#8221; el_class=&#8221;fondo-azzurro&#8221;][vc_column][vc_empty_space height=&#8221;45px&#8221;][\/vc_column][\/vc_row]<\/p>\n","protected":false},"excerpt":{"rendered":"<p>[vc_row full_width=&#8221;stretch_row_content_no_spaces&#8221;][vc_column][\/vc_column][\/vc_row][vc_row][vc_column][vc_empty_space height=&#8221;45px&#8221;][\/vc_column][\/vc_row][vc_row][vc_column][vc_column_text] Scrivici Compila il form di seguito per richiedere informazioni.[\/vc_column_text][\/vc_column][\/vc_row][vc_row][vc_column][vc_empty_space height=&#8221;45px&#8221;][\/vc_column][\/vc_row][vc_row][vc_column][\/vc_column][\/vc_row][vc_row full_width=&#8221;stretch_row&#8221; el_class=&#8221;fondo-azzurro&#8221;][vc_column][vc_empty_space height=&#8221;45px&#8221;][\/vc_column][\/vc_row][vc_row full_width=&#8221;stretch_row&#8221; gap=&#8221;30&#8243; equal_height=&#8221;yes&#8221; el_class=&#8221;colonne-contatti fondo-azzurro&#8221;][vc_column width=&#8221;1\/3&#8243;][vc_column_text] Sede Interbox Via dei Balconi, 11 6917 Barbengo Lugano \u2013 Switzerland[\/vc_column_text][\/vc_column][vc_column width=&#8221;1\/3&#8243;][vc_column_text css=&#8221;.vc_custom_1696241099528{margin-top: 0px !important;padding-top: 0px !important;}&#8221;] Contattaci +41 91 994 55 45 +41 91 994 22 60 [\/vc_column_text][\/vc_column][vc_column width=&#8221;1\/3&#8243;][vc_column_text] Informazioni generali info@interbox.ch [&hellip;]<\/p>\n","protected":false},"author":1,"featured_media":0,"parent":0,"menu_order":46,"comment_status":"closed","ping_status":"closed","template":"","meta":{"footnotes":""},"class_list":["post-32","page","type-page","status-publish","hentry"],"acf":[],"yoast_head":"<!-- This site is optimized with the Yoast SEO plugin v19.1 - https:\/\/yoast.com\/wordpress\/plugins\/seo\/ -->\n<title>Contatti - Interbox - Contenitori<\/title>\n<meta name=\"description\" content=\"Hai bisogno di assistenza? Mettiti in contatto con Interbox Compila il form per richiedere informazioni.\" \/>\n<meta name=\"robots\" content=\"index, follow, max-snippet:-1, max-image-preview:large, max-video-preview:-1\" \/>\n<link rel=\"canonical\" href=\"https:\/\/www.interbox.ch\/contenitori\/it\/contatti\/\" \/>\n<meta property=\"og:locale\" content=\"it_IT\" \/>\n<meta property=\"og:type\" content=\"article\" \/>\n<meta property=\"og:title\" content=\"Contatti - Interbox - Contenitori\" \/>\n<meta property=\"og:description\" content=\"Hai bisogno di assistenza? Mettiti in contatto con Interbox Compila il form per richiedere informazioni.\" \/>\n<meta property=\"og:url\" content=\"https:\/\/www.interbox.ch\/contenitori\/it\/contatti\/\" \/>\n<meta property=\"og:site_name\" content=\"Interbox - Contenitori\" \/>\n<meta property=\"article:modified_time\" content=\"2024-03-28T16:12:42+00:00\" \/>\n<meta name=\"twitter:card\" content=\"summary_large_image\" \/>\n<meta name=\"twitter:label1\" content=\"Tempo di lettura stimato\" \/>\n\t<meta name=\"twitter:data1\" content=\"1 minuto\" \/>\n<script type=\"application\/ld+json\" class=\"yoast-schema-graph\">{\"@context\":\"https:\/\/schema.org\",\"@graph\":[{\"@type\":\"Organization\",\"@id\":\"https:\/\/www.interbox.ch\/contenitori\/it\/#organization\",\"name\":\"Interbox\",\"url\":\"https:\/\/www.interbox.ch\/contenitori\/it\/\",\"sameAs\":[\"https:\/\/www.instagram.com\/martinialfredo_spa\/\",\"https:\/\/www.youtube.com\/channel\/UCUzuZc9hYH9KN1iUYs3iiOg\"],\"logo\":{\"@type\":\"ImageObject\",\"inLanguage\":\"it-IT\",\"@id\":\"https:\/\/www.interbox.ch\/contenitori\/it\/#\/schema\/logo\/image\/\",\"url\":\"https:\/\/www.interbox.ch\/contenitori\/wp-content\/uploads\/2022\/03\/logo.png\",\"contentUrl\":\"https:\/\/www.interbox.ch\/contenitori\/wp-content\/uploads\/2022\/03\/logo.png\",\"width\":219,\"height\":141,\"caption\":\"Interbox\"},\"image\":{\"@id\":\"https:\/\/www.interbox.ch\/contenitori\/it\/#\/schema\/logo\/image\/\"}},{\"@type\":\"WebSite\",\"@id\":\"https:\/\/www.interbox.ch\/contenitori\/it\/#website\",\"url\":\"https:\/\/www.interbox.ch\/contenitori\/it\/\",\"name\":\"Interbox - Contenitori\",\"description\":\"\",\"publisher\":{\"@id\":\"https:\/\/www.interbox.ch\/contenitori\/it\/#organization\"},\"potentialAction\":[{\"@type\":\"SearchAction\",\"target\":{\"@type\":\"EntryPoint\",\"urlTemplate\":\"https:\/\/www.interbox.ch\/contenitori\/it\/?s={search_term_string}\"},\"query-input\":\"required name=search_term_string\"}],\"inLanguage\":\"it-IT\"},{\"@type\":\"WebPage\",\"@id\":\"https:\/\/www.interbox.ch\/contenitori\/it\/contatti\/#webpage\",\"url\":\"https:\/\/www.interbox.ch\/contenitori\/it\/contatti\/\",\"name\":\"Contatti - Interbox - Contenitori\",\"isPartOf\":{\"@id\":\"https:\/\/www.interbox.ch\/contenitori\/it\/#website\"},\"datePublished\":\"2022-03-17T13:13:32+00:00\",\"dateModified\":\"2024-03-28T16:12:42+00:00\",\"description\":\"Hai bisogno di assistenza? Mettiti in contatto con Interbox Compila il form per richiedere informazioni.\",\"breadcrumb\":{\"@id\":\"https:\/\/www.interbox.ch\/contenitori\/it\/contatti\/#breadcrumb\"},\"inLanguage\":\"it-IT\",\"potentialAction\":[{\"@type\":\"ReadAction\",\"target\":[\"https:\/\/www.interbox.ch\/contenitori\/it\/contatti\/\"]}]},{\"@type\":\"BreadcrumbList\",\"@id\":\"https:\/\/www.interbox.ch\/contenitori\/it\/contatti\/#breadcrumb\",\"itemListElement\":[{\"@type\":\"ListItem\",\"position\":1,\"name\":\"Home\",\"item\":\"https:\/\/www.interbox.ch\/contenitori\/it\/\"},{\"@type\":\"ListItem\",\"position\":2,\"name\":\"Contatti\"}]}]}<\/script>\n<!-- \/ Yoast SEO plugin. -->","yoast_head_json":{"title":"Contatti - Interbox - Contenitori","description":"Hai bisogno di assistenza? Mettiti in contatto con Interbox Compila il form per richiedere informazioni.","robots":{"index":"index","follow":"follow","max-snippet":"max-snippet:-1","max-image-preview":"max-image-preview:large","max-video-preview":"max-video-preview:-1"},"canonical":"https:\/\/www.interbox.ch\/contenitori\/it\/contatti\/","og_locale":"it_IT","og_type":"article","og_title":"Contatti - Interbox - Contenitori","og_description":"Hai bisogno di assistenza? Mettiti in contatto con Interbox Compila il form per richiedere informazioni.","og_url":"https:\/\/www.interbox.ch\/contenitori\/it\/contatti\/","og_site_name":"Interbox - Contenitori","article_modified_time":"2024-03-28T16:12:42+00:00","twitter_card":"summary_large_image","twitter_misc":{"Tempo di lettura stimato":"1 minuto"},"schema":{"@context":"https:\/\/schema.org","@graph":[{"@type":"Organization","@id":"https:\/\/www.interbox.ch\/contenitori\/it\/#organization","name":"Interbox","url":"https:\/\/www.interbox.ch\/contenitori\/it\/","sameAs":["https:\/\/www.instagram.com\/martinialfredo_spa\/","https:\/\/www.youtube.com\/channel\/UCUzuZc9hYH9KN1iUYs3iiOg"],"logo":{"@type":"ImageObject","inLanguage":"it-IT","@id":"https:\/\/www.interbox.ch\/contenitori\/it\/#\/schema\/logo\/image\/","url":"https:\/\/www.interbox.ch\/contenitori\/wp-content\/uploads\/2022\/03\/logo.png","contentUrl":"https:\/\/www.interbox.ch\/contenitori\/wp-content\/uploads\/2022\/03\/logo.png","width":219,"height":141,"caption":"Interbox"},"image":{"@id":"https:\/\/www.interbox.ch\/contenitori\/it\/#\/schema\/logo\/image\/"}},{"@type":"WebSite","@id":"https:\/\/www.interbox.ch\/contenitori\/it\/#website","url":"https:\/\/www.interbox.ch\/contenitori\/it\/","name":"Interbox - Contenitori","description":"","publisher":{"@id":"https:\/\/www.interbox.ch\/contenitori\/it\/#organization"},"potentialAction":[{"@type":"SearchAction","target":{"@type":"EntryPoint","urlTemplate":"https:\/\/www.interbox.ch\/contenitori\/it\/?s={search_term_string}"},"query-input":"required name=search_term_string"}],"inLanguage":"it-IT"},{"@type":"WebPage","@id":"https:\/\/www.interbox.ch\/contenitori\/it\/contatti\/#webpage","url":"https:\/\/www.interbox.ch\/contenitori\/it\/contatti\/","name":"Contatti - Interbox - Contenitori","isPartOf":{"@id":"https:\/\/www.interbox.ch\/contenitori\/it\/#website"},"datePublished":"2022-03-17T13:13:32+00:00","dateModified":"2024-03-28T16:12:42+00:00","description":"Hai bisogno di assistenza? Mettiti in contatto con Interbox Compila il form per richiedere informazioni.","breadcrumb":{"@id":"https:\/\/www.interbox.ch\/contenitori\/it\/contatti\/#breadcrumb"},"inLanguage":"it-IT","potentialAction":[{"@type":"ReadAction","target":["https:\/\/www.interbox.ch\/contenitori\/it\/contatti\/"]}]},{"@type":"BreadcrumbList","@id":"https:\/\/www.interbox.ch\/contenitori\/it\/contatti\/#breadcrumb","itemListElement":[{"@type":"ListItem","position":1,"name":"Home","item":"https:\/\/www.interbox.ch\/contenitori\/it\/"},{"@type":"ListItem","position":2,"name":"Contatti"}]}]}},"_links":{"self":[{"href":"https:\/\/www.interbox.ch\/contenitori\/it\/wp-json\/wp\/v2\/pages\/32","targetHints":{"allow":["GET"]}}],"collection":[{"href":"https:\/\/www.interbox.ch\/contenitori\/it\/wp-json\/wp\/v2\/pages"}],"about":[{"href":"https:\/\/www.interbox.ch\/contenitori\/it\/wp-json\/wp\/v2\/types\/page"}],"author":[{"embeddable":true,"href":"https:\/\/www.interbox.ch\/contenitori\/it\/wp-json\/wp\/v2\/users\/1"}],"replies":[{"embeddable":true,"href":"https:\/\/www.interbox.ch\/contenitori\/it\/wp-json\/wp\/v2\/comments?post=32"}],"version-history":[{"count":28,"href":"https:\/\/www.interbox.ch\/contenitori\/it\/wp-json\/wp\/v2\/pages\/32\/revisions"}],"predecessor-version":[{"id":16201,"href":"https:\/\/www.interbox.ch\/contenitori\/it\/wp-json\/wp\/v2\/pages\/32\/revisions\/16201"}],"wp:attachment":[{"href":"https:\/\/www.interbox.ch\/contenitori\/it\/wp-json\/wp\/v2\/media?parent=32"}],"curies":[{"name":"wp","href":"https:\/\/api.w.org\/{rel}","templated":true}]}}