{"id":16172,"date":"2022-06-27T15:41:45","date_gmt":"2022-06-27T13:41:45","guid":{"rendered":"https:\/\/www.interbox.ch\/contenitori\/?page_id=16172"},"modified":"2025-01-29T15:53:16","modified_gmt":"2025-01-29T14:53:16","slug":"cookie-policy","status":"publish","type":"page","link":"https:\/\/www.interbox.ch\/contenitori\/fr\/cookie-policy\/","title":{"rendered":"Cookie policy"},"content":{"rendered":"<p>[vc_row][vc_column][vc_empty_space height=&#8221;80px&#8221;][\/vc_column][\/vc_row][vc_row][vc_column][vc_column_text]<strong>POLITIQUE DE COOKIES &#8211; Information d\u00e9taill\u00e9e sur les cookies<\/strong><\/p>\n<p><strong>Qu&#8217;est-ce que les cookies<\/strong><br \/>\nLes cookies sont de petits fichiers texte envoy\u00e9s par les sites visit\u00e9s par les utilisateurs \u00e0 leurs terminaux, o\u00f9 ils sont stock\u00e9s et renvoy\u00e9s au m\u00eame site lors de la visite suivante. Les cookies dits &#8220;de tiers&#8221; sont, en revanche, d\u00e9finis par un site web diff\u00e9rent de celui que l&#8217;utilisateur visite. Cela est d\u00fb au fait que chaque site peut contenir des \u00e9l\u00e9ments (images, cartes, sons, liens sp\u00e9cifiques vers des pages web d&#8217;autres domaines, etc.) qui r\u00e9sident sur des serveurs diff\u00e9rents de celui du site visit\u00e9. Les cookies sont utilis\u00e9s pour diverses raisons : authentification informatique, suivi des sessions, stockage d&#8217;informations sur des configurations sp\u00e9cifiques li\u00e9es aux utilisateurs acc\u00e9dant au serveur, m\u00e9morisation des pr\u00e9f\u00e9rences, etc. Vous trouverez ci-dessous toutes les informations concernant les cookies install\u00e9s par ce site et les instructions n\u00e9cessaires sur la mani\u00e8re de g\u00e9rer vos pr\u00e9f\u00e9rences \u00e0 leur sujet.<\/p>\n<p>Pour plus d&#8217;informations sur les cookies et leurs fonctions g\u00e9n\u00e9rales, consultez un site web informatif comme <a href=\"http:\/\/www.allaboutcookies.org\/\">allaboutcookies.org<\/a><\/p>\n<p><strong>Exemples d&#8217;autres technologies :<\/strong><\/p>\n<p><strong>Localstorage<\/strong><br \/>\nIl s&#8217;agit d&#8217;une technologie utilis\u00e9e pour optimiser la navigation, qui ne collecte pas de donn\u00e9es sur les pr\u00e9f\u00e9rences exprim\u00e9es par l&#8217;utilisateur (par exemple, elle m\u00e9morise un code identifiant la session de l&#8217;utilisateur apr\u00e8s la connexion, afin d&#8217;\u00e9viter que l&#8217;utilisateur ait \u00e0 entrer son nom d&#8217;utilisateur et son mot de passe \u00e0 chaque page du profil pour acc\u00e9der aux zones r\u00e9serv\u00e9es).<\/p>\n<p><strong>Tracking pixel<\/strong><br \/>\n&#8220;Code de suivi&#8221; ou &#8220;code de suivi&#8221;, il s&#8217;agit d&#8217;une petite portion de code fournie par certains syst\u00e8mes dans le but d&#8217;\u00eatre impl\u00e9ment\u00e9e dans d&#8217;autres pour suivre certaines donn\u00e9es relatives \u00e0 l&#8217;utilisateur et \u00e0 sa session de navigation ou d&#8217;ouverture des emails, de mani\u00e8re totalement transparente pour l&#8217;utilisateur. Les donn\u00e9es suivies peuvent \u00eatre vari\u00e9es, comme le jour et l&#8217;heure, la position g\u00e9ographique, le type de dispositif utilis\u00e9 pour la navigation, jusqu&#8217;\u00e0 suivre la valeur d\u00e9pens\u00e9e pour un achat et d&#8217;autres informations utiles pour les d\u00e9partements marketing des entreprises qui les utilisent.<\/p>\n<p><strong>Plugin<\/strong><br \/>\nIl s&#8217;agit d&#8217;un programme qui interagit avec un autre programme pour en \u00e9tendre ou am\u00e9liorer les fonctionnalit\u00e9s initiales. Les plugins les plus couramment utilis\u00e9s sont ceux des r\u00e9seaux sociaux, qui permettent par exemple \u00e0 l&#8217;utilisateur de suivre une page ou un profil social d&#8217;un simple clic, de marquer qu&#8217;il aime un contenu web, de le partager sur son profil de r\u00e9seau social, etc.<\/p>\n<p><strong>Widget<\/strong><br \/>\nIl s&#8217;agit d&#8217;un composant graphique d&#8217;interface utilisateur d&#8217;un programme, qui permet \u00e0 l&#8217;utilisateur d&#8217;interagir plus facilement avec ce programme. Les widgets les plus utilis\u00e9s sont ceux des r\u00e9seaux sociaux, qui permettent aux utilisateurs d&#8217;ouvrir facilement les r\u00e9seaux sociaux dans une fen\u00eatre s\u00e9par\u00e9e du navigateur.<\/p>\n<p>Ces services permettent d&#8217;interagir avec des r\u00e9seaux sociaux ou d&#8217;autres plateformes externes directement depuis les pages d&#8217;un site. Les interactions et les informations \u00e9ventuellement collect\u00e9es par le site sont soumises aux param\u00e8tres de confidentialit\u00e9 de la partie tierce qui a cr\u00e9\u00e9 les technologies susmentionn\u00e9es. Pour obtenir des informations d\u00e9taill\u00e9es en vertu de l&#8217;article 13 du R\u00e8glement (UE) 2016\/679 concernant l&#8217;utilisation des donn\u00e9es personnelles trait\u00e9es lorsque vous utilisez ces technologies, nous vous invitons \u00e0 consulter les sites internet des tiers gestionnaires desdites technologies.<\/p>\n<p><strong>Rappelez-vous que vous pouvez g\u00e9rer vos pr\u00e9f\u00e9rences en mati\u00e8re de cookies directement depuis votre navigateur<\/strong><br \/>\nSi vous ne connaissez pas le type et la version de votre navigateur, cliquez sur &#8220;Aide&#8221; dans la fen\u00eatre du navigateur en haut, \u00e0 partir de laquelle vous pouvez acc\u00e9der \u00e0 toutes les informations n\u00e9cessaires. Si vous connaissez votre navigateur, cliquez sur celui que vous utilisez pour acc\u00e9der \u00e0 la page de gestion des cookies. Les utilisateurs peuvent par exemple trouver des informations sur la gestion des cookies dans certains des navigateurs les plus courants aux adresses suivantes :<\/p>\n<ul>\n<li><a href=\"https:\/\/support.google.com\/chrome\/answer\/95647?hl=it&amp;p=cpn_cookies\">Google Chrome<\/a><\/li>\n<li><a href=\"https:\/\/support.mozilla.org\/it\/kb\/Attivare%20e%20disattivare%20i%20cookie\">Mozilla Firefox<\/a><\/li>\n<li><a href=\"https:\/\/support.apple.com\/it-it\/guide\/safari\/manage-cookies-and-website-data-sfri11471\/\">Apple Safari<\/a><\/li>\n<li><a href=\"http:\/\/windows.microsoft.com\/it-it\/windows-vista\/block-or-allow-cookies\">Microsoft Internet Explorer<\/a><\/li>\n<li><a href=\"https:\/\/support.microsoft.com\/it-it\/help\/4027947\">Microsoft Edge<\/a><\/li>\n<li><a href=\"https:\/\/support.brave.com\/hc\/articles\/360022806212-How-do-I-use-Shields-while-browsing\">Brave<\/a><\/li>\n<li><a href=\"https:\/\/help.opera.com\/latest\/web-preferences\/#cookies\">Opera<\/a><\/li>\n<\/ul>\n<p>Pour plus d&#8217;informations, visitez la page <a href=\"http:\/\/www.youronlinechoices.eu\">www.youronlinechoices.eu<\/a><\/p>\n<p><strong>Cookies utilis\u00e9s par ce site<\/strong><br \/>\nL&#8217;utilisation des cookies par le propri\u00e9taire de ce site, <strong>Interbox<\/strong>, situ\u00e9 \u00e0 Via Centro Ind. Europeo, 43, 22078 Turate (CO), en la personne du repr\u00e9sentant l\u00e9gal pro tempore. T\u00e9l. +39 02-96394208, <a href=\"mailto:info@interbox.ch\">info@interbox.ch<\/a> s&#8217;inscrit dans la politique de confidentialit\u00e9 de ce dernier ; pour toutes les informations requises par l&#8217;article 13 du R\u00e8glement UE 2016\/679 \u2013 GDPR <a href=\"https:\/\/www.interbox.ch\/contenitori\/privacy-policy\/\" target=\"_blank\" rel=\"noopener\"><u>cliquez ici.<\/u><\/a><\/p>\n<p>La fermeture du banner en s\u00e9lectionnant le bouton pr\u00e9vu \u00e0 cet effet (&#8220;X&#8221; en haut \u00e0 droite) ou en choisissant l&#8217;option REFUSER) entra\u00eene le maintien des param\u00e8tres par d\u00e9faut et donc la poursuite de la navigation <em>en l&#8217;absence<\/em> de cookies ou d&#8217;autres outils de suivi autres que ceux techniques.<\/p>\n<p><strong>Cookies techniques ne n\u00e9cessitant pas de consentement : <\/strong><br \/>\nCookies relatifs aux activit\u00e9s strictement n\u00e9cessaires au fonctionnement du site et \u00e0 la fourniture du service<\/p>\n<table class=\"tabella-privacy\" style=\"border-collapse: collapse;\" border=\"1\" width=\"100%\">\n<tbody>\n<tr>\n<td><strong><em>Nom<\/em><\/strong><\/td>\n<td><strong><em>Fournisseur<\/em><\/strong><\/td>\n<td><strong><em>Objectif<\/em><\/strong><\/td>\n<td><strong><em>Expiration<\/em><\/strong><\/td>\n<td><strong><em>Type<\/em><\/strong><\/td>\n<\/tr>\n<tr class=\"alt-table-row\">\n<td>Exemple : Cookie Consent envoi de demandes de contact, informations, via le formulaire de la section \u201ccontacts\u201d et dans la section \u201cdemandez notre catalogue\u201d<\/td>\n<td><\/td>\n<td>M\u00e9morise l&#8217;\u00e9tat du consentement de l&#8217;utilisateur pour les cookies du domaine actuel<\/td>\n<td>1 an<\/td>\n<td>Cookie HTTP<\/td>\n<\/tr>\n<tr class=\"alt-table-row\">\n<td><\/td>\n<td>Nom du fournisseur et lien vers la politique de confidentialit\u00e9 et le formulaire de consentement du fournisseur<\/td>\n<td><\/td>\n<td><\/td>\n<\/tr>\n<tr class=\"alt-table-row\">\n<td><\/td>\n<td>Nom du fournisseur et lien vers la politique de confidentialit\u00e9 et le formulaire de consentement du fournisseur<\/td>\n<td><\/td>\n<td><\/td>\n<\/tr>\n<\/tbody>\n<\/table>\n<p><strong>Cookies relatifs aux activit\u00e9s de sauvegarde des pr\u00e9f\u00e9rences et d&#8217;optimisation : <\/strong><\/p>\n<table class=\"tabella-privacy\" style=\"border-collapse: collapse;\" border=\"1\" width=\"100%\">\n<tbody>\n<tr>\n<td><strong><em>Nom<\/em><\/strong><\/td>\n<td><strong><em>Fournisseur<\/em><\/strong><\/td>\n<td><strong><em>Objectif<\/em><\/strong><\/td>\n<td><strong><em>Expiration<\/em><\/strong><\/td>\n<td><strong><em>Type<\/em><\/strong><\/td>\n<\/tr>\n<tr class=\"alt-table-row\">\n<td><\/td>\n<td>Nom du fournisseur et lien vers la politique de confidentialit\u00e9 et le formulaire de consentement du fournisseur<\/td>\n<td><\/td>\n<td><\/td>\n<\/tr>\n<\/tbody>\n<\/table>\n<p><strong>Cookies de statistiques (\u00e9quivalents techniques) utilis\u00e9s pour collecter des informations sous forme agr\u00e9g\u00e9e : <\/strong><br \/>\nLe site utilise \u00e9galement des cookies de statistiques de tiers (_________________) pour collecter des informations sous forme agr\u00e9g\u00e9e, d\u00e9finis comme des cookies techniques, c&#8217;est-\u00e0-dire sans suivi de l&#8217;adresse IP de l&#8217;utilisateur (les donn\u00e9es des utilisateurs ne sont pas profil\u00e9es au niveau de l&#8217;IP) et sans partage des donn\u00e9es avec le tiers.<br \/>\nAcc\u00e8s aux informations du tiers :<br \/>\nPolitique de confidentialit\u00e9 : <a href=\"http:\/\/www.google.com\/policies\/privacy\/\">http:\/\/www.google.com\/policies\/privacy\/<\/a><br \/>\nPolitique des cookies : <a href=\"https:\/\/developers.google.com\/analytics\/devguides\/collection\/analyticsjs\/cookie-usage\">https:\/\/developers.google.com\/analytics\/devguides\/collection\/analyticsjs\/cookie-usage<\/a><br \/>\nD\u00e9sactivation : <a href=\"https:\/\/tools.google.com\/dlpage\/gaoptout?hl=it\">https:\/\/tools.google.com\/dlpage\/gaoptout?hl=it<\/a><br \/>\nTous les cookies techniques ne n\u00e9cessitent pas de consentement et sont donc install\u00e9s automatiquement d\u00e8s l&#8217;acc\u00e8s au site.<\/p>\n<p><strong>Cookies ou autres technologies pour lesquels un consentement est requis<\/strong><br \/>\nTous les cookies (ou autres technologies), autres que ceux techniques mentionn\u00e9s ci-dessus, sont install\u00e9s ou activ\u00e9s uniquement apr\u00e8s le <strong>consentement expr\u00e8s<\/strong> de l&#8217;utilisateur lors de la premi\u00e8re visite du site. Le consentement peut \u00eatre exprim\u00e9 de mani\u00e8re g\u00e9n\u00e9rale en interagissant avec le bandeau d&#8217;information bref sur la page d&#8217;accueil du site, selon les modalit\u00e9s indiqu\u00e9es dans ce bandeau ; ou il peut \u00eatre donn\u00e9 ou refus\u00e9 de mani\u00e8re s\u00e9lective, selon les modalit\u00e9s indiqu\u00e9es dans le m\u00eame bandeau. Ce consentement est enregistr\u00e9 lors des visites suivantes. Vous avez toujours la possibilit\u00e9 de retirer tout ou partie du consentement d\u00e9j\u00e0 donn\u00e9.<\/p>\n<p><strong>Cookies ou autres technologies g\u00e9r\u00e9s par des tiers<\/strong><br \/>\nCe site installe \u00e9galement des cookies ou d&#8217;autres technologies g\u00e9r\u00e9s par des tiers. Vous trouverez ci-dessous quelques indications et un lien vers la politique de confidentialit\u00e9 et le formulaire de consentement de chacun d&#8217;eux.<\/p>\n<table class=\"tabella-privacy\" style=\"border-collapse: collapse;\" border=\"1\" width=\"100%\">\n<tbody>\n<tr>\n<td><strong><em>Nom<\/em><\/strong><\/td>\n<td><strong><em>Partenaire tiers<\/em><\/strong><\/td>\n<td><strong><em>Objectif<\/em><\/strong><\/td>\n<td><strong><em>Expiration<\/em><\/strong><\/td>\n<td><strong><em>Type<\/em><\/strong><\/td>\n<\/tr>\n<tr class=\"alt-table-row\">\n<td><\/td>\n<td>Nom du fournisseur et lien vers la politique de confidentialit\u00e9 et le formulaire de consentement du fournisseur<\/td>\n<td><\/td>\n<td><\/td>\n<\/tr>\n<\/tbody>\n<\/table>\n<p>Date de mise \u00e0 jour : 11\/07\/2022[\/vc_column_text][\/vc_column][\/vc_row][vc_row][vc_column][vc_empty_space height=&#8221;80px&#8221;][\/vc_column][\/vc_row]<\/p>\n","protected":false},"excerpt":{"rendered":"<p>[vc_row][vc_column][vc_empty_space height=&#8221;80px&#8221;][\/vc_column][\/vc_row][vc_row][vc_column][vc_column_text]POLITIQUE DE COOKIES &#8211; Information d\u00e9taill\u00e9e sur les cookies Qu&#8217;est-ce que les cookies Les cookies sont de petits fichiers texte envoy\u00e9s par les sites visit\u00e9s par les utilisateurs \u00e0 leurs terminaux, o\u00f9 ils sont stock\u00e9s et renvoy\u00e9s au m\u00eame site lors de la visite suivante. Les cookies dits &#8220;de tiers&#8221; sont, en revanche, d\u00e9finis [&hellip;]<\/p>\n","protected":false},"author":45,"featured_media":0,"parent":0,"menu_order":2,"comment_status":"closed","ping_status":"closed","template":"","meta":{"footnotes":""},"class_list":["post-16172","page","type-page","status-publish","hentry"],"acf":[],"yoast_head":"<!-- This site is optimized with the Yoast SEO plugin v19.1 - https:\/\/yoast.com\/wordpress\/plugins\/seo\/ -->\n<title>Cookie policy - Interbox - Contenitori<\/title>\n<meta name=\"robots\" content=\"index, follow, max-snippet:-1, max-image-preview:large, max-video-preview:-1\" \/>\n<link rel=\"canonical\" href=\"https:\/\/www.interbox.ch\/contenitori\/fr\/cookie-policy\/\" \/>\n<meta property=\"og:locale\" content=\"fr_FR\" \/>\n<meta property=\"og:type\" content=\"article\" \/>\n<meta property=\"og:title\" content=\"Cookie policy - Interbox - Contenitori\" \/>\n<meta property=\"og:description\" content=\"[vc_row][vc_column][vc_empty_space height=&#8221;80px&#8221;][\/vc_column][\/vc_row][vc_row][vc_column][vc_column_text]POLITIQUE DE COOKIES &#8211; Information d\u00e9taill\u00e9e sur les cookies Qu&#8217;est-ce que les cookies Les cookies sont de petits fichiers texte envoy\u00e9s par les sites visit\u00e9s par les utilisateurs \u00e0 leurs terminaux, o\u00f9 ils sont stock\u00e9s et renvoy\u00e9s au m\u00eame site lors de la visite suivante. Les cookies dits &#8220;de tiers&#8221; sont, en revanche, d\u00e9finis [&hellip;]\" \/>\n<meta property=\"og:url\" content=\"https:\/\/www.interbox.ch\/contenitori\/fr\/cookie-policy\/\" \/>\n<meta property=\"og:site_name\" content=\"Interbox - Contenitori\" \/>\n<meta property=\"article:modified_time\" content=\"2025-01-29T14:53:16+00:00\" \/>\n<meta name=\"twitter:card\" content=\"summary_large_image\" \/>\n<meta name=\"twitter:label1\" content=\"Dur\u00e9e de lecture estim\u00e9e\" \/>\n\t<meta name=\"twitter:data1\" content=\"7 minutes\" \/>\n<script type=\"application\/ld+json\" class=\"yoast-schema-graph\">{\"@context\":\"https:\/\/schema.org\",\"@graph\":[{\"@type\":\"Organization\",\"@id\":\"https:\/\/www.interbox.ch\/contenitori\/fr\/#organization\",\"name\":\"Interbox\",\"url\":\"https:\/\/www.interbox.ch\/contenitori\/fr\/\",\"sameAs\":[\"https:\/\/www.instagram.com\/martinialfredo_spa\/\",\"https:\/\/www.youtube.com\/channel\/UCUzuZc9hYH9KN1iUYs3iiOg\"],\"logo\":{\"@type\":\"ImageObject\",\"inLanguage\":\"fr-FR\",\"@id\":\"https:\/\/www.interbox.ch\/contenitori\/fr\/#\/schema\/logo\/image\/\",\"url\":\"https:\/\/www.interbox.ch\/contenitori\/wp-content\/uploads\/2022\/03\/logo.png\",\"contentUrl\":\"https:\/\/www.interbox.ch\/contenitori\/wp-content\/uploads\/2022\/03\/logo.png\",\"width\":219,\"height\":141,\"caption\":\"Interbox\"},\"image\":{\"@id\":\"https:\/\/www.interbox.ch\/contenitori\/fr\/#\/schema\/logo\/image\/\"}},{\"@type\":\"WebSite\",\"@id\":\"https:\/\/www.interbox.ch\/contenitori\/fr\/#website\",\"url\":\"https:\/\/www.interbox.ch\/contenitori\/fr\/\",\"name\":\"Interbox - Contenitori\",\"description\":\"\",\"publisher\":{\"@id\":\"https:\/\/www.interbox.ch\/contenitori\/fr\/#organization\"},\"potentialAction\":[{\"@type\":\"SearchAction\",\"target\":{\"@type\":\"EntryPoint\",\"urlTemplate\":\"https:\/\/www.interbox.ch\/contenitori\/fr\/?s={search_term_string}\"},\"query-input\":\"required name=search_term_string\"}],\"inLanguage\":\"fr-FR\"},{\"@type\":\"WebPage\",\"@id\":\"https:\/\/www.interbox.ch\/contenitori\/fr\/cookie-policy\/#webpage\",\"url\":\"https:\/\/www.interbox.ch\/contenitori\/fr\/cookie-policy\/\",\"name\":\"Cookie policy - Interbox - Contenitori\",\"isPartOf\":{\"@id\":\"https:\/\/www.interbox.ch\/contenitori\/fr\/#website\"},\"datePublished\":\"2022-06-27T13:41:45+00:00\",\"dateModified\":\"2025-01-29T14:53:16+00:00\",\"breadcrumb\":{\"@id\":\"https:\/\/www.interbox.ch\/contenitori\/fr\/cookie-policy\/#breadcrumb\"},\"inLanguage\":\"fr-FR\",\"potentialAction\":[{\"@type\":\"ReadAction\",\"target\":[\"https:\/\/www.interbox.ch\/contenitori\/fr\/cookie-policy\/\"]}]},{\"@type\":\"BreadcrumbList\",\"@id\":\"https:\/\/www.interbox.ch\/contenitori\/fr\/cookie-policy\/#breadcrumb\",\"itemListElement\":[{\"@type\":\"ListItem\",\"position\":1,\"name\":\"Home\",\"item\":\"https:\/\/www.interbox.ch\/contenitori\/fr\/\"},{\"@type\":\"ListItem\",\"position\":2,\"name\":\"Cookie policy\"}]}]}<\/script>\n<!-- \/ Yoast SEO plugin. -->","yoast_head_json":{"title":"Cookie policy - Interbox - Contenitori","robots":{"index":"index","follow":"follow","max-snippet":"max-snippet:-1","max-image-preview":"max-image-preview:large","max-video-preview":"max-video-preview:-1"},"canonical":"https:\/\/www.interbox.ch\/contenitori\/fr\/cookie-policy\/","og_locale":"fr_FR","og_type":"article","og_title":"Cookie policy - Interbox - Contenitori","og_description":"[vc_row][vc_column][vc_empty_space height=&#8221;80px&#8221;][\/vc_column][\/vc_row][vc_row][vc_column][vc_column_text]POLITIQUE DE COOKIES &#8211; Information d\u00e9taill\u00e9e sur les cookies Qu&#8217;est-ce que les cookies Les cookies sont de petits fichiers texte envoy\u00e9s par les sites visit\u00e9s par les utilisateurs \u00e0 leurs terminaux, o\u00f9 ils sont stock\u00e9s et renvoy\u00e9s au m\u00eame site lors de la visite suivante. Les cookies dits &#8220;de tiers&#8221; sont, en revanche, d\u00e9finis [&hellip;]","og_url":"https:\/\/www.interbox.ch\/contenitori\/fr\/cookie-policy\/","og_site_name":"Interbox - Contenitori","article_modified_time":"2025-01-29T14:53:16+00:00","twitter_card":"summary_large_image","twitter_misc":{"Dur\u00e9e de lecture estim\u00e9e":"7 minutes"},"schema":{"@context":"https:\/\/schema.org","@graph":[{"@type":"Organization","@id":"https:\/\/www.interbox.ch\/contenitori\/fr\/#organization","name":"Interbox","url":"https:\/\/www.interbox.ch\/contenitori\/fr\/","sameAs":["https:\/\/www.instagram.com\/martinialfredo_spa\/","https:\/\/www.youtube.com\/channel\/UCUzuZc9hYH9KN1iUYs3iiOg"],"logo":{"@type":"ImageObject","inLanguage":"fr-FR","@id":"https:\/\/www.interbox.ch\/contenitori\/fr\/#\/schema\/logo\/image\/","url":"https:\/\/www.interbox.ch\/contenitori\/wp-content\/uploads\/2022\/03\/logo.png","contentUrl":"https:\/\/www.interbox.ch\/contenitori\/wp-content\/uploads\/2022\/03\/logo.png","width":219,"height":141,"caption":"Interbox"},"image":{"@id":"https:\/\/www.interbox.ch\/contenitori\/fr\/#\/schema\/logo\/image\/"}},{"@type":"WebSite","@id":"https:\/\/www.interbox.ch\/contenitori\/fr\/#website","url":"https:\/\/www.interbox.ch\/contenitori\/fr\/","name":"Interbox - Contenitori","description":"","publisher":{"@id":"https:\/\/www.interbox.ch\/contenitori\/fr\/#organization"},"potentialAction":[{"@type":"SearchAction","target":{"@type":"EntryPoint","urlTemplate":"https:\/\/www.interbox.ch\/contenitori\/fr\/?s={search_term_string}"},"query-input":"required name=search_term_string"}],"inLanguage":"fr-FR"},{"@type":"WebPage","@id":"https:\/\/www.interbox.ch\/contenitori\/fr\/cookie-policy\/#webpage","url":"https:\/\/www.interbox.ch\/contenitori\/fr\/cookie-policy\/","name":"Cookie policy - Interbox - Contenitori","isPartOf":{"@id":"https:\/\/www.interbox.ch\/contenitori\/fr\/#website"},"datePublished":"2022-06-27T13:41:45+00:00","dateModified":"2025-01-29T14:53:16+00:00","breadcrumb":{"@id":"https:\/\/www.interbox.ch\/contenitori\/fr\/cookie-policy\/#breadcrumb"},"inLanguage":"fr-FR","potentialAction":[{"@type":"ReadAction","target":["https:\/\/www.interbox.ch\/contenitori\/fr\/cookie-policy\/"]}]},{"@type":"BreadcrumbList","@id":"https:\/\/www.interbox.ch\/contenitori\/fr\/cookie-policy\/#breadcrumb","itemListElement":[{"@type":"ListItem","position":1,"name":"Home","item":"https:\/\/www.interbox.ch\/contenitori\/fr\/"},{"@type":"ListItem","position":2,"name":"Cookie policy"}]}]}},"_links":{"self":[{"href":"https:\/\/www.interbox.ch\/contenitori\/fr\/wp-json\/wp\/v2\/pages\/16172","targetHints":{"allow":["GET"]}}],"collection":[{"href":"https:\/\/www.interbox.ch\/contenitori\/fr\/wp-json\/wp\/v2\/pages"}],"about":[{"href":"https:\/\/www.interbox.ch\/contenitori\/fr\/wp-json\/wp\/v2\/types\/page"}],"author":[{"embeddable":true,"href":"https:\/\/www.interbox.ch\/contenitori\/fr\/wp-json\/wp\/v2\/users\/45"}],"replies":[{"embeddable":true,"href":"https:\/\/www.interbox.ch\/contenitori\/fr\/wp-json\/wp\/v2\/comments?post=16172"}],"version-history":[{"count":2,"href":"https:\/\/www.interbox.ch\/contenitori\/fr\/wp-json\/wp\/v2\/pages\/16172\/revisions"}],"predecessor-version":[{"id":26320,"href":"https:\/\/www.interbox.ch\/contenitori\/fr\/wp-json\/wp\/v2\/pages\/16172\/revisions\/26320"}],"wp:attachment":[{"href":"https:\/\/www.interbox.ch\/contenitori\/fr\/wp-json\/wp\/v2\/media?parent=16172"}],"curies":[{"name":"wp","href":"https:\/\/api.w.org\/{rel}","templated":true}]}}