{"id":15995,"date":"2022-04-13T11:50:24","date_gmt":"2022-04-13T09:50:24","guid":{"rendered":"https:\/\/www.interbox.ch\/contenitori\/?page_id=15995"},"modified":"2024-05-06T16:39:44","modified_gmt":"2024-05-06T14:39:44","slug":"certifications","status":"publish","type":"page","link":"https:\/\/www.interbox.ch\/contenitori\/fr\/certifications\/","title":{"rendered":"Certifications"},"content":{"rendered":"<p>[vc_row full_width=&#8221;stretch_row_content_no_spaces&#8221;][vc_column]<div class=\"banner-titolo\"   > <div class=\"banner-titolo-inn\"  style=\"background-image: url(https:\/\/www.interbox.ch\/contenitori\/wp-content\/uploads\/2023\/10\/certificati-ok.jpg)\"  > <div class=\"ombra-back\"><\/div><div class=\"container\"   > <div class=\"banner-titolo-inside\"  > <div class=\"spacer\"><\/div><\/div><\/div><\/div><div class=\"banner-titolo-text  \"  > <h2 class=\"titolo colore-oro\">Certificazioni<\/h2><\/div><\/div>[\/vc_column][\/vc_row][vc_row][vc_column][vc_empty_space height=&#8221;80px&#8221;][\/vc_column][\/vc_row][vc_row][vc_column][vc_column_text]<\/p>\n<h2 style=\"text-align: center;\"><strong>Interbox est synonyme de qualit\u00e9 et de haute technologie.<\/strong><\/h2>\n<h3 style=\"text-align: center;\">La conception, la production et la commercialisation des divisions Conteneurs plastiques et palettes et Marinas sont certifi\u00e9es par la SQS, l&#8217;Association suisse pour les syst\u00e8mes de qualit\u00e9 et de management.<\/h3>\n<p>[\/vc_column_text][vc_empty_space height=&#8221;80px&#8221;][vc_column_text]<\/p>\n<p style=\"text-align: center;\">Interbox est l&#8217;une des premi\u00e8res entreprises \u00e0 avoir obtenu la certification du syst\u00e8me de gestion de la qualit\u00e9 de la soci\u00e9t\u00e9 selon la norme ISO 9001:2015.<\/p>\n<p>[\/vc_column_text][vc_column_text]<\/p>\n<p style=\"text-align: center;\">Interbox est \u00e9galement qualifi\u00e9e, selon la l\u00e9gislation en vigueur, pour l&#8217;ex\u00e9cution de travaux publics, pour la cat\u00e9gorie OG 7 &#8211; travaux maritimes &#8211; certification obtenue par l&#8217;interm\u00e9diaire de BENTLEY SOA S.p.A.<\/p>\n<p>[\/vc_column_text][\/vc_column][\/vc_row][vc_row][vc_column][vc_empty_space height=&#8221;80px&#8221;][vc_column_text]<\/p>\n<h5 style=\"text-align: center;\">Si vous souhaitez consulter les certificats et leurs sp\u00e9cifications, cliquez sur l&#8217;ic\u00f4ne \u00e0 droite et t\u00e9l\u00e9chargez le document.<\/h5>\n<p>[\/vc_column_text][vc_empty_space height=&#8221;80px&#8221;][\/vc_column][\/vc_row][vc_row][vc_column width=&#8221;1\/4&#8243; offset=&#8221;vc_col-xs-6&#8243;][\/vc_column][vc_column width=&#8221;1\/4&#8243; offset=&#8221;vc_col-xs-6&#8243;][vc_single_image image=&#8221;4152&#8243; img_size=&#8221;260&#215;260&#8243; alignment=&#8221;center&#8221; onclick=&#8221;custom_link&#8221; img_link_target=&#8221;_blank&#8221; link=&#8221;https:\/\/www.interbox.ch\/contenitori\/wp-content\/uploads\/2024\/05\/329166_fr_41455.pdf&#8221; el_class=&#8221;full-width-image&#8221;][\/vc_column][vc_column width=&#8221;1\/4&#8243; offset=&#8221;vc_col-xs-6&#8243;][vc_single_image image=&#8221;4147&#8243; img_size=&#8221;full&#8221; alignment=&#8221;center&#8221; onclick=&#8221;custom_link&#8221; img_link_target=&#8221;_blank&#8221; link=&#8221;https:\/\/www.interbox.ch\/contenitori\/wp-content\/uploads\/2024\/05\/329166_iq_41455.pdf&#8221; el_class=&#8221;full-width-image&#8221;][\/vc_column][vc_column width=&#8221;1\/4&#8243; offset=&#8221;vc_col-xs-6&#8243;][\/vc_column][\/vc_row][vc_row][vc_column][vc_empty_space height=&#8221;80px&#8221;][\/vc_column][\/vc_row]<\/p>\n","protected":false},"excerpt":{"rendered":"<p>[vc_row full_width=&#8221;stretch_row_content_no_spaces&#8221;][vc_column][\/vc_column][\/vc_row][vc_row][vc_column][vc_empty_space height=&#8221;80px&#8221;][\/vc_column][\/vc_row][vc_row][vc_column][vc_column_text] Interbox est synonyme de qualit\u00e9 et de haute technologie. La conception, la production et la commercialisation des divisions Conteneurs plastiques et palettes et Marinas sont certifi\u00e9es par la SQS, l&#8217;Association suisse pour les syst\u00e8mes de qualit\u00e9 et de management. [\/vc_column_text][vc_empty_space height=&#8221;80px&#8221;][vc_column_text] Interbox est l&#8217;une des premi\u00e8res entreprises \u00e0 avoir obtenu la certification [&hellip;]<\/p>\n","protected":false},"author":43,"featured_media":0,"parent":0,"menu_order":35,"comment_status":"closed","ping_status":"closed","template":"","meta":{"footnotes":""},"class_list":["post-15995","page","type-page","status-publish","hentry"],"acf":[],"yoast_head":"<!-- This site is optimized with the Yoast SEO plugin v19.1 - https:\/\/yoast.com\/wordpress\/plugins\/seo\/ -->\n<title>Certifications - Interbox - Contenitori<\/title>\n<meta name=\"robots\" content=\"index, follow, max-snippet:-1, max-image-preview:large, max-video-preview:-1\" \/>\n<link rel=\"canonical\" href=\"https:\/\/www.interbox.ch\/contenitori\/fr\/certifications\/\" \/>\n<meta property=\"og:locale\" content=\"fr_FR\" \/>\n<meta property=\"og:type\" content=\"article\" \/>\n<meta property=\"og:title\" content=\"Certifications - Interbox - Contenitori\" \/>\n<meta property=\"og:description\" content=\"[vc_row full_width=&#8221;stretch_row_content_no_spaces&#8221;][vc_column][\/vc_column][\/vc_row][vc_row][vc_column][vc_empty_space height=&#8221;80px&#8221;][\/vc_column][\/vc_row][vc_row][vc_column][vc_column_text] Interbox est synonyme de qualit\u00e9 et de haute technologie. La conception, la production et la commercialisation des divisions Conteneurs plastiques et palettes et Marinas sont certifi\u00e9es par la SQS, l&#8217;Association suisse pour les syst\u00e8mes de qualit\u00e9 et de management. [\/vc_column_text][vc_empty_space height=&#8221;80px&#8221;][vc_column_text] Interbox est l&#8217;une des premi\u00e8res entreprises \u00e0 avoir obtenu la certification [&hellip;]\" \/>\n<meta property=\"og:url\" content=\"https:\/\/www.interbox.ch\/contenitori\/fr\/certifications\/\" \/>\n<meta property=\"og:site_name\" content=\"Interbox - Contenitori\" \/>\n<meta property=\"article:modified_time\" content=\"2024-05-06T14:39:44+00:00\" \/>\n<meta name=\"twitter:card\" content=\"summary_large_image\" \/>\n<meta name=\"twitter:label1\" content=\"Dur\u00e9e de lecture estim\u00e9e\" \/>\n\t<meta name=\"twitter:data1\" content=\"2 minutes\" \/>\n<script type=\"application\/ld+json\" class=\"yoast-schema-graph\">{\"@context\":\"https:\/\/schema.org\",\"@graph\":[{\"@type\":\"Organization\",\"@id\":\"https:\/\/www.interbox.ch\/contenitori\/fr\/#organization\",\"name\":\"Interbox\",\"url\":\"https:\/\/www.interbox.ch\/contenitori\/fr\/\",\"sameAs\":[\"https:\/\/www.instagram.com\/martinialfredo_spa\/\",\"https:\/\/www.youtube.com\/channel\/UCUzuZc9hYH9KN1iUYs3iiOg\"],\"logo\":{\"@type\":\"ImageObject\",\"inLanguage\":\"fr-FR\",\"@id\":\"https:\/\/www.interbox.ch\/contenitori\/fr\/#\/schema\/logo\/image\/\",\"url\":\"https:\/\/www.interbox.ch\/contenitori\/wp-content\/uploads\/2022\/03\/logo.png\",\"contentUrl\":\"https:\/\/www.interbox.ch\/contenitori\/wp-content\/uploads\/2022\/03\/logo.png\",\"width\":219,\"height\":141,\"caption\":\"Interbox\"},\"image\":{\"@id\":\"https:\/\/www.interbox.ch\/contenitori\/fr\/#\/schema\/logo\/image\/\"}},{\"@type\":\"WebSite\",\"@id\":\"https:\/\/www.interbox.ch\/contenitori\/fr\/#website\",\"url\":\"https:\/\/www.interbox.ch\/contenitori\/fr\/\",\"name\":\"Interbox - Contenitori\",\"description\":\"\",\"publisher\":{\"@id\":\"https:\/\/www.interbox.ch\/contenitori\/fr\/#organization\"},\"potentialAction\":[{\"@type\":\"SearchAction\",\"target\":{\"@type\":\"EntryPoint\",\"urlTemplate\":\"https:\/\/www.interbox.ch\/contenitori\/fr\/?s={search_term_string}\"},\"query-input\":\"required name=search_term_string\"}],\"inLanguage\":\"fr-FR\"},{\"@type\":\"WebPage\",\"@id\":\"https:\/\/www.interbox.ch\/contenitori\/fr\/certifications\/#webpage\",\"url\":\"https:\/\/www.interbox.ch\/contenitori\/fr\/certifications\/\",\"name\":\"Certifications - Interbox - Contenitori\",\"isPartOf\":{\"@id\":\"https:\/\/www.interbox.ch\/contenitori\/fr\/#website\"},\"datePublished\":\"2022-04-13T09:50:24+00:00\",\"dateModified\":\"2024-05-06T14:39:44+00:00\",\"breadcrumb\":{\"@id\":\"https:\/\/www.interbox.ch\/contenitori\/fr\/certifications\/#breadcrumb\"},\"inLanguage\":\"fr-FR\",\"potentialAction\":[{\"@type\":\"ReadAction\",\"target\":[\"https:\/\/www.interbox.ch\/contenitori\/fr\/certifications\/\"]}]},{\"@type\":\"BreadcrumbList\",\"@id\":\"https:\/\/www.interbox.ch\/contenitori\/fr\/certifications\/#breadcrumb\",\"itemListElement\":[{\"@type\":\"ListItem\",\"position\":1,\"name\":\"Home\",\"item\":\"https:\/\/www.interbox.ch\/contenitori\/fr\/\"},{\"@type\":\"ListItem\",\"position\":2,\"name\":\"Certifications\"}]}]}<\/script>\n<!-- \/ Yoast SEO plugin. -->","yoast_head_json":{"title":"Certifications - Interbox - Contenitori","robots":{"index":"index","follow":"follow","max-snippet":"max-snippet:-1","max-image-preview":"max-image-preview:large","max-video-preview":"max-video-preview:-1"},"canonical":"https:\/\/www.interbox.ch\/contenitori\/fr\/certifications\/","og_locale":"fr_FR","og_type":"article","og_title":"Certifications - Interbox - Contenitori","og_description":"[vc_row full_width=&#8221;stretch_row_content_no_spaces&#8221;][vc_column][\/vc_column][\/vc_row][vc_row][vc_column][vc_empty_space height=&#8221;80px&#8221;][\/vc_column][\/vc_row][vc_row][vc_column][vc_column_text] Interbox est synonyme de qualit\u00e9 et de haute technologie. La conception, la production et la commercialisation des divisions Conteneurs plastiques et palettes et Marinas sont certifi\u00e9es par la SQS, l&#8217;Association suisse pour les syst\u00e8mes de qualit\u00e9 et de management. [\/vc_column_text][vc_empty_space height=&#8221;80px&#8221;][vc_column_text] Interbox est l&#8217;une des premi\u00e8res entreprises \u00e0 avoir obtenu la certification [&hellip;]","og_url":"https:\/\/www.interbox.ch\/contenitori\/fr\/certifications\/","og_site_name":"Interbox - Contenitori","article_modified_time":"2024-05-06T14:39:44+00:00","twitter_card":"summary_large_image","twitter_misc":{"Dur\u00e9e de lecture estim\u00e9e":"2 minutes"},"schema":{"@context":"https:\/\/schema.org","@graph":[{"@type":"Organization","@id":"https:\/\/www.interbox.ch\/contenitori\/fr\/#organization","name":"Interbox","url":"https:\/\/www.interbox.ch\/contenitori\/fr\/","sameAs":["https:\/\/www.instagram.com\/martinialfredo_spa\/","https:\/\/www.youtube.com\/channel\/UCUzuZc9hYH9KN1iUYs3iiOg"],"logo":{"@type":"ImageObject","inLanguage":"fr-FR","@id":"https:\/\/www.interbox.ch\/contenitori\/fr\/#\/schema\/logo\/image\/","url":"https:\/\/www.interbox.ch\/contenitori\/wp-content\/uploads\/2022\/03\/logo.png","contentUrl":"https:\/\/www.interbox.ch\/contenitori\/wp-content\/uploads\/2022\/03\/logo.png","width":219,"height":141,"caption":"Interbox"},"image":{"@id":"https:\/\/www.interbox.ch\/contenitori\/fr\/#\/schema\/logo\/image\/"}},{"@type":"WebSite","@id":"https:\/\/www.interbox.ch\/contenitori\/fr\/#website","url":"https:\/\/www.interbox.ch\/contenitori\/fr\/","name":"Interbox - Contenitori","description":"","publisher":{"@id":"https:\/\/www.interbox.ch\/contenitori\/fr\/#organization"},"potentialAction":[{"@type":"SearchAction","target":{"@type":"EntryPoint","urlTemplate":"https:\/\/www.interbox.ch\/contenitori\/fr\/?s={search_term_string}"},"query-input":"required name=search_term_string"}],"inLanguage":"fr-FR"},{"@type":"WebPage","@id":"https:\/\/www.interbox.ch\/contenitori\/fr\/certifications\/#webpage","url":"https:\/\/www.interbox.ch\/contenitori\/fr\/certifications\/","name":"Certifications - Interbox - Contenitori","isPartOf":{"@id":"https:\/\/www.interbox.ch\/contenitori\/fr\/#website"},"datePublished":"2022-04-13T09:50:24+00:00","dateModified":"2024-05-06T14:39:44+00:00","breadcrumb":{"@id":"https:\/\/www.interbox.ch\/contenitori\/fr\/certifications\/#breadcrumb"},"inLanguage":"fr-FR","potentialAction":[{"@type":"ReadAction","target":["https:\/\/www.interbox.ch\/contenitori\/fr\/certifications\/"]}]},{"@type":"BreadcrumbList","@id":"https:\/\/www.interbox.ch\/contenitori\/fr\/certifications\/#breadcrumb","itemListElement":[{"@type":"ListItem","position":1,"name":"Home","item":"https:\/\/www.interbox.ch\/contenitori\/fr\/"},{"@type":"ListItem","position":2,"name":"Certifications"}]}]}},"_links":{"self":[{"href":"https:\/\/www.interbox.ch\/contenitori\/fr\/wp-json\/wp\/v2\/pages\/15995","targetHints":{"allow":["GET"]}}],"collection":[{"href":"https:\/\/www.interbox.ch\/contenitori\/fr\/wp-json\/wp\/v2\/pages"}],"about":[{"href":"https:\/\/www.interbox.ch\/contenitori\/fr\/wp-json\/wp\/v2\/types\/page"}],"author":[{"embeddable":true,"href":"https:\/\/www.interbox.ch\/contenitori\/fr\/wp-json\/wp\/v2\/users\/43"}],"replies":[{"embeddable":true,"href":"https:\/\/www.interbox.ch\/contenitori\/fr\/wp-json\/wp\/v2\/comments?post=15995"}],"version-history":[{"count":9,"href":"https:\/\/www.interbox.ch\/contenitori\/fr\/wp-json\/wp\/v2\/pages\/15995\/revisions"}],"predecessor-version":[{"id":16256,"href":"https:\/\/www.interbox.ch\/contenitori\/fr\/wp-json\/wp\/v2\/pages\/15995\/revisions\/16256"}],"wp:attachment":[{"href":"https:\/\/www.interbox.ch\/contenitori\/fr\/wp-json\/wp\/v2\/media?parent=15995"}],"curies":[{"name":"wp","href":"https:\/\/api.w.org\/{rel}","templated":true}]}}