{"id":15824,"date":"2022-03-17T14:12:59","date_gmt":"2022-03-17T13:12:59","guid":{"rendered":"https:\/\/www.interbox.ch\/contenitori\/?page_id=15824"},"modified":"2024-03-14T12:40:45","modified_gmt":"2024-03-14T11:40:45","slug":"company","status":"publish","type":"page","link":"https:\/\/www.interbox.ch\/contenitori\/fr\/company\/","title":{"rendered":"Entreprise"},"content":{"rendered":"<p>[vc_row][vc_column][vc_separator][vc_empty_space height=&#8221;30px&#8221;][\/vc_column][\/vc_row][vc_row full_width=&#8221;stretch_row&#8221; content_placement=&#8221;middle&#8221; el_class=&#8221;fondo-azzurro&#8221;][vc_column width=&#8221;1\/2&#8243;][vc_single_image image=&#8221;15898&#8243; img_size=&#8221;full&#8221; alignment=&#8221;center&#8221; el_class=&#8221;image-home-full-side full-width-image&#8221;][\/vc_column][vc_column width=&#8221;1\/2&#8243;][vc_column_text el_class=&#8221;text-home-full-side&#8221;]<\/p>\n<h2><strong>INTERBOX: <\/strong><\/h2>\n<h2>leader de l&#8217;innovation depuis de 50 ans.<\/h2>\n<p>[\/vc_column_text][\/vc_column][\/vc_row][vc_row full_width=&#8221;stretch_row&#8221; el_class=&#8221;fondo-azzurro&#8221;][vc_column][vc_empty_space height=&#8221;60px&#8221;][\/vc_column][\/vc_row][vc_row el_class=&#8221;blocco-particle&#8221; css=&#8221;.vc_custom_1696251550177{background-position: center !important;background-repeat: no-repeat !important;background-size: cover !important;}&#8221;][vc_column][vc_empty_space height=&#8221;80px&#8221;][vc_column_text el_class=&#8221;testo-big&#8221;]<strong>Leader dans le secteur des conteneurs industriels en plastique pour la logistique<\/strong>, le transport et le stockage, Interbox op\u00e8re depuis de 50 ans sous le signe de l\u2019innovation. Le d\u00e9veloppement de solutions avanc\u00e9es, na\u00eet \u00e0 la fois de l\u2019utilisation de technologies de pointe, mais aussi de l\u2019analyse attentive des n\u00e9cessit\u00e9s \u00e9mergentes du march\u00e9.<\/p>\n<p>Une <strong>recherche constante<\/strong>, qui permet aujourd\u2019hui \u00e0 Interbox d\u2019offrir un catalogue diversifi\u00e9 et complet pour les secteurs les plus disparates allant du commerce aux services, \u00e0 l\u2019industrie et \u00e0 l\u2019artisanat. Chaque produit-des palettes aux syst\u00e8mes d\u2019archivage, aux conteneurs multimodulaires \u2013 est test\u00e9 et essay\u00e9, pour garantir les meilleures performances fonctionnelles.[\/vc_column_text][vc_empty_space height=&#8221;80px&#8221;][\/vc_column][\/vc_row][vc_row full_width=&#8221;stretch_row&#8221; disable_element=&#8221;yes&#8221; el_class=&#8221;fondo-azzurro&#8221; css=&#8221;.vc_custom_1656322503266{background-position: center !important;background-repeat: no-repeat !important;background-size: cover !important;}&#8221;][vc_column width=&#8221;1\/4&#8243;][\/vc_column][vc_column width=&#8221;1\/2&#8243;][vc_empty_space height=&#8221;80px&#8221;][vc_column_text]<\/p>\n<h2 style=\"text-align: center;\">News<\/h2>\n<p style=\"text-align: center;\">I contenitori Interbox non hanno pi\u00f9 segreti! Leggi gli ultimi articoli pubblicati e tieniti aggiornato sulle ultime novit\u00e0 in materia di stoccaggio e movimentazione delle merci attraverso soluzioni efficienti e funzionali.<\/p>\n<p>[\/vc_column_text][vc_empty_space height=&#8221;40px&#8221;][\/vc_column][vc_column width=&#8221;1\/4&#8243;][\/vc_column][\/vc_row][vc_row full_width=&#8221;stretch_row&#8221; disable_element=&#8221;yes&#8221; el_class=&#8221;fondo-azzurro&#8221;][vc_column][vc_empty_space height=&#8221;80px&#8221;][\/vc_column][\/vc_row][vc_row][vc_column][vc_separator][\/vc_column][\/vc_row][vc_row][vc_column][vc_separator][\/vc_column][\/vc_row][vc_row][vc_column][\/vc_column][\/vc_row]<\/p>\n","protected":false},"excerpt":{"rendered":"<p>[vc_row][vc_column][vc_separator][vc_empty_space height=&#8221;30px&#8221;][\/vc_column][\/vc_row][vc_row full_width=&#8221;stretch_row&#8221; content_placement=&#8221;middle&#8221; el_class=&#8221;fondo-azzurro&#8221;][vc_column width=&#8221;1\/2&#8243;][vc_single_image image=&#8221;15898&#8243; img_size=&#8221;full&#8221; alignment=&#8221;center&#8221; el_class=&#8221;image-home-full-side full-width-image&#8221;][\/vc_column][vc_column width=&#8221;1\/2&#8243;][vc_column_text el_class=&#8221;text-home-full-side&#8221;] INTERBOX: leader de l&#8217;innovation depuis de 50 ans. [\/vc_column_text][\/vc_column][\/vc_row][vc_row full_width=&#8221;stretch_row&#8221; el_class=&#8221;fondo-azzurro&#8221;][vc_column][vc_empty_space height=&#8221;60px&#8221;][\/vc_column][\/vc_row][vc_row el_class=&#8221;blocco-particle&#8221; css=&#8221;.vc_custom_1696251550177{background-position: center !important;background-repeat: no-repeat !important;background-size: cover !important;}&#8221;][vc_column][vc_empty_space height=&#8221;80px&#8221;][vc_column_text el_class=&#8221;testo-big&#8221;]Leader dans le secteur des conteneurs industriels en plastique pour la logistique, le transport et le stockage, Interbox op\u00e8re depuis de [&hellip;]<\/p>\n","protected":false},"author":1,"featured_media":0,"parent":0,"menu_order":47,"comment_status":"closed","ping_status":"closed","template":"","meta":{"footnotes":""},"class_list":["post-15824","page","type-page","status-publish","hentry"],"acf":[],"yoast_head":"<!-- This site is optimized with the Yoast SEO plugin v19.1 - https:\/\/yoast.com\/wordpress\/plugins\/seo\/ -->\n<title>Entreprise - Interbox - Contenitori<\/title>\n<meta name=\"robots\" content=\"index, follow, max-snippet:-1, max-image-preview:large, max-video-preview:-1\" \/>\n<link rel=\"canonical\" href=\"https:\/\/www.interbox.ch\/contenitori\/fr\/company\/\" \/>\n<meta property=\"og:locale\" content=\"fr_FR\" \/>\n<meta property=\"og:type\" content=\"article\" \/>\n<meta property=\"og:title\" content=\"Entreprise - Interbox - Contenitori\" \/>\n<meta property=\"og:description\" content=\"[vc_row][vc_column][vc_separator][vc_empty_space height=&#8221;30px&#8221;][\/vc_column][\/vc_row][vc_row full_width=&#8221;stretch_row&#8221; content_placement=&#8221;middle&#8221; el_class=&#8221;fondo-azzurro&#8221;][vc_column width=&#8221;1\/2&#8243;][vc_single_image image=&#8221;15898&#8243; img_size=&#8221;full&#8221; alignment=&#8221;center&#8221; el_class=&#8221;image-home-full-side full-width-image&#8221;][\/vc_column][vc_column width=&#8221;1\/2&#8243;][vc_column_text el_class=&#8221;text-home-full-side&#8221;] INTERBOX: leader de l&#8217;innovation depuis de 50 ans. [\/vc_column_text][\/vc_column][\/vc_row][vc_row full_width=&#8221;stretch_row&#8221; el_class=&#8221;fondo-azzurro&#8221;][vc_column][vc_empty_space height=&#8221;60px&#8221;][\/vc_column][\/vc_row][vc_row el_class=&#8221;blocco-particle&#8221; css=&#8221;.vc_custom_1696251550177{background-position: center !important;background-repeat: no-repeat !important;background-size: cover !important;}&#8221;][vc_column][vc_empty_space height=&#8221;80px&#8221;][vc_column_text el_class=&#8221;testo-big&#8221;]Leader dans le secteur des conteneurs industriels en plastique pour la logistique, le transport et le stockage, Interbox op\u00e8re depuis de [&hellip;]\" \/>\n<meta property=\"og:url\" content=\"https:\/\/www.interbox.ch\/contenitori\/fr\/company\/\" \/>\n<meta property=\"og:site_name\" content=\"Interbox - Contenitori\" \/>\n<meta property=\"article:modified_time\" content=\"2024-03-14T11:40:45+00:00\" \/>\n<meta name=\"twitter:card\" content=\"summary_large_image\" \/>\n<meta name=\"twitter:label1\" content=\"Dur\u00e9e de lecture estim\u00e9e\" \/>\n\t<meta name=\"twitter:data1\" content=\"2 minutes\" \/>\n<script type=\"application\/ld+json\" class=\"yoast-schema-graph\">{\"@context\":\"https:\/\/schema.org\",\"@graph\":[{\"@type\":\"Organization\",\"@id\":\"https:\/\/www.interbox.ch\/contenitori\/fr\/#organization\",\"name\":\"Interbox\",\"url\":\"https:\/\/www.interbox.ch\/contenitori\/fr\/\",\"sameAs\":[\"https:\/\/www.instagram.com\/martinialfredo_spa\/\",\"https:\/\/www.youtube.com\/channel\/UCUzuZc9hYH9KN1iUYs3iiOg\"],\"logo\":{\"@type\":\"ImageObject\",\"inLanguage\":\"fr-FR\",\"@id\":\"https:\/\/www.interbox.ch\/contenitori\/fr\/#\/schema\/logo\/image\/\",\"url\":\"https:\/\/www.interbox.ch\/contenitori\/wp-content\/uploads\/2022\/03\/logo.png\",\"contentUrl\":\"https:\/\/www.interbox.ch\/contenitori\/wp-content\/uploads\/2022\/03\/logo.png\",\"width\":219,\"height\":141,\"caption\":\"Interbox\"},\"image\":{\"@id\":\"https:\/\/www.interbox.ch\/contenitori\/fr\/#\/schema\/logo\/image\/\"}},{\"@type\":\"WebSite\",\"@id\":\"https:\/\/www.interbox.ch\/contenitori\/fr\/#website\",\"url\":\"https:\/\/www.interbox.ch\/contenitori\/fr\/\",\"name\":\"Interbox - Contenitori\",\"description\":\"\",\"publisher\":{\"@id\":\"https:\/\/www.interbox.ch\/contenitori\/fr\/#organization\"},\"potentialAction\":[{\"@type\":\"SearchAction\",\"target\":{\"@type\":\"EntryPoint\",\"urlTemplate\":\"https:\/\/www.interbox.ch\/contenitori\/fr\/?s={search_term_string}\"},\"query-input\":\"required name=search_term_string\"}],\"inLanguage\":\"fr-FR\"},{\"@type\":\"WebPage\",\"@id\":\"https:\/\/www.interbox.ch\/contenitori\/fr\/company\/#webpage\",\"url\":\"https:\/\/www.interbox.ch\/contenitori\/fr\/company\/\",\"name\":\"Entreprise - Interbox - Contenitori\",\"isPartOf\":{\"@id\":\"https:\/\/www.interbox.ch\/contenitori\/fr\/#website\"},\"datePublished\":\"2022-03-17T13:12:59+00:00\",\"dateModified\":\"2024-03-14T11:40:45+00:00\",\"breadcrumb\":{\"@id\":\"https:\/\/www.interbox.ch\/contenitori\/fr\/company\/#breadcrumb\"},\"inLanguage\":\"fr-FR\",\"potentialAction\":[{\"@type\":\"ReadAction\",\"target\":[\"https:\/\/www.interbox.ch\/contenitori\/fr\/company\/\"]}]},{\"@type\":\"BreadcrumbList\",\"@id\":\"https:\/\/www.interbox.ch\/contenitori\/fr\/company\/#breadcrumb\",\"itemListElement\":[{\"@type\":\"ListItem\",\"position\":1,\"name\":\"Home\",\"item\":\"https:\/\/www.interbox.ch\/contenitori\/fr\/\"},{\"@type\":\"ListItem\",\"position\":2,\"name\":\"Entreprise\"}]}]}<\/script>\n<!-- \/ Yoast SEO plugin. -->","yoast_head_json":{"title":"Entreprise - Interbox - Contenitori","robots":{"index":"index","follow":"follow","max-snippet":"max-snippet:-1","max-image-preview":"max-image-preview:large","max-video-preview":"max-video-preview:-1"},"canonical":"https:\/\/www.interbox.ch\/contenitori\/fr\/company\/","og_locale":"fr_FR","og_type":"article","og_title":"Entreprise - Interbox - Contenitori","og_description":"[vc_row][vc_column][vc_separator][vc_empty_space height=&#8221;30px&#8221;][\/vc_column][\/vc_row][vc_row full_width=&#8221;stretch_row&#8221; content_placement=&#8221;middle&#8221; el_class=&#8221;fondo-azzurro&#8221;][vc_column width=&#8221;1\/2&#8243;][vc_single_image image=&#8221;15898&#8243; img_size=&#8221;full&#8221; alignment=&#8221;center&#8221; el_class=&#8221;image-home-full-side full-width-image&#8221;][\/vc_column][vc_column width=&#8221;1\/2&#8243;][vc_column_text el_class=&#8221;text-home-full-side&#8221;] INTERBOX: leader de l&#8217;innovation depuis de 50 ans. [\/vc_column_text][\/vc_column][\/vc_row][vc_row full_width=&#8221;stretch_row&#8221; el_class=&#8221;fondo-azzurro&#8221;][vc_column][vc_empty_space height=&#8221;60px&#8221;][\/vc_column][\/vc_row][vc_row el_class=&#8221;blocco-particle&#8221; css=&#8221;.vc_custom_1696251550177{background-position: center !important;background-repeat: no-repeat !important;background-size: cover !important;}&#8221;][vc_column][vc_empty_space height=&#8221;80px&#8221;][vc_column_text el_class=&#8221;testo-big&#8221;]Leader dans le secteur des conteneurs industriels en plastique pour la logistique, le transport et le stockage, Interbox op\u00e8re depuis de [&hellip;]","og_url":"https:\/\/www.interbox.ch\/contenitori\/fr\/company\/","og_site_name":"Interbox - Contenitori","article_modified_time":"2024-03-14T11:40:45+00:00","twitter_card":"summary_large_image","twitter_misc":{"Dur\u00e9e de lecture estim\u00e9e":"2 minutes"},"schema":{"@context":"https:\/\/schema.org","@graph":[{"@type":"Organization","@id":"https:\/\/www.interbox.ch\/contenitori\/fr\/#organization","name":"Interbox","url":"https:\/\/www.interbox.ch\/contenitori\/fr\/","sameAs":["https:\/\/www.instagram.com\/martinialfredo_spa\/","https:\/\/www.youtube.com\/channel\/UCUzuZc9hYH9KN1iUYs3iiOg"],"logo":{"@type":"ImageObject","inLanguage":"fr-FR","@id":"https:\/\/www.interbox.ch\/contenitori\/fr\/#\/schema\/logo\/image\/","url":"https:\/\/www.interbox.ch\/contenitori\/wp-content\/uploads\/2022\/03\/logo.png","contentUrl":"https:\/\/www.interbox.ch\/contenitori\/wp-content\/uploads\/2022\/03\/logo.png","width":219,"height":141,"caption":"Interbox"},"image":{"@id":"https:\/\/www.interbox.ch\/contenitori\/fr\/#\/schema\/logo\/image\/"}},{"@type":"WebSite","@id":"https:\/\/www.interbox.ch\/contenitori\/fr\/#website","url":"https:\/\/www.interbox.ch\/contenitori\/fr\/","name":"Interbox - Contenitori","description":"","publisher":{"@id":"https:\/\/www.interbox.ch\/contenitori\/fr\/#organization"},"potentialAction":[{"@type":"SearchAction","target":{"@type":"EntryPoint","urlTemplate":"https:\/\/www.interbox.ch\/contenitori\/fr\/?s={search_term_string}"},"query-input":"required name=search_term_string"}],"inLanguage":"fr-FR"},{"@type":"WebPage","@id":"https:\/\/www.interbox.ch\/contenitori\/fr\/company\/#webpage","url":"https:\/\/www.interbox.ch\/contenitori\/fr\/company\/","name":"Entreprise - Interbox - Contenitori","isPartOf":{"@id":"https:\/\/www.interbox.ch\/contenitori\/fr\/#website"},"datePublished":"2022-03-17T13:12:59+00:00","dateModified":"2024-03-14T11:40:45+00:00","breadcrumb":{"@id":"https:\/\/www.interbox.ch\/contenitori\/fr\/company\/#breadcrumb"},"inLanguage":"fr-FR","potentialAction":[{"@type":"ReadAction","target":["https:\/\/www.interbox.ch\/contenitori\/fr\/company\/"]}]},{"@type":"BreadcrumbList","@id":"https:\/\/www.interbox.ch\/contenitori\/fr\/company\/#breadcrumb","itemListElement":[{"@type":"ListItem","position":1,"name":"Home","item":"https:\/\/www.interbox.ch\/contenitori\/fr\/"},{"@type":"ListItem","position":2,"name":"Entreprise"}]}]}},"_links":{"self":[{"href":"https:\/\/www.interbox.ch\/contenitori\/fr\/wp-json\/wp\/v2\/pages\/15824","targetHints":{"allow":["GET"]}}],"collection":[{"href":"https:\/\/www.interbox.ch\/contenitori\/fr\/wp-json\/wp\/v2\/pages"}],"about":[{"href":"https:\/\/www.interbox.ch\/contenitori\/fr\/wp-json\/wp\/v2\/types\/page"}],"author":[{"embeddable":true,"href":"https:\/\/www.interbox.ch\/contenitori\/fr\/wp-json\/wp\/v2\/users\/1"}],"replies":[{"embeddable":true,"href":"https:\/\/www.interbox.ch\/contenitori\/fr\/wp-json\/wp\/v2\/comments?post=15824"}],"version-history":[{"count":7,"href":"https:\/\/www.interbox.ch\/contenitori\/fr\/wp-json\/wp\/v2\/pages\/15824\/revisions"}],"predecessor-version":[{"id":16154,"href":"https:\/\/www.interbox.ch\/contenitori\/fr\/wp-json\/wp\/v2\/pages\/15824\/revisions\/16154"}],"wp:attachment":[{"href":"https:\/\/www.interbox.ch\/contenitori\/fr\/wp-json\/wp\/v2\/media?parent=15824"}],"curies":[{"name":"wp","href":"https:\/\/api.w.org\/{rel}","templated":true}]}}