{"id":16174,"date":"2022-06-27T15:41:45","date_gmt":"2022-06-27T13:41:45","guid":{"rendered":"https:\/\/www.interbox.ch\/contenitori\/?page_id=16174"},"modified":"2025-01-29T15:57:30","modified_gmt":"2025-01-29T14:57:30","slug":"cookie-policy","status":"publish","type":"page","link":"https:\/\/www.interbox.ch\/contenitori\/es\/cookie-policy\/","title":{"rendered":"Cookie policy"},"content":{"rendered":"<p>[vc_row][vc_column][vc_empty_space height=&#8221;80px&#8221;][\/vc_column][\/vc_row][vc_row][vc_column][vc_column_text]<strong>POL\u00cdTICA DE COOKIES &#8211; Informaci\u00f3n detallada sobre cookies<\/strong><\/p>\n<p><strong>\u00bfQu\u00e9 son las cookies?<\/strong><br \/>\nLas cookies son peque\u00f1os archivos de texto que los sitios web visitados env\u00edan a los dispositivos de los usuarios, donde se almacenan y se devuelven en una visita posterior al mismo sitio. Las &#8220;cookies de terceros&#8221; se establecen, por otro lado, por un sitio diferente al que se est\u00e1 visitando. Esto ocurre porque cada sitio puede contener elementos (im\u00e1genes, mapas, sonidos, enlaces a p\u00e1ginas de otros dominios, etc.) que se alojan en servidores fuera del sitio visitado. Las cookies se utilizan con diversos fines: autenticaci\u00f3n en el ordenador, gesti\u00f3n de sesiones, almacenamiento de preferencias de los usuarios al acceder al servidor, mantenimiento de preferencias, y otros fines. A continuaci\u00f3n se presentan todos los detalles sobre las cookies utilizadas en este sitio web y las instrucciones sobre c\u00f3mo gestionar las preferencias relacionadas con ellas.<\/p>\n<p>Para obtener m\u00e1s informaci\u00f3n sobre cookies y sus funciones generales, por favor visite un sitio informativo como <a href=\"http:\/\/www.allaboutcookies.org\/\">allaboutcookies.org<\/a><\/p>\n<p><strong>Ejemplos de otras tecnolog\u00edas:<\/strong><\/p>\n<p><strong>Localstorage<\/strong><br \/>\nEs una tecnolog\u00eda que se utiliza para optimizar la navegaci\u00f3n sin recopilar datos sobre las preferencias expresadas por el usuario (por ejemplo, almacena un c\u00f3digo de ID de sesi\u00f3n del usuario despu\u00e9s de iniciar sesi\u00f3n para evitar que el usuario vuelva a escribir su nombre de usuario y contrase\u00f1a en cada p\u00e1gina del perfil para acceder a las \u00e1reas protegidas).<\/p>\n<p><strong>Tracking Pixel<\/strong><br \/>\nEl &#8220;c\u00f3digo de seguimiento&#8221; o &#8220;pixel de seguimiento&#8221; es un peque\u00f1o fragmento de c\u00f3digo proporcionado por algunos sistemas para ser implementado en otros, con el objetivo de realizar el seguimiento de datos relacionados con el usuario y su sesi\u00f3n en la web o con la apertura de correos electr\u00f3nicos, todo de forma transparente para el usuario. Los datos rastreados pueden variar, por ejemplo, fecha y hora, ubicaci\u00f3n geogr\u00e1fica, dispositivo utilizado para navegar, hasta el valor asociado a una compra y otros datos \u00fatiles para los departamentos de marketing de las empresas que usan estas tecnolog\u00edas.<\/p>\n<p><strong>Plugin<\/strong><br \/>\nUn plugin es un programa que interact\u00faa con otro programa para ampliar o mejorar sus funciones originales. Los plugins m\u00e1s utilizados son los de redes sociales, que permiten a los usuarios seguir una p\u00e1gina o un perfil social con un solo clic, marcar contenido con &#8220;me gusta&#8221; o compartirlo en su perfil de red social.<\/p>\n<p><strong>Widget<\/strong><br \/>\nUn widget es un elemento gr\u00e1fico de la interfaz de usuario de un programa que facilita una interacci\u00f3n m\u00e1s sencilla con ese programa. Los widgets m\u00e1s utilizados son los de redes sociales, que permiten a los usuarios abrir redes sociales en una ventana separada del navegador.<\/p>\n<p>Estos servicios permiten la interacci\u00f3n con redes sociales o plataformas externas directamente desde las p\u00e1ginas de un sitio web. Las interacciones y los datos que pueda recopilar el sitio web est\u00e1n sujetos a la pol\u00edtica de privacidad del tercero que ha creado las tecnolog\u00edas mencionadas. Para obtener informaci\u00f3n detallada de acuerdo con el art\u00edculo 13 del Reglamento (UE) 2016\/679 sobre el procesamiento de datos personales al usar estas tecnolog\u00edas, le pedimos que consulte los sitios web de los terceros.<\/p>\n<p><strong>Recuerde que puede gestionar sus preferencias de cookies directamente en su navegador<\/strong><br \/>\nSi no sabe el tipo y la versi\u00f3n de su navegador, haga clic en &#8220;Ayuda&#8221; en la parte superior de la ventana del navegador, desde donde podr\u00e1 obtener toda la informaci\u00f3n necesaria. Si conoce su navegador, haga clic en el navegador que utiliza para acceder a la p\u00e1gina de gesti\u00f3n de cookies. Los usuarios pueden encontrar informaci\u00f3n sobre la gesti\u00f3n de cookies en algunos de los navegadores m\u00e1s comunes a trav\u00e9s de los siguientes enlaces:<\/p>\n<ul>\n<li><a href=\"https:\/\/support.google.com\/chrome\/answer\/95647?hl=es&amp;p=cpn_cookies\">Google Chrome<\/a><\/li>\n<li><a href=\"https:\/\/support.mozilla.org\/es\/kb\/Activar%20y%20desactivar%20cookies\">Mozilla Firefox<\/a><\/li>\n<li><a href=\"https:\/\/support.apple.com\/es-es\/guide\/safari\/manage-cookies-and-website-data-sfri11471\/\">Apple Safari<\/a><\/li>\n<li><a href=\"http:\/\/windows.microsoft.com\/es-es\/windows-vista\/block-or-allow-cookies\">Microsoft Internet Explorer<\/a><\/li>\n<li><a href=\"https:\/\/support.microsoft.com\/es-es\/help\/4027947\">Microsoft Edge<\/a><\/li>\n<li><a href=\"https:\/\/support.brave.com\/hc\/articles\/360022806212-How-do-I-use-Shields-while-browsing\">Brave<\/a><\/li>\n<li><a href=\"https:\/\/help.opera.com\/latest\/web-preferences\/#cookies\">Opera<\/a><\/li>\n<\/ul>\n<p>Para m\u00e1s informaci\u00f3n, visite <a href=\"http:\/\/www.youronlinechoices.eu\">www.youronlinechoices.eu<\/a><\/p>\n<p><strong>Cookies utilizadas en este sitio web<\/strong><br \/>\nEl uso de cookies por parte del propietario de este sitio web, <strong>Interbox<\/strong>, con sede en Via Centro Ind. Europeo, 43, 22078 Turate (CO), representado por su representante legal correspondiente. Tel. +39 02-96394208, <a href=\"mailto:info@interbox.ch\">info@interbox.ch<\/a>, se realiza de acuerdo con la pol\u00edtica de privacidad de la empresa; para toda la informaci\u00f3n seg\u00fan el art\u00edculo 13 del Reglamento UE 2016\/679 \u2013 RGPD, haga clic <a href=\"https:\/\/www.interbox.ch\/contenitori\/privacy-policy\/\" target=\"_blank\" rel=\"noopener\"><u>aqu\u00ed<\/u><\/a><\/p>\n<p>El cierre del banner mediante la selecci\u00f3n del bot\u00f3n correspondiente (&#8220;X&#8221; en la parte superior derecha) o seleccionando la opci\u00f3n &#8220;RECHAZAR&#8221;) mantiene la configuraci\u00f3n predeterminada y, por lo tanto, contin\u00faa navegando <em>sin<\/em> cookies u otras herramientas de seguimiento, salvo las cookies t\u00e9cnicas, como se indica en este banner.<\/p>\n<p><strong>Cookies t\u00e9cnicas que no requieren consentimiento:<\/strong><br \/>\nCookies relacionadas con actividades estrictamente necesarias para el funcionamiento del sitio web y la provisi\u00f3n del servicio.<\/p>\n<table class=\"tabella-privacy\" style=\"border-collapse: collapse;\" border=\"1\" width=\"100%\">\n<tbody>\n<tr>\n<td><strong><em>Nombre<\/em><\/strong><\/td>\n<td><strong><em>Proveedor<\/em><\/strong><\/td>\n<td><strong><em>Prop\u00f3sito<\/em><\/strong><\/td>\n<td><strong><em>Duraci\u00f3n<\/em><\/strong><\/td>\n<td><strong><em>Tipo<\/em><\/strong><\/td>\n<\/tr>\n<tr class=\"alt-table-row\">\n<td>Ejemplo: Cookie de consentimiento para el env\u00edo de solicitudes de contacto, informaci\u00f3n a trav\u00e9s del formulario en la secci\u00f3n \u201cContacto\u201d y en la secci\u00f3n \u201cSolicitar nuestro cat\u00e1logo\u201d<\/td>\n<td><\/td>\n<td>Almacena el estado de consentimiento del usuario para las cookies en el dominio actual<\/td>\n<td>1 a\u00f1o<\/td>\n<td>Cookie HTTP<\/td>\n<\/tr>\n<tr class=\"alt-table-row\">\n<td><\/td>\n<td>Nombre del proveedor y enlace a la pol\u00edtica de privacidad y el formulario de consentimiento del proveedor<\/td>\n<td><\/td>\n<td><\/td>\n<\/tr>\n<tr class=\"alt-table-row\">\n<td><\/td>\n<td>Nombre del proveedor y enlace a la pol\u00edtica de privacidad y el formulario de consentimiento del proveedor<\/td>\n<td><\/td>\n<td><\/td>\n<\/tr>\n<\/tbody>\n<\/table>\n<p><strong>Cookies relacionadas con la preferencia y optimizaci\u00f3n:<\/strong><\/p>\n<table class=\"tabella-privacy\" style=\"border-collapse: collapse;\" border=\"1\" width=\"100%\">\n<tbody>\n<tr>\n<td><strong><em>Nombre<\/em><\/strong><\/td>\n<td><strong><em>Proveedor<\/em><\/strong><\/td>\n<td><strong><em>Prop\u00f3sito<\/em><\/strong><\/td>\n<td><strong><em>Duraci\u00f3n<\/em><\/strong><\/td>\n<td><strong><em>Tipo<\/em><\/strong><\/td>\n<\/tr>\n<tr class=\"alt-table-row\">\n<td><\/td>\n<td>Nombre del proveedor y enlace a la pol\u00edtica de privacidad y el formulario de consentimiento del proveedor<\/td>\n<td><\/td>\n<td><\/td>\n<\/tr>\n<\/tbody>\n<\/table>\n<p><strong>Cookies para fines estad\u00edsticos (equivalentes t\u00e9cnicos) utilizadas para recopilar informaci\u00f3n agregada:<\/strong><br \/>\nEl sitio web tambi\u00e9n utiliza cookies de terceros para fines estad\u00edsticos (_________________), utilizadas para recopilar informaci\u00f3n agregada y definidas como cookies t\u00e9cnicas, es decir, sin rastrear la direcci\u00f3n IP del usuario (los datos del usuario no se perfilan a nivel de IP) y sin que se transfieran datos al tercero.<br \/>\nAcceso a la informaci\u00f3n del tercero:<br \/>\nPol\u00edtica de privacidad: <a href=\"http:\/\/www.google.com\/policies\/privacy\/\">http:\/\/www.google.com\/policies\/privacy\/<\/a><br \/>\nPol\u00edtica de cookies: <a href=\"https:\/\/developers.google.com\/analytics\/devguides\/collection\/analyticsjs\/cookie-usage\">https:\/\/developers.google.com\/analytics\/devguides\/collection\/analyticsjs\/cookie-usage<\/a><br \/>\nDesactivaci\u00f3n: <a href=\"https:\/\/tools.google.com\/dlpage\/gaoptout?hl=es\">https:\/\/tools.google.com\/dlpage\/gaoptout?hl=es<\/a><br \/>\nTodas las cookies t\u00e9cnicas no requieren consentimiento y, por lo tanto, se colocan autom\u00e1ticamente cuando se accede al sitio web.<\/p>\n<p><strong>Cookies u otras tecnolog\u00edas que requieren consentimiento<\/strong><br \/>\nTodas las cookies (u otras tecnolog\u00edas) que no pertenecen a las cookies t\u00e9cnicas mencionadas anteriormente solo se instalan o activan despu\u00e9s del expreso <strong>consentimiento<\/strong> del usuario en su primera visita al sitio web. El consentimiento puede darse de forma general interactuando con el banner de informaci\u00f3n en la p\u00e1gina principal del sitio web, como se indica en dicho banner; o puede darse de forma selectiva o rechazarse, tambi\u00e9n como se indica en el banner. Este consentimiento se conserva para visitas posteriores. En cualquier momento, puede revocar total o parcialmente el consentimiento otorgado.<\/p>\n<p><strong>Cookies u otras tecnolog\u00edas de terceros<\/strong><br \/>\nEste sitio web tambi\u00e9n instala cookies u otras tecnolog\u00edas gestionadas por terceros. A continuaci\u00f3n se encuentran algunos detalles y enlaces a la pol\u00edtica de privacidad y el formulario de consentimiento de cada uno de ellos.<\/p>\n<table class=\"tabella-privacy\" style=\"border-collapse: collapse;\" border=\"1\" width=\"100%\">\n<tbody>\n<tr>\n<td><strong><em>Nombre<\/em><\/strong><\/td>\n<td><strong><em>Proveedor<\/em><\/strong><\/td>\n<td><strong><em>Prop\u00f3sito<\/em><\/strong><\/td>\n<td><strong><em>Duraci\u00f3n<\/em><\/strong><\/td>\n<td><strong><em>Tipo<\/em><\/strong><\/td>\n<\/tr>\n<tr class=\"alt-table-row\">\n<td><\/td>\n<td>Nombre del proveedor y enlace a la pol\u00edtica de privacidad y el formulario de consentimiento del proveedor<\/td>\n<td><\/td>\n<td><\/td>\n<\/tr>\n<\/tbody>\n<\/table>\n<p>Fecha de la \u00faltima actualizaci\u00f3n: 11\/07\/2022[\/vc_column_text][\/vc_column][\/vc_row][vc_row][vc_column][vc_empty_space height=&#8221;80px&#8221;][\/vc_column][\/vc_row]<\/p>\n","protected":false},"excerpt":{"rendered":"<p>[vc_row][vc_column][vc_empty_space height=&#8221;80px&#8221;][\/vc_column][\/vc_row][vc_row][vc_column][vc_column_text]POL\u00cdTICA DE COOKIES &#8211; Informaci\u00f3n detallada sobre cookies \u00bfQu\u00e9 son las cookies? Las cookies son peque\u00f1os archivos de texto que los sitios web visitados env\u00edan a los dispositivos de los usuarios, donde se almacenan y se devuelven en una visita posterior al mismo sitio. Las &#8220;cookies de terceros&#8221; se establecen, por otro lado, por [&hellip;]<\/p>\n","protected":false},"author":45,"featured_media":0,"parent":0,"menu_order":2,"comment_status":"closed","ping_status":"closed","template":"","meta":{"footnotes":""},"class_list":["post-16174","page","type-page","status-publish","hentry"],"acf":[],"yoast_head":"<!-- This site is optimized with the Yoast SEO plugin v19.1 - https:\/\/yoast.com\/wordpress\/plugins\/seo\/ -->\n<title>Cookie policy - Interbox - Contenitori<\/title>\n<meta name=\"robots\" content=\"index, follow, max-snippet:-1, max-image-preview:large, max-video-preview:-1\" \/>\n<link rel=\"canonical\" href=\"https:\/\/www.interbox.ch\/contenitori\/es\/cookie-policy\/\" \/>\n<meta property=\"og:locale\" content=\"es_ES\" \/>\n<meta property=\"og:type\" content=\"article\" \/>\n<meta property=\"og:title\" content=\"Cookie policy - Interbox - Contenitori\" \/>\n<meta property=\"og:description\" content=\"[vc_row][vc_column][vc_empty_space height=&#8221;80px&#8221;][\/vc_column][\/vc_row][vc_row][vc_column][vc_column_text]POL\u00cdTICA DE COOKIES &#8211; Informaci\u00f3n detallada sobre cookies \u00bfQu\u00e9 son las cookies? Las cookies son peque\u00f1os archivos de texto que los sitios web visitados env\u00edan a los dispositivos de los usuarios, donde se almacenan y se devuelven en una visita posterior al mismo sitio. Las &#8220;cookies de terceros&#8221; se establecen, por otro lado, por [&hellip;]\" \/>\n<meta property=\"og:url\" content=\"https:\/\/www.interbox.ch\/contenitori\/es\/cookie-policy\/\" \/>\n<meta property=\"og:site_name\" content=\"Interbox - Contenitori\" \/>\n<meta property=\"article:modified_time\" content=\"2025-01-29T14:57:30+00:00\" \/>\n<meta name=\"twitter:card\" content=\"summary_large_image\" \/>\n<meta name=\"twitter:label1\" content=\"Tiempo de lectura\" \/>\n\t<meta name=\"twitter:data1\" content=\"6 minutos\" \/>\n<script type=\"application\/ld+json\" class=\"yoast-schema-graph\">{\"@context\":\"https:\/\/schema.org\",\"@graph\":[{\"@type\":\"Organization\",\"@id\":\"https:\/\/www.interbox.ch\/contenitori\/es\/#organization\",\"name\":\"Interbox\",\"url\":\"https:\/\/www.interbox.ch\/contenitori\/es\/\",\"sameAs\":[\"https:\/\/www.instagram.com\/martinialfredo_spa\/\",\"https:\/\/www.youtube.com\/channel\/UCUzuZc9hYH9KN1iUYs3iiOg\"],\"logo\":{\"@type\":\"ImageObject\",\"inLanguage\":\"es\",\"@id\":\"https:\/\/www.interbox.ch\/contenitori\/es\/#\/schema\/logo\/image\/\",\"url\":\"https:\/\/www.interbox.ch\/contenitori\/wp-content\/uploads\/2022\/03\/logo.png\",\"contentUrl\":\"https:\/\/www.interbox.ch\/contenitori\/wp-content\/uploads\/2022\/03\/logo.png\",\"width\":219,\"height\":141,\"caption\":\"Interbox\"},\"image\":{\"@id\":\"https:\/\/www.interbox.ch\/contenitori\/es\/#\/schema\/logo\/image\/\"}},{\"@type\":\"WebSite\",\"@id\":\"https:\/\/www.interbox.ch\/contenitori\/es\/#website\",\"url\":\"https:\/\/www.interbox.ch\/contenitori\/es\/\",\"name\":\"Interbox - Contenitori\",\"description\":\"\",\"publisher\":{\"@id\":\"https:\/\/www.interbox.ch\/contenitori\/es\/#organization\"},\"potentialAction\":[{\"@type\":\"SearchAction\",\"target\":{\"@type\":\"EntryPoint\",\"urlTemplate\":\"https:\/\/www.interbox.ch\/contenitori\/es\/?s={search_term_string}\"},\"query-input\":\"required name=search_term_string\"}],\"inLanguage\":\"es\"},{\"@type\":\"WebPage\",\"@id\":\"https:\/\/www.interbox.ch\/contenitori\/es\/cookie-policy\/#webpage\",\"url\":\"https:\/\/www.interbox.ch\/contenitori\/es\/cookie-policy\/\",\"name\":\"Cookie policy - Interbox - Contenitori\",\"isPartOf\":{\"@id\":\"https:\/\/www.interbox.ch\/contenitori\/es\/#website\"},\"datePublished\":\"2022-06-27T13:41:45+00:00\",\"dateModified\":\"2025-01-29T14:57:30+00:00\",\"breadcrumb\":{\"@id\":\"https:\/\/www.interbox.ch\/contenitori\/es\/cookie-policy\/#breadcrumb\"},\"inLanguage\":\"es\",\"potentialAction\":[{\"@type\":\"ReadAction\",\"target\":[\"https:\/\/www.interbox.ch\/contenitori\/es\/cookie-policy\/\"]}]},{\"@type\":\"BreadcrumbList\",\"@id\":\"https:\/\/www.interbox.ch\/contenitori\/es\/cookie-policy\/#breadcrumb\",\"itemListElement\":[{\"@type\":\"ListItem\",\"position\":1,\"name\":\"Home\",\"item\":\"https:\/\/www.interbox.ch\/contenitori\/es\/\"},{\"@type\":\"ListItem\",\"position\":2,\"name\":\"Cookie policy\"}]}]}<\/script>\n<!-- \/ Yoast SEO plugin. -->","yoast_head_json":{"title":"Cookie policy - Interbox - Contenitori","robots":{"index":"index","follow":"follow","max-snippet":"max-snippet:-1","max-image-preview":"max-image-preview:large","max-video-preview":"max-video-preview:-1"},"canonical":"https:\/\/www.interbox.ch\/contenitori\/es\/cookie-policy\/","og_locale":"es_ES","og_type":"article","og_title":"Cookie policy - Interbox - Contenitori","og_description":"[vc_row][vc_column][vc_empty_space height=&#8221;80px&#8221;][\/vc_column][\/vc_row][vc_row][vc_column][vc_column_text]POL\u00cdTICA DE COOKIES &#8211; Informaci\u00f3n detallada sobre cookies \u00bfQu\u00e9 son las cookies? Las cookies son peque\u00f1os archivos de texto que los sitios web visitados env\u00edan a los dispositivos de los usuarios, donde se almacenan y se devuelven en una visita posterior al mismo sitio. Las &#8220;cookies de terceros&#8221; se establecen, por otro lado, por [&hellip;]","og_url":"https:\/\/www.interbox.ch\/contenitori\/es\/cookie-policy\/","og_site_name":"Interbox - Contenitori","article_modified_time":"2025-01-29T14:57:30+00:00","twitter_card":"summary_large_image","twitter_misc":{"Tiempo de lectura":"6 minutos"},"schema":{"@context":"https:\/\/schema.org","@graph":[{"@type":"Organization","@id":"https:\/\/www.interbox.ch\/contenitori\/es\/#organization","name":"Interbox","url":"https:\/\/www.interbox.ch\/contenitori\/es\/","sameAs":["https:\/\/www.instagram.com\/martinialfredo_spa\/","https:\/\/www.youtube.com\/channel\/UCUzuZc9hYH9KN1iUYs3iiOg"],"logo":{"@type":"ImageObject","inLanguage":"es","@id":"https:\/\/www.interbox.ch\/contenitori\/es\/#\/schema\/logo\/image\/","url":"https:\/\/www.interbox.ch\/contenitori\/wp-content\/uploads\/2022\/03\/logo.png","contentUrl":"https:\/\/www.interbox.ch\/contenitori\/wp-content\/uploads\/2022\/03\/logo.png","width":219,"height":141,"caption":"Interbox"},"image":{"@id":"https:\/\/www.interbox.ch\/contenitori\/es\/#\/schema\/logo\/image\/"}},{"@type":"WebSite","@id":"https:\/\/www.interbox.ch\/contenitori\/es\/#website","url":"https:\/\/www.interbox.ch\/contenitori\/es\/","name":"Interbox - Contenitori","description":"","publisher":{"@id":"https:\/\/www.interbox.ch\/contenitori\/es\/#organization"},"potentialAction":[{"@type":"SearchAction","target":{"@type":"EntryPoint","urlTemplate":"https:\/\/www.interbox.ch\/contenitori\/es\/?s={search_term_string}"},"query-input":"required name=search_term_string"}],"inLanguage":"es"},{"@type":"WebPage","@id":"https:\/\/www.interbox.ch\/contenitori\/es\/cookie-policy\/#webpage","url":"https:\/\/www.interbox.ch\/contenitori\/es\/cookie-policy\/","name":"Cookie policy - Interbox - Contenitori","isPartOf":{"@id":"https:\/\/www.interbox.ch\/contenitori\/es\/#website"},"datePublished":"2022-06-27T13:41:45+00:00","dateModified":"2025-01-29T14:57:30+00:00","breadcrumb":{"@id":"https:\/\/www.interbox.ch\/contenitori\/es\/cookie-policy\/#breadcrumb"},"inLanguage":"es","potentialAction":[{"@type":"ReadAction","target":["https:\/\/www.interbox.ch\/contenitori\/es\/cookie-policy\/"]}]},{"@type":"BreadcrumbList","@id":"https:\/\/www.interbox.ch\/contenitori\/es\/cookie-policy\/#breadcrumb","itemListElement":[{"@type":"ListItem","position":1,"name":"Home","item":"https:\/\/www.interbox.ch\/contenitori\/es\/"},{"@type":"ListItem","position":2,"name":"Cookie policy"}]}]}},"_links":{"self":[{"href":"https:\/\/www.interbox.ch\/contenitori\/es\/wp-json\/wp\/v2\/pages\/16174","targetHints":{"allow":["GET"]}}],"collection":[{"href":"https:\/\/www.interbox.ch\/contenitori\/es\/wp-json\/wp\/v2\/pages"}],"about":[{"href":"https:\/\/www.interbox.ch\/contenitori\/es\/wp-json\/wp\/v2\/types\/page"}],"author":[{"embeddable":true,"href":"https:\/\/www.interbox.ch\/contenitori\/es\/wp-json\/wp\/v2\/users\/45"}],"replies":[{"embeddable":true,"href":"https:\/\/www.interbox.ch\/contenitori\/es\/wp-json\/wp\/v2\/comments?post=16174"}],"version-history":[{"count":2,"href":"https:\/\/www.interbox.ch\/contenitori\/es\/wp-json\/wp\/v2\/pages\/16174\/revisions"}],"predecessor-version":[{"id":26322,"href":"https:\/\/www.interbox.ch\/contenitori\/es\/wp-json\/wp\/v2\/pages\/16174\/revisions\/26322"}],"wp:attachment":[{"href":"https:\/\/www.interbox.ch\/contenitori\/es\/wp-json\/wp\/v2\/media?parent=16174"}],"curies":[{"name":"wp","href":"https:\/\/api.w.org\/{rel}","templated":true}]}}