{"id":15971,"date":"2022-03-17T10:25:27","date_gmt":"2022-03-17T09:25:27","guid":{"rendered":"https:\/\/www.interbox.ch\/contenitori\/?page_id=15971"},"modified":"2024-03-14T17:08:06","modified_gmt":"2024-03-14T16:08:06","slug":"privacy-policy","status":"publish","type":"page","link":"https:\/\/www.interbox.ch\/contenitori\/es\/privacy-policy\/","title":{"rendered":"Privacy policy"},"content":{"rendered":"<p>[vc_row][vc_column][vc_column_text]<\/p>\n<h4><strong>Privacy Policy<\/strong><\/h4>\n<p>&nbsp;<\/p>\n<p><strong>El Responsable del Tratamiento, con arreglo a los art\u00edculos 4 y 24 del Reglamento UE 2016\/679, es:<\/strong><br \/>\n<strong>Interbox SA\u00a0<\/strong>con domicilio social en Via dei Balconi, 11<br \/>\n6917 Barbengo-Lugano (CH) en la persona de su Representante Legal pro-tempore.<br \/>\nDirecci\u00f3n e-mail:\u00a0<a href=\"mailto:info@interbox.ch\"><strong><em>info@interbox.ch<\/em><\/strong><\/a><\/p>\n<p><strong>Fines y base jur\u00eddica del tratamiento<\/strong><br \/>\nEl tratamiento es necesario en relaci\u00f3n con los compromisos contractuales \/ acuerdos rec\u00edprocos y con los consiguientes cumplimientos comerciales, financieros, tributarios , as\u00ed como para otras eventuales obligaciones de ley. La base jur\u00eddica del tratamiento es el C\u00f3digo Civil italiano, Libro IV [T\u00edtulo II (Art\u00edculos 1321-1469) y T\u00edtulo III (Art\u00edculos 1470-1986), adem\u00e1s de la normativa en tema laboral, tributario y de seguridad social.<\/p>\n<p><strong>Destinatarios de sus datos<\/strong><br \/>\nSus datos personales podr\u00e1n ser puestos a disposici\u00f3n de y\/o comunicados a nuestros encargados, profesionales y empresas que desempe\u00f1an actividades de car\u00e1cter profesional, contables, legales, administrativas, comerciales, bancarias, de seguros o inform\u00e1ticas a nombre nuestro. Tambi\u00e9n podr\u00e1n conocer sus datos personales los Organismos de la Administraci\u00f3n P\u00fablica a los que por ley estamos obligados a comunicarlos. Nosotros no difundiremos sus datos personales salvo que a los susodichos sujetos, ajust\u00e1ndonos plenamente a los principios de proporcionalidad, necesidad y licitud.<\/p>\n<p><strong>Transferencia de datos al extranjero<\/strong><br \/>\nNo prevemos transferir sus datos personales al extranjero.<\/p>\n<p><strong>Periodo de conservaci\u00f3n<\/strong><br \/>\nPuesto que no es posible indicar el periodo de conservaci\u00f3n de sus datos personales, conservaremos sus datos por el tiempo previsto por la ley.<br \/>\nDe todas maneras, sus datos personales ser\u00e1n conservados por todo el tiempo de la relaci\u00f3n contractual y tambi\u00e9n posteriormente para los cumplimientos de ley y para fines administrativos y comerciales.<\/p>\n<p><strong>Derechos del interesado<\/strong><br \/>\nUsted tiene derecho a:<\/p>\n<ul>\n<li>Pedir al Responsable del tratamiento acceso a los datos personales que le conciernen, su rectificaci\u00f3n o borrado o a la limitaci\u00f3n de su tratamiento, as\u00ed como oponerse a su tratamiento, adem\u00e1s del derecho a la portabilidad de los datos; tambi\u00e9n tiene derecho a recibir una nueva nota informativa si cambiaran los fines del tratamiento o bien el car\u00e1cter de los datos tratados;<\/li>\n<\/ul>\n<ul>\n<li>Revocar el consentimiento en cualquier momento, sin perjudicar la licitud del tratamiento con base en el consentimiento dado antes de la revocaci\u00f3n, si el tratamiento se basa en el art\u00edculo 6 (\u201cLicitud del tratamiento\u201d), c. 1, letra a)<sup>1<\/sup>\u00a0o bien en el art\u00edculo 9, c. 2, letra . a)<sup>2<\/sup>;<\/li>\n<\/ul>\n<ul>\n<li>Presentar reclamaci\u00f3n a una autoridad de control.<\/li>\n<\/ul>\n<ul>\n<li>En cualquier momento podr\u00e1 ejercer sus derechos enviando una comunicaci\u00f3n a la direcci\u00f3n de correo electr\u00f3nico:<strong><em>\u00a0info@interbox.ch<\/em><\/strong><\/li>\n<\/ul>\n<p><strong>Obligaci\u00f3n o facultad de dar los datos<\/strong><br \/>\nPara sus datos que estamos obligados a conocer por efecto de normativas vinculantes, nacionales y europeas, no comunicarlos conlleva la imposibilidad de entablar o proseguir la relaci\u00f3n\/contrato, dentro de los l\u00edmites en que dichos datos sean necesarios para llevar a cabo la relaci\u00f3n\/contrato.<br \/>\nPara sus datos que no estamos obligados a conocer, su falta de comunicaci\u00f3n ser\u00e1 evaluada por nosotros caso por caso y determinar\u00e1 las decisiones consiguientes, en relaci\u00f3n con la importancia para nuestra organizaci\u00f3n de los datos solicitados y no obtenidos.<\/p>\n<p><strong>Proceso decisorio automatizado<\/strong><br \/>\nEn nuestra organizaci\u00f3n no tenemos ning\u00fan proceso decisorio automatizado.<\/p>\n<hr \/>\n<p><sup>1<\/sup>\u00a0Art. 6. c. I. lett. a) \u201cEl interesado ha dado su consentimiento para el tratamiento de sus datos personales para uno o m\u00e1s fines espec\u00edficos.\u201d<br \/>\n<sup>2<\/sup>\u00a0Art. 9, c. 2. lett. a) \u201cEl interesado ha dado su consentimiento expl\u00edcito para el tratamiento de dichos datos personales para uno o m\u00e1s fines espec\u00edficos, salvo en los casos en que el derecho de la Uni\u00f3n o de los Estados miembros establece que el interesado no puede revocar la prohibici\u00f3n mencionada en el apartado 1.\u201d[\/vc_column_text][\/vc_column][\/vc_row]<\/p>\n","protected":false},"excerpt":{"rendered":"<p>[vc_row][vc_column][vc_column_text] Privacy Policy &nbsp; El Responsable del Tratamiento, con arreglo a los art\u00edculos 4 y 24 del Reglamento UE 2016\/679, es: Interbox SA\u00a0con domicilio social en Via dei Balconi, 11 6917 Barbengo-Lugano (CH) en la persona de su Representante Legal pro-tempore. Direcci\u00f3n e-mail:\u00a0info@interbox.ch Fines y base jur\u00eddica del tratamiento El tratamiento es necesario en relaci\u00f3n [&hellip;]<\/p>\n","protected":false},"author":43,"featured_media":0,"parent":0,"menu_order":61,"comment_status":"closed","ping_status":"closed","template":"","meta":{"footnotes":""},"class_list":["post-15971","page","type-page","status-publish","hentry"],"acf":[],"yoast_head":"<!-- This site is optimized with the Yoast SEO plugin v19.1 - https:\/\/yoast.com\/wordpress\/plugins\/seo\/ -->\n<title>Privacy policy - Interbox - Contenitori<\/title>\n<meta name=\"robots\" content=\"index, follow, max-snippet:-1, max-image-preview:large, max-video-preview:-1\" \/>\n<link rel=\"canonical\" href=\"https:\/\/www.interbox.ch\/contenitori\/es\/privacy-policy\/\" \/>\n<meta property=\"og:locale\" content=\"es_ES\" \/>\n<meta property=\"og:type\" content=\"article\" \/>\n<meta property=\"og:title\" content=\"Privacy policy - Interbox - Contenitori\" \/>\n<meta property=\"og:description\" content=\"[vc_row][vc_column][vc_column_text] Privacy Policy &nbsp; El Responsable del Tratamiento, con arreglo a los art\u00edculos 4 y 24 del Reglamento UE 2016\/679, es: Interbox SA\u00a0con domicilio social en Via dei Balconi, 11 6917 Barbengo-Lugano (CH) en la persona de su Representante Legal pro-tempore. Direcci\u00f3n e-mail:\u00a0info@interbox.ch Fines y base jur\u00eddica del tratamiento El tratamiento es necesario en relaci\u00f3n [&hellip;]\" \/>\n<meta property=\"og:url\" content=\"https:\/\/www.interbox.ch\/contenitori\/es\/privacy-policy\/\" \/>\n<meta property=\"og:site_name\" content=\"Interbox - Contenitori\" \/>\n<meta property=\"article:modified_time\" content=\"2024-03-14T16:08:06+00:00\" \/>\n<meta name=\"twitter:card\" content=\"summary_large_image\" \/>\n<meta name=\"twitter:label1\" content=\"Tiempo de lectura\" \/>\n\t<meta name=\"twitter:data1\" content=\"3 minutos\" \/>\n<script type=\"application\/ld+json\" class=\"yoast-schema-graph\">{\"@context\":\"https:\/\/schema.org\",\"@graph\":[{\"@type\":\"Organization\",\"@id\":\"https:\/\/www.interbox.ch\/contenitori\/es\/#organization\",\"name\":\"Interbox\",\"url\":\"https:\/\/www.interbox.ch\/contenitori\/es\/\",\"sameAs\":[\"https:\/\/www.instagram.com\/martinialfredo_spa\/\",\"https:\/\/www.youtube.com\/channel\/UCUzuZc9hYH9KN1iUYs3iiOg\"],\"logo\":{\"@type\":\"ImageObject\",\"inLanguage\":\"es\",\"@id\":\"https:\/\/www.interbox.ch\/contenitori\/es\/#\/schema\/logo\/image\/\",\"url\":\"https:\/\/www.interbox.ch\/contenitori\/wp-content\/uploads\/2022\/03\/logo.png\",\"contentUrl\":\"https:\/\/www.interbox.ch\/contenitori\/wp-content\/uploads\/2022\/03\/logo.png\",\"width\":219,\"height\":141,\"caption\":\"Interbox\"},\"image\":{\"@id\":\"https:\/\/www.interbox.ch\/contenitori\/es\/#\/schema\/logo\/image\/\"}},{\"@type\":\"WebSite\",\"@id\":\"https:\/\/www.interbox.ch\/contenitori\/es\/#website\",\"url\":\"https:\/\/www.interbox.ch\/contenitori\/es\/\",\"name\":\"Interbox - Contenitori\",\"description\":\"\",\"publisher\":{\"@id\":\"https:\/\/www.interbox.ch\/contenitori\/es\/#organization\"},\"potentialAction\":[{\"@type\":\"SearchAction\",\"target\":{\"@type\":\"EntryPoint\",\"urlTemplate\":\"https:\/\/www.interbox.ch\/contenitori\/es\/?s={search_term_string}\"},\"query-input\":\"required name=search_term_string\"}],\"inLanguage\":\"es\"},{\"@type\":\"WebPage\",\"@id\":\"https:\/\/www.interbox.ch\/contenitori\/es\/privacy-policy\/#webpage\",\"url\":\"https:\/\/www.interbox.ch\/contenitori\/es\/privacy-policy\/\",\"name\":\"Privacy policy - Interbox - Contenitori\",\"isPartOf\":{\"@id\":\"https:\/\/www.interbox.ch\/contenitori\/es\/#website\"},\"datePublished\":\"2022-03-17T09:25:27+00:00\",\"dateModified\":\"2024-03-14T16:08:06+00:00\",\"breadcrumb\":{\"@id\":\"https:\/\/www.interbox.ch\/contenitori\/es\/privacy-policy\/#breadcrumb\"},\"inLanguage\":\"es\",\"potentialAction\":[{\"@type\":\"ReadAction\",\"target\":[\"https:\/\/www.interbox.ch\/contenitori\/es\/privacy-policy\/\"]}]},{\"@type\":\"BreadcrumbList\",\"@id\":\"https:\/\/www.interbox.ch\/contenitori\/es\/privacy-policy\/#breadcrumb\",\"itemListElement\":[{\"@type\":\"ListItem\",\"position\":1,\"name\":\"Home\",\"item\":\"https:\/\/www.interbox.ch\/contenitori\/es\/\"},{\"@type\":\"ListItem\",\"position\":2,\"name\":\"Privacy policy\"}]}]}<\/script>\n<!-- \/ Yoast SEO plugin. -->","yoast_head_json":{"title":"Privacy policy - Interbox - Contenitori","robots":{"index":"index","follow":"follow","max-snippet":"max-snippet:-1","max-image-preview":"max-image-preview:large","max-video-preview":"max-video-preview:-1"},"canonical":"https:\/\/www.interbox.ch\/contenitori\/es\/privacy-policy\/","og_locale":"es_ES","og_type":"article","og_title":"Privacy policy - Interbox - Contenitori","og_description":"[vc_row][vc_column][vc_column_text] Privacy Policy &nbsp; El Responsable del Tratamiento, con arreglo a los art\u00edculos 4 y 24 del Reglamento UE 2016\/679, es: Interbox SA\u00a0con domicilio social en Via dei Balconi, 11 6917 Barbengo-Lugano (CH) en la persona de su Representante Legal pro-tempore. Direcci\u00f3n e-mail:\u00a0info@interbox.ch Fines y base jur\u00eddica del tratamiento El tratamiento es necesario en relaci\u00f3n [&hellip;]","og_url":"https:\/\/www.interbox.ch\/contenitori\/es\/privacy-policy\/","og_site_name":"Interbox - Contenitori","article_modified_time":"2024-03-14T16:08:06+00:00","twitter_card":"summary_large_image","twitter_misc":{"Tiempo de lectura":"3 minutos"},"schema":{"@context":"https:\/\/schema.org","@graph":[{"@type":"Organization","@id":"https:\/\/www.interbox.ch\/contenitori\/es\/#organization","name":"Interbox","url":"https:\/\/www.interbox.ch\/contenitori\/es\/","sameAs":["https:\/\/www.instagram.com\/martinialfredo_spa\/","https:\/\/www.youtube.com\/channel\/UCUzuZc9hYH9KN1iUYs3iiOg"],"logo":{"@type":"ImageObject","inLanguage":"es","@id":"https:\/\/www.interbox.ch\/contenitori\/es\/#\/schema\/logo\/image\/","url":"https:\/\/www.interbox.ch\/contenitori\/wp-content\/uploads\/2022\/03\/logo.png","contentUrl":"https:\/\/www.interbox.ch\/contenitori\/wp-content\/uploads\/2022\/03\/logo.png","width":219,"height":141,"caption":"Interbox"},"image":{"@id":"https:\/\/www.interbox.ch\/contenitori\/es\/#\/schema\/logo\/image\/"}},{"@type":"WebSite","@id":"https:\/\/www.interbox.ch\/contenitori\/es\/#website","url":"https:\/\/www.interbox.ch\/contenitori\/es\/","name":"Interbox - Contenitori","description":"","publisher":{"@id":"https:\/\/www.interbox.ch\/contenitori\/es\/#organization"},"potentialAction":[{"@type":"SearchAction","target":{"@type":"EntryPoint","urlTemplate":"https:\/\/www.interbox.ch\/contenitori\/es\/?s={search_term_string}"},"query-input":"required name=search_term_string"}],"inLanguage":"es"},{"@type":"WebPage","@id":"https:\/\/www.interbox.ch\/contenitori\/es\/privacy-policy\/#webpage","url":"https:\/\/www.interbox.ch\/contenitori\/es\/privacy-policy\/","name":"Privacy policy - Interbox - Contenitori","isPartOf":{"@id":"https:\/\/www.interbox.ch\/contenitori\/es\/#website"},"datePublished":"2022-03-17T09:25:27+00:00","dateModified":"2024-03-14T16:08:06+00:00","breadcrumb":{"@id":"https:\/\/www.interbox.ch\/contenitori\/es\/privacy-policy\/#breadcrumb"},"inLanguage":"es","potentialAction":[{"@type":"ReadAction","target":["https:\/\/www.interbox.ch\/contenitori\/es\/privacy-policy\/"]}]},{"@type":"BreadcrumbList","@id":"https:\/\/www.interbox.ch\/contenitori\/es\/privacy-policy\/#breadcrumb","itemListElement":[{"@type":"ListItem","position":1,"name":"Home","item":"https:\/\/www.interbox.ch\/contenitori\/es\/"},{"@type":"ListItem","position":2,"name":"Privacy policy"}]}]}},"_links":{"self":[{"href":"https:\/\/www.interbox.ch\/contenitori\/es\/wp-json\/wp\/v2\/pages\/15971","targetHints":{"allow":["GET"]}}],"collection":[{"href":"https:\/\/www.interbox.ch\/contenitori\/es\/wp-json\/wp\/v2\/pages"}],"about":[{"href":"https:\/\/www.interbox.ch\/contenitori\/es\/wp-json\/wp\/v2\/types\/page"}],"author":[{"embeddable":true,"href":"https:\/\/www.interbox.ch\/contenitori\/es\/wp-json\/wp\/v2\/users\/43"}],"replies":[{"embeddable":true,"href":"https:\/\/www.interbox.ch\/contenitori\/es\/wp-json\/wp\/v2\/comments?post=15971"}],"version-history":[{"count":2,"href":"https:\/\/www.interbox.ch\/contenitori\/es\/wp-json\/wp\/v2\/pages\/15971\/revisions"}],"predecessor-version":[{"id":16171,"href":"https:\/\/www.interbox.ch\/contenitori\/es\/wp-json\/wp\/v2\/pages\/15971\/revisions\/16171"}],"wp:attachment":[{"href":"https:\/\/www.interbox.ch\/contenitori\/es\/wp-json\/wp\/v2\/media?parent=15971"}],"curies":[{"name":"wp","href":"https:\/\/api.w.org\/{rel}","templated":true}]}}