{"id":14605,"date":"2022-04-13T11:50:24","date_gmt":"2022-04-13T09:50:24","guid":{"rendered":"https:\/\/www.interbox.ch\/contenitori\/?page_id=14605"},"modified":"2024-05-06T16:40:13","modified_gmt":"2024-05-06T14:40:13","slug":"certificados","status":"publish","type":"page","link":"https:\/\/www.interbox.ch\/contenitori\/es\/certificados\/","title":{"rendered":"Certificados"},"content":{"rendered":"<p>[vc_row full_width=&#8221;stretch_row_content_no_spaces&#8221;][vc_column]<div class=\"banner-titolo\"   > <div class=\"banner-titolo-inn\"  style=\"background-image: url(https:\/\/www.interbox.ch\/contenitori\/wp-content\/uploads\/2023\/10\/certificati-ok.jpg)\"  > <div class=\"ombra-back\"><\/div><div class=\"container\"   > <div class=\"banner-titolo-inside\"  > <div class=\"spacer\"><\/div><\/div><\/div><\/div><div class=\"banner-titolo-text  \"  > <h2 class=\"titolo colore-oro\">Certificaciones<\/h2><\/div><\/div>[\/vc_column][\/vc_row][vc_row][vc_column][vc_empty_space height=&#8221;80px&#8221;][\/vc_column][\/vc_row][vc_row][vc_column][vc_column_text]<\/p>\n<h2 style=\"text-align: center;\"><strong>Interbox es sin\u00f3nimo de calidad y alta tecnolog\u00eda.<\/strong><\/h2>\n<h3 style=\"text-align: center;\">El dise\u00f1o, la producci\u00f3n y la comercializaci\u00f3n de la Divisi\u00f3n de Contenedores y Pal\u00e9s de Pl\u00e1stico y la Divisi\u00f3n de Puertos Deportivos est\u00e1n certificados por SQS, la Asociaci\u00f3n Suiza de Sistemas de Calidad y Gesti\u00f3n.<\/h3>\n<p>[\/vc_column_text][vc_empty_space height=&#8221;80px&#8221;][vc_column_text]<\/p>\n<p style=\"text-align: center;\">Interbox es una de las primeras empresas que ha obtenido la certificaci\u00f3n de su Sistema de Gesti\u00f3n de la Calidad conforme a la Norma ISO 9001:2015. Interbox tambi\u00e9n est\u00e1 habilitada, de acuerdo con la legislaci\u00f3n vigente, para la ejecuci\u00f3n de obras p\u00fablicas, para la categor\u00eda OG 7 &#8211; obras mar\u00edtimas &#8211; certificaci\u00f3n obtenida a trav\u00e9s de la BENTLEY SOA S.p.A<\/p>\n<p>[\/vc_column_text][\/vc_column][\/vc_row][vc_row][vc_column][vc_empty_space height=&#8221;80px&#8221;][vc_column_text]<\/p>\n<h5 style=\"text-align: center;\"><strong>Si desea ver los certificados y sus especificaciones, haga clic en el icono de la derecha y descargue el documento.<br \/>\n<\/strong><\/h5>\n<p>[\/vc_column_text][vc_empty_space height=&#8221;80px&#8221;][\/vc_column][\/vc_row][vc_row][vc_column width=&#8221;1\/4&#8243; offset=&#8221;vc_col-xs-6&#8243;][\/vc_column][vc_column width=&#8221;1\/4&#8243; offset=&#8221;vc_col-xs-6&#8243;][vc_single_image image=&#8221;4152&#8243; img_size=&#8221;260&#215;260&#8243; alignment=&#8221;center&#8221; onclick=&#8221;custom_link&#8221; img_link_target=&#8221;_blank&#8221; link=&#8221;https:\/\/www.interbox.ch\/contenitori\/wp-content\/uploads\/2024\/05\/329166_en_41455.pdf&#8221; el_class=&#8221;full-width-image&#8221;][\/vc_column][vc_column width=&#8221;1\/4&#8243; offset=&#8221;vc_col-xs-6&#8243;][vc_single_image image=&#8221;4147&#8243; img_size=&#8221;full&#8221; alignment=&#8221;center&#8221; onclick=&#8221;custom_link&#8221; img_link_target=&#8221;_blank&#8221; link=&#8221;https:\/\/www.interbox.ch\/contenitori\/wp-content\/uploads\/2024\/05\/329166_iq_41455.pdf&#8221; el_class=&#8221;full-width-image&#8221;][\/vc_column][vc_column width=&#8221;1\/4&#8243; offset=&#8221;vc_col-xs-6&#8243;][\/vc_column][\/vc_row][vc_row][vc_column][vc_empty_space height=&#8221;80px&#8221;][\/vc_column][\/vc_row]<\/p>\n","protected":false},"excerpt":{"rendered":"<p>[vc_row full_width=&#8221;stretch_row_content_no_spaces&#8221;][vc_column][\/vc_column][\/vc_row][vc_row][vc_column][vc_empty_space height=&#8221;80px&#8221;][\/vc_column][\/vc_row][vc_row][vc_column][vc_column_text] Interbox es sin\u00f3nimo de calidad y alta tecnolog\u00eda. El dise\u00f1o, la producci\u00f3n y la comercializaci\u00f3n de la Divisi\u00f3n de Contenedores y Pal\u00e9s de Pl\u00e1stico y la Divisi\u00f3n de Puertos Deportivos est\u00e1n certificados por SQS, la Asociaci\u00f3n Suiza de Sistemas de Calidad y Gesti\u00f3n. [\/vc_column_text][vc_empty_space height=&#8221;80px&#8221;][vc_column_text] Interbox es una de las primeras empresas [&hellip;]<\/p>\n","protected":false},"author":1,"featured_media":0,"parent":0,"menu_order":35,"comment_status":"closed","ping_status":"closed","template":"","meta":{"footnotes":""},"class_list":["post-14605","page","type-page","status-publish","hentry"],"acf":[],"yoast_head":"<!-- This site is optimized with the Yoast SEO plugin v19.1 - https:\/\/yoast.com\/wordpress\/plugins\/seo\/ -->\n<title>Certificados - Interbox - Contenitori<\/title>\n<meta name=\"robots\" content=\"index, follow, max-snippet:-1, max-image-preview:large, max-video-preview:-1\" \/>\n<link rel=\"canonical\" href=\"https:\/\/www.interbox.ch\/contenitori\/es\/certificados\/\" \/>\n<meta property=\"og:locale\" content=\"es_ES\" \/>\n<meta property=\"og:type\" content=\"article\" \/>\n<meta property=\"og:title\" content=\"Certificados - Interbox - Contenitori\" \/>\n<meta property=\"og:description\" content=\"[vc_row full_width=&#8221;stretch_row_content_no_spaces&#8221;][vc_column][\/vc_column][\/vc_row][vc_row][vc_column][vc_empty_space height=&#8221;80px&#8221;][\/vc_column][\/vc_row][vc_row][vc_column][vc_column_text] Interbox es sin\u00f3nimo de calidad y alta tecnolog\u00eda. El dise\u00f1o, la producci\u00f3n y la comercializaci\u00f3n de la Divisi\u00f3n de Contenedores y Pal\u00e9s de Pl\u00e1stico y la Divisi\u00f3n de Puertos Deportivos est\u00e1n certificados por SQS, la Asociaci\u00f3n Suiza de Sistemas de Calidad y Gesti\u00f3n. [\/vc_column_text][vc_empty_space height=&#8221;80px&#8221;][vc_column_text] Interbox es una de las primeras empresas [&hellip;]\" \/>\n<meta property=\"og:url\" content=\"https:\/\/www.interbox.ch\/contenitori\/es\/certificados\/\" \/>\n<meta property=\"og:site_name\" content=\"Interbox - Contenitori\" \/>\n<meta property=\"article:modified_time\" content=\"2024-05-06T14:40:13+00:00\" \/>\n<meta name=\"twitter:card\" content=\"summary_large_image\" \/>\n<meta name=\"twitter:label1\" content=\"Tiempo de lectura\" \/>\n\t<meta name=\"twitter:data1\" content=\"1 minuto\" \/>\n<script type=\"application\/ld+json\" class=\"yoast-schema-graph\">{\"@context\":\"https:\/\/schema.org\",\"@graph\":[{\"@type\":\"Organization\",\"@id\":\"https:\/\/www.interbox.ch\/contenitori\/es\/#organization\",\"name\":\"Interbox\",\"url\":\"https:\/\/www.interbox.ch\/contenitori\/es\/\",\"sameAs\":[\"https:\/\/www.instagram.com\/martinialfredo_spa\/\",\"https:\/\/www.youtube.com\/channel\/UCUzuZc9hYH9KN1iUYs3iiOg\"],\"logo\":{\"@type\":\"ImageObject\",\"inLanguage\":\"es\",\"@id\":\"https:\/\/www.interbox.ch\/contenitori\/es\/#\/schema\/logo\/image\/\",\"url\":\"https:\/\/www.interbox.ch\/contenitori\/wp-content\/uploads\/2022\/03\/logo.png\",\"contentUrl\":\"https:\/\/www.interbox.ch\/contenitori\/wp-content\/uploads\/2022\/03\/logo.png\",\"width\":219,\"height\":141,\"caption\":\"Interbox\"},\"image\":{\"@id\":\"https:\/\/www.interbox.ch\/contenitori\/es\/#\/schema\/logo\/image\/\"}},{\"@type\":\"WebSite\",\"@id\":\"https:\/\/www.interbox.ch\/contenitori\/es\/#website\",\"url\":\"https:\/\/www.interbox.ch\/contenitori\/es\/\",\"name\":\"Interbox - Contenitori\",\"description\":\"\",\"publisher\":{\"@id\":\"https:\/\/www.interbox.ch\/contenitori\/es\/#organization\"},\"potentialAction\":[{\"@type\":\"SearchAction\",\"target\":{\"@type\":\"EntryPoint\",\"urlTemplate\":\"https:\/\/www.interbox.ch\/contenitori\/es\/?s={search_term_string}\"},\"query-input\":\"required name=search_term_string\"}],\"inLanguage\":\"es\"},{\"@type\":\"WebPage\",\"@id\":\"https:\/\/www.interbox.ch\/contenitori\/es\/certificados\/#webpage\",\"url\":\"https:\/\/www.interbox.ch\/contenitori\/es\/certificados\/\",\"name\":\"Certificados - Interbox - Contenitori\",\"isPartOf\":{\"@id\":\"https:\/\/www.interbox.ch\/contenitori\/es\/#website\"},\"datePublished\":\"2022-04-13T09:50:24+00:00\",\"dateModified\":\"2024-05-06T14:40:13+00:00\",\"breadcrumb\":{\"@id\":\"https:\/\/www.interbox.ch\/contenitori\/es\/certificados\/#breadcrumb\"},\"inLanguage\":\"es\",\"potentialAction\":[{\"@type\":\"ReadAction\",\"target\":[\"https:\/\/www.interbox.ch\/contenitori\/es\/certificados\/\"]}]},{\"@type\":\"BreadcrumbList\",\"@id\":\"https:\/\/www.interbox.ch\/contenitori\/es\/certificados\/#breadcrumb\",\"itemListElement\":[{\"@type\":\"ListItem\",\"position\":1,\"name\":\"Home\",\"item\":\"https:\/\/www.interbox.ch\/contenitori\/es\/\"},{\"@type\":\"ListItem\",\"position\":2,\"name\":\"Certificados\"}]}]}<\/script>\n<!-- \/ Yoast SEO plugin. -->","yoast_head_json":{"title":"Certificados - Interbox - Contenitori","robots":{"index":"index","follow":"follow","max-snippet":"max-snippet:-1","max-image-preview":"max-image-preview:large","max-video-preview":"max-video-preview:-1"},"canonical":"https:\/\/www.interbox.ch\/contenitori\/es\/certificados\/","og_locale":"es_ES","og_type":"article","og_title":"Certificados - Interbox - Contenitori","og_description":"[vc_row full_width=&#8221;stretch_row_content_no_spaces&#8221;][vc_column][\/vc_column][\/vc_row][vc_row][vc_column][vc_empty_space height=&#8221;80px&#8221;][\/vc_column][\/vc_row][vc_row][vc_column][vc_column_text] Interbox es sin\u00f3nimo de calidad y alta tecnolog\u00eda. El dise\u00f1o, la producci\u00f3n y la comercializaci\u00f3n de la Divisi\u00f3n de Contenedores y Pal\u00e9s de Pl\u00e1stico y la Divisi\u00f3n de Puertos Deportivos est\u00e1n certificados por SQS, la Asociaci\u00f3n Suiza de Sistemas de Calidad y Gesti\u00f3n. [\/vc_column_text][vc_empty_space height=&#8221;80px&#8221;][vc_column_text] Interbox es una de las primeras empresas [&hellip;]","og_url":"https:\/\/www.interbox.ch\/contenitori\/es\/certificados\/","og_site_name":"Interbox - Contenitori","article_modified_time":"2024-05-06T14:40:13+00:00","twitter_card":"summary_large_image","twitter_misc":{"Tiempo de lectura":"1 minuto"},"schema":{"@context":"https:\/\/schema.org","@graph":[{"@type":"Organization","@id":"https:\/\/www.interbox.ch\/contenitori\/es\/#organization","name":"Interbox","url":"https:\/\/www.interbox.ch\/contenitori\/es\/","sameAs":["https:\/\/www.instagram.com\/martinialfredo_spa\/","https:\/\/www.youtube.com\/channel\/UCUzuZc9hYH9KN1iUYs3iiOg"],"logo":{"@type":"ImageObject","inLanguage":"es","@id":"https:\/\/www.interbox.ch\/contenitori\/es\/#\/schema\/logo\/image\/","url":"https:\/\/www.interbox.ch\/contenitori\/wp-content\/uploads\/2022\/03\/logo.png","contentUrl":"https:\/\/www.interbox.ch\/contenitori\/wp-content\/uploads\/2022\/03\/logo.png","width":219,"height":141,"caption":"Interbox"},"image":{"@id":"https:\/\/www.interbox.ch\/contenitori\/es\/#\/schema\/logo\/image\/"}},{"@type":"WebSite","@id":"https:\/\/www.interbox.ch\/contenitori\/es\/#website","url":"https:\/\/www.interbox.ch\/contenitori\/es\/","name":"Interbox - Contenitori","description":"","publisher":{"@id":"https:\/\/www.interbox.ch\/contenitori\/es\/#organization"},"potentialAction":[{"@type":"SearchAction","target":{"@type":"EntryPoint","urlTemplate":"https:\/\/www.interbox.ch\/contenitori\/es\/?s={search_term_string}"},"query-input":"required name=search_term_string"}],"inLanguage":"es"},{"@type":"WebPage","@id":"https:\/\/www.interbox.ch\/contenitori\/es\/certificados\/#webpage","url":"https:\/\/www.interbox.ch\/contenitori\/es\/certificados\/","name":"Certificados - Interbox - Contenitori","isPartOf":{"@id":"https:\/\/www.interbox.ch\/contenitori\/es\/#website"},"datePublished":"2022-04-13T09:50:24+00:00","dateModified":"2024-05-06T14:40:13+00:00","breadcrumb":{"@id":"https:\/\/www.interbox.ch\/contenitori\/es\/certificados\/#breadcrumb"},"inLanguage":"es","potentialAction":[{"@type":"ReadAction","target":["https:\/\/www.interbox.ch\/contenitori\/es\/certificados\/"]}]},{"@type":"BreadcrumbList","@id":"https:\/\/www.interbox.ch\/contenitori\/es\/certificados\/#breadcrumb","itemListElement":[{"@type":"ListItem","position":1,"name":"Home","item":"https:\/\/www.interbox.ch\/contenitori\/es\/"},{"@type":"ListItem","position":2,"name":"Certificados"}]}]}},"_links":{"self":[{"href":"https:\/\/www.interbox.ch\/contenitori\/es\/wp-json\/wp\/v2\/pages\/14605","targetHints":{"allow":["GET"]}}],"collection":[{"href":"https:\/\/www.interbox.ch\/contenitori\/es\/wp-json\/wp\/v2\/pages"}],"about":[{"href":"https:\/\/www.interbox.ch\/contenitori\/es\/wp-json\/wp\/v2\/types\/page"}],"author":[{"embeddable":true,"href":"https:\/\/www.interbox.ch\/contenitori\/es\/wp-json\/wp\/v2\/users\/1"}],"replies":[{"embeddable":true,"href":"https:\/\/www.interbox.ch\/contenitori\/es\/wp-json\/wp\/v2\/comments?post=14605"}],"version-history":[{"count":11,"href":"https:\/\/www.interbox.ch\/contenitori\/es\/wp-json\/wp\/v2\/pages\/14605\/revisions"}],"predecessor-version":[{"id":16257,"href":"https:\/\/www.interbox.ch\/contenitori\/es\/wp-json\/wp\/v2\/pages\/14605\/revisions\/16257"}],"wp:attachment":[{"href":"https:\/\/www.interbox.ch\/contenitori\/es\/wp-json\/wp\/v2\/media?parent=14605"}],"curies":[{"name":"wp","href":"https:\/\/api.w.org\/{rel}","templated":true}]}}