{"id":14581,"date":"2022-03-17T14:12:59","date_gmt":"2022-03-17T13:12:59","guid":{"rendered":"https:\/\/www.interbox.ch\/contenitori\/?page_id=14581"},"modified":"2024-05-03T17:32:46","modified_gmt":"2024-05-03T15:32:46","slug":"company","status":"publish","type":"page","link":"https:\/\/www.interbox.ch\/contenitori\/es\/company\/","title":{"rendered":"Compa\u00f1\u00eda"},"content":{"rendered":"<p>[vc_row][vc_column][vc_separator][vc_empty_space height=&#8221;30px&#8221;][\/vc_column][\/vc_row][vc_row full_width=&#8221;stretch_row&#8221; content_placement=&#8221;middle&#8221; el_class=&#8221;fondo-azzurro&#8221;][vc_column width=&#8221;1\/2&#8243;][vc_single_image image=&#8221;15898&#8243; img_size=&#8221;full&#8221; alignment=&#8221;center&#8221; el_class=&#8221;image-home-full-side full-width-image&#8221;][\/vc_column][vc_column width=&#8221;1\/2&#8243;][vc_column_text el_class=&#8221;text-home-full-side&#8221;]<\/p>\n<h2><strong>INTERBOX: <\/strong><\/h2>\n<h2>L\u00edder en innovaci\u00f3n desde hace m\u00e1s de 50 a\u00f1os<\/h2>\n<p>[\/vc_column_text][\/vc_column][\/vc_row][vc_row full_width=&#8221;stretch_row&#8221; el_class=&#8221;fondo-azzurro&#8221;][vc_column][vc_empty_space height=&#8221;60px&#8221;][\/vc_column][\/vc_row][vc_row el_class=&#8221;blocco-particle&#8221; css=&#8221;.vc_custom_1696251550177{background-position: center !important;background-repeat: no-repeat !important;background-size: cover !important;}&#8221;][vc_column][vc_empty_space height=&#8221;80px&#8221;][vc_column_text el_class=&#8221;testo-big&#8221;]<strong>L\u00edder en el sector de los contenedores industriales de pl\u00e1stico para la log\u00edstica<\/strong>, la manutenci\u00f3n y el almacenamiento, la actividad de Interbox se orienta hacia la innovaci\u00f3n desde hace m\u00e1s de 50 a\u00f1os. El desarrollo de soluciones avanzadas se deriva de la utilizaci\u00f3n de tecnolog\u00edas punteras y de un an\u00e1lisis atento de las necesidades emergentes del mercado.<\/p>\n<p>Todo ello se combina en un <strong>proceso de investigaci\u00f3n constant<\/strong>e, que permite a Interbox ofrecer un cat\u00e1logo diversificado y completo que se dirige a todo tipo de sectores, desde el comercio de mercanc\u00edas hasta los servicios, la industria y la artesan\u00eda. Todos y cada uno de los productos -desde pal\u00e9s hasta sistemas de archivo y contenedores modulares m\u00faltiples- se comprueban y prueban para garantizar un rendimiento funcional de m\u00e1xima calidad.[\/vc_column_text][vc_empty_space height=&#8221;80px&#8221;][\/vc_column][\/vc_row][vc_row full_width=&#8221;stretch_row&#8221; disable_element=&#8221;yes&#8221; el_class=&#8221;fondo-azzurro&#8221; css=&#8221;.vc_custom_1656322503266{background-position: center !important;background-repeat: no-repeat !important;background-size: cover !important;}&#8221;][vc_column width=&#8221;1\/4&#8243;][\/vc_column][vc_column width=&#8221;1\/2&#8243;][vc_empty_space height=&#8221;80px&#8221;][vc_column_text]<\/p>\n<h2 style=\"text-align: center;\">News<\/h2>\n<p style=\"text-align: center;\">I contenitori Interbox non hanno pi\u00f9 segreti! Leggi gli ultimi articoli pubblicati e tieniti aggiornato sulle ultime novit\u00e0 in materia di stoccaggio e movimentazione delle merci attraverso soluzioni efficienti e funzionali.<\/p>\n<p>[\/vc_column_text][vc_empty_space height=&#8221;40px&#8221;][\/vc_column][vc_column width=&#8221;1\/4&#8243;][\/vc_column][\/vc_row][vc_row full_width=&#8221;stretch_row&#8221; disable_element=&#8221;yes&#8221; el_class=&#8221;fondo-azzurro&#8221;][vc_column][vc_empty_space height=&#8221;80px&#8221;][\/vc_column][\/vc_row][vc_row][vc_column][vc_separator][\/vc_column][\/vc_row][vc_row][vc_column][vc_separator][\/vc_column][\/vc_row][vc_row][vc_column][\/vc_column][\/vc_row]<\/p>\n","protected":false},"excerpt":{"rendered":"<p>[vc_row][vc_column][vc_separator][vc_empty_space height=&#8221;30px&#8221;][\/vc_column][\/vc_row][vc_row full_width=&#8221;stretch_row&#8221; content_placement=&#8221;middle&#8221; el_class=&#8221;fondo-azzurro&#8221;][vc_column width=&#8221;1\/2&#8243;][vc_single_image image=&#8221;15898&#8243; img_size=&#8221;full&#8221; alignment=&#8221;center&#8221; el_class=&#8221;image-home-full-side full-width-image&#8221;][\/vc_column][vc_column width=&#8221;1\/2&#8243;][vc_column_text el_class=&#8221;text-home-full-side&#8221;] INTERBOX: L\u00edder en innovaci\u00f3n desde hace m\u00e1s de 50 a\u00f1os [\/vc_column_text][\/vc_column][\/vc_row][vc_row full_width=&#8221;stretch_row&#8221; el_class=&#8221;fondo-azzurro&#8221;][vc_column][vc_empty_space height=&#8221;60px&#8221;][\/vc_column][\/vc_row][vc_row el_class=&#8221;blocco-particle&#8221; css=&#8221;.vc_custom_1696251550177{background-position: center !important;background-repeat: no-repeat !important;background-size: cover !important;}&#8221;][vc_column][vc_empty_space height=&#8221;80px&#8221;][vc_column_text el_class=&#8221;testo-big&#8221;]L\u00edder en el sector de los contenedores industriales de pl\u00e1stico para la log\u00edstica, la manutenci\u00f3n y el almacenamiento, la [&hellip;]<\/p>\n","protected":false},"author":1,"featured_media":0,"parent":0,"menu_order":47,"comment_status":"closed","ping_status":"closed","template":"","meta":{"footnotes":""},"class_list":["post-14581","page","type-page","status-publish","hentry"],"acf":[],"yoast_head":"<!-- This site is optimized with the Yoast SEO plugin v19.1 - https:\/\/yoast.com\/wordpress\/plugins\/seo\/ -->\n<title>Compa\u00f1\u00eda - Interbox - Contenitori<\/title>\n<meta name=\"robots\" content=\"index, follow, max-snippet:-1, max-image-preview:large, max-video-preview:-1\" \/>\n<link rel=\"canonical\" href=\"https:\/\/www.interbox.ch\/contenitori\/es\/company\/\" \/>\n<meta property=\"og:locale\" content=\"es_ES\" \/>\n<meta property=\"og:type\" content=\"article\" \/>\n<meta property=\"og:title\" content=\"Compa\u00f1\u00eda - Interbox - Contenitori\" \/>\n<meta property=\"og:description\" content=\"[vc_row][vc_column][vc_separator][vc_empty_space height=&#8221;30px&#8221;][\/vc_column][\/vc_row][vc_row full_width=&#8221;stretch_row&#8221; content_placement=&#8221;middle&#8221; el_class=&#8221;fondo-azzurro&#8221;][vc_column width=&#8221;1\/2&#8243;][vc_single_image image=&#8221;15898&#8243; img_size=&#8221;full&#8221; alignment=&#8221;center&#8221; el_class=&#8221;image-home-full-side full-width-image&#8221;][\/vc_column][vc_column width=&#8221;1\/2&#8243;][vc_column_text el_class=&#8221;text-home-full-side&#8221;] INTERBOX: L\u00edder en innovaci\u00f3n desde hace m\u00e1s de 50 a\u00f1os [\/vc_column_text][\/vc_column][\/vc_row][vc_row full_width=&#8221;stretch_row&#8221; el_class=&#8221;fondo-azzurro&#8221;][vc_column][vc_empty_space height=&#8221;60px&#8221;][\/vc_column][\/vc_row][vc_row el_class=&#8221;blocco-particle&#8221; css=&#8221;.vc_custom_1696251550177{background-position: center !important;background-repeat: no-repeat !important;background-size: cover !important;}&#8221;][vc_column][vc_empty_space height=&#8221;80px&#8221;][vc_column_text el_class=&#8221;testo-big&#8221;]L\u00edder en el sector de los contenedores industriales de pl\u00e1stico para la log\u00edstica, la manutenci\u00f3n y el almacenamiento, la [&hellip;]\" \/>\n<meta property=\"og:url\" content=\"https:\/\/www.interbox.ch\/contenitori\/es\/company\/\" \/>\n<meta property=\"og:site_name\" content=\"Interbox - Contenitori\" \/>\n<meta property=\"article:modified_time\" content=\"2024-05-03T15:32:46+00:00\" \/>\n<meta name=\"twitter:card\" content=\"summary_large_image\" \/>\n<meta name=\"twitter:label1\" content=\"Tiempo de lectura\" \/>\n\t<meta name=\"twitter:data1\" content=\"3 minutos\" \/>\n<script type=\"application\/ld+json\" class=\"yoast-schema-graph\">{\"@context\":\"https:\/\/schema.org\",\"@graph\":[{\"@type\":\"Organization\",\"@id\":\"https:\/\/www.interbox.ch\/contenitori\/es\/#organization\",\"name\":\"Interbox\",\"url\":\"https:\/\/www.interbox.ch\/contenitori\/es\/\",\"sameAs\":[\"https:\/\/www.instagram.com\/martinialfredo_spa\/\",\"https:\/\/www.youtube.com\/channel\/UCUzuZc9hYH9KN1iUYs3iiOg\"],\"logo\":{\"@type\":\"ImageObject\",\"inLanguage\":\"es\",\"@id\":\"https:\/\/www.interbox.ch\/contenitori\/es\/#\/schema\/logo\/image\/\",\"url\":\"https:\/\/www.interbox.ch\/contenitori\/wp-content\/uploads\/2022\/03\/logo.png\",\"contentUrl\":\"https:\/\/www.interbox.ch\/contenitori\/wp-content\/uploads\/2022\/03\/logo.png\",\"width\":219,\"height\":141,\"caption\":\"Interbox\"},\"image\":{\"@id\":\"https:\/\/www.interbox.ch\/contenitori\/es\/#\/schema\/logo\/image\/\"}},{\"@type\":\"WebSite\",\"@id\":\"https:\/\/www.interbox.ch\/contenitori\/es\/#website\",\"url\":\"https:\/\/www.interbox.ch\/contenitori\/es\/\",\"name\":\"Interbox - Contenitori\",\"description\":\"\",\"publisher\":{\"@id\":\"https:\/\/www.interbox.ch\/contenitori\/es\/#organization\"},\"potentialAction\":[{\"@type\":\"SearchAction\",\"target\":{\"@type\":\"EntryPoint\",\"urlTemplate\":\"https:\/\/www.interbox.ch\/contenitori\/es\/?s={search_term_string}\"},\"query-input\":\"required name=search_term_string\"}],\"inLanguage\":\"es\"},{\"@type\":\"WebPage\",\"@id\":\"https:\/\/www.interbox.ch\/contenitori\/es\/company\/#webpage\",\"url\":\"https:\/\/www.interbox.ch\/contenitori\/es\/company\/\",\"name\":\"Compa\u00f1\u00eda - Interbox - Contenitori\",\"isPartOf\":{\"@id\":\"https:\/\/www.interbox.ch\/contenitori\/es\/#website\"},\"datePublished\":\"2022-03-17T13:12:59+00:00\",\"dateModified\":\"2024-05-03T15:32:46+00:00\",\"breadcrumb\":{\"@id\":\"https:\/\/www.interbox.ch\/contenitori\/es\/company\/#breadcrumb\"},\"inLanguage\":\"es\",\"potentialAction\":[{\"@type\":\"ReadAction\",\"target\":[\"https:\/\/www.interbox.ch\/contenitori\/es\/company\/\"]}]},{\"@type\":\"BreadcrumbList\",\"@id\":\"https:\/\/www.interbox.ch\/contenitori\/es\/company\/#breadcrumb\",\"itemListElement\":[{\"@type\":\"ListItem\",\"position\":1,\"name\":\"Home\",\"item\":\"https:\/\/www.interbox.ch\/contenitori\/es\/\"},{\"@type\":\"ListItem\",\"position\":2,\"name\":\"Compa\u00f1\u00eda\"}]}]}<\/script>\n<!-- \/ Yoast SEO plugin. -->","yoast_head_json":{"title":"Compa\u00f1\u00eda - Interbox - Contenitori","robots":{"index":"index","follow":"follow","max-snippet":"max-snippet:-1","max-image-preview":"max-image-preview:large","max-video-preview":"max-video-preview:-1"},"canonical":"https:\/\/www.interbox.ch\/contenitori\/es\/company\/","og_locale":"es_ES","og_type":"article","og_title":"Compa\u00f1\u00eda - Interbox - Contenitori","og_description":"[vc_row][vc_column][vc_separator][vc_empty_space height=&#8221;30px&#8221;][\/vc_column][\/vc_row][vc_row full_width=&#8221;stretch_row&#8221; content_placement=&#8221;middle&#8221; el_class=&#8221;fondo-azzurro&#8221;][vc_column width=&#8221;1\/2&#8243;][vc_single_image image=&#8221;15898&#8243; img_size=&#8221;full&#8221; alignment=&#8221;center&#8221; el_class=&#8221;image-home-full-side full-width-image&#8221;][\/vc_column][vc_column width=&#8221;1\/2&#8243;][vc_column_text el_class=&#8221;text-home-full-side&#8221;] INTERBOX: L\u00edder en innovaci\u00f3n desde hace m\u00e1s de 50 a\u00f1os [\/vc_column_text][\/vc_column][\/vc_row][vc_row full_width=&#8221;stretch_row&#8221; el_class=&#8221;fondo-azzurro&#8221;][vc_column][vc_empty_space height=&#8221;60px&#8221;][\/vc_column][\/vc_row][vc_row el_class=&#8221;blocco-particle&#8221; css=&#8221;.vc_custom_1696251550177{background-position: center !important;background-repeat: no-repeat !important;background-size: cover !important;}&#8221;][vc_column][vc_empty_space height=&#8221;80px&#8221;][vc_column_text el_class=&#8221;testo-big&#8221;]L\u00edder en el sector de los contenedores industriales de pl\u00e1stico para la log\u00edstica, la manutenci\u00f3n y el almacenamiento, la [&hellip;]","og_url":"https:\/\/www.interbox.ch\/contenitori\/es\/company\/","og_site_name":"Interbox - Contenitori","article_modified_time":"2024-05-03T15:32:46+00:00","twitter_card":"summary_large_image","twitter_misc":{"Tiempo de lectura":"3 minutos"},"schema":{"@context":"https:\/\/schema.org","@graph":[{"@type":"Organization","@id":"https:\/\/www.interbox.ch\/contenitori\/es\/#organization","name":"Interbox","url":"https:\/\/www.interbox.ch\/contenitori\/es\/","sameAs":["https:\/\/www.instagram.com\/martinialfredo_spa\/","https:\/\/www.youtube.com\/channel\/UCUzuZc9hYH9KN1iUYs3iiOg"],"logo":{"@type":"ImageObject","inLanguage":"es","@id":"https:\/\/www.interbox.ch\/contenitori\/es\/#\/schema\/logo\/image\/","url":"https:\/\/www.interbox.ch\/contenitori\/wp-content\/uploads\/2022\/03\/logo.png","contentUrl":"https:\/\/www.interbox.ch\/contenitori\/wp-content\/uploads\/2022\/03\/logo.png","width":219,"height":141,"caption":"Interbox"},"image":{"@id":"https:\/\/www.interbox.ch\/contenitori\/es\/#\/schema\/logo\/image\/"}},{"@type":"WebSite","@id":"https:\/\/www.interbox.ch\/contenitori\/es\/#website","url":"https:\/\/www.interbox.ch\/contenitori\/es\/","name":"Interbox - Contenitori","description":"","publisher":{"@id":"https:\/\/www.interbox.ch\/contenitori\/es\/#organization"},"potentialAction":[{"@type":"SearchAction","target":{"@type":"EntryPoint","urlTemplate":"https:\/\/www.interbox.ch\/contenitori\/es\/?s={search_term_string}"},"query-input":"required name=search_term_string"}],"inLanguage":"es"},{"@type":"WebPage","@id":"https:\/\/www.interbox.ch\/contenitori\/es\/company\/#webpage","url":"https:\/\/www.interbox.ch\/contenitori\/es\/company\/","name":"Compa\u00f1\u00eda - Interbox - Contenitori","isPartOf":{"@id":"https:\/\/www.interbox.ch\/contenitori\/es\/#website"},"datePublished":"2022-03-17T13:12:59+00:00","dateModified":"2024-05-03T15:32:46+00:00","breadcrumb":{"@id":"https:\/\/www.interbox.ch\/contenitori\/es\/company\/#breadcrumb"},"inLanguage":"es","potentialAction":[{"@type":"ReadAction","target":["https:\/\/www.interbox.ch\/contenitori\/es\/company\/"]}]},{"@type":"BreadcrumbList","@id":"https:\/\/www.interbox.ch\/contenitori\/es\/company\/#breadcrumb","itemListElement":[{"@type":"ListItem","position":1,"name":"Home","item":"https:\/\/www.interbox.ch\/contenitori\/es\/"},{"@type":"ListItem","position":2,"name":"Compa\u00f1\u00eda"}]}]}},"_links":{"self":[{"href":"https:\/\/www.interbox.ch\/contenitori\/es\/wp-json\/wp\/v2\/pages\/14581","targetHints":{"allow":["GET"]}}],"collection":[{"href":"https:\/\/www.interbox.ch\/contenitori\/es\/wp-json\/wp\/v2\/pages"}],"about":[{"href":"https:\/\/www.interbox.ch\/contenitori\/es\/wp-json\/wp\/v2\/types\/page"}],"author":[{"embeddable":true,"href":"https:\/\/www.interbox.ch\/contenitori\/es\/wp-json\/wp\/v2\/users\/1"}],"replies":[{"embeddable":true,"href":"https:\/\/www.interbox.ch\/contenitori\/es\/wp-json\/wp\/v2\/comments?post=14581"}],"version-history":[{"count":10,"href":"https:\/\/www.interbox.ch\/contenitori\/es\/wp-json\/wp\/v2\/pages\/14581\/revisions"}],"predecessor-version":[{"id":16215,"href":"https:\/\/www.interbox.ch\/contenitori\/es\/wp-json\/wp\/v2\/pages\/14581\/revisions\/16215"}],"wp:attachment":[{"href":"https:\/\/www.interbox.ch\/contenitori\/es\/wp-json\/wp\/v2\/media?parent=14581"}],"curies":[{"name":"wp","href":"https:\/\/api.w.org\/{rel}","templated":true}]}}