{"id":9936,"date":"2022-04-13T11:50:24","date_gmt":"2022-04-13T09:50:24","guid":{"rendered":"https:\/\/www.interbox.ch\/contenitori\/?page_id=9936"},"modified":"2024-05-06T16:39:15","modified_gmt":"2024-05-06T14:39:15","slug":"zertifizierungen","status":"publish","type":"page","link":"https:\/\/www.interbox.ch\/contenitori\/de\/zertifizierungen\/","title":{"rendered":"Zertifizierungen"},"content":{"rendered":"<p>[vc_row full_width=&#8221;stretch_row_content_no_spaces&#8221;][vc_column]<div class=\"banner-titolo\"   > <div class=\"banner-titolo-inn\"  style=\"background-image: url(https:\/\/www.interbox.ch\/contenitori\/wp-content\/uploads\/2023\/10\/certificati-ok.jpg)\"  > <div class=\"ombra-back\"><\/div><div class=\"container\"   > <div class=\"banner-titolo-inside\"  > <div class=\"spacer\"><\/div><\/div><\/div><\/div><div class=\"banner-titolo-text  \"  > <h2 class=\"titolo colore-oro\">Zertifizierungen<\/h2><\/div><\/div>[\/vc_column][\/vc_row][vc_row][vc_column][vc_empty_space height=&#8221;80px&#8221;][\/vc_column][\/vc_row][vc_row][vc_column][vc_column_text]<\/p>\n<h2 style=\"text-align: center;\"><strong>Interbox S.A ist ein Synonym f\u00fcr Qualit\u00e4t und Hochtechnologie.<\/strong><\/h2>\n<h3 style=\"text-align: center;\">Das Design, die Produktion und die Vermarktung des Gesch\u00e4ftsbereichs Kunststoffbeh\u00e4lter und Paletten sowie des Gesch\u00e4ftsbereichs Marinas sind von der SQS, der Schweizerischen Vereinigung f\u00fcr Qualit\u00e4ts- und Management-Systeme, zertifiziert.<\/h3>\n<p>[\/vc_column_text][vc_empty_space height=&#8221;80px&#8221;][vc_column_text]<\/p>\n<p style=\"text-align: center;\">Interbox S.A ist eines der ersten Unternehmen, das die Zertifizierung des Qualit\u00e4tsmanagementsystems nach der Norm ISO 9001: 2008 erhalten hat. Interbox ist au\u00dferdem gem\u00e4\u00df den geltenden Gesetzen f\u00fcr die Ausf\u00fchrung \u00f6ffentlicher Arbeiten in der Kategorie OG 7 &#8211; maritime Arbeiten &#8211; qualifiziert, was durch die Stelle BENTLEY SOA S.p.A. zertifiziert wurde.<\/p>\n<p>[\/vc_column_text][\/vc_column][\/vc_row][vc_row][vc_column][vc_empty_space height=&#8221;80px&#8221;][vc_column_text]<\/p>\n<h5 style=\"text-align: center;\"><strong>Wenn Sie die Zertifikate und ihre Spezifikationen einsehen m\u00f6chten, klicken Sie auf das Symbol rechts und laden Sie das Dokument herunter.<\/strong><\/h5>\n<p>[\/vc_column_text][vc_empty_space height=&#8221;80px&#8221;][\/vc_column][\/vc_row][vc_row][vc_column width=&#8221;1\/4&#8243; offset=&#8221;vc_col-xs-6&#8243;][\/vc_column][vc_column width=&#8221;1\/4&#8243; offset=&#8221;vc_col-xs-6&#8243;][vc_single_image image=&#8221;4152&#8243; img_size=&#8221;260&#215;260&#8243; alignment=&#8221;center&#8221; onclick=&#8221;custom_link&#8221; img_link_target=&#8221;_blank&#8221; link=&#8221;https:\/\/www.interbox.ch\/contenitori\/wp-content\/uploads\/2024\/05\/329166_de_41455.pdf&#8221; el_class=&#8221;full-width-image&#8221;][\/vc_column][vc_column width=&#8221;1\/4&#8243; offset=&#8221;vc_col-xs-6&#8243;][vc_single_image image=&#8221;4147&#8243; img_size=&#8221;full&#8221; alignment=&#8221;center&#8221; onclick=&#8221;custom_link&#8221; img_link_target=&#8221;_blank&#8221; link=&#8221;https:\/\/www.interbox.ch\/contenitori\/wp-content\/uploads\/2024\/05\/329166_iq_41455.pdf&#8221; el_class=&#8221;full-width-image&#8221;][\/vc_column][vc_column width=&#8221;1\/4&#8243; offset=&#8221;vc_col-xs-6&#8243;][\/vc_column][\/vc_row][vc_row][vc_column][vc_empty_space height=&#8221;80px&#8221;][\/vc_column][\/vc_row]<\/p>\n","protected":false},"excerpt":{"rendered":"<p>[vc_row full_width=&#8221;stretch_row_content_no_spaces&#8221;][vc_column][\/vc_column][\/vc_row][vc_row][vc_column][vc_empty_space height=&#8221;80px&#8221;][\/vc_column][\/vc_row][vc_row][vc_column][vc_column_text] Interbox S.A ist ein Synonym f\u00fcr Qualit\u00e4t und Hochtechnologie. Das Design, die Produktion und die Vermarktung des Gesch\u00e4ftsbereichs Kunststoffbeh\u00e4lter und Paletten sowie des Gesch\u00e4ftsbereichs Marinas sind von der SQS, der Schweizerischen Vereinigung f\u00fcr Qualit\u00e4ts- und Management-Systeme, zertifiziert. [\/vc_column_text][vc_empty_space height=&#8221;80px&#8221;][vc_column_text] Interbox S.A ist eines der ersten Unternehmen, das die Zertifizierung des Qualit\u00e4tsmanagementsystems nach [&hellip;]<\/p>\n","protected":false},"author":1,"featured_media":0,"parent":0,"menu_order":35,"comment_status":"closed","ping_status":"closed","template":"","meta":{"footnotes":""},"class_list":["post-9936","page","type-page","status-publish","hentry"],"acf":[],"yoast_head":"<!-- This site is optimized with the Yoast SEO plugin v19.1 - https:\/\/yoast.com\/wordpress\/plugins\/seo\/ -->\n<title>Zertifizierungen - Interbox - Contenitori<\/title>\n<meta name=\"robots\" content=\"index, follow, max-snippet:-1, max-image-preview:large, max-video-preview:-1\" \/>\n<link rel=\"canonical\" href=\"https:\/\/www.interbox.ch\/contenitori\/de\/zertifizierungen\/\" \/>\n<meta property=\"og:locale\" content=\"de_DE\" \/>\n<meta property=\"og:type\" content=\"article\" \/>\n<meta property=\"og:title\" content=\"Zertifizierungen - Interbox - Contenitori\" \/>\n<meta property=\"og:description\" content=\"[vc_row full_width=&#8221;stretch_row_content_no_spaces&#8221;][vc_column][\/vc_column][\/vc_row][vc_row][vc_column][vc_empty_space height=&#8221;80px&#8221;][\/vc_column][\/vc_row][vc_row][vc_column][vc_column_text] Interbox S.A ist ein Synonym f\u00fcr Qualit\u00e4t und Hochtechnologie. Das Design, die Produktion und die Vermarktung des Gesch\u00e4ftsbereichs Kunststoffbeh\u00e4lter und Paletten sowie des Gesch\u00e4ftsbereichs Marinas sind von der SQS, der Schweizerischen Vereinigung f\u00fcr Qualit\u00e4ts- und Management-Systeme, zertifiziert. [\/vc_column_text][vc_empty_space height=&#8221;80px&#8221;][vc_column_text] Interbox S.A ist eines der ersten Unternehmen, das die Zertifizierung des Qualit\u00e4tsmanagementsystems nach [&hellip;]\" \/>\n<meta property=\"og:url\" content=\"https:\/\/www.interbox.ch\/contenitori\/de\/zertifizierungen\/\" \/>\n<meta property=\"og:site_name\" content=\"Interbox - Contenitori\" \/>\n<meta property=\"article:modified_time\" content=\"2024-05-06T14:39:15+00:00\" \/>\n<meta name=\"twitter:card\" content=\"summary_large_image\" \/>\n<meta name=\"twitter:label1\" content=\"Gesch\u00e4tzte Lesezeit\" \/>\n\t<meta name=\"twitter:data1\" content=\"1\u00a0Minute\" \/>\n<script type=\"application\/ld+json\" class=\"yoast-schema-graph\">{\"@context\":\"https:\/\/schema.org\",\"@graph\":[{\"@type\":\"Organization\",\"@id\":\"https:\/\/www.interbox.ch\/contenitori\/de\/#organization\",\"name\":\"Interbox\",\"url\":\"https:\/\/www.interbox.ch\/contenitori\/de\/\",\"sameAs\":[\"https:\/\/www.instagram.com\/martinialfredo_spa\/\",\"https:\/\/www.youtube.com\/channel\/UCUzuZc9hYH9KN1iUYs3iiOg\"],\"logo\":{\"@type\":\"ImageObject\",\"inLanguage\":\"de\",\"@id\":\"https:\/\/www.interbox.ch\/contenitori\/de\/#\/schema\/logo\/image\/\",\"url\":\"https:\/\/www.interbox.ch\/contenitori\/wp-content\/uploads\/2022\/03\/logo.png\",\"contentUrl\":\"https:\/\/www.interbox.ch\/contenitori\/wp-content\/uploads\/2022\/03\/logo.png\",\"width\":219,\"height\":141,\"caption\":\"Interbox\"},\"image\":{\"@id\":\"https:\/\/www.interbox.ch\/contenitori\/de\/#\/schema\/logo\/image\/\"}},{\"@type\":\"WebSite\",\"@id\":\"https:\/\/www.interbox.ch\/contenitori\/de\/#website\",\"url\":\"https:\/\/www.interbox.ch\/contenitori\/de\/\",\"name\":\"Interbox - Contenitori\",\"description\":\"\",\"publisher\":{\"@id\":\"https:\/\/www.interbox.ch\/contenitori\/de\/#organization\"},\"potentialAction\":[{\"@type\":\"SearchAction\",\"target\":{\"@type\":\"EntryPoint\",\"urlTemplate\":\"https:\/\/www.interbox.ch\/contenitori\/de\/?s={search_term_string}\"},\"query-input\":\"required name=search_term_string\"}],\"inLanguage\":\"de\"},{\"@type\":\"WebPage\",\"@id\":\"https:\/\/www.interbox.ch\/contenitori\/de\/zertifizierungen\/#webpage\",\"url\":\"https:\/\/www.interbox.ch\/contenitori\/de\/zertifizierungen\/\",\"name\":\"Zertifizierungen - Interbox - Contenitori\",\"isPartOf\":{\"@id\":\"https:\/\/www.interbox.ch\/contenitori\/de\/#website\"},\"datePublished\":\"2022-04-13T09:50:24+00:00\",\"dateModified\":\"2024-05-06T14:39:15+00:00\",\"breadcrumb\":{\"@id\":\"https:\/\/www.interbox.ch\/contenitori\/de\/zertifizierungen\/#breadcrumb\"},\"inLanguage\":\"de\",\"potentialAction\":[{\"@type\":\"ReadAction\",\"target\":[\"https:\/\/www.interbox.ch\/contenitori\/de\/zertifizierungen\/\"]}]},{\"@type\":\"BreadcrumbList\",\"@id\":\"https:\/\/www.interbox.ch\/contenitori\/de\/zertifizierungen\/#breadcrumb\",\"itemListElement\":[{\"@type\":\"ListItem\",\"position\":1,\"name\":\"Home\",\"item\":\"https:\/\/www.interbox.ch\/contenitori\/de\/\"},{\"@type\":\"ListItem\",\"position\":2,\"name\":\"Zertifizierungen\"}]}]}<\/script>\n<!-- \/ Yoast SEO plugin. -->","yoast_head_json":{"title":"Zertifizierungen - Interbox - Contenitori","robots":{"index":"index","follow":"follow","max-snippet":"max-snippet:-1","max-image-preview":"max-image-preview:large","max-video-preview":"max-video-preview:-1"},"canonical":"https:\/\/www.interbox.ch\/contenitori\/de\/zertifizierungen\/","og_locale":"de_DE","og_type":"article","og_title":"Zertifizierungen - Interbox - Contenitori","og_description":"[vc_row full_width=&#8221;stretch_row_content_no_spaces&#8221;][vc_column][\/vc_column][\/vc_row][vc_row][vc_column][vc_empty_space height=&#8221;80px&#8221;][\/vc_column][\/vc_row][vc_row][vc_column][vc_column_text] Interbox S.A ist ein Synonym f\u00fcr Qualit\u00e4t und Hochtechnologie. Das Design, die Produktion und die Vermarktung des Gesch\u00e4ftsbereichs Kunststoffbeh\u00e4lter und Paletten sowie des Gesch\u00e4ftsbereichs Marinas sind von der SQS, der Schweizerischen Vereinigung f\u00fcr Qualit\u00e4ts- und Management-Systeme, zertifiziert. [\/vc_column_text][vc_empty_space height=&#8221;80px&#8221;][vc_column_text] Interbox S.A ist eines der ersten Unternehmen, das die Zertifizierung des Qualit\u00e4tsmanagementsystems nach [&hellip;]","og_url":"https:\/\/www.interbox.ch\/contenitori\/de\/zertifizierungen\/","og_site_name":"Interbox - Contenitori","article_modified_time":"2024-05-06T14:39:15+00:00","twitter_card":"summary_large_image","twitter_misc":{"Gesch\u00e4tzte Lesezeit":"1\u00a0Minute"},"schema":{"@context":"https:\/\/schema.org","@graph":[{"@type":"Organization","@id":"https:\/\/www.interbox.ch\/contenitori\/de\/#organization","name":"Interbox","url":"https:\/\/www.interbox.ch\/contenitori\/de\/","sameAs":["https:\/\/www.instagram.com\/martinialfredo_spa\/","https:\/\/www.youtube.com\/channel\/UCUzuZc9hYH9KN1iUYs3iiOg"],"logo":{"@type":"ImageObject","inLanguage":"de","@id":"https:\/\/www.interbox.ch\/contenitori\/de\/#\/schema\/logo\/image\/","url":"https:\/\/www.interbox.ch\/contenitori\/wp-content\/uploads\/2022\/03\/logo.png","contentUrl":"https:\/\/www.interbox.ch\/contenitori\/wp-content\/uploads\/2022\/03\/logo.png","width":219,"height":141,"caption":"Interbox"},"image":{"@id":"https:\/\/www.interbox.ch\/contenitori\/de\/#\/schema\/logo\/image\/"}},{"@type":"WebSite","@id":"https:\/\/www.interbox.ch\/contenitori\/de\/#website","url":"https:\/\/www.interbox.ch\/contenitori\/de\/","name":"Interbox - Contenitori","description":"","publisher":{"@id":"https:\/\/www.interbox.ch\/contenitori\/de\/#organization"},"potentialAction":[{"@type":"SearchAction","target":{"@type":"EntryPoint","urlTemplate":"https:\/\/www.interbox.ch\/contenitori\/de\/?s={search_term_string}"},"query-input":"required name=search_term_string"}],"inLanguage":"de"},{"@type":"WebPage","@id":"https:\/\/www.interbox.ch\/contenitori\/de\/zertifizierungen\/#webpage","url":"https:\/\/www.interbox.ch\/contenitori\/de\/zertifizierungen\/","name":"Zertifizierungen - Interbox - Contenitori","isPartOf":{"@id":"https:\/\/www.interbox.ch\/contenitori\/de\/#website"},"datePublished":"2022-04-13T09:50:24+00:00","dateModified":"2024-05-06T14:39:15+00:00","breadcrumb":{"@id":"https:\/\/www.interbox.ch\/contenitori\/de\/zertifizierungen\/#breadcrumb"},"inLanguage":"de","potentialAction":[{"@type":"ReadAction","target":["https:\/\/www.interbox.ch\/contenitori\/de\/zertifizierungen\/"]}]},{"@type":"BreadcrumbList","@id":"https:\/\/www.interbox.ch\/contenitori\/de\/zertifizierungen\/#breadcrumb","itemListElement":[{"@type":"ListItem","position":1,"name":"Home","item":"https:\/\/www.interbox.ch\/contenitori\/de\/"},{"@type":"ListItem","position":2,"name":"Zertifizierungen"}]}]}},"_links":{"self":[{"href":"https:\/\/www.interbox.ch\/contenitori\/de\/wp-json\/wp\/v2\/pages\/9936","targetHints":{"allow":["GET"]}}],"collection":[{"href":"https:\/\/www.interbox.ch\/contenitori\/de\/wp-json\/wp\/v2\/pages"}],"about":[{"href":"https:\/\/www.interbox.ch\/contenitori\/de\/wp-json\/wp\/v2\/types\/page"}],"author":[{"embeddable":true,"href":"https:\/\/www.interbox.ch\/contenitori\/de\/wp-json\/wp\/v2\/users\/1"}],"replies":[{"embeddable":true,"href":"https:\/\/www.interbox.ch\/contenitori\/de\/wp-json\/wp\/v2\/comments?post=9936"}],"version-history":[{"count":9,"href":"https:\/\/www.interbox.ch\/contenitori\/de\/wp-json\/wp\/v2\/pages\/9936\/revisions"}],"predecessor-version":[{"id":16255,"href":"https:\/\/www.interbox.ch\/contenitori\/de\/wp-json\/wp\/v2\/pages\/9936\/revisions\/16255"}],"wp:attachment":[{"href":"https:\/\/www.interbox.ch\/contenitori\/de\/wp-json\/wp\/v2\/media?parent=9936"}],"curies":[{"name":"wp","href":"https:\/\/api.w.org\/{rel}","templated":true}]}}