{"id":10060,"date":"2022-06-27T15:41:45","date_gmt":"2022-06-27T13:41:45","guid":{"rendered":"https:\/\/www.interbox.ch\/contenitori\/?page_id=10060"},"modified":"2025-01-29T15:55:11","modified_gmt":"2025-01-29T14:55:11","slug":"cookie-policy","status":"publish","type":"page","link":"https:\/\/www.interbox.ch\/contenitori\/de\/cookie-policy\/","title":{"rendered":"Cookie Policy"},"content":{"rendered":"<p>[vc_row][vc_column][vc_empty_space height=&#8221;80px&#8221;][\/vc_column][\/vc_row][vc_row][vc_column][vc_column_text]<strong>COOKIE-RICHTLINIE &#8211; Detaillierte Informationen zu Cookies<\/strong><\/p>\n<p><strong>Was sind Cookies?<\/strong><br \/>\nCookies sind kleine Textdateien, die von den von den Nutzern besuchten Websites an deren Ger\u00e4te gesendet werden, auf denen sie gespeichert werden und bei einem erneuten Besuch der Website wieder zur\u00fcckgesendet werden. So genannte &#8220;Drittanbieter-Cookies&#8221; werden hingegen von einer anderen Website als der besuchten gesetzt. Dies liegt daran, dass jede Website Elemente enthalten kann (Bilder, Karten, T\u00f6ne, Links zu spezifischen Seiten anderer Domains usw.), die auf Servern au\u00dferhalb der besuchten Website gehostet werden. Cookies werden aus verschiedenen Gr\u00fcnden verwendet: Computer-Authentifizierung, Sitzungsmanagement, Speicherung von benutzerspezifischen Einstellungen beim Zugriff auf den Server, Beibehaltung von Vorlieben und anderen Zwecken. Nachfolgend finden Sie alle Informationen zu den von dieser Website verwendeten Cookies und Anweisungen, wie Sie Ihre Pr\u00e4ferenzen im Zusammenhang mit ihnen verwalten k\u00f6nnen.<\/p>\n<p>F\u00fcr mehr Informationen \u00fcber Cookies und deren allgemeine Funktionen besuchen Sie bitte eine Informationsseite wie <a href=\"http:\/\/www.allaboutcookies.org\/\">allaboutcookies.org<\/a><\/p>\n<p><strong>Beispiele f\u00fcr andere Technologien:<\/strong><\/p>\n<p><strong>Localstorage<\/strong><br \/>\nDies ist eine Technologie, die zur Optimierung der Navigation verwendet wird, ohne Daten \u00fcber die vom Nutzer ge\u00e4u\u00dferten Vorlieben zu sammeln (z. B. speichert sie eine Code-ID der Nutzersitzung nach der Anmeldung, um zu verhindern, dass der Nutzer seinen Benutzernamen und sein Passwort auf jeder Profilseite erneut eingeben muss, um auf die gesch\u00fctzten Bereiche zuzugreifen).<\/p>\n<p><strong>Tracking Pixel<\/strong><br \/>\n&#8220;Tracking-Code&#8221; oder &#8220;Tracking-Pixel&#8221; ist ein kleines Code-Snippet, das von einigen Systemen bereitgestellt wird, um in anderen implementiert zu werden, mit dem Ziel, Daten zu verfolgen, die mit dem Nutzer und seiner Sitzung im Internet oder dem \u00d6ffnen von E-Mails zusammenh\u00e4ngen, v\u00f6llig transparent f\u00fcr den Nutzer. Die nachverfolgten Daten k\u00f6nnen unterschiedlich sein, z. B. Datum und Uhrzeit, geografische Lage, verwendetes Ger\u00e4t f\u00fcr die Navigation, bis hin zur Verfolgung des Werts f\u00fcr einen Kauf und andere n\u00fctzliche Informationen f\u00fcr die Marketingabteilungen der Unternehmen, die diese Technologien verwenden.<\/p>\n<p><strong>Plugin<\/strong><br \/>\nEin Plugin ist ein Programm, das mit einem anderen Programm interagiert, um dessen urspr\u00fcngliche Funktionen zu erweitern oder zu verbessern. Die am h\u00e4ufigsten verwendeten Plugins sind die von sozialen Netzwerken, die es dem Nutzer erm\u00f6glichen, eine Seite oder ein soziales Profil mit einem Klick zu folgen, Inhalte mit &#8220;Gef\u00e4llt mir&#8221; zu markieren oder sie auf ihrem sozialen Netzwerkprofil zu teilen.<\/p>\n<p><strong>Widget<\/strong><br \/>\nEin Widget ist ein grafisches Benutzerschnittstellen-Element eines Programms, das dem Nutzer eine einfachere Interaktion mit diesem Programm erm\u00f6glicht. Die am h\u00e4ufigsten verwendeten Widgets sind die von sozialen Netzwerken, die es den Nutzern erm\u00f6glichen, soziale Netzwerke in einem separaten Fenster des Browsers zu \u00f6ffnen.<\/p>\n<p>Diese Dienste erm\u00f6glichen die Interaktion mit sozialen Netzwerken oder anderen externen Plattformen direkt von den Seiten einer Website. Die Interaktionen und eventuell von der Website gesammelten Informationen unterliegen den Datenschutzrichtlinien des Drittanbieters, der die oben genannten Technologien erstellt hat. F\u00fcr detaillierte Informationen gem\u00e4\u00df Artikel 13 der Verordnung (EU) 2016\/679 \u00fcber die Verarbeitung personenbezogener Daten bei der Verwendung dieser Technologien m\u00f6chten wir Sie bitten, die Websites der Drittanbieter zu konsultieren.<\/p>\n<p><strong>Denken Sie daran, dass Sie Ihre Cookie-Einstellungen direkt in Ihrem Browser verwalten k\u00f6nnen<\/strong><br \/>\nWenn Sie den Typ und die Version Ihres Browsers nicht kennen, klicken Sie auf &#8220;Hilfe&#8221; im oberen Fensterbereich des Browsers, von wo aus Sie alle notwendigen Informationen abrufen k\u00f6nnen. Wenn Sie Ihren Browser kennen, klicken Sie auf den Browser, den Sie verwenden, um zur Seite f\u00fcr die Cookie-Verwaltung zu gelangen. Nutzer k\u00f6nnen zum Beispiel Informationen \u00fcber die Verwaltung von Cookies in einigen der g\u00e4ngigsten Browser unter den folgenden Links finden:<\/p>\n<ul>\n<li><a href=\"https:\/\/support.google.com\/chrome\/answer\/95647?hl=it&amp;p=cpn_cookies\">Google Chrome<\/a><\/li>\n<li><a href=\"https:\/\/support.mozilla.org\/it\/kb\/Attivare%20e%20disattivare%20i%20cookie\">Mozilla Firefox<\/a><\/li>\n<li><a href=\"https:\/\/support.apple.com\/it-it\/guide\/safari\/manage-cookies-and-website-data-sfri11471\/\">Apple Safari<\/a><\/li>\n<li><a href=\"http:\/\/windows.microsoft.com\/it-it\/windows-vista\/block-or-allow-cookies\">Microsoft Internet Explorer<\/a><\/li>\n<li><a href=\"https:\/\/support.microsoft.com\/it-it\/help\/4027947\">Microsoft Edge<\/a><\/li>\n<li><a href=\"https:\/\/support.brave.com\/hc\/articles\/360022806212-How-do-I-use-Shields-while-browsing\">Brave<\/a><\/li>\n<li><a href=\"https:\/\/help.opera.com\/latest\/web-preferences\/#cookies\">Opera<\/a><\/li>\n<\/ul>\n<p>F\u00fcr weitere Informationen besuchen Sie die Seite <a href=\"http:\/\/www.youronlinechoices.eu\">www.youronlinechoices.eu<\/a><\/p>\n<p><strong>Cookies, die auf dieser Website verwendet werden<\/strong><br \/>\nDie Verwendung von Cookies durch den Eigent\u00fcmer dieser Website, <strong>Interbox<\/strong>, mit Sitz in Via Centro Ind. Europeo, 43, 22078 Turate (CO), vertreten durch den jeweiligen gesetzlichen Vertreter. Tel. +39 02-96394208, <a href=\"mailto:info@interbox.ch\">info@interbox.ch<\/a>, erfolgt im Einklang mit der Datenschutzrichtlinie des Unternehmens; f\u00fcr alle Informationen gem\u00e4\u00df Artikel 13 der Verordnung EU 2016\/679 \u2013 DSGVO <a href=\"https:\/\/www.interbox.ch\/contenitori\/privacy-policy\/\" target=\"_blank\" rel=\"noopener\"><u>hier klicken.<\/u><\/a><\/p>\n<p>Das Schlie\u00dfen des Banners durch Auswahl der daf\u00fcr vorgesehenen Schaltfl\u00e4che (&#8220;X&#8221; oben rechts) oder durch Auswahl der Option &#8220;ABLEHNEN&#8221;) f\u00fchrt dazu, dass die Standardeinstellungen beibehalten werden, und somit das Surfen <em>ohne<\/em> Cookies oder andere Tracking-Tools, au\u00dfer den technischen Cookies, fortgesetzt wird.<\/p>\n<p><strong>Technische Cookies, die keine Zustimmung erfordern:<\/strong><br \/>\nCookies im Zusammenhang mit Aktivit\u00e4ten, die f\u00fcr den Betrieb der Website und die Bereitstellung des Dienstes unbedingt erforderlich sind<\/p>\n<table class=\"tabella-privacy\" style=\"border-collapse: collapse;\" border=\"1\" width=\"100%\">\n<tbody>\n<tr>\n<td><strong><em>Name<\/em><\/strong><\/td>\n<td><strong><em>Lieferant<\/em><\/strong><\/td>\n<td><strong><em>Zweck<\/em><\/strong><\/td>\n<td><strong><em>Ablauf<\/em><\/strong><\/td>\n<td><strong><em>Typ<\/em><\/strong><\/td>\n<\/tr>\n<tr class=\"alt-table-row\">\n<td>Beispiel: Cookie Consent f\u00fcr das Senden von Kontaktanfragen, Informationen \u00fcber das Formular im Bereich \u201cKontakt\u201d und im Bereich \u201cFordern Sie unseren Katalog an\u201d<\/td>\n<td><\/td>\n<td>Speichert den Zustimmungsstatus des Nutzers f\u00fcr Cookies auf der aktuellen Domain<\/td>\n<td>1 Jahr<\/td>\n<td>HTTP-Cookie<\/td>\n<\/tr>\n<tr class=\"alt-table-row\">\n<td><\/td>\n<td>Lieferantenname und Link zur Datenschutzrichtlinie und zum Zustimmungsformular des Anbieters<\/td>\n<td><\/td>\n<td><\/td>\n<\/tr>\n<tr class=\"alt-table-row\">\n<td><\/td>\n<td>Lieferantenname und Link zur Datenschutzrichtlinie und zum Zustimmungsformular des Anbieters<\/td>\n<td><\/td>\n<td><\/td>\n<\/tr>\n<\/tbody>\n<\/table>\n<p><strong>Cookies im Zusammenhang mit der Speicherung von Pr\u00e4ferenzen und Optimierung:<\/strong><\/p>\n<table class=\"tabella-privacy\" style=\"border-collapse: collapse;\" border=\"1\" width=\"100%\">\n<tbody>\n<tr>\n<td><strong><em>Name<\/em><\/strong><\/td>\n<td><strong><em>Lieferant<\/em><\/strong><\/td>\n<td><strong><em>Zweck<\/em><\/strong><\/td>\n<td><strong><em>Ablauf<\/em><\/strong><\/td>\n<td><strong><em>Typ<\/em><\/strong><\/td>\n<\/tr>\n<tr class=\"alt-table-row\">\n<td><\/td>\n<td>Lieferantenname und Link zur Datenschutzrichtlinie und zum Zustimmungsformular des Anbieters<\/td>\n<td><\/td>\n<td><\/td>\n<\/tr>\n<\/tbody>\n<\/table>\n<p><strong>Cookies f\u00fcr Statistikzwecke (technische \u00c4quivalente), die zur Sammlung von aggregierten Informationen verwendet werden:<\/strong><br \/>\nDie Website verwendet auch Drittanbieter-Cookies f\u00fcr Statistikzwecke (_________________), die zur Sammlung von aggregierten Informationen verwendet werden und als technische Cookies definiert sind, d. h. ohne die IP-Adresse des Nutzers zu verfolgen (Nutzerdaten werden nicht auf der Ebene der IP profiliert) und ohne dass Daten an den Drittanbieter weitergegeben werden.<br \/>\nZugriff auf die Informationen des Drittanbieters:<br \/>\nDatenschutzrichtlinie: <a href=\"http:\/\/www.google.com\/policies\/privacy\/\">http:\/\/www.google.com\/policies\/privacy\/<\/a><br \/>\nCookie-Richtlinie: <a href=\"https:\/\/developers.google.com\/analytics\/devguides\/collection\/analyticsjs\/cookie-usage\">https:\/\/developers.google.com\/analytics\/devguides\/collection\/analyticsjs\/cookie-usage<\/a><br \/>\nDeaktivierung: <a href=\"https:\/\/tools.google.com\/dlpage\/gaoptout?hl=it\">https:\/\/tools.google.com\/dlpage\/gaoptout?hl=it<\/a><br \/>\nAlle technischen Cookies erfordern keine Zustimmung und werden daher beim Zugang zur Website automatisch gesetzt.<\/p>\n<p><strong>Cookies oder andere Technologien, f\u00fcr die eine Zustimmung erforderlich ist<\/strong><br \/>\nAlle Cookies (oder andere Technologien), die nicht zu den oben genannten technischen Cookies geh\u00f6ren, werden nur nach ausdr\u00fccklicher <strong>Zustimmung<\/strong> des Nutzers bei seinem ersten Besuch der Website installiert oder aktiviert. Die Zustimmung kann allgemein durch Interaktion mit dem kurzen Informationsbanner auf der Startseite der Website gegeben werden, wie es in diesem Banner angegeben ist; oder sie kann selektiv gegeben oder abgelehnt werden, ebenfalls wie im Banner angegeben. Diese Zustimmung wird bei folgenden Besuchen gespeichert. Sie haben jederzeit die M\u00f6glichkeit, die bereits gegebene Zustimmung vollst\u00e4ndig oder teilweise zu widerrufen.<\/p>\n<p><strong>Cookies oder andere Technologien von Drittanbietern<\/strong><br \/>\nDiese Website installiert auch Cookies oder andere Technologien, die von Drittanbietern verwaltet werden. Hier sind einige Hinweise und Links zur Datenschutzrichtlinie und zum Zustimmungsformular von jedem von ihnen.<\/p>\n<table class=\"tabella-privacy\" style=\"border-collapse: collapse;\" border=\"1\" width=\"100%\">\n<tbody>\n<tr>\n<td><strong><em>Name<\/em><\/strong><\/td>\n<td><strong><em>Drittanbieter<\/em><\/strong><\/td>\n<td><strong><em>Zweck<\/em><\/strong><\/td>\n<td><strong><em>Ablauf<\/em><\/strong><\/td>\n<td><strong><em>Typ<\/em><\/strong><\/td>\n<\/tr>\n<tr class=\"alt-table-row\">\n<td><\/td>\n<td>Lieferantenname und Link zur Datenschutzrichtlinie und zum Zustimmungsformular des Anbieters<\/td>\n<td><\/td>\n<td><\/td>\n<\/tr>\n<\/tbody>\n<\/table>\n<p>Datum der letzten Aktualisierung: 11\/07\/2022[\/vc_column_text][\/vc_column][\/vc_row][vc_row][vc_column][vc_empty_space height=&#8221;80px&#8221;][\/vc_column][\/vc_row]<\/p>\n","protected":false},"excerpt":{"rendered":"<p>[vc_row][vc_column][vc_empty_space height=&#8221;80px&#8221;][\/vc_column][\/vc_row][vc_row][vc_column][vc_column_text]COOKIE-RICHTLINIE &#8211; Detaillierte Informationen zu Cookies Was sind Cookies? Cookies sind kleine Textdateien, die von den von den Nutzern besuchten Websites an deren Ger\u00e4te gesendet werden, auf denen sie gespeichert werden und bei einem erneuten Besuch der Website wieder zur\u00fcckgesendet werden. So genannte &#8220;Drittanbieter-Cookies&#8221; werden hingegen von einer anderen Website als der besuchten gesetzt. [&hellip;]<\/p>\n","protected":false},"author":1,"featured_media":0,"parent":0,"menu_order":2,"comment_status":"closed","ping_status":"closed","template":"","meta":{"footnotes":""},"class_list":["post-10060","page","type-page","status-publish","hentry"],"acf":[],"yoast_head":"<!-- This site is optimized with the Yoast SEO plugin v19.1 - https:\/\/yoast.com\/wordpress\/plugins\/seo\/ -->\n<title>Cookie Policy - Interbox - Contenitori<\/title>\n<meta name=\"robots\" content=\"index, follow, max-snippet:-1, max-image-preview:large, max-video-preview:-1\" \/>\n<link rel=\"canonical\" href=\"https:\/\/www.interbox.ch\/contenitori\/de\/cookie-policy\/\" \/>\n<meta property=\"og:locale\" content=\"de_DE\" \/>\n<meta property=\"og:type\" content=\"article\" \/>\n<meta property=\"og:title\" content=\"Cookie Policy - Interbox - Contenitori\" \/>\n<meta property=\"og:description\" content=\"[vc_row][vc_column][vc_empty_space height=&#8221;80px&#8221;][\/vc_column][\/vc_row][vc_row][vc_column][vc_column_text]COOKIE-RICHTLINIE &#8211; Detaillierte Informationen zu Cookies Was sind Cookies? Cookies sind kleine Textdateien, die von den von den Nutzern besuchten Websites an deren Ger\u00e4te gesendet werden, auf denen sie gespeichert werden und bei einem erneuten Besuch der Website wieder zur\u00fcckgesendet werden. So genannte &#8220;Drittanbieter-Cookies&#8221; werden hingegen von einer anderen Website als der besuchten gesetzt. [&hellip;]\" \/>\n<meta property=\"og:url\" content=\"https:\/\/www.interbox.ch\/contenitori\/de\/cookie-policy\/\" \/>\n<meta property=\"og:site_name\" content=\"Interbox - Contenitori\" \/>\n<meta property=\"article:modified_time\" content=\"2025-01-29T14:55:11+00:00\" \/>\n<meta name=\"twitter:card\" content=\"summary_large_image\" \/>\n<meta name=\"twitter:label1\" content=\"Gesch\u00e4tzte Lesezeit\" \/>\n\t<meta name=\"twitter:data1\" content=\"6\u00a0Minuten\" \/>\n<script type=\"application\/ld+json\" class=\"yoast-schema-graph\">{\"@context\":\"https:\/\/schema.org\",\"@graph\":[{\"@type\":\"Organization\",\"@id\":\"https:\/\/www.interbox.ch\/contenitori\/de\/#organization\",\"name\":\"Interbox\",\"url\":\"https:\/\/www.interbox.ch\/contenitori\/de\/\",\"sameAs\":[\"https:\/\/www.instagram.com\/martinialfredo_spa\/\",\"https:\/\/www.youtube.com\/channel\/UCUzuZc9hYH9KN1iUYs3iiOg\"],\"logo\":{\"@type\":\"ImageObject\",\"inLanguage\":\"de\",\"@id\":\"https:\/\/www.interbox.ch\/contenitori\/de\/#\/schema\/logo\/image\/\",\"url\":\"https:\/\/www.interbox.ch\/contenitori\/wp-content\/uploads\/2022\/03\/logo.png\",\"contentUrl\":\"https:\/\/www.interbox.ch\/contenitori\/wp-content\/uploads\/2022\/03\/logo.png\",\"width\":219,\"height\":141,\"caption\":\"Interbox\"},\"image\":{\"@id\":\"https:\/\/www.interbox.ch\/contenitori\/de\/#\/schema\/logo\/image\/\"}},{\"@type\":\"WebSite\",\"@id\":\"https:\/\/www.interbox.ch\/contenitori\/de\/#website\",\"url\":\"https:\/\/www.interbox.ch\/contenitori\/de\/\",\"name\":\"Interbox - Contenitori\",\"description\":\"\",\"publisher\":{\"@id\":\"https:\/\/www.interbox.ch\/contenitori\/de\/#organization\"},\"potentialAction\":[{\"@type\":\"SearchAction\",\"target\":{\"@type\":\"EntryPoint\",\"urlTemplate\":\"https:\/\/www.interbox.ch\/contenitori\/de\/?s={search_term_string}\"},\"query-input\":\"required name=search_term_string\"}],\"inLanguage\":\"de\"},{\"@type\":\"WebPage\",\"@id\":\"https:\/\/www.interbox.ch\/contenitori\/de\/cookie-policy\/#webpage\",\"url\":\"https:\/\/www.interbox.ch\/contenitori\/de\/cookie-policy\/\",\"name\":\"Cookie Policy - Interbox - Contenitori\",\"isPartOf\":{\"@id\":\"https:\/\/www.interbox.ch\/contenitori\/de\/#website\"},\"datePublished\":\"2022-06-27T13:41:45+00:00\",\"dateModified\":\"2025-01-29T14:55:11+00:00\",\"breadcrumb\":{\"@id\":\"https:\/\/www.interbox.ch\/contenitori\/de\/cookie-policy\/#breadcrumb\"},\"inLanguage\":\"de\",\"potentialAction\":[{\"@type\":\"ReadAction\",\"target\":[\"https:\/\/www.interbox.ch\/contenitori\/de\/cookie-policy\/\"]}]},{\"@type\":\"BreadcrumbList\",\"@id\":\"https:\/\/www.interbox.ch\/contenitori\/de\/cookie-policy\/#breadcrumb\",\"itemListElement\":[{\"@type\":\"ListItem\",\"position\":1,\"name\":\"Home\",\"item\":\"https:\/\/www.interbox.ch\/contenitori\/de\/\"},{\"@type\":\"ListItem\",\"position\":2,\"name\":\"Cookie Policy\"}]}]}<\/script>\n<!-- \/ Yoast SEO plugin. -->","yoast_head_json":{"title":"Cookie Policy - Interbox - Contenitori","robots":{"index":"index","follow":"follow","max-snippet":"max-snippet:-1","max-image-preview":"max-image-preview:large","max-video-preview":"max-video-preview:-1"},"canonical":"https:\/\/www.interbox.ch\/contenitori\/de\/cookie-policy\/","og_locale":"de_DE","og_type":"article","og_title":"Cookie Policy - Interbox - Contenitori","og_description":"[vc_row][vc_column][vc_empty_space height=&#8221;80px&#8221;][\/vc_column][\/vc_row][vc_row][vc_column][vc_column_text]COOKIE-RICHTLINIE &#8211; Detaillierte Informationen zu Cookies Was sind Cookies? Cookies sind kleine Textdateien, die von den von den Nutzern besuchten Websites an deren Ger\u00e4te gesendet werden, auf denen sie gespeichert werden und bei einem erneuten Besuch der Website wieder zur\u00fcckgesendet werden. So genannte &#8220;Drittanbieter-Cookies&#8221; werden hingegen von einer anderen Website als der besuchten gesetzt. [&hellip;]","og_url":"https:\/\/www.interbox.ch\/contenitori\/de\/cookie-policy\/","og_site_name":"Interbox - Contenitori","article_modified_time":"2025-01-29T14:55:11+00:00","twitter_card":"summary_large_image","twitter_misc":{"Gesch\u00e4tzte Lesezeit":"6\u00a0Minuten"},"schema":{"@context":"https:\/\/schema.org","@graph":[{"@type":"Organization","@id":"https:\/\/www.interbox.ch\/contenitori\/de\/#organization","name":"Interbox","url":"https:\/\/www.interbox.ch\/contenitori\/de\/","sameAs":["https:\/\/www.instagram.com\/martinialfredo_spa\/","https:\/\/www.youtube.com\/channel\/UCUzuZc9hYH9KN1iUYs3iiOg"],"logo":{"@type":"ImageObject","inLanguage":"de","@id":"https:\/\/www.interbox.ch\/contenitori\/de\/#\/schema\/logo\/image\/","url":"https:\/\/www.interbox.ch\/contenitori\/wp-content\/uploads\/2022\/03\/logo.png","contentUrl":"https:\/\/www.interbox.ch\/contenitori\/wp-content\/uploads\/2022\/03\/logo.png","width":219,"height":141,"caption":"Interbox"},"image":{"@id":"https:\/\/www.interbox.ch\/contenitori\/de\/#\/schema\/logo\/image\/"}},{"@type":"WebSite","@id":"https:\/\/www.interbox.ch\/contenitori\/de\/#website","url":"https:\/\/www.interbox.ch\/contenitori\/de\/","name":"Interbox - Contenitori","description":"","publisher":{"@id":"https:\/\/www.interbox.ch\/contenitori\/de\/#organization"},"potentialAction":[{"@type":"SearchAction","target":{"@type":"EntryPoint","urlTemplate":"https:\/\/www.interbox.ch\/contenitori\/de\/?s={search_term_string}"},"query-input":"required name=search_term_string"}],"inLanguage":"de"},{"@type":"WebPage","@id":"https:\/\/www.interbox.ch\/contenitori\/de\/cookie-policy\/#webpage","url":"https:\/\/www.interbox.ch\/contenitori\/de\/cookie-policy\/","name":"Cookie Policy - Interbox - Contenitori","isPartOf":{"@id":"https:\/\/www.interbox.ch\/contenitori\/de\/#website"},"datePublished":"2022-06-27T13:41:45+00:00","dateModified":"2025-01-29T14:55:11+00:00","breadcrumb":{"@id":"https:\/\/www.interbox.ch\/contenitori\/de\/cookie-policy\/#breadcrumb"},"inLanguage":"de","potentialAction":[{"@type":"ReadAction","target":["https:\/\/www.interbox.ch\/contenitori\/de\/cookie-policy\/"]}]},{"@type":"BreadcrumbList","@id":"https:\/\/www.interbox.ch\/contenitori\/de\/cookie-policy\/#breadcrumb","itemListElement":[{"@type":"ListItem","position":1,"name":"Home","item":"https:\/\/www.interbox.ch\/contenitori\/de\/"},{"@type":"ListItem","position":2,"name":"Cookie Policy"}]}]}},"_links":{"self":[{"href":"https:\/\/www.interbox.ch\/contenitori\/de\/wp-json\/wp\/v2\/pages\/10060","targetHints":{"allow":["GET"]}}],"collection":[{"href":"https:\/\/www.interbox.ch\/contenitori\/de\/wp-json\/wp\/v2\/pages"}],"about":[{"href":"https:\/\/www.interbox.ch\/contenitori\/de\/wp-json\/wp\/v2\/types\/page"}],"author":[{"embeddable":true,"href":"https:\/\/www.interbox.ch\/contenitori\/de\/wp-json\/wp\/v2\/users\/1"}],"replies":[{"embeddable":true,"href":"https:\/\/www.interbox.ch\/contenitori\/de\/wp-json\/wp\/v2\/comments?post=10060"}],"version-history":[{"count":2,"href":"https:\/\/www.interbox.ch\/contenitori\/de\/wp-json\/wp\/v2\/pages\/10060\/revisions"}],"predecessor-version":[{"id":26321,"href":"https:\/\/www.interbox.ch\/contenitori\/de\/wp-json\/wp\/v2\/pages\/10060\/revisions\/26321"}],"wp:attachment":[{"href":"https:\/\/www.interbox.ch\/contenitori\/de\/wp-json\/wp\/v2\/media?parent=10060"}],"curies":[{"name":"wp","href":"https:\/\/api.w.org\/{rel}","templated":true}]}}